{"id":904,"date":"2023-08-29T23:43:59","date_gmt":"2023-08-29T21:43:59","guid":{"rendered":"https:\/\/tomwer.com.pl\/?post_type=product&#038;p=904"},"modified":"2025-12-27T12:54:30","modified_gmt":"2025-12-27T11:54:30","slug":"adapter-chlodnicy-atf-jeep-wrangler","status":"publish","type":"product","link":"https:\/\/tomwer.com.pl\/en\/product\/adapter-chlodnicy-atf-jeep-wrangler\/","title":{"rendered":"ATF Jeep Wrangler JK3.6 \/ JK3.8 radiator adapter"},"content":{"rendered":"<p>[show_product_catalog]<\/p>","protected":false},"excerpt":{"rendered":"<p>Radiator connection adapter for JEEP JK \/ JKU 3.6 and 3.8. It allows you to connect the gearbox oil lines with the original gearbox cooler using a standard M14x1.5 thread.<\/p>","protected":false},"featured_media":1571,"comment_status":"open","ping_status":"closed","template":"","meta":{"_acf_changed":false},"product_brand":[],"product_cat":[27],"product_tag":[],"class_list":{"0":"post-904","1":"product","2":"type-product","3":"status-publish","4":"has-post-thumbnail","6":"product_cat-przewody-olejowe-skrzyni-biegow-jeep","8":"first","9":"instock","10":"shipping-taxable","11":"purchasable","12":"product-type-simple"},"acf":[],"yoast_head":"<!-- This site is optimized with the Yoast SEO plugin v26.9 - https:\/\/yoast.com\/product\/yoast-seo-wordpress\/ -->\n<title>Adapter ch\u0142odnicy ATF Jeep Wrangler JK3.6 \/ JK3.8 -<\/title>\n<meta name=\"description\" content=\"Adapter przy\u0142\u0105czeniowy ch\u0142odnicy do JEEP JK \/ JKU\u00a0 3.6 i 3.8. Pozwala na po\u0142\u0105czenie si\u0119 z oryginaln\u0105 ch\u0142odnic\u0105 skrzyni bieg\u00f3w za pomoc\u0105 gwintu M14x1.5.\" \/>\n<meta name=\"robots\" content=\"index, follow, max-snippet:-1, max-image-preview:large, max-video-preview:-1\" \/>\n<link rel=\"canonical\" href=\"https:\/\/tomwer.com.pl\/en\/product\/adapter-chlodnicy-atf-jeep-wrangler\/\" \/>\n<meta property=\"og:locale\" content=\"en_US\" \/>\n<meta property=\"og:type\" content=\"article\" \/>\n<meta property=\"og:title\" content=\"Adapter ch\u0142odnicy ATF Jeep Wrangler JK3.6 \/ JK3.8 -\" \/>\n<meta property=\"og:description\" content=\"Adapter przy\u0142\u0105czeniowy ch\u0142odnicy do JEEP JK \/ JKU\u00a0 3.6 i 3.8. Pozwala na po\u0142\u0105czenie si\u0119 z oryginaln\u0105 ch\u0142odnic\u0105 skrzyni bieg\u00f3w za pomoc\u0105 gwintu M14x1.5.\" \/>\n<meta property=\"og:url\" content=\"https:\/\/tomwer.com.pl\/en\/product\/adapter-chlodnicy-atf-jeep-wrangler\/\" \/>\n<meta property=\"og:site_name\" content=\"Tomwer - serwis i produkcja przewod\u00f3w hydraulicznych Wis\u0142a\" \/>\n<meta property=\"article:modified_time\" content=\"2025-12-27T11:54:30+00:00\" \/>\n<meta property=\"og:image\" content=\"https:\/\/tomwer.com.pl\/wp-content\/uploads\/2023\/08\/Group-1-3.png\" \/>\n\t<meta property=\"og:image:width\" content=\"900\" \/>\n\t<meta property=\"og:image:height\" content=\"900\" \/>\n\t<meta property=\"og:image:type\" content=\"image\/png\" \/>\n<meta name=\"twitter:card\" content=\"summary_large_image\" \/>\n<meta name=\"twitter:label1\" content=\"Est. reading time\" \/>\n\t<meta name=\"twitter:data1\" content=\"1 minute\" \/>\n<script type=\"application\/ld+json\" class=\"yoast-schema-graph\">{\"@context\":\"https:\/\/schema.org\",\"@graph\":[{\"@type\":\"WebPage\",\"@id\":\"https:\/\/tomwer.com.pl\/produkt\/adapter-chlodnicy-atf-jeep-wrangler\/\",\"url\":\"https:\/\/tomwer.com.pl\/produkt\/adapter-chlodnicy-atf-jeep-wrangler\/\",\"name\":\"Adapter ch\u0142odnicy ATF Jeep Wrangler JK3.6 \/ JK3.8 -\",\"isPartOf\":{\"@id\":\"https:\/\/tomwer.com.pl\/#website\"},\"primaryImageOfPage\":{\"@id\":\"https:\/\/tomwer.com.pl\/produkt\/adapter-chlodnicy-atf-jeep-wrangler\/#primaryimage\"},\"image\":{\"@id\":\"https:\/\/tomwer.com.pl\/produkt\/adapter-chlodnicy-atf-jeep-wrangler\/#primaryimage\"},\"thumbnailUrl\":\"https:\/\/tomwer.com.pl\/wp-content\/uploads\/2023\/08\/Group-1-3.png\",\"datePublished\":\"2023-08-29T21:43:59+00:00\",\"dateModified\":\"2025-12-27T11:54:30+00:00\",\"description\":\"Adapter przy\u0142\u0105czeniowy ch\u0142odnicy do JEEP JK \/ JKU\u00a0 3.6 i 3.8. Pozwala na po\u0142\u0105czenie si\u0119 z oryginaln\u0105 ch\u0142odnic\u0105 skrzyni bieg\u00f3w za pomoc\u0105 gwintu M14x1.5.\",\"breadcrumb\":{\"@id\":\"https:\/\/tomwer.com.pl\/produkt\/adapter-chlodnicy-atf-jeep-wrangler\/#breadcrumb\"},\"inLanguage\":\"en-US\",\"potentialAction\":[{\"@type\":\"ReadAction\",\"target\":[\"https:\/\/tomwer.com.pl\/produkt\/adapter-chlodnicy-atf-jeep-wrangler\/\"]}]},{\"@type\":\"ImageObject\",\"inLanguage\":\"en-US\",\"@id\":\"https:\/\/tomwer.com.pl\/produkt\/adapter-chlodnicy-atf-jeep-wrangler\/#primaryimage\",\"url\":\"https:\/\/tomwer.com.pl\/wp-content\/uploads\/2023\/08\/Group-1-3.png\",\"contentUrl\":\"https:\/\/tomwer.com.pl\/wp-content\/uploads\/2023\/08\/Group-1-3.png\",\"width\":900,\"height\":900},{\"@type\":\"BreadcrumbList\",\"@id\":\"https:\/\/tomwer.com.pl\/produkt\/adapter-chlodnicy-atf-jeep-wrangler\/#breadcrumb\",\"itemListElement\":[{\"@type\":\"ListItem\",\"position\":1,\"name\":\"Strona g\u0142\u00f3wna\",\"item\":\"https:\/\/tomwer.com.pl\/\"},{\"@type\":\"ListItem\",\"position\":2,\"name\":\"Wszystkie produkty\",\"item\":\"https:\/\/tomwer.com.pl\/sklep\/\"},{\"@type\":\"ListItem\",\"position\":3,\"name\":\"Adapter ch\u0142odnicy ATF Jeep Wrangler JK3.6 \/ JK3.8\"}]},{\"@type\":\"WebSite\",\"@id\":\"https:\/\/tomwer.com.pl\/#website\",\"url\":\"https:\/\/tomwer.com.pl\/\",\"name\":\"Tomwer - serwis i produkcja przewod\u00f3w hydraulicznych Wis\u0142a\",\"description\":\"G\u0142\u00f3wn\u0105 dzia\u0142alno\u015bci\u0105 firmy TOMWER jest serwis i produkcja przewod\u00f3w hydraulicznych.\",\"potentialAction\":[{\"@type\":\"SearchAction\",\"target\":{\"@type\":\"EntryPoint\",\"urlTemplate\":\"https:\/\/tomwer.com.pl\/?s={search_term_string}\"},\"query-input\":{\"@type\":\"PropertyValueSpecification\",\"valueRequired\":true,\"valueName\":\"search_term_string\"}}],\"inLanguage\":\"en-US\"}]}<\/script>\n<!-- \/ Yoast SEO plugin. -->","yoast_head_json":{"title":"Adapter ch\u0142odnicy ATF Jeep Wrangler JK3.6 \/ JK3.8 -","description":"Adapter przy\u0142\u0105czeniowy ch\u0142odnicy do JEEP JK \/ JKU\u00a0 3.6 i 3.8. Pozwala na po\u0142\u0105czenie si\u0119 z oryginaln\u0105 ch\u0142odnic\u0105 skrzyni bieg\u00f3w za pomoc\u0105 gwintu M14x1.5.","robots":{"index":"index","follow":"follow","max-snippet":"max-snippet:-1","max-image-preview":"max-image-preview:large","max-video-preview":"max-video-preview:-1"},"canonical":"https:\/\/tomwer.com.pl\/en\/product\/adapter-chlodnicy-atf-jeep-wrangler\/","og_locale":"en_US","og_type":"article","og_title":"Adapter ch\u0142odnicy ATF Jeep Wrangler JK3.6 \/ JK3.8 -","og_description":"Adapter przy\u0142\u0105czeniowy ch\u0142odnicy do JEEP JK \/ JKU\u00a0 3.6 i 3.8. Pozwala na po\u0142\u0105czenie si\u0119 z oryginaln\u0105 ch\u0142odnic\u0105 skrzyni bieg\u00f3w za pomoc\u0105 gwintu M14x1.5.","og_url":"https:\/\/tomwer.com.pl\/en\/product\/adapter-chlodnicy-atf-jeep-wrangler\/","og_site_name":"Tomwer - serwis i produkcja przewod\u00f3w hydraulicznych Wis\u0142a","article_modified_time":"2025-12-27T11:54:30+00:00","og_image":[{"width":900,"height":900,"url":"https:\/\/tomwer.com.pl\/wp-content\/uploads\/2023\/08\/Group-1-3.png","type":"image\/png"}],"twitter_card":"summary_large_image","twitter_misc":{"Est. reading time":"1 minute"},"schema":{"@context":"https:\/\/schema.org","@graph":[{"@type":"WebPage","@id":"https:\/\/tomwer.com.pl\/produkt\/adapter-chlodnicy-atf-jeep-wrangler\/","url":"https:\/\/tomwer.com.pl\/produkt\/adapter-chlodnicy-atf-jeep-wrangler\/","name":"Adapter ch\u0142odnicy ATF Jeep Wrangler JK3.6 \/ JK3.8 -","isPartOf":{"@id":"https:\/\/tomwer.com.pl\/#website"},"primaryImageOfPage":{"@id":"https:\/\/tomwer.com.pl\/produkt\/adapter-chlodnicy-atf-jeep-wrangler\/#primaryimage"},"image":{"@id":"https:\/\/tomwer.com.pl\/produkt\/adapter-chlodnicy-atf-jeep-wrangler\/#primaryimage"},"thumbnailUrl":"https:\/\/tomwer.com.pl\/wp-content\/uploads\/2023\/08\/Group-1-3.png","datePublished":"2023-08-29T21:43:59+00:00","dateModified":"2025-12-27T11:54:30+00:00","description":"Adapter przy\u0142\u0105czeniowy ch\u0142odnicy do JEEP JK \/ JKU\u00a0 3.6 i 3.8. Pozwala na po\u0142\u0105czenie si\u0119 z oryginaln\u0105 ch\u0142odnic\u0105 skrzyni bieg\u00f3w za pomoc\u0105 gwintu M14x1.5.","breadcrumb":{"@id":"https:\/\/tomwer.com.pl\/produkt\/adapter-chlodnicy-atf-jeep-wrangler\/#breadcrumb"},"inLanguage":"en-US","potentialAction":[{"@type":"ReadAction","target":["https:\/\/tomwer.com.pl\/produkt\/adapter-chlodnicy-atf-jeep-wrangler\/"]}]},{"@type":"ImageObject","inLanguage":"en-US","@id":"https:\/\/tomwer.com.pl\/produkt\/adapter-chlodnicy-atf-jeep-wrangler\/#primaryimage","url":"https:\/\/tomwer.com.pl\/wp-content\/uploads\/2023\/08\/Group-1-3.png","contentUrl":"https:\/\/tomwer.com.pl\/wp-content\/uploads\/2023\/08\/Group-1-3.png","width":900,"height":900},{"@type":"BreadcrumbList","@id":"https:\/\/tomwer.com.pl\/produkt\/adapter-chlodnicy-atf-jeep-wrangler\/#breadcrumb","itemListElement":[{"@type":"ListItem","position":1,"name":"Strona g\u0142\u00f3wna","item":"https:\/\/tomwer.com.pl\/"},{"@type":"ListItem","position":2,"name":"Wszystkie produkty","item":"https:\/\/tomwer.com.pl\/sklep\/"},{"@type":"ListItem","position":3,"name":"Adapter ch\u0142odnicy ATF Jeep Wrangler JK3.6 \/ JK3.8"}]},{"@type":"WebSite","@id":"https:\/\/tomwer.com.pl\/#website","url":"https:\/\/tomwer.com.pl\/","name":"Tomwer - service and production of hydraulic hoses Wis\u0142a","description":"The main activity of TOMWER is the service and production of hydraulic hoses.","potentialAction":[{"@type":"SearchAction","target":{"@type":"EntryPoint","urlTemplate":"https:\/\/tomwer.com.pl\/?s={search_term_string}"},"query-input":{"@type":"PropertyValueSpecification","valueRequired":true,"valueName":"search_term_string"}}],"inLanguage":"en-US"}]}},"_links":{"self":[{"href":"https:\/\/tomwer.com.pl\/en\/wp-json\/wp\/v2\/product\/904","targetHints":{"allow":["GET"]}}],"collection":[{"href":"https:\/\/tomwer.com.pl\/en\/wp-json\/wp\/v2\/product"}],"about":[{"href":"https:\/\/tomwer.com.pl\/en\/wp-json\/wp\/v2\/types\/product"}],"replies":[{"embeddable":true,"href":"https:\/\/tomwer.com.pl\/en\/wp-json\/wp\/v2\/comments?post=904"}],"wp:featuredmedia":[{"embeddable":true,"href":"https:\/\/tomwer.com.pl\/en\/wp-json\/wp\/v2\/media\/1571"}],"wp:attachment":[{"href":"https:\/\/tomwer.com.pl\/en\/wp-json\/wp\/v2\/media?parent=904"}],"wp:term":[{"taxonomy":"product_brand","embeddable":true,"href":"https:\/\/tomwer.com.pl\/en\/wp-json\/wp\/v2\/product_brand?post=904"},{"taxonomy":"product_cat","embeddable":true,"href":"https:\/\/tomwer.com.pl\/en\/wp-json\/wp\/v2\/product_cat?post=904"},{"taxonomy":"product_tag","embeddable":true,"href":"https:\/\/tomwer.com.pl\/en\/wp-json\/wp\/v2\/product_tag?post=904"}],"curies":[{"name":"wp","href":"https:\/\/api.w.org\/{rel}","templated":true}]}}