{"id":883,"date":"2023-05-31T21:36:22","date_gmt":"2023-05-31T19:36:22","guid":{"rendered":"https:\/\/tomwer.com.pl\/?post_type=product&#038;p=883"},"modified":"2026-01-30T15:44:44","modified_gmt":"2026-01-30T14:44:44","slug":"przewody-nagrzewnicy-jeep-wg-2-7-crd","status":"publish","type":"product","link":"https:\/\/tomwer.com.pl\/en\/product\/przewody-nagrzewnicy-jeep-wg-2-7-crd\/","title":{"rendered":"JEEP WJ\/WG 2.7 CRD \u2013 heater cables"},"content":{"rendered":"<h4 style=\"text-align: center;\"><strong data-start=\"124\" data-end=\"191\">Przewody nagrzewnicy do Jeep Grand Cherokee WJ\/WG 2.7 CRD.<\/strong> Wykonane z wysokiej jako\u015bci gumy <strong data-start=\"225\" data-end=\"233\">EPDM.<\/strong> Wzmocnione\u00a0<strong data-start=\"246\" data-end=\"268\">oplotem aramidowym<\/strong>, co zapewnia wysok\u0105 odporno\u015b\u0107 na temperatur\u0119, ci\u015bnienie oraz d\u0142ug\u0105 \u017cywotno\u015b\u0107. Dodatkowo zabezpieczone r\u0119kawem termicznym z w\u0142\u00f3kna szklanego. Przewody <strong data-start=\"364\" data-end=\"407\">wykonano na wz\u00f3r oryginalnych element\u00f3w.<\/strong>\u00a0 D<strong data-start=\"430\" data-end=\"465\" data-is-only-node=\"\">ok\u0142adne odwzorowanie geometrii oraz\u00a0<\/strong>\u00a0precyzyjne dopasowanie gwarantuje\u00a0<strong data-start=\"501\" data-end=\"517\">\u0142atwy monta\u017c<\/strong>, idealn\u0105 szczelno\u015b\u0107 oraz\u00a0<strong data-start=\"543\" data-end=\"581\">d\u0142ug\u0105 i bezproblemow\u0105 eksploatacj\u0119<\/strong>.<\/h4>\n<p style=\"text-align: center;\">\n<p><iframe title=\"Jeep WG 2 7 CRD Heater Hose\" width=\"500\" height=\"281\" data-src=\"https:\/\/www.youtube.com\/embed\/6XkSEepLNL0?feature=oembed\" frameborder=\"0\" allow=\"accelerometer; autoplay; clipboard-write; encrypted-media; gyroscope; picture-in-picture; web-share\" referrerpolicy=\"strict-origin-when-cross-origin\" allowfullscreen src=\"data:image\/svg+xml;base64,PHN2ZyB3aWR0aD0iMSIgaGVpZ2h0PSIxIiB4bWxucz0iaHR0cDovL3d3dy53My5vcmcvMjAwMC9zdmciPjwvc3ZnPg==\" class=\"lazyload\" data-load-mode=\"1\"><\/iframe><\/p>","protected":false},"excerpt":{"rendered":"<p>Przewody nagrzewnicy do Jeep Grand Cherokee WJ\/WG 2.7 CRD. Wykonane z wysokiej jako\u015bci gumy EPDM. Wzmocnione\u00a0oplotem aramidowym, co zapewnia wysok\u0105 odporno\u015b\u0107 na temperatur\u0119, ci\u015bnienie oraz d\u0142ug\u0105 \u017cywotno\u015b\u0107. Dodatkowo zabezpieczone r\u0119kawem termicznym z w\u0142\u00f3kna szklanego. Przewody wykonano na wz\u00f3r oryginalnych element\u00f3w.\u00a0 Dok\u0142adne odwzorowanie geometrii oraz\u00a0\u00a0precyzyjne dopasowanie gwarantuje\u00a0\u0142atwy monta\u017c, idealn\u0105 szczelno\u015b\u0107 oraz\u00a0d\u0142ug\u0105 i bezproblemow\u0105 eksploatacj\u0119.<\/p>","protected":false},"featured_media":3651,"comment_status":"open","ping_status":"closed","template":"","meta":{"_acf_changed":false},"product_brand":[],"product_cat":[29],"product_tag":[],"class_list":{"0":"post-883","1":"product","2":"type-product","3":"status-publish","4":"has-post-thumbnail","6":"product_cat-przewody-silikonowe","8":"first","9":"instock","10":"shipping-taxable","11":"purchasable","12":"product-type-simple"},"acf":[],"yoast_head":"<!-- This site is optimized with the Yoast SEO plugin v26.9 - https:\/\/yoast.com\/product\/yoast-seo-wordpress\/ -->\n<title>JEEP WJ\/WG 2.7 CRD - przewody nagrzewnicy -<\/title>\n<meta name=\"description\" content=\"Przewody nagrzewnicy do JEEP WG 2.7 CRD \u0142\u0105cz\u0105 nagrzewnice z uk\u0142adem ch\u0142odzenia silnika. Wykonane z gumy EPDM na wz\u00f3r oryginalnych przewod\u00f3w MOPAR.\" \/>\n<meta name=\"robots\" content=\"index, follow, max-snippet:-1, max-image-preview:large, max-video-preview:-1\" \/>\n<link rel=\"canonical\" href=\"https:\/\/tomwer.com.pl\/en\/product\/przewody-nagrzewnicy-jeep-wg-2-7-crd\/\" \/>\n<meta property=\"og:locale\" content=\"en_US\" \/>\n<meta property=\"og:type\" content=\"article\" \/>\n<meta property=\"og:title\" content=\"JEEP WJ\/WG 2.7 CRD - przewody nagrzewnicy -\" \/>\n<meta property=\"og:description\" content=\"Przewody nagrzewnicy do JEEP WG 2.7 CRD \u0142\u0105cz\u0105 nagrzewnice z uk\u0142adem ch\u0142odzenia silnika. Wykonane z gumy EPDM na wz\u00f3r oryginalnych przewod\u00f3w MOPAR.\" \/>\n<meta property=\"og:url\" content=\"https:\/\/tomwer.com.pl\/en\/product\/przewody-nagrzewnicy-jeep-wg-2-7-crd\/\" \/>\n<meta property=\"og:site_name\" content=\"Tomwer - serwis i produkcja przewod\u00f3w hydraulicznych Wis\u0142a\" \/>\n<meta property=\"article:modified_time\" content=\"2026-01-30T14:44:44+00:00\" \/>\n<meta property=\"og:image\" content=\"https:\/\/tomwer.com.pl\/wp-content\/uploads\/2023\/05\/Frame-222.png\" \/>\n\t<meta property=\"og:image:width\" content=\"900\" \/>\n\t<meta property=\"og:image:height\" content=\"900\" \/>\n\t<meta property=\"og:image:type\" content=\"image\/png\" \/>\n<meta name=\"twitter:card\" content=\"summary_large_image\" \/>\n<meta name=\"twitter:label1\" content=\"Est. reading time\" \/>\n\t<meta name=\"twitter:data1\" content=\"1 minute\" \/>\n<script type=\"application\/ld+json\" class=\"yoast-schema-graph\">{\"@context\":\"https:\/\/schema.org\",\"@graph\":[{\"@type\":\"WebPage\",\"@id\":\"https:\/\/tomwer.com.pl\/produkt\/przewody-nagrzewnicy-jeep-wg-2-7-crd\/\",\"url\":\"https:\/\/tomwer.com.pl\/produkt\/przewody-nagrzewnicy-jeep-wg-2-7-crd\/\",\"name\":\"JEEP WJ\/WG 2.7 CRD - przewody nagrzewnicy -\",\"isPartOf\":{\"@id\":\"https:\/\/tomwer.com.pl\/#website\"},\"primaryImageOfPage\":{\"@id\":\"https:\/\/tomwer.com.pl\/produkt\/przewody-nagrzewnicy-jeep-wg-2-7-crd\/#primaryimage\"},\"image\":{\"@id\":\"https:\/\/tomwer.com.pl\/produkt\/przewody-nagrzewnicy-jeep-wg-2-7-crd\/#primaryimage\"},\"thumbnailUrl\":\"https:\/\/tomwer.com.pl\/wp-content\/uploads\/2023\/05\/Frame-222.png\",\"datePublished\":\"2023-05-31T19:36:22+00:00\",\"dateModified\":\"2026-01-30T14:44:44+00:00\",\"description\":\"Przewody nagrzewnicy do JEEP WG 2.7 CRD \u0142\u0105cz\u0105 nagrzewnice z uk\u0142adem ch\u0142odzenia silnika. Wykonane z gumy EPDM na wz\u00f3r oryginalnych przewod\u00f3w MOPAR.\",\"breadcrumb\":{\"@id\":\"https:\/\/tomwer.com.pl\/produkt\/przewody-nagrzewnicy-jeep-wg-2-7-crd\/#breadcrumb\"},\"inLanguage\":\"en-US\",\"potentialAction\":[{\"@type\":\"ReadAction\",\"target\":[\"https:\/\/tomwer.com.pl\/produkt\/przewody-nagrzewnicy-jeep-wg-2-7-crd\/\"]}]},{\"@type\":\"ImageObject\",\"inLanguage\":\"en-US\",\"@id\":\"https:\/\/tomwer.com.pl\/produkt\/przewody-nagrzewnicy-jeep-wg-2-7-crd\/#primaryimage\",\"url\":\"https:\/\/tomwer.com.pl\/wp-content\/uploads\/2023\/05\/Frame-222.png\",\"contentUrl\":\"https:\/\/tomwer.com.pl\/wp-content\/uploads\/2023\/05\/Frame-222.png\",\"width\":900,\"height\":900},{\"@type\":\"BreadcrumbList\",\"@id\":\"https:\/\/tomwer.com.pl\/produkt\/przewody-nagrzewnicy-jeep-wg-2-7-crd\/#breadcrumb\",\"itemListElement\":[{\"@type\":\"ListItem\",\"position\":1,\"name\":\"Strona g\u0142\u00f3wna\",\"item\":\"https:\/\/tomwer.com.pl\/\"},{\"@type\":\"ListItem\",\"position\":2,\"name\":\"Wszystkie produkty\",\"item\":\"https:\/\/tomwer.com.pl\/sklep\/\"},{\"@type\":\"ListItem\",\"position\":3,\"name\":\"JEEP WJ\/WG 2.7 CRD &#8211; przewody nagrzewnicy\"}]},{\"@type\":\"WebSite\",\"@id\":\"https:\/\/tomwer.com.pl\/#website\",\"url\":\"https:\/\/tomwer.com.pl\/\",\"name\":\"Tomwer - serwis i produkcja przewod\u00f3w hydraulicznych Wis\u0142a\",\"description\":\"G\u0142\u00f3wn\u0105 dzia\u0142alno\u015bci\u0105 firmy TOMWER jest serwis i produkcja przewod\u00f3w hydraulicznych.\",\"potentialAction\":[{\"@type\":\"SearchAction\",\"target\":{\"@type\":\"EntryPoint\",\"urlTemplate\":\"https:\/\/tomwer.com.pl\/?s={search_term_string}\"},\"query-input\":{\"@type\":\"PropertyValueSpecification\",\"valueRequired\":true,\"valueName\":\"search_term_string\"}}],\"inLanguage\":\"en-US\"}]}<\/script>\n<!-- \/ Yoast SEO plugin. -->","yoast_head_json":{"title":"JEEP WJ\/WG 2.7 CRD - przewody nagrzewnicy -","description":"Przewody nagrzewnicy do JEEP WG 2.7 CRD \u0142\u0105cz\u0105 nagrzewnice z uk\u0142adem ch\u0142odzenia silnika. Wykonane z gumy EPDM na wz\u00f3r oryginalnych przewod\u00f3w MOPAR.","robots":{"index":"index","follow":"follow","max-snippet":"max-snippet:-1","max-image-preview":"max-image-preview:large","max-video-preview":"max-video-preview:-1"},"canonical":"https:\/\/tomwer.com.pl\/en\/product\/przewody-nagrzewnicy-jeep-wg-2-7-crd\/","og_locale":"en_US","og_type":"article","og_title":"JEEP WJ\/WG 2.7 CRD - przewody nagrzewnicy -","og_description":"Przewody nagrzewnicy do JEEP WG 2.7 CRD \u0142\u0105cz\u0105 nagrzewnice z uk\u0142adem ch\u0142odzenia silnika. Wykonane z gumy EPDM na wz\u00f3r oryginalnych przewod\u00f3w MOPAR.","og_url":"https:\/\/tomwer.com.pl\/en\/product\/przewody-nagrzewnicy-jeep-wg-2-7-crd\/","og_site_name":"Tomwer - serwis i produkcja przewod\u00f3w hydraulicznych Wis\u0142a","article_modified_time":"2026-01-30T14:44:44+00:00","og_image":[{"width":900,"height":900,"url":"https:\/\/tomwer.com.pl\/wp-content\/uploads\/2023\/05\/Frame-222.png","type":"image\/png"}],"twitter_card":"summary_large_image","twitter_misc":{"Est. reading time":"1 minute"},"schema":{"@context":"https:\/\/schema.org","@graph":[{"@type":"WebPage","@id":"https:\/\/tomwer.com.pl\/produkt\/przewody-nagrzewnicy-jeep-wg-2-7-crd\/","url":"https:\/\/tomwer.com.pl\/produkt\/przewody-nagrzewnicy-jeep-wg-2-7-crd\/","name":"JEEP WJ\/WG 2.7 CRD - przewody nagrzewnicy -","isPartOf":{"@id":"https:\/\/tomwer.com.pl\/#website"},"primaryImageOfPage":{"@id":"https:\/\/tomwer.com.pl\/produkt\/przewody-nagrzewnicy-jeep-wg-2-7-crd\/#primaryimage"},"image":{"@id":"https:\/\/tomwer.com.pl\/produkt\/przewody-nagrzewnicy-jeep-wg-2-7-crd\/#primaryimage"},"thumbnailUrl":"https:\/\/tomwer.com.pl\/wp-content\/uploads\/2023\/05\/Frame-222.png","datePublished":"2023-05-31T19:36:22+00:00","dateModified":"2026-01-30T14:44:44+00:00","description":"Przewody nagrzewnicy do JEEP WG 2.7 CRD \u0142\u0105cz\u0105 nagrzewnice z uk\u0142adem ch\u0142odzenia silnika. Wykonane z gumy EPDM na wz\u00f3r oryginalnych przewod\u00f3w MOPAR.","breadcrumb":{"@id":"https:\/\/tomwer.com.pl\/produkt\/przewody-nagrzewnicy-jeep-wg-2-7-crd\/#breadcrumb"},"inLanguage":"en-US","potentialAction":[{"@type":"ReadAction","target":["https:\/\/tomwer.com.pl\/produkt\/przewody-nagrzewnicy-jeep-wg-2-7-crd\/"]}]},{"@type":"ImageObject","inLanguage":"en-US","@id":"https:\/\/tomwer.com.pl\/produkt\/przewody-nagrzewnicy-jeep-wg-2-7-crd\/#primaryimage","url":"https:\/\/tomwer.com.pl\/wp-content\/uploads\/2023\/05\/Frame-222.png","contentUrl":"https:\/\/tomwer.com.pl\/wp-content\/uploads\/2023\/05\/Frame-222.png","width":900,"height":900},{"@type":"BreadcrumbList","@id":"https:\/\/tomwer.com.pl\/produkt\/przewody-nagrzewnicy-jeep-wg-2-7-crd\/#breadcrumb","itemListElement":[{"@type":"ListItem","position":1,"name":"Strona g\u0142\u00f3wna","item":"https:\/\/tomwer.com.pl\/"},{"@type":"ListItem","position":2,"name":"Wszystkie produkty","item":"https:\/\/tomwer.com.pl\/sklep\/"},{"@type":"ListItem","position":3,"name":"JEEP WJ\/WG 2.7 CRD &#8211; przewody nagrzewnicy"}]},{"@type":"WebSite","@id":"https:\/\/tomwer.com.pl\/#website","url":"https:\/\/tomwer.com.pl\/","name":"Tomwer - service and production of hydraulic hoses Wis\u0142a","description":"The main activity of TOMWER is the service and production of hydraulic hoses.","potentialAction":[{"@type":"SearchAction","target":{"@type":"EntryPoint","urlTemplate":"https:\/\/tomwer.com.pl\/?s={search_term_string}"},"query-input":{"@type":"PropertyValueSpecification","valueRequired":true,"valueName":"search_term_string"}}],"inLanguage":"en-US"}]}},"_links":{"self":[{"href":"https:\/\/tomwer.com.pl\/en\/wp-json\/wp\/v2\/product\/883","targetHints":{"allow":["GET"]}}],"collection":[{"href":"https:\/\/tomwer.com.pl\/en\/wp-json\/wp\/v2\/product"}],"about":[{"href":"https:\/\/tomwer.com.pl\/en\/wp-json\/wp\/v2\/types\/product"}],"replies":[{"embeddable":true,"href":"https:\/\/tomwer.com.pl\/en\/wp-json\/wp\/v2\/comments?post=883"}],"wp:featuredmedia":[{"embeddable":true,"href":"https:\/\/tomwer.com.pl\/en\/wp-json\/wp\/v2\/media\/3651"}],"wp:attachment":[{"href":"https:\/\/tomwer.com.pl\/en\/wp-json\/wp\/v2\/media?parent=883"}],"wp:term":[{"taxonomy":"product_brand","embeddable":true,"href":"https:\/\/tomwer.com.pl\/en\/wp-json\/wp\/v2\/product_brand?post=883"},{"taxonomy":"product_cat","embeddable":true,"href":"https:\/\/tomwer.com.pl\/en\/wp-json\/wp\/v2\/product_cat?post=883"},{"taxonomy":"product_tag","embeddable":true,"href":"https:\/\/tomwer.com.pl\/en\/wp-json\/wp\/v2\/product_tag?post=883"}],"curies":[{"name":"wp","href":"https:\/\/api.w.org\/{rel}","templated":true}]}}