{"id":701,"date":"2022-09-05T22:47:41","date_gmt":"2022-09-05T20:47:41","guid":{"rendered":"https:\/\/tomwer.com.pl\/?post_type=product&#038;p=701"},"modified":"2024-05-08T14:12:02","modified_gmt":"2024-05-08T12:12:02","slug":"dodge-ram-8-3-v10-przewod-wspomagania","status":"publish","type":"product","link":"https:\/\/tomwer.com.pl\/en\/product\/dodge-ram-8-3-v10-przewod-wspomagania\/","title":{"rendered":"Dodge Ram 8.3 V10 Power Steering Hose"},"content":{"rendered":"<p>Power steering hose to<span style=\"color: #ff0000;\"><strong> Dodge RAM 8.3 V10 <\/strong><\/span>wire\u00a0<strong>hydro fan-pump<\/strong> made of the highest quality components. Careful matching of the metal and flexible parts guarantees trouble-free installation and long-term operation. Installation of our cable is very simple and intuitive. The internal dimensions of the cable have been maintained, which is very important for the entire system to function properly. Our cable will certainly not cause problems with fluid leakage or cause incorrect operation of the steering system. A proven and effective solution for many years.<\/p>\n<p>&nbsp;<\/p>\n<p>OEM number 5290350AB<\/p>","protected":false},"excerpt":{"rendered":"<p><img decoding=\"async\" class=\"alignnone size-medium wp-image-800 lazyload\" data-src=\"https:\/\/tomwer.com.pl\/wp-content\/uploads\/2022\/09\/Dodge-Ram-SRT-V10-8.3-Power-stering-hose-300x239.jpg\" alt=\"\" width=\"300\" height=\"239\" data-srcset=\"https:\/\/tomwer.com.pl\/wp-content\/uploads\/2022\/09\/Dodge-Ram-SRT-V10-8.3-Power-stering-hose-300x239.jpg 300w, https:\/\/tomwer.com.pl\/wp-content\/uploads\/2022\/09\/Dodge-Ram-SRT-V10-8.3-Power-stering-hose-64x51.jpg 64w, https:\/\/tomwer.com.pl\/wp-content\/uploads\/2022\/09\/Dodge-Ram-SRT-V10-8.3-Power-stering-hose.jpg 440w\" data-sizes=\"(max-width: 300px) 100vw, 300px\" src=\"data:image\/svg+xml;base64,PHN2ZyB3aWR0aD0iMSIgaGVpZ2h0PSIxIiB4bWxucz0iaHR0cDovL3d3dy53My5vcmcvMjAwMC9zdmciPjwvc3ZnPg==\" style=\"--smush-placeholder-width: 300px; --smush-placeholder-aspect-ratio: 300\/239;\" \/>Power steering hose to<strong> Dodge RAM 8.3 V10 <\/strong>wire\u00a0<strong>hydro fan-pump<\/strong> made of the highest quality components. Careful matching of the metal and flexible parts guarantees trouble-free installation and long-term operation. Installation of our cable is very simple and intuitive. The internal dimensions of the cable have been maintained, which is very important for the entire system to function properly. Our cable will certainly not cause problems with fluid leakage or cause incorrect operation of the steering system. A proven and effective solution for many years.<\/p>\n<p>&nbsp;<\/p>\n<p>OEM number 5290350AB<\/p>","protected":false},"featured_media":2072,"comment_status":"open","ping_status":"closed","template":"","meta":{"_acf_changed":false},"product_brand":[],"product_cat":[20],"product_tag":[],"class_list":{"0":"post-701","1":"product","2":"type-product","3":"status-publish","4":"has-post-thumbnail","6":"product_cat-przewody-wspomagania-kierowniczego","8":"first","9":"instock","10":"shipping-taxable","11":"purchasable","12":"product-type-simple"},"acf":[],"yoast_head":"<!-- This site is optimized with the Yoast SEO plugin v26.9 - https:\/\/yoast.com\/product\/yoast-seo-wordpress\/ -->\n<title>Dodge Ram 8.3 V10 Przew\u00f3d wspomagania<\/title>\n<meta name=\"description\" content=\"Przew\u00f3d wspomagania kierowniczego do Dodge RAM 8.3 V10 2004-2006. Staranne odwzorowanie orygina\u0142u gwarantuje prosty monta\u017c oraz d\u0142ugotrwa\u0142\u0105 eksploatacj\u0119.\" \/>\n<meta name=\"robots\" content=\"index, follow, max-snippet:-1, max-image-preview:large, max-video-preview:-1\" \/>\n<link rel=\"canonical\" href=\"https:\/\/tomwer.com.pl\/en\/product\/dodge-ram-8-3-v10-przewod-wspomagania\/\" \/>\n<meta property=\"og:locale\" content=\"en_US\" \/>\n<meta property=\"og:type\" content=\"article\" \/>\n<meta property=\"og:title\" content=\"Dodge Ram 8.3 V10 Przew\u00f3d wspomagania\" \/>\n<meta property=\"og:description\" content=\"Przew\u00f3d wspomagania kierowniczego do Dodge RAM 8.3 V10 2004-2006. Staranne odwzorowanie orygina\u0142u gwarantuje prosty monta\u017c oraz d\u0142ugotrwa\u0142\u0105 eksploatacj\u0119.\" \/>\n<meta property=\"og:url\" content=\"https:\/\/tomwer.com.pl\/en\/product\/dodge-ram-8-3-v10-przewod-wspomagania\/\" \/>\n<meta property=\"og:site_name\" content=\"Tomwer - serwis i produkcja przewod\u00f3w hydraulicznych Wis\u0142a\" \/>\n<meta property=\"article:modified_time\" content=\"2024-05-08T12:12:02+00:00\" \/>\n<meta property=\"og:image\" content=\"https:\/\/tomwer.com.pl\/wp-content\/uploads\/2022\/09\/Frame-22.png\" \/>\n\t<meta property=\"og:image:width\" content=\"900\" \/>\n\t<meta property=\"og:image:height\" content=\"900\" \/>\n\t<meta property=\"og:image:type\" content=\"image\/png\" \/>\n<meta name=\"twitter:card\" content=\"summary_large_image\" \/>\n<meta name=\"twitter:label1\" content=\"Est. reading time\" \/>\n\t<meta name=\"twitter:data1\" content=\"1 minute\" \/>\n<script type=\"application\/ld+json\" class=\"yoast-schema-graph\">{\"@context\":\"https:\/\/schema.org\",\"@graph\":[{\"@type\":\"WebPage\",\"@id\":\"https:\/\/tomwer.com.pl\/produkt\/dodge-ram-8-3-v10-przewod-wspomagania\/\",\"url\":\"https:\/\/tomwer.com.pl\/produkt\/dodge-ram-8-3-v10-przewod-wspomagania\/\",\"name\":\"Dodge Ram 8.3 V10 Przew\u00f3d wspomagania\",\"isPartOf\":{\"@id\":\"https:\/\/tomwer.com.pl\/#website\"},\"primaryImageOfPage\":{\"@id\":\"https:\/\/tomwer.com.pl\/produkt\/dodge-ram-8-3-v10-przewod-wspomagania\/#primaryimage\"},\"image\":{\"@id\":\"https:\/\/tomwer.com.pl\/produkt\/dodge-ram-8-3-v10-przewod-wspomagania\/#primaryimage\"},\"thumbnailUrl\":\"https:\/\/tomwer.com.pl\/wp-content\/uploads\/2022\/09\/Frame-22.png\",\"datePublished\":\"2022-09-05T20:47:41+00:00\",\"dateModified\":\"2024-05-08T12:12:02+00:00\",\"description\":\"Przew\u00f3d wspomagania kierowniczego do Dodge RAM 8.3 V10 2004-2006. Staranne odwzorowanie orygina\u0142u gwarantuje prosty monta\u017c oraz d\u0142ugotrwa\u0142\u0105 eksploatacj\u0119.\",\"breadcrumb\":{\"@id\":\"https:\/\/tomwer.com.pl\/produkt\/dodge-ram-8-3-v10-przewod-wspomagania\/#breadcrumb\"},\"inLanguage\":\"en-US\",\"potentialAction\":[{\"@type\":\"ReadAction\",\"target\":[\"https:\/\/tomwer.com.pl\/produkt\/dodge-ram-8-3-v10-przewod-wspomagania\/\"]}]},{\"@type\":\"ImageObject\",\"inLanguage\":\"en-US\",\"@id\":\"https:\/\/tomwer.com.pl\/produkt\/dodge-ram-8-3-v10-przewod-wspomagania\/#primaryimage\",\"url\":\"https:\/\/tomwer.com.pl\/wp-content\/uploads\/2022\/09\/Frame-22.png\",\"contentUrl\":\"https:\/\/tomwer.com.pl\/wp-content\/uploads\/2022\/09\/Frame-22.png\",\"width\":900,\"height\":900},{\"@type\":\"BreadcrumbList\",\"@id\":\"https:\/\/tomwer.com.pl\/produkt\/dodge-ram-8-3-v10-przewod-wspomagania\/#breadcrumb\",\"itemListElement\":[{\"@type\":\"ListItem\",\"position\":1,\"name\":\"Strona g\u0142\u00f3wna\",\"item\":\"https:\/\/tomwer.com.pl\/\"},{\"@type\":\"ListItem\",\"position\":2,\"name\":\"Wszystkie produkty\",\"item\":\"https:\/\/tomwer.com.pl\/sklep\/\"},{\"@type\":\"ListItem\",\"position\":3,\"name\":\"Dodge Ram 8.3 V10 Przew\u00f3d wspomagania\"}]},{\"@type\":\"WebSite\",\"@id\":\"https:\/\/tomwer.com.pl\/#website\",\"url\":\"https:\/\/tomwer.com.pl\/\",\"name\":\"Tomwer - serwis i produkcja przewod\u00f3w hydraulicznych Wis\u0142a\",\"description\":\"G\u0142\u00f3wn\u0105 dzia\u0142alno\u015bci\u0105 firmy TOMWER jest serwis i produkcja przewod\u00f3w hydraulicznych.\",\"potentialAction\":[{\"@type\":\"SearchAction\",\"target\":{\"@type\":\"EntryPoint\",\"urlTemplate\":\"https:\/\/tomwer.com.pl\/?s={search_term_string}\"},\"query-input\":{\"@type\":\"PropertyValueSpecification\",\"valueRequired\":true,\"valueName\":\"search_term_string\"}}],\"inLanguage\":\"en-US\"}]}<\/script>\n<!-- \/ Yoast SEO plugin. -->","yoast_head_json":{"title":"Dodge Ram 8.3 V10 Power Steering Hose","description":"Przew\u00f3d wspomagania kierowniczego do Dodge RAM 8.3 V10 2004-2006. Staranne odwzorowanie orygina\u0142u gwarantuje prosty monta\u017c oraz d\u0142ugotrwa\u0142\u0105 eksploatacj\u0119.","robots":{"index":"index","follow":"follow","max-snippet":"max-snippet:-1","max-image-preview":"max-image-preview:large","max-video-preview":"max-video-preview:-1"},"canonical":"https:\/\/tomwer.com.pl\/en\/product\/dodge-ram-8-3-v10-przewod-wspomagania\/","og_locale":"en_US","og_type":"article","og_title":"Dodge Ram 8.3 V10 Przew\u00f3d wspomagania","og_description":"Przew\u00f3d wspomagania kierowniczego do Dodge RAM 8.3 V10 2004-2006. Staranne odwzorowanie orygina\u0142u gwarantuje prosty monta\u017c oraz d\u0142ugotrwa\u0142\u0105 eksploatacj\u0119.","og_url":"https:\/\/tomwer.com.pl\/en\/product\/dodge-ram-8-3-v10-przewod-wspomagania\/","og_site_name":"Tomwer - serwis i produkcja przewod\u00f3w hydraulicznych Wis\u0142a","article_modified_time":"2024-05-08T12:12:02+00:00","og_image":[{"width":900,"height":900,"url":"https:\/\/tomwer.com.pl\/wp-content\/uploads\/2022\/09\/Frame-22.png","type":"image\/png"}],"twitter_card":"summary_large_image","twitter_misc":{"Est. reading time":"1 minute"},"schema":{"@context":"https:\/\/schema.org","@graph":[{"@type":"WebPage","@id":"https:\/\/tomwer.com.pl\/produkt\/dodge-ram-8-3-v10-przewod-wspomagania\/","url":"https:\/\/tomwer.com.pl\/produkt\/dodge-ram-8-3-v10-przewod-wspomagania\/","name":"Dodge Ram 8.3 V10 Power Steering Hose","isPartOf":{"@id":"https:\/\/tomwer.com.pl\/#website"},"primaryImageOfPage":{"@id":"https:\/\/tomwer.com.pl\/produkt\/dodge-ram-8-3-v10-przewod-wspomagania\/#primaryimage"},"image":{"@id":"https:\/\/tomwer.com.pl\/produkt\/dodge-ram-8-3-v10-przewod-wspomagania\/#primaryimage"},"thumbnailUrl":"https:\/\/tomwer.com.pl\/wp-content\/uploads\/2022\/09\/Frame-22.png","datePublished":"2022-09-05T20:47:41+00:00","dateModified":"2024-05-08T12:12:02+00:00","description":"Przew\u00f3d wspomagania kierowniczego do Dodge RAM 8.3 V10 2004-2006. Staranne odwzorowanie orygina\u0142u gwarantuje prosty monta\u017c oraz d\u0142ugotrwa\u0142\u0105 eksploatacj\u0119.","breadcrumb":{"@id":"https:\/\/tomwer.com.pl\/produkt\/dodge-ram-8-3-v10-przewod-wspomagania\/#breadcrumb"},"inLanguage":"en-US","potentialAction":[{"@type":"ReadAction","target":["https:\/\/tomwer.com.pl\/produkt\/dodge-ram-8-3-v10-przewod-wspomagania\/"]}]},{"@type":"ImageObject","inLanguage":"en-US","@id":"https:\/\/tomwer.com.pl\/produkt\/dodge-ram-8-3-v10-przewod-wspomagania\/#primaryimage","url":"https:\/\/tomwer.com.pl\/wp-content\/uploads\/2022\/09\/Frame-22.png","contentUrl":"https:\/\/tomwer.com.pl\/wp-content\/uploads\/2022\/09\/Frame-22.png","width":900,"height":900},{"@type":"BreadcrumbList","@id":"https:\/\/tomwer.com.pl\/produkt\/dodge-ram-8-3-v10-przewod-wspomagania\/#breadcrumb","itemListElement":[{"@type":"ListItem","position":1,"name":"Strona g\u0142\u00f3wna","item":"https:\/\/tomwer.com.pl\/"},{"@type":"ListItem","position":2,"name":"Wszystkie produkty","item":"https:\/\/tomwer.com.pl\/sklep\/"},{"@type":"ListItem","position":3,"name":"Dodge Ram 8.3 V10 Przew\u00f3d wspomagania"}]},{"@type":"WebSite","@id":"https:\/\/tomwer.com.pl\/#website","url":"https:\/\/tomwer.com.pl\/","name":"Tomwer - service and production of hydraulic hoses Wis\u0142a","description":"The main activity of TOMWER is the service and production of hydraulic hoses.","potentialAction":[{"@type":"SearchAction","target":{"@type":"EntryPoint","urlTemplate":"https:\/\/tomwer.com.pl\/?s={search_term_string}"},"query-input":{"@type":"PropertyValueSpecification","valueRequired":true,"valueName":"search_term_string"}}],"inLanguage":"en-US"}]}},"_links":{"self":[{"href":"https:\/\/tomwer.com.pl\/en\/wp-json\/wp\/v2\/product\/701","targetHints":{"allow":["GET"]}}],"collection":[{"href":"https:\/\/tomwer.com.pl\/en\/wp-json\/wp\/v2\/product"}],"about":[{"href":"https:\/\/tomwer.com.pl\/en\/wp-json\/wp\/v2\/types\/product"}],"replies":[{"embeddable":true,"href":"https:\/\/tomwer.com.pl\/en\/wp-json\/wp\/v2\/comments?post=701"}],"wp:featuredmedia":[{"embeddable":true,"href":"https:\/\/tomwer.com.pl\/en\/wp-json\/wp\/v2\/media\/2072"}],"wp:attachment":[{"href":"https:\/\/tomwer.com.pl\/en\/wp-json\/wp\/v2\/media?parent=701"}],"wp:term":[{"taxonomy":"product_brand","embeddable":true,"href":"https:\/\/tomwer.com.pl\/en\/wp-json\/wp\/v2\/product_brand?post=701"},{"taxonomy":"product_cat","embeddable":true,"href":"https:\/\/tomwer.com.pl\/en\/wp-json\/wp\/v2\/product_cat?post=701"},{"taxonomy":"product_tag","embeddable":true,"href":"https:\/\/tomwer.com.pl\/en\/wp-json\/wp\/v2\/product_tag?post=701"}],"curies":[{"name":"wp","href":"https:\/\/api.w.org\/{rel}","templated":true}]}}