{"id":684,"date":"2022-09-02T20:33:58","date_gmt":"2022-09-02T18:33:58","guid":{"rendered":"https:\/\/tomwer.com.pl\/?post_type=product&#038;p=684"},"modified":"2023-12-29T18:43:17","modified_gmt":"2023-12-29T17:43:17","slug":"przewody-skrzyni-biegow-jeep-grand-cherokee-wj-4-7-v8","status":"publish","type":"product","link":"https:\/\/tomwer.com.pl\/en\/product\/przewody-skrzyni-biegow-jeep-grand-cherokee-wj-4-7-v8\/","title":{"rendered":"Jeep Grand Cherokee WJ 4.7 V8 Transmission Cables"},"content":{"rendered":"","protected":false},"excerpt":{"rendered":"<p><img decoding=\"async\" class=\"alignnone size-medium wp-image-802 lazyload\" data-src=\"https:\/\/tomwer.com.pl\/wp-content\/uploads\/2022\/09\/Jeep-Grand-Cherokee-WJ-4.7-V8-transfer-Oil-hose-300x232.jpg\" alt=\"\" width=\"300\" height=\"232\" data-srcset=\"https:\/\/tomwer.com.pl\/wp-content\/uploads\/2022\/09\/Jeep-Grand-Cherokee-WJ-4.7-V8-transfer-Oil-hose-300x232.jpg 300w, https:\/\/tomwer.com.pl\/wp-content\/uploads\/2022\/09\/Jeep-Grand-Cherokee-WJ-4.7-V8-transfer-Oil-hose-500x386.jpg 500w, https:\/\/tomwer.com.pl\/wp-content\/uploads\/2022\/09\/Jeep-Grand-Cherokee-WJ-4.7-V8-transfer-Oil-hose-64x49.jpg 64w, https:\/\/tomwer.com.pl\/wp-content\/uploads\/2022\/09\/Jeep-Grand-Cherokee-WJ-4.7-V8-transfer-Oil-hose.jpg 548w\" data-sizes=\"(max-width: 300px) 100vw, 300px\" src=\"data:image\/svg+xml;base64,PHN2ZyB3aWR0aD0iMSIgaGVpZ2h0PSIxIiB4bWxucz0iaHR0cDovL3d3dy53My5vcmcvMjAwMC9zdmciPjwvc3ZnPg==\" style=\"--smush-placeholder-width: 300px; --smush-placeholder-aspect-ratio: 300\/232;\" \/>Transmission (metal) cables to <strong>Jeep Grand Cherokee WJ 4.7 V8 <\/strong>.Cables dedicated to the 45RFE, 545RFE gearbox. The set includes metal cables, gearbox connection elements, rubber cables and a mounting bracket.  Accurate mapping of the cable geometry guarantees simple installation and long-term operation. (the set does not include connection cables to the original oil cooler)<\/p>","protected":false},"featured_media":1546,"comment_status":"open","ping_status":"closed","template":"","meta":{"_acf_changed":false},"product_brand":[],"product_cat":[27],"product_tag":[],"class_list":{"0":"post-684","1":"product","2":"type-product","3":"status-publish","4":"has-post-thumbnail","6":"product_cat-przewody-olejowe-skrzyni-biegow-jeep","8":"first","9":"instock","10":"shipping-taxable","11":"purchasable","12":"product-type-simple"},"acf":[],"yoast_head":"<!-- This site is optimized with the Yoast SEO plugin v26.9 - https:\/\/yoast.com\/product\/yoast-seo-wordpress\/ -->\n<title>Jeep Grand Cherokee WJ 4.7 V8 Przewody skrzyni bieg\u00f3w<\/title>\n<meta name=\"description\" content=\"Przewody olejowe skrzyni bieg\u00f3w do Jeep Grand Cherokee WJ 4.7 V8. Zestaw \u0142\u0105cz\u0105cy automatyczn\u0105 skrzynie bieg\u00f3w z ch\u0142odnic\u0105 oleju ATF.\" \/>\n<meta name=\"robots\" content=\"index, follow, max-snippet:-1, max-image-preview:large, max-video-preview:-1\" \/>\n<link rel=\"canonical\" href=\"https:\/\/tomwer.com.pl\/en\/product\/przewody-skrzyni-biegow-jeep-grand-cherokee-wj-4-7-v8\/\" \/>\n<meta property=\"og:locale\" content=\"en_US\" \/>\n<meta property=\"og:type\" content=\"article\" \/>\n<meta property=\"og:title\" content=\"Jeep Grand Cherokee WJ 4.7 V8 Przewody skrzyni bieg\u00f3w\" \/>\n<meta property=\"og:description\" content=\"Przewody olejowe skrzyni bieg\u00f3w do Jeep Grand Cherokee WJ 4.7 V8. Zestaw \u0142\u0105cz\u0105cy automatyczn\u0105 skrzynie bieg\u00f3w z ch\u0142odnic\u0105 oleju ATF.\" \/>\n<meta property=\"og:url\" content=\"https:\/\/tomwer.com.pl\/en\/product\/przewody-skrzyni-biegow-jeep-grand-cherokee-wj-4-7-v8\/\" \/>\n<meta property=\"og:site_name\" content=\"Tomwer - serwis i produkcja przewod\u00f3w hydraulicznych Wis\u0142a\" \/>\n<meta property=\"article:modified_time\" content=\"2023-12-29T17:43:17+00:00\" \/>\n<meta property=\"og:image\" content=\"https:\/\/tomwer.com.pl\/wp-content\/uploads\/2022\/09\/Group-77-3.png\" \/>\n\t<meta property=\"og:image:width\" content=\"900\" \/>\n\t<meta property=\"og:image:height\" content=\"900\" \/>\n\t<meta property=\"og:image:type\" content=\"image\/png\" \/>\n<meta name=\"twitter:card\" content=\"summary_large_image\" \/>\n<meta name=\"twitter:label1\" content=\"Est. reading time\" \/>\n\t<meta name=\"twitter:data1\" content=\"1 minute\" \/>\n<script type=\"application\/ld+json\" class=\"yoast-schema-graph\">{\"@context\":\"https:\/\/schema.org\",\"@graph\":[{\"@type\":\"WebPage\",\"@id\":\"https:\/\/tomwer.com.pl\/produkt\/przewody-skrzyni-biegow-jeep-grand-cherokee-wj-4-7-v8\/\",\"url\":\"https:\/\/tomwer.com.pl\/produkt\/przewody-skrzyni-biegow-jeep-grand-cherokee-wj-4-7-v8\/\",\"name\":\"Jeep Grand Cherokee WJ 4.7 V8 Przewody skrzyni bieg\u00f3w\",\"isPartOf\":{\"@id\":\"https:\/\/tomwer.com.pl\/#website\"},\"primaryImageOfPage\":{\"@id\":\"https:\/\/tomwer.com.pl\/produkt\/przewody-skrzyni-biegow-jeep-grand-cherokee-wj-4-7-v8\/#primaryimage\"},\"image\":{\"@id\":\"https:\/\/tomwer.com.pl\/produkt\/przewody-skrzyni-biegow-jeep-grand-cherokee-wj-4-7-v8\/#primaryimage\"},\"thumbnailUrl\":\"https:\/\/tomwer.com.pl\/wp-content\/uploads\/2022\/09\/Group-77-3.png\",\"datePublished\":\"2022-09-02T18:33:58+00:00\",\"dateModified\":\"2023-12-29T17:43:17+00:00\",\"description\":\"Przewody olejowe skrzyni bieg\u00f3w do Jeep Grand Cherokee WJ 4.7 V8. Zestaw \u0142\u0105cz\u0105cy automatyczn\u0105 skrzynie bieg\u00f3w z ch\u0142odnic\u0105 oleju ATF.\",\"breadcrumb\":{\"@id\":\"https:\/\/tomwer.com.pl\/produkt\/przewody-skrzyni-biegow-jeep-grand-cherokee-wj-4-7-v8\/#breadcrumb\"},\"inLanguage\":\"en-US\",\"potentialAction\":[{\"@type\":\"ReadAction\",\"target\":[\"https:\/\/tomwer.com.pl\/produkt\/przewody-skrzyni-biegow-jeep-grand-cherokee-wj-4-7-v8\/\"]}]},{\"@type\":\"ImageObject\",\"inLanguage\":\"en-US\",\"@id\":\"https:\/\/tomwer.com.pl\/produkt\/przewody-skrzyni-biegow-jeep-grand-cherokee-wj-4-7-v8\/#primaryimage\",\"url\":\"https:\/\/tomwer.com.pl\/wp-content\/uploads\/2022\/09\/Group-77-3.png\",\"contentUrl\":\"https:\/\/tomwer.com.pl\/wp-content\/uploads\/2022\/09\/Group-77-3.png\",\"width\":900,\"height\":900},{\"@type\":\"BreadcrumbList\",\"@id\":\"https:\/\/tomwer.com.pl\/produkt\/przewody-skrzyni-biegow-jeep-grand-cherokee-wj-4-7-v8\/#breadcrumb\",\"itemListElement\":[{\"@type\":\"ListItem\",\"position\":1,\"name\":\"Strona g\u0142\u00f3wna\",\"item\":\"https:\/\/tomwer.com.pl\/\"},{\"@type\":\"ListItem\",\"position\":2,\"name\":\"Wszystkie produkty\",\"item\":\"https:\/\/tomwer.com.pl\/sklep\/\"},{\"@type\":\"ListItem\",\"position\":3,\"name\":\"Jeep Grand Cherokee WJ 4.7 V8 Przewody skrzyni bieg\u00f3w\"}]},{\"@type\":\"WebSite\",\"@id\":\"https:\/\/tomwer.com.pl\/#website\",\"url\":\"https:\/\/tomwer.com.pl\/\",\"name\":\"Tomwer - serwis i produkcja przewod\u00f3w hydraulicznych Wis\u0142a\",\"description\":\"G\u0142\u00f3wn\u0105 dzia\u0142alno\u015bci\u0105 firmy TOMWER jest serwis i produkcja przewod\u00f3w hydraulicznych.\",\"potentialAction\":[{\"@type\":\"SearchAction\",\"target\":{\"@type\":\"EntryPoint\",\"urlTemplate\":\"https:\/\/tomwer.com.pl\/?s={search_term_string}\"},\"query-input\":{\"@type\":\"PropertyValueSpecification\",\"valueRequired\":true,\"valueName\":\"search_term_string\"}}],\"inLanguage\":\"en-US\"}]}<\/script>\n<!-- \/ Yoast SEO plugin. -->","yoast_head_json":{"title":"Jeep Grand Cherokee WJ 4.7 V8 Transmission Cables","description":"Przewody olejowe skrzyni bieg\u00f3w do Jeep Grand Cherokee WJ 4.7 V8. Zestaw \u0142\u0105cz\u0105cy automatyczn\u0105 skrzynie bieg\u00f3w z ch\u0142odnic\u0105 oleju ATF.","robots":{"index":"index","follow":"follow","max-snippet":"max-snippet:-1","max-image-preview":"max-image-preview:large","max-video-preview":"max-video-preview:-1"},"canonical":"https:\/\/tomwer.com.pl\/en\/product\/przewody-skrzyni-biegow-jeep-grand-cherokee-wj-4-7-v8\/","og_locale":"en_US","og_type":"article","og_title":"Jeep Grand Cherokee WJ 4.7 V8 Przewody skrzyni bieg\u00f3w","og_description":"Przewody olejowe skrzyni bieg\u00f3w do Jeep Grand Cherokee WJ 4.7 V8. Zestaw \u0142\u0105cz\u0105cy automatyczn\u0105 skrzynie bieg\u00f3w z ch\u0142odnic\u0105 oleju ATF.","og_url":"https:\/\/tomwer.com.pl\/en\/product\/przewody-skrzyni-biegow-jeep-grand-cherokee-wj-4-7-v8\/","og_site_name":"Tomwer - serwis i produkcja przewod\u00f3w hydraulicznych Wis\u0142a","article_modified_time":"2023-12-29T17:43:17+00:00","og_image":[{"width":900,"height":900,"url":"https:\/\/tomwer.com.pl\/wp-content\/uploads\/2022\/09\/Group-77-3.png","type":"image\/png"}],"twitter_card":"summary_large_image","twitter_misc":{"Est. reading time":"1 minute"},"schema":{"@context":"https:\/\/schema.org","@graph":[{"@type":"WebPage","@id":"https:\/\/tomwer.com.pl\/produkt\/przewody-skrzyni-biegow-jeep-grand-cherokee-wj-4-7-v8\/","url":"https:\/\/tomwer.com.pl\/produkt\/przewody-skrzyni-biegow-jeep-grand-cherokee-wj-4-7-v8\/","name":"Jeep Grand Cherokee WJ 4.7 V8 Transmission Cables","isPartOf":{"@id":"https:\/\/tomwer.com.pl\/#website"},"primaryImageOfPage":{"@id":"https:\/\/tomwer.com.pl\/produkt\/przewody-skrzyni-biegow-jeep-grand-cherokee-wj-4-7-v8\/#primaryimage"},"image":{"@id":"https:\/\/tomwer.com.pl\/produkt\/przewody-skrzyni-biegow-jeep-grand-cherokee-wj-4-7-v8\/#primaryimage"},"thumbnailUrl":"https:\/\/tomwer.com.pl\/wp-content\/uploads\/2022\/09\/Group-77-3.png","datePublished":"2022-09-02T18:33:58+00:00","dateModified":"2023-12-29T17:43:17+00:00","description":"Przewody olejowe skrzyni bieg\u00f3w do Jeep Grand Cherokee WJ 4.7 V8. Zestaw \u0142\u0105cz\u0105cy automatyczn\u0105 skrzynie bieg\u00f3w z ch\u0142odnic\u0105 oleju ATF.","breadcrumb":{"@id":"https:\/\/tomwer.com.pl\/produkt\/przewody-skrzyni-biegow-jeep-grand-cherokee-wj-4-7-v8\/#breadcrumb"},"inLanguage":"en-US","potentialAction":[{"@type":"ReadAction","target":["https:\/\/tomwer.com.pl\/produkt\/przewody-skrzyni-biegow-jeep-grand-cherokee-wj-4-7-v8\/"]}]},{"@type":"ImageObject","inLanguage":"en-US","@id":"https:\/\/tomwer.com.pl\/produkt\/przewody-skrzyni-biegow-jeep-grand-cherokee-wj-4-7-v8\/#primaryimage","url":"https:\/\/tomwer.com.pl\/wp-content\/uploads\/2022\/09\/Group-77-3.png","contentUrl":"https:\/\/tomwer.com.pl\/wp-content\/uploads\/2022\/09\/Group-77-3.png","width":900,"height":900},{"@type":"BreadcrumbList","@id":"https:\/\/tomwer.com.pl\/produkt\/przewody-skrzyni-biegow-jeep-grand-cherokee-wj-4-7-v8\/#breadcrumb","itemListElement":[{"@type":"ListItem","position":1,"name":"Strona g\u0142\u00f3wna","item":"https:\/\/tomwer.com.pl\/"},{"@type":"ListItem","position":2,"name":"Wszystkie produkty","item":"https:\/\/tomwer.com.pl\/sklep\/"},{"@type":"ListItem","position":3,"name":"Jeep Grand Cherokee WJ 4.7 V8 Przewody skrzyni bieg\u00f3w"}]},{"@type":"WebSite","@id":"https:\/\/tomwer.com.pl\/#website","url":"https:\/\/tomwer.com.pl\/","name":"Tomwer - service and production of hydraulic hoses Wis\u0142a","description":"The main activity of TOMWER is the service and production of hydraulic hoses.","potentialAction":[{"@type":"SearchAction","target":{"@type":"EntryPoint","urlTemplate":"https:\/\/tomwer.com.pl\/?s={search_term_string}"},"query-input":{"@type":"PropertyValueSpecification","valueRequired":true,"valueName":"search_term_string"}}],"inLanguage":"en-US"}]}},"_links":{"self":[{"href":"https:\/\/tomwer.com.pl\/en\/wp-json\/wp\/v2\/product\/684","targetHints":{"allow":["GET"]}}],"collection":[{"href":"https:\/\/tomwer.com.pl\/en\/wp-json\/wp\/v2\/product"}],"about":[{"href":"https:\/\/tomwer.com.pl\/en\/wp-json\/wp\/v2\/types\/product"}],"replies":[{"embeddable":true,"href":"https:\/\/tomwer.com.pl\/en\/wp-json\/wp\/v2\/comments?post=684"}],"wp:featuredmedia":[{"embeddable":true,"href":"https:\/\/tomwer.com.pl\/en\/wp-json\/wp\/v2\/media\/1546"}],"wp:attachment":[{"href":"https:\/\/tomwer.com.pl\/en\/wp-json\/wp\/v2\/media?parent=684"}],"wp:term":[{"taxonomy":"product_brand","embeddable":true,"href":"https:\/\/tomwer.com.pl\/en\/wp-json\/wp\/v2\/product_brand?post=684"},{"taxonomy":"product_cat","embeddable":true,"href":"https:\/\/tomwer.com.pl\/en\/wp-json\/wp\/v2\/product_cat?post=684"},{"taxonomy":"product_tag","embeddable":true,"href":"https:\/\/tomwer.com.pl\/en\/wp-json\/wp\/v2\/product_tag?post=684"}],"curies":[{"name":"wp","href":"https:\/\/api.w.org\/{rel}","templated":true}]}}