{"id":677,"date":"2022-09-01T17:31:41","date_gmt":"2022-09-01T15:31:41","guid":{"rendered":"https:\/\/tomwer.com.pl\/?post_type=product&#038;p=677"},"modified":"2023-12-30T17:36:08","modified_gmt":"2023-12-30T16:36:08","slug":"przewody-skrzyni-biegow-jeep-grand-cherokee-wk-4-7-5-7-hemi","status":"publish","type":"product","link":"https:\/\/tomwer.com.pl\/en\/product\/przewody-skrzyni-biegow-jeep-grand-cherokee-wk-4-7-5-7-hemi\/","title":{"rendered":"Jeep Grand Cherokee WK, XK 4.7, 5.7 Gearbox cables"},"content":{"rendered":"","protected":false},"excerpt":{"rendered":"<p><img decoding=\"async\" class=\"alignnone size-medium wp-image-806 lazyload\" data-src=\"https:\/\/tomwer.com.pl\/wp-content\/uploads\/2022\/09\/jeep-wk-xk-przewody-skrzyni-4.7-5.7-2-300x149.jpg\" alt=\"\" width=\"300\" height=\"149\" data-srcset=\"https:\/\/tomwer.com.pl\/wp-content\/uploads\/2022\/09\/jeep-wk-xk-przewody-skrzyni-4.7-5.7-2-300x149.jpg 300w, https:\/\/tomwer.com.pl\/wp-content\/uploads\/2022\/09\/jeep-wk-xk-przewody-skrzyni-4.7-5.7-2-64x32.jpg 64w, https:\/\/tomwer.com.pl\/wp-content\/uploads\/2022\/09\/jeep-wk-xk-przewody-skrzyni-4.7-5.7-2.jpg 369w\" data-sizes=\"(max-width: 300px) 100vw, 300px\" src=\"data:image\/svg+xml;base64,PHN2ZyB3aWR0aD0iMSIgaGVpZ2h0PSIxIiB4bWxucz0iaHR0cDovL3d3dy53My5vcmcvMjAwMC9zdmciPjwvc3ZnPg==\" style=\"--smush-placeholder-width: 300px; --smush-placeholder-aspect-ratio: 300\/149;\" \/>Transmission cables to\u00a0 <strong>JEEP Grand Cherokee WK<\/strong> with engine<strong> 4.7 <\/strong>and<strong> 5.7 HEMI<\/strong>\u00a0. The kit allows you to replace the entire section from the gearbox to the radiator. The metal part is made of a 10\u00d71 galvanized hydraulic pipe. Rubber hoses made of the highest quality components. The set includes: rigid pipes, rubber pipes and connection elements for the box and radiator, mounting bracket.<\/p>","protected":false},"featured_media":1586,"comment_status":"open","ping_status":"closed","template":"","meta":{"_acf_changed":false},"product_brand":[],"product_cat":[27],"product_tag":[],"class_list":{"0":"post-677","1":"product","2":"type-product","3":"status-publish","4":"has-post-thumbnail","6":"product_cat-przewody-olejowe-skrzyni-biegow-jeep","8":"first","9":"instock","10":"shipping-taxable","11":"purchasable","12":"product-type-simple"},"acf":[],"yoast_head":"<!-- This site is optimized with the Yoast SEO plugin v26.9 - https:\/\/yoast.com\/product\/yoast-seo-wordpress\/ -->\n<title>Jeep Grand Cherokee WK , XK 4.7 , 5.7 Przewody skrzyni bieg\u00f3w<\/title>\n<meta name=\"description\" content=\"Przewod\u00f3w skrzyni bieg\u00f3w do Jeep Grand cherokee WK, XK 4.7 i 5.7. Zestaw pozwala na wymian\u0119 ca\u0142ego odcinka od skrzyni bieg\u00f3w po ch\u0142odnic\u0119.\" \/>\n<meta name=\"robots\" content=\"index, follow, max-snippet:-1, max-image-preview:large, max-video-preview:-1\" \/>\n<link rel=\"canonical\" href=\"https:\/\/tomwer.com.pl\/en\/product\/przewody-skrzyni-biegow-jeep-grand-cherokee-wk-4-7-5-7-hemi\/\" \/>\n<meta property=\"og:locale\" content=\"en_US\" \/>\n<meta property=\"og:type\" content=\"article\" \/>\n<meta property=\"og:title\" content=\"Jeep Grand Cherokee WK , XK 4.7 , 5.7 Przewody skrzyni bieg\u00f3w\" \/>\n<meta property=\"og:description\" content=\"Przewod\u00f3w skrzyni bieg\u00f3w do Jeep Grand cherokee WK, XK 4.7 i 5.7. Zestaw pozwala na wymian\u0119 ca\u0142ego odcinka od skrzyni bieg\u00f3w po ch\u0142odnic\u0119.\" \/>\n<meta property=\"og:url\" content=\"https:\/\/tomwer.com.pl\/en\/product\/przewody-skrzyni-biegow-jeep-grand-cherokee-wk-4-7-5-7-hemi\/\" \/>\n<meta property=\"og:site_name\" content=\"Tomwer - serwis i produkcja przewod\u00f3w hydraulicznych Wis\u0142a\" \/>\n<meta property=\"article:modified_time\" content=\"2023-12-30T16:36:08+00:00\" \/>\n<meta property=\"og:image\" content=\"https:\/\/tomwer.com.pl\/wp-content\/uploads\/2022\/09\/Frame-1-1.png\" \/>\n\t<meta property=\"og:image:width\" content=\"900\" \/>\n\t<meta property=\"og:image:height\" content=\"900\" \/>\n\t<meta property=\"og:image:type\" content=\"image\/png\" \/>\n<meta name=\"twitter:card\" content=\"summary_large_image\" \/>\n<meta name=\"twitter:label1\" content=\"Est. reading time\" \/>\n\t<meta name=\"twitter:data1\" content=\"1 minute\" \/>\n<script type=\"application\/ld+json\" class=\"yoast-schema-graph\">{\"@context\":\"https:\/\/schema.org\",\"@graph\":[{\"@type\":\"WebPage\",\"@id\":\"https:\/\/tomwer.com.pl\/produkt\/przewody-skrzyni-biegow-jeep-grand-cherokee-wk-4-7-5-7-hemi\/\",\"url\":\"https:\/\/tomwer.com.pl\/produkt\/przewody-skrzyni-biegow-jeep-grand-cherokee-wk-4-7-5-7-hemi\/\",\"name\":\"Jeep Grand Cherokee WK , XK 4.7 , 5.7 Przewody skrzyni bieg\u00f3w\",\"isPartOf\":{\"@id\":\"https:\/\/tomwer.com.pl\/#website\"},\"primaryImageOfPage\":{\"@id\":\"https:\/\/tomwer.com.pl\/produkt\/przewody-skrzyni-biegow-jeep-grand-cherokee-wk-4-7-5-7-hemi\/#primaryimage\"},\"image\":{\"@id\":\"https:\/\/tomwer.com.pl\/produkt\/przewody-skrzyni-biegow-jeep-grand-cherokee-wk-4-7-5-7-hemi\/#primaryimage\"},\"thumbnailUrl\":\"https:\/\/tomwer.com.pl\/wp-content\/uploads\/2022\/09\/Frame-1-1.png\",\"datePublished\":\"2022-09-01T15:31:41+00:00\",\"dateModified\":\"2023-12-30T16:36:08+00:00\",\"description\":\"Przewod\u00f3w skrzyni bieg\u00f3w do Jeep Grand cherokee WK, XK 4.7 i 5.7. Zestaw pozwala na wymian\u0119 ca\u0142ego odcinka od skrzyni bieg\u00f3w po ch\u0142odnic\u0119.\",\"breadcrumb\":{\"@id\":\"https:\/\/tomwer.com.pl\/produkt\/przewody-skrzyni-biegow-jeep-grand-cherokee-wk-4-7-5-7-hemi\/#breadcrumb\"},\"inLanguage\":\"en-US\",\"potentialAction\":[{\"@type\":\"ReadAction\",\"target\":[\"https:\/\/tomwer.com.pl\/produkt\/przewody-skrzyni-biegow-jeep-grand-cherokee-wk-4-7-5-7-hemi\/\"]}]},{\"@type\":\"ImageObject\",\"inLanguage\":\"en-US\",\"@id\":\"https:\/\/tomwer.com.pl\/produkt\/przewody-skrzyni-biegow-jeep-grand-cherokee-wk-4-7-5-7-hemi\/#primaryimage\",\"url\":\"https:\/\/tomwer.com.pl\/wp-content\/uploads\/2022\/09\/Frame-1-1.png\",\"contentUrl\":\"https:\/\/tomwer.com.pl\/wp-content\/uploads\/2022\/09\/Frame-1-1.png\",\"width\":900,\"height\":900},{\"@type\":\"BreadcrumbList\",\"@id\":\"https:\/\/tomwer.com.pl\/produkt\/przewody-skrzyni-biegow-jeep-grand-cherokee-wk-4-7-5-7-hemi\/#breadcrumb\",\"itemListElement\":[{\"@type\":\"ListItem\",\"position\":1,\"name\":\"Strona g\u0142\u00f3wna\",\"item\":\"https:\/\/tomwer.com.pl\/\"},{\"@type\":\"ListItem\",\"position\":2,\"name\":\"Wszystkie produkty\",\"item\":\"https:\/\/tomwer.com.pl\/sklep\/\"},{\"@type\":\"ListItem\",\"position\":3,\"name\":\"Jeep Grand Cherokee WK , XK 4.7 , 5.7 Przewody skrzyni bieg\u00f3w\"}]},{\"@type\":\"WebSite\",\"@id\":\"https:\/\/tomwer.com.pl\/#website\",\"url\":\"https:\/\/tomwer.com.pl\/\",\"name\":\"Tomwer - serwis i produkcja przewod\u00f3w hydraulicznych Wis\u0142a\",\"description\":\"G\u0142\u00f3wn\u0105 dzia\u0142alno\u015bci\u0105 firmy TOMWER jest serwis i produkcja przewod\u00f3w hydraulicznych.\",\"potentialAction\":[{\"@type\":\"SearchAction\",\"target\":{\"@type\":\"EntryPoint\",\"urlTemplate\":\"https:\/\/tomwer.com.pl\/?s={search_term_string}\"},\"query-input\":{\"@type\":\"PropertyValueSpecification\",\"valueRequired\":true,\"valueName\":\"search_term_string\"}}],\"inLanguage\":\"en-US\"}]}<\/script>\n<!-- \/ Yoast SEO plugin. -->","yoast_head_json":{"title":"Jeep Grand Cherokee WK, XK 4.7, 5.7 Gearbox cables","description":"Przewod\u00f3w skrzyni bieg\u00f3w do Jeep Grand cherokee WK, XK 4.7 i 5.7. Zestaw pozwala na wymian\u0119 ca\u0142ego odcinka od skrzyni bieg\u00f3w po ch\u0142odnic\u0119.","robots":{"index":"index","follow":"follow","max-snippet":"max-snippet:-1","max-image-preview":"max-image-preview:large","max-video-preview":"max-video-preview:-1"},"canonical":"https:\/\/tomwer.com.pl\/en\/product\/przewody-skrzyni-biegow-jeep-grand-cherokee-wk-4-7-5-7-hemi\/","og_locale":"en_US","og_type":"article","og_title":"Jeep Grand Cherokee WK , XK 4.7 , 5.7 Przewody skrzyni bieg\u00f3w","og_description":"Przewod\u00f3w skrzyni bieg\u00f3w do Jeep Grand cherokee WK, XK 4.7 i 5.7. Zestaw pozwala na wymian\u0119 ca\u0142ego odcinka od skrzyni bieg\u00f3w po ch\u0142odnic\u0119.","og_url":"https:\/\/tomwer.com.pl\/en\/product\/przewody-skrzyni-biegow-jeep-grand-cherokee-wk-4-7-5-7-hemi\/","og_site_name":"Tomwer - serwis i produkcja przewod\u00f3w hydraulicznych Wis\u0142a","article_modified_time":"2023-12-30T16:36:08+00:00","og_image":[{"width":900,"height":900,"url":"https:\/\/tomwer.com.pl\/wp-content\/uploads\/2022\/09\/Frame-1-1.png","type":"image\/png"}],"twitter_card":"summary_large_image","twitter_misc":{"Est. reading time":"1 minute"},"schema":{"@context":"https:\/\/schema.org","@graph":[{"@type":"WebPage","@id":"https:\/\/tomwer.com.pl\/produkt\/przewody-skrzyni-biegow-jeep-grand-cherokee-wk-4-7-5-7-hemi\/","url":"https:\/\/tomwer.com.pl\/produkt\/przewody-skrzyni-biegow-jeep-grand-cherokee-wk-4-7-5-7-hemi\/","name":"Jeep Grand Cherokee WK, XK 4.7, 5.7 Gearbox cables","isPartOf":{"@id":"https:\/\/tomwer.com.pl\/#website"},"primaryImageOfPage":{"@id":"https:\/\/tomwer.com.pl\/produkt\/przewody-skrzyni-biegow-jeep-grand-cherokee-wk-4-7-5-7-hemi\/#primaryimage"},"image":{"@id":"https:\/\/tomwer.com.pl\/produkt\/przewody-skrzyni-biegow-jeep-grand-cherokee-wk-4-7-5-7-hemi\/#primaryimage"},"thumbnailUrl":"https:\/\/tomwer.com.pl\/wp-content\/uploads\/2022\/09\/Frame-1-1.png","datePublished":"2022-09-01T15:31:41+00:00","dateModified":"2023-12-30T16:36:08+00:00","description":"Przewod\u00f3w skrzyni bieg\u00f3w do Jeep Grand cherokee WK, XK 4.7 i 5.7. Zestaw pozwala na wymian\u0119 ca\u0142ego odcinka od skrzyni bieg\u00f3w po ch\u0142odnic\u0119.","breadcrumb":{"@id":"https:\/\/tomwer.com.pl\/produkt\/przewody-skrzyni-biegow-jeep-grand-cherokee-wk-4-7-5-7-hemi\/#breadcrumb"},"inLanguage":"en-US","potentialAction":[{"@type":"ReadAction","target":["https:\/\/tomwer.com.pl\/produkt\/przewody-skrzyni-biegow-jeep-grand-cherokee-wk-4-7-5-7-hemi\/"]}]},{"@type":"ImageObject","inLanguage":"en-US","@id":"https:\/\/tomwer.com.pl\/produkt\/przewody-skrzyni-biegow-jeep-grand-cherokee-wk-4-7-5-7-hemi\/#primaryimage","url":"https:\/\/tomwer.com.pl\/wp-content\/uploads\/2022\/09\/Frame-1-1.png","contentUrl":"https:\/\/tomwer.com.pl\/wp-content\/uploads\/2022\/09\/Frame-1-1.png","width":900,"height":900},{"@type":"BreadcrumbList","@id":"https:\/\/tomwer.com.pl\/produkt\/przewody-skrzyni-biegow-jeep-grand-cherokee-wk-4-7-5-7-hemi\/#breadcrumb","itemListElement":[{"@type":"ListItem","position":1,"name":"Strona g\u0142\u00f3wna","item":"https:\/\/tomwer.com.pl\/"},{"@type":"ListItem","position":2,"name":"Wszystkie produkty","item":"https:\/\/tomwer.com.pl\/sklep\/"},{"@type":"ListItem","position":3,"name":"Jeep Grand Cherokee WK , XK 4.7 , 5.7 Przewody skrzyni bieg\u00f3w"}]},{"@type":"WebSite","@id":"https:\/\/tomwer.com.pl\/#website","url":"https:\/\/tomwer.com.pl\/","name":"Tomwer - service and production of hydraulic hoses Wis\u0142a","description":"The main activity of TOMWER is the service and production of hydraulic hoses.","potentialAction":[{"@type":"SearchAction","target":{"@type":"EntryPoint","urlTemplate":"https:\/\/tomwer.com.pl\/?s={search_term_string}"},"query-input":{"@type":"PropertyValueSpecification","valueRequired":true,"valueName":"search_term_string"}}],"inLanguage":"en-US"}]}},"_links":{"self":[{"href":"https:\/\/tomwer.com.pl\/en\/wp-json\/wp\/v2\/product\/677","targetHints":{"allow":["GET"]}}],"collection":[{"href":"https:\/\/tomwer.com.pl\/en\/wp-json\/wp\/v2\/product"}],"about":[{"href":"https:\/\/tomwer.com.pl\/en\/wp-json\/wp\/v2\/types\/product"}],"replies":[{"embeddable":true,"href":"https:\/\/tomwer.com.pl\/en\/wp-json\/wp\/v2\/comments?post=677"}],"wp:featuredmedia":[{"embeddable":true,"href":"https:\/\/tomwer.com.pl\/en\/wp-json\/wp\/v2\/media\/1586"}],"wp:attachment":[{"href":"https:\/\/tomwer.com.pl\/en\/wp-json\/wp\/v2\/media?parent=677"}],"wp:term":[{"taxonomy":"product_brand","embeddable":true,"href":"https:\/\/tomwer.com.pl\/en\/wp-json\/wp\/v2\/product_brand?post=677"},{"taxonomy":"product_cat","embeddable":true,"href":"https:\/\/tomwer.com.pl\/en\/wp-json\/wp\/v2\/product_cat?post=677"},{"taxonomy":"product_tag","embeddable":true,"href":"https:\/\/tomwer.com.pl\/en\/wp-json\/wp\/v2\/product_tag?post=677"}],"curies":[{"name":"wp","href":"https:\/\/api.w.org\/{rel}","templated":true}]}}