{"id":562,"date":"2022-08-03T23:09:25","date_gmt":"2022-08-03T21:09:25","guid":{"rendered":"https:\/\/tomwer.com.pl\/?post_type=product&#038;p=562"},"modified":"2025-11-29T10:58:04","modified_gmt":"2025-11-29T09:58:04","slug":"przewody-silikonowe-jeep-wj-4-7-2","status":"publish","type":"product","link":"https:\/\/tomwer.com.pl\/en\/product\/przewody-silikonowe-jeep-wj-4-7-2\/","title":{"rendered":"Jeep Grand Cherokee WJ 4.7 Silicone Radiator Hose (Lower)"},"content":{"rendered":"<p>Radiator hose for <strong>Jeep Grand Cherokee WJ 4.7<\/strong> .Wykonany z kauczuku silikonowego wzmocnionego poczw\u00f3rnym oplotem poliestrowym, mimo mocnego i trwa\u0142ego oplotu \u0142\u0105cznik cechuje si\u0119 du\u017c\u0105 elastyczno\u015bci\u0105, jest kilkakrotnie mocniejszy od standardowych przewod\u00f3w gumowych. Nie parcieje, nie p\u0119ka, jest odporny na ka\u017cdy rodzaj p\u0142ynu ch\u0142odniczego . Bardzo dok\u0142adne odwzorowanie oryginalnego orurowania, gwarantuje szybki monta\u017c i bezproblemow\u0105 eksploatacj\u0119. Testowane do 10\u00a0 Bar.\u00a0 Grubo\u015b\u0107 \u015bcianki przewodu 5-6mm. Zakres temperatury pracy 0d -60 do 240 stopni. Podana cena dotyczy przewodu widocznego na zdj\u0119ciach. Przew\u00f3d wraz z obejmami<\/p>","protected":false},"excerpt":{"rendered":"<p>Przew\u00f3d ch\u0142odnicy dla Jeep Grand Cherokee WJ 4,7 .Wykonany z kauczuku silikonowego wzmocnionego poczw\u00f3rnym oplotem poliestrowym, mimo mocnego i trwa\u0142ego oplotu \u0142\u0105cznik cechuje si\u0119 du\u017c\u0105 elastyczno\u015bci\u0105, jest kilkakrotnie mocniejszy od standardowych przewod\u00f3w gumowych. Nie parcieje, nie p\u0119ka, jest odporny na ka\u017cdy rodzaj p\u0142ynu ch\u0142odniczego . Bardzo dok\u0142adne odwzorowanie oryginalnego orurowania, gwarantuje szybki monta\u017c i bezproblemow\u0105 &hellip; <a href=\"https:\/\/tomwer.com.pl\/en\/product\/przewody-silikonowe-jeep-wj-4-7-2\/\">Continued<\/a><\/p>","protected":false},"featured_media":855,"comment_status":"open","ping_status":"closed","template":"","meta":{"_acf_changed":false},"product_brand":[],"product_cat":[29],"product_tag":[],"class_list":{"0":"post-562","1":"product","2":"type-product","3":"status-publish","4":"has-post-thumbnail","6":"product_cat-przewody-silikonowe","8":"first","9":"outofstock","10":"shipping-taxable","11":"purchasable","12":"product-type-simple"},"acf":[],"yoast_head":"<!-- This site is optimized with the Yoast SEO plugin v26.9 - https:\/\/yoast.com\/product\/yoast-seo-wordpress\/ -->\n<title>Jeep Grand Cherokee WJ 4,7 Silikonowy przew\u00f3d ch\u0142odnicy (dolny)<\/title>\n<meta name=\"description\" content=\"Silikonowy przew\u00f3d ch\u0142odnicy (dolny) do Jeep Grand Cherokee 4.7 V8 Grubo\u015b\u0107 \u015bcianki przewodu 5-6mm. Zakres temperatury pracy 0d -60 do 240 stopni.\" \/>\n<meta name=\"robots\" content=\"index, follow, max-snippet:-1, max-image-preview:large, max-video-preview:-1\" \/>\n<link rel=\"canonical\" href=\"https:\/\/tomwer.com.pl\/en\/product\/przewody-silikonowe-jeep-wj-4-7-2\/\" \/>\n<meta property=\"og:locale\" content=\"en_US\" \/>\n<meta property=\"og:type\" content=\"article\" \/>\n<meta property=\"og:title\" content=\"Jeep Grand Cherokee WJ 4,7 Silikonowy przew\u00f3d ch\u0142odnicy (dolny)\" \/>\n<meta property=\"og:description\" content=\"Silikonowy przew\u00f3d ch\u0142odnicy (dolny) do Jeep Grand Cherokee 4.7 V8 Grubo\u015b\u0107 \u015bcianki przewodu 5-6mm. Zakres temperatury pracy 0d -60 do 240 stopni.\" \/>\n<meta property=\"og:url\" content=\"https:\/\/tomwer.com.pl\/en\/product\/przewody-silikonowe-jeep-wj-4-7-2\/\" \/>\n<meta property=\"og:site_name\" content=\"Tomwer - serwis i produkcja przewod\u00f3w hydraulicznych Wis\u0142a\" \/>\n<meta property=\"article:modified_time\" content=\"2025-11-29T09:58:04+00:00\" \/>\n<meta property=\"og:image\" content=\"https:\/\/tomwer.com.pl\/wp-content\/uploads\/2022\/08\/wj-PhotoRoom-e1668810821975.png\" \/>\n\t<meta property=\"og:image:width\" content=\"200\" \/>\n\t<meta property=\"og:image:height\" content=\"225\" \/>\n\t<meta property=\"og:image:type\" content=\"image\/png\" \/>\n<meta name=\"twitter:card\" content=\"summary_large_image\" \/>\n<meta name=\"twitter:label1\" content=\"Est. reading time\" \/>\n\t<meta name=\"twitter:data1\" content=\"1 minute\" \/>\n<script type=\"application\/ld+json\" class=\"yoast-schema-graph\">{\"@context\":\"https:\/\/schema.org\",\"@graph\":[{\"@type\":\"WebPage\",\"@id\":\"https:\/\/tomwer.com.pl\/produkt\/przewody-silikonowe-jeep-wj-4-7-2\/\",\"url\":\"https:\/\/tomwer.com.pl\/produkt\/przewody-silikonowe-jeep-wj-4-7-2\/\",\"name\":\"Jeep Grand Cherokee WJ 4,7 Silikonowy przew\u00f3d ch\u0142odnicy (dolny)\",\"isPartOf\":{\"@id\":\"https:\/\/tomwer.com.pl\/#website\"},\"primaryImageOfPage\":{\"@id\":\"https:\/\/tomwer.com.pl\/produkt\/przewody-silikonowe-jeep-wj-4-7-2\/#primaryimage\"},\"image\":{\"@id\":\"https:\/\/tomwer.com.pl\/produkt\/przewody-silikonowe-jeep-wj-4-7-2\/#primaryimage\"},\"thumbnailUrl\":\"https:\/\/tomwer.com.pl\/wp-content\/uploads\/2022\/08\/wj-PhotoRoom-e1668810821975.png\",\"datePublished\":\"2022-08-03T21:09:25+00:00\",\"dateModified\":\"2025-11-29T09:58:04+00:00\",\"description\":\"Silikonowy przew\u00f3d ch\u0142odnicy (dolny) do Jeep Grand Cherokee 4.7 V8 Grubo\u015b\u0107 \u015bcianki przewodu 5-6mm. Zakres temperatury pracy 0d -60 do 240 stopni.\",\"breadcrumb\":{\"@id\":\"https:\/\/tomwer.com.pl\/produkt\/przewody-silikonowe-jeep-wj-4-7-2\/#breadcrumb\"},\"inLanguage\":\"en-US\",\"potentialAction\":[{\"@type\":\"ReadAction\",\"target\":[\"https:\/\/tomwer.com.pl\/produkt\/przewody-silikonowe-jeep-wj-4-7-2\/\"]}]},{\"@type\":\"ImageObject\",\"inLanguage\":\"en-US\",\"@id\":\"https:\/\/tomwer.com.pl\/produkt\/przewody-silikonowe-jeep-wj-4-7-2\/#primaryimage\",\"url\":\"https:\/\/tomwer.com.pl\/wp-content\/uploads\/2022\/08\/wj-PhotoRoom-e1668810821975.png\",\"contentUrl\":\"https:\/\/tomwer.com.pl\/wp-content\/uploads\/2022\/08\/wj-PhotoRoom-e1668810821975.png\",\"width\":200,\"height\":225},{\"@type\":\"BreadcrumbList\",\"@id\":\"https:\/\/tomwer.com.pl\/produkt\/przewody-silikonowe-jeep-wj-4-7-2\/#breadcrumb\",\"itemListElement\":[{\"@type\":\"ListItem\",\"position\":1,\"name\":\"Strona g\u0142\u00f3wna\",\"item\":\"https:\/\/tomwer.com.pl\/\"},{\"@type\":\"ListItem\",\"position\":2,\"name\":\"Wszystkie produkty\",\"item\":\"https:\/\/tomwer.com.pl\/sklep\/\"},{\"@type\":\"ListItem\",\"position\":3,\"name\":\"Jeep Grand Cherokee WJ 4,7 Silikonowy przew\u00f3d ch\u0142odnicy (dolny)\"}]},{\"@type\":\"WebSite\",\"@id\":\"https:\/\/tomwer.com.pl\/#website\",\"url\":\"https:\/\/tomwer.com.pl\/\",\"name\":\"Tomwer - serwis i produkcja przewod\u00f3w hydraulicznych Wis\u0142a\",\"description\":\"G\u0142\u00f3wn\u0105 dzia\u0142alno\u015bci\u0105 firmy TOMWER jest serwis i produkcja przewod\u00f3w hydraulicznych.\",\"potentialAction\":[{\"@type\":\"SearchAction\",\"target\":{\"@type\":\"EntryPoint\",\"urlTemplate\":\"https:\/\/tomwer.com.pl\/?s={search_term_string}\"},\"query-input\":{\"@type\":\"PropertyValueSpecification\",\"valueRequired\":true,\"valueName\":\"search_term_string\"}}],\"inLanguage\":\"en-US\"}]}<\/script>\n<!-- \/ Yoast SEO plugin. -->","yoast_head_json":{"title":"Jeep Grand Cherokee WJ 4,7 Silikonowy przew\u00f3d ch\u0142odnicy (dolny)","description":"Silikonowy przew\u00f3d ch\u0142odnicy (dolny) do Jeep Grand Cherokee 4.7 V8 Grubo\u015b\u0107 \u015bcianki przewodu 5-6mm. Zakres temperatury pracy 0d -60 do 240 stopni.","robots":{"index":"index","follow":"follow","max-snippet":"max-snippet:-1","max-image-preview":"max-image-preview:large","max-video-preview":"max-video-preview:-1"},"canonical":"https:\/\/tomwer.com.pl\/en\/product\/przewody-silikonowe-jeep-wj-4-7-2\/","og_locale":"en_US","og_type":"article","og_title":"Jeep Grand Cherokee WJ 4,7 Silikonowy przew\u00f3d ch\u0142odnicy (dolny)","og_description":"Silikonowy przew\u00f3d ch\u0142odnicy (dolny) do Jeep Grand Cherokee 4.7 V8 Grubo\u015b\u0107 \u015bcianki przewodu 5-6mm. Zakres temperatury pracy 0d -60 do 240 stopni.","og_url":"https:\/\/tomwer.com.pl\/en\/product\/przewody-silikonowe-jeep-wj-4-7-2\/","og_site_name":"Tomwer - serwis i produkcja przewod\u00f3w hydraulicznych Wis\u0142a","article_modified_time":"2025-11-29T09:58:04+00:00","og_image":[{"width":200,"height":225,"url":"https:\/\/tomwer.com.pl\/wp-content\/uploads\/2022\/08\/wj-PhotoRoom-e1668810821975.png","type":"image\/png"}],"twitter_card":"summary_large_image","twitter_misc":{"Est. reading time":"1 minute"},"schema":{"@context":"https:\/\/schema.org","@graph":[{"@type":"WebPage","@id":"https:\/\/tomwer.com.pl\/produkt\/przewody-silikonowe-jeep-wj-4-7-2\/","url":"https:\/\/tomwer.com.pl\/produkt\/przewody-silikonowe-jeep-wj-4-7-2\/","name":"Jeep Grand Cherokee WJ 4,7 Silikonowy przew\u00f3d ch\u0142odnicy (dolny)","isPartOf":{"@id":"https:\/\/tomwer.com.pl\/#website"},"primaryImageOfPage":{"@id":"https:\/\/tomwer.com.pl\/produkt\/przewody-silikonowe-jeep-wj-4-7-2\/#primaryimage"},"image":{"@id":"https:\/\/tomwer.com.pl\/produkt\/przewody-silikonowe-jeep-wj-4-7-2\/#primaryimage"},"thumbnailUrl":"https:\/\/tomwer.com.pl\/wp-content\/uploads\/2022\/08\/wj-PhotoRoom-e1668810821975.png","datePublished":"2022-08-03T21:09:25+00:00","dateModified":"2025-11-29T09:58:04+00:00","description":"Silikonowy przew\u00f3d ch\u0142odnicy (dolny) do Jeep Grand Cherokee 4.7 V8 Grubo\u015b\u0107 \u015bcianki przewodu 5-6mm. Zakres temperatury pracy 0d -60 do 240 stopni.","breadcrumb":{"@id":"https:\/\/tomwer.com.pl\/produkt\/przewody-silikonowe-jeep-wj-4-7-2\/#breadcrumb"},"inLanguage":"en-US","potentialAction":[{"@type":"ReadAction","target":["https:\/\/tomwer.com.pl\/produkt\/przewody-silikonowe-jeep-wj-4-7-2\/"]}]},{"@type":"ImageObject","inLanguage":"en-US","@id":"https:\/\/tomwer.com.pl\/produkt\/przewody-silikonowe-jeep-wj-4-7-2\/#primaryimage","url":"https:\/\/tomwer.com.pl\/wp-content\/uploads\/2022\/08\/wj-PhotoRoom-e1668810821975.png","contentUrl":"https:\/\/tomwer.com.pl\/wp-content\/uploads\/2022\/08\/wj-PhotoRoom-e1668810821975.png","width":200,"height":225},{"@type":"BreadcrumbList","@id":"https:\/\/tomwer.com.pl\/produkt\/przewody-silikonowe-jeep-wj-4-7-2\/#breadcrumb","itemListElement":[{"@type":"ListItem","position":1,"name":"Strona g\u0142\u00f3wna","item":"https:\/\/tomwer.com.pl\/"},{"@type":"ListItem","position":2,"name":"Wszystkie produkty","item":"https:\/\/tomwer.com.pl\/sklep\/"},{"@type":"ListItem","position":3,"name":"Jeep Grand Cherokee WJ 4,7 Silikonowy przew\u00f3d ch\u0142odnicy (dolny)"}]},{"@type":"WebSite","@id":"https:\/\/tomwer.com.pl\/#website","url":"https:\/\/tomwer.com.pl\/","name":"Tomwer - service and production of hydraulic hoses Wis\u0142a","description":"The main activity of TOMWER is the service and production of hydraulic hoses.","potentialAction":[{"@type":"SearchAction","target":{"@type":"EntryPoint","urlTemplate":"https:\/\/tomwer.com.pl\/?s={search_term_string}"},"query-input":{"@type":"PropertyValueSpecification","valueRequired":true,"valueName":"search_term_string"}}],"inLanguage":"en-US"}]}},"_links":{"self":[{"href":"https:\/\/tomwer.com.pl\/en\/wp-json\/wp\/v2\/product\/562","targetHints":{"allow":["GET"]}}],"collection":[{"href":"https:\/\/tomwer.com.pl\/en\/wp-json\/wp\/v2\/product"}],"about":[{"href":"https:\/\/tomwer.com.pl\/en\/wp-json\/wp\/v2\/types\/product"}],"replies":[{"embeddable":true,"href":"https:\/\/tomwer.com.pl\/en\/wp-json\/wp\/v2\/comments?post=562"}],"wp:featuredmedia":[{"embeddable":true,"href":"https:\/\/tomwer.com.pl\/en\/wp-json\/wp\/v2\/media\/855"}],"wp:attachment":[{"href":"https:\/\/tomwer.com.pl\/en\/wp-json\/wp\/v2\/media?parent=562"}],"wp:term":[{"taxonomy":"product_brand","embeddable":true,"href":"https:\/\/tomwer.com.pl\/en\/wp-json\/wp\/v2\/product_brand?post=562"},{"taxonomy":"product_cat","embeddable":true,"href":"https:\/\/tomwer.com.pl\/en\/wp-json\/wp\/v2\/product_cat?post=562"},{"taxonomy":"product_tag","embeddable":true,"href":"https:\/\/tomwer.com.pl\/en\/wp-json\/wp\/v2\/product_tag?post=562"}],"curies":[{"name":"wp","href":"https:\/\/api.w.org\/{rel}","templated":true}]}}