{"id":549,"date":"2022-06-28T20:45:38","date_gmt":"2022-06-28T18:45:38","guid":{"rendered":"https:\/\/tomwer.com.pl\/?post_type=product&#038;p=549"},"modified":"2022-11-18T23:38:49","modified_gmt":"2022-11-18T22:38:49","slug":"jeep-jk-2-8-crd-silikonowy-przewod-chlodnicy-dolny","status":"publish","type":"product","link":"https:\/\/tomwer.com.pl\/en\/product\/jeep-jk-2-8-crd-silikonowy-przewod-chlodnicy-dolny\/","title":{"rendered":"Jeep JK 2.8 CRD silicone radiator hose (lower)"},"content":{"rendered":"<p>Radiator hose for Jeep Wrangler JK 2.8 CRD. Made of silicone rubber reinforced with a quadruple polyester braid, despite the strong and durable braid, the connectors are highly flexible and are several times stronger than standard rubber hoses. They do not strain, do not crack, and are resistant to any type of coolant. Very accurate reproduction of the original piping guarantees quick installation and trouble-free operation. Tested up to 10 Bar. Cable wall thickness 5-6mm. Operating temperature range 0d -60 to 240 degrees.<\/p>\n<p>The price given is for the cable visible in the photos.<\/p>\n<p>Cable with clamps<\/p>\n<p>&nbsp;<\/p>\n<p>&nbsp;<\/p>","protected":false},"excerpt":{"rendered":"<p>Radiator hose for <strong>Jeep Wrangler JK 2.8 CRD<\/strong> .Made of silicone rubber reinforced with a quadruple polyester braid, despite the strong and durable braid, the connectors are highly flexible and are several times stronger than standard rubber cables. They do not strain, do not crack, and are resistant to any type of coolant. Very accurate reproduction of the original piping guarantees quick installation and trouble-free operation. Tested up to 10 Bar. Cable wall thickness 5-6mm. Operating temperature range 0d -60 to 240 degrees.<\/p>\n<p>The price given is for the cable visible in the photos.<\/p>\n<p>Cable with clamps<\/p>\n<p>&nbsp;<\/p>","protected":false},"featured_media":852,"comment_status":"open","ping_status":"closed","template":"","meta":{"_acf_changed":false},"product_brand":[],"product_cat":[29],"product_tag":[],"class_list":{"0":"post-549","1":"product","2":"type-product","3":"status-publish","4":"has-post-thumbnail","6":"product_cat-przewody-silikonowe","8":"first","9":"instock","10":"shipping-taxable","11":"purchasable","12":"product-type-simple"},"acf":[],"yoast_head":"<!-- This site is optimized with the Yoast SEO plugin v26.9 - https:\/\/yoast.com\/product\/yoast-seo-wordpress\/ -->\n<title>Jeep JK 2.8 CRD przew\u00f3d ch\u0142odnicy silikonowy (dolny)<\/title>\n<meta name=\"description\" content=\"Silikonowy w\u0105\u017c, przew\u00f3d ch\u0142odnicy do Jeep Wrangler JK 2.8 . Wykonany z kauczuku silikonowego, wzmocniony oplotem poliestrowym.\" \/>\n<meta name=\"robots\" content=\"index, follow, max-snippet:-1, max-image-preview:large, max-video-preview:-1\" \/>\n<link rel=\"canonical\" href=\"https:\/\/tomwer.com.pl\/en\/product\/jeep-jk-2-8-crd-silikonowy-przewod-chlodnicy-dolny\/\" \/>\n<meta property=\"og:locale\" content=\"en_US\" \/>\n<meta property=\"og:type\" content=\"article\" \/>\n<meta property=\"og:title\" content=\"Jeep JK 2.8 CRD przew\u00f3d ch\u0142odnicy silikonowy (dolny)\" \/>\n<meta property=\"og:description\" content=\"Silikonowy w\u0105\u017c, przew\u00f3d ch\u0142odnicy do Jeep Wrangler JK 2.8 . Wykonany z kauczuku silikonowego, wzmocniony oplotem poliestrowym.\" \/>\n<meta property=\"og:url\" content=\"https:\/\/tomwer.com.pl\/en\/product\/jeep-jk-2-8-crd-silikonowy-przewod-chlodnicy-dolny\/\" \/>\n<meta property=\"og:site_name\" content=\"Tomwer - serwis i produkcja przewod\u00f3w hydraulicznych Wis\u0142a\" \/>\n<meta property=\"article:modified_time\" content=\"2022-11-18T22:38:49+00:00\" \/>\n<meta property=\"og:image\" content=\"https:\/\/tomwer.com.pl\/wp-content\/uploads\/2022\/11\/20220408_161038-PhotoRoom.png\" \/>\n\t<meta property=\"og:image:width\" content=\"845\" \/>\n\t<meta property=\"og:image:height\" content=\"1280\" \/>\n\t<meta property=\"og:image:type\" content=\"image\/png\" \/>\n<meta name=\"twitter:card\" content=\"summary_large_image\" \/>\n<meta name=\"twitter:label1\" content=\"Est. reading time\" \/>\n\t<meta name=\"twitter:data1\" content=\"1 minute\" \/>\n<script type=\"application\/ld+json\" class=\"yoast-schema-graph\">{\"@context\":\"https:\/\/schema.org\",\"@graph\":[{\"@type\":\"WebPage\",\"@id\":\"https:\/\/tomwer.com.pl\/produkt\/jeep-jk-2-8-crd-silikonowy-przewod-chlodnicy-dolny\/\",\"url\":\"https:\/\/tomwer.com.pl\/produkt\/jeep-jk-2-8-crd-silikonowy-przewod-chlodnicy-dolny\/\",\"name\":\"Jeep JK 2.8 CRD przew\u00f3d ch\u0142odnicy silikonowy (dolny)\",\"isPartOf\":{\"@id\":\"https:\/\/tomwer.com.pl\/#website\"},\"primaryImageOfPage\":{\"@id\":\"https:\/\/tomwer.com.pl\/produkt\/jeep-jk-2-8-crd-silikonowy-przewod-chlodnicy-dolny\/#primaryimage\"},\"image\":{\"@id\":\"https:\/\/tomwer.com.pl\/produkt\/jeep-jk-2-8-crd-silikonowy-przewod-chlodnicy-dolny\/#primaryimage\"},\"thumbnailUrl\":\"https:\/\/tomwer.com.pl\/wp-content\/uploads\/2022\/11\/20220408_161038-PhotoRoom.png\",\"datePublished\":\"2022-06-28T18:45:38+00:00\",\"dateModified\":\"2022-11-18T22:38:49+00:00\",\"description\":\"Silikonowy w\u0105\u017c, przew\u00f3d ch\u0142odnicy do Jeep Wrangler JK 2.8 . Wykonany z kauczuku silikonowego, wzmocniony oplotem poliestrowym.\",\"breadcrumb\":{\"@id\":\"https:\/\/tomwer.com.pl\/produkt\/jeep-jk-2-8-crd-silikonowy-przewod-chlodnicy-dolny\/#breadcrumb\"},\"inLanguage\":\"en-US\",\"potentialAction\":[{\"@type\":\"ReadAction\",\"target\":[\"https:\/\/tomwer.com.pl\/produkt\/jeep-jk-2-8-crd-silikonowy-przewod-chlodnicy-dolny\/\"]}]},{\"@type\":\"ImageObject\",\"inLanguage\":\"en-US\",\"@id\":\"https:\/\/tomwer.com.pl\/produkt\/jeep-jk-2-8-crd-silikonowy-przewod-chlodnicy-dolny\/#primaryimage\",\"url\":\"https:\/\/tomwer.com.pl\/wp-content\/uploads\/2022\/11\/20220408_161038-PhotoRoom.png\",\"contentUrl\":\"https:\/\/tomwer.com.pl\/wp-content\/uploads\/2022\/11\/20220408_161038-PhotoRoom.png\",\"width\":845,\"height\":1280},{\"@type\":\"BreadcrumbList\",\"@id\":\"https:\/\/tomwer.com.pl\/produkt\/jeep-jk-2-8-crd-silikonowy-przewod-chlodnicy-dolny\/#breadcrumb\",\"itemListElement\":[{\"@type\":\"ListItem\",\"position\":1,\"name\":\"Strona g\u0142\u00f3wna\",\"item\":\"https:\/\/tomwer.com.pl\/\"},{\"@type\":\"ListItem\",\"position\":2,\"name\":\"Wszystkie produkty\",\"item\":\"https:\/\/tomwer.com.pl\/sklep\/\"},{\"@type\":\"ListItem\",\"position\":3,\"name\":\"Jeep JK 2.8 CRD przew\u00f3d ch\u0142odnicy silikonowy (dolny)\"}]},{\"@type\":\"WebSite\",\"@id\":\"https:\/\/tomwer.com.pl\/#website\",\"url\":\"https:\/\/tomwer.com.pl\/\",\"name\":\"Tomwer - serwis i produkcja przewod\u00f3w hydraulicznych Wis\u0142a\",\"description\":\"G\u0142\u00f3wn\u0105 dzia\u0142alno\u015bci\u0105 firmy TOMWER jest serwis i produkcja przewod\u00f3w hydraulicznych.\",\"potentialAction\":[{\"@type\":\"SearchAction\",\"target\":{\"@type\":\"EntryPoint\",\"urlTemplate\":\"https:\/\/tomwer.com.pl\/?s={search_term_string}\"},\"query-input\":{\"@type\":\"PropertyValueSpecification\",\"valueRequired\":true,\"valueName\":\"search_term_string\"}}],\"inLanguage\":\"en-US\"}]}<\/script>\n<!-- \/ Yoast SEO plugin. -->","yoast_head_json":{"title":"Jeep JK 2.8 CRD silicone radiator hose (lower)","description":"Silikonowy w\u0105\u017c, przew\u00f3d ch\u0142odnicy do Jeep Wrangler JK 2.8 . Wykonany z kauczuku silikonowego, wzmocniony oplotem poliestrowym.","robots":{"index":"index","follow":"follow","max-snippet":"max-snippet:-1","max-image-preview":"max-image-preview:large","max-video-preview":"max-video-preview:-1"},"canonical":"https:\/\/tomwer.com.pl\/en\/product\/jeep-jk-2-8-crd-silikonowy-przewod-chlodnicy-dolny\/","og_locale":"en_US","og_type":"article","og_title":"Jeep JK 2.8 CRD przew\u00f3d ch\u0142odnicy silikonowy (dolny)","og_description":"Silikonowy w\u0105\u017c, przew\u00f3d ch\u0142odnicy do Jeep Wrangler JK 2.8 . Wykonany z kauczuku silikonowego, wzmocniony oplotem poliestrowym.","og_url":"https:\/\/tomwer.com.pl\/en\/product\/jeep-jk-2-8-crd-silikonowy-przewod-chlodnicy-dolny\/","og_site_name":"Tomwer - serwis i produkcja przewod\u00f3w hydraulicznych Wis\u0142a","article_modified_time":"2022-11-18T22:38:49+00:00","og_image":[{"width":845,"height":1280,"url":"https:\/\/tomwer.com.pl\/wp-content\/uploads\/2022\/11\/20220408_161038-PhotoRoom.png","type":"image\/png"}],"twitter_card":"summary_large_image","twitter_misc":{"Est. reading time":"1 minute"},"schema":{"@context":"https:\/\/schema.org","@graph":[{"@type":"WebPage","@id":"https:\/\/tomwer.com.pl\/produkt\/jeep-jk-2-8-crd-silikonowy-przewod-chlodnicy-dolny\/","url":"https:\/\/tomwer.com.pl\/produkt\/jeep-jk-2-8-crd-silikonowy-przewod-chlodnicy-dolny\/","name":"Jeep JK 2.8 CRD silicone radiator hose (lower)","isPartOf":{"@id":"https:\/\/tomwer.com.pl\/#website"},"primaryImageOfPage":{"@id":"https:\/\/tomwer.com.pl\/produkt\/jeep-jk-2-8-crd-silikonowy-przewod-chlodnicy-dolny\/#primaryimage"},"image":{"@id":"https:\/\/tomwer.com.pl\/produkt\/jeep-jk-2-8-crd-silikonowy-przewod-chlodnicy-dolny\/#primaryimage"},"thumbnailUrl":"https:\/\/tomwer.com.pl\/wp-content\/uploads\/2022\/11\/20220408_161038-PhotoRoom.png","datePublished":"2022-06-28T18:45:38+00:00","dateModified":"2022-11-18T22:38:49+00:00","description":"Silikonowy w\u0105\u017c, przew\u00f3d ch\u0142odnicy do Jeep Wrangler JK 2.8 . Wykonany z kauczuku silikonowego, wzmocniony oplotem poliestrowym.","breadcrumb":{"@id":"https:\/\/tomwer.com.pl\/produkt\/jeep-jk-2-8-crd-silikonowy-przewod-chlodnicy-dolny\/#breadcrumb"},"inLanguage":"en-US","potentialAction":[{"@type":"ReadAction","target":["https:\/\/tomwer.com.pl\/produkt\/jeep-jk-2-8-crd-silikonowy-przewod-chlodnicy-dolny\/"]}]},{"@type":"ImageObject","inLanguage":"en-US","@id":"https:\/\/tomwer.com.pl\/produkt\/jeep-jk-2-8-crd-silikonowy-przewod-chlodnicy-dolny\/#primaryimage","url":"https:\/\/tomwer.com.pl\/wp-content\/uploads\/2022\/11\/20220408_161038-PhotoRoom.png","contentUrl":"https:\/\/tomwer.com.pl\/wp-content\/uploads\/2022\/11\/20220408_161038-PhotoRoom.png","width":845,"height":1280},{"@type":"BreadcrumbList","@id":"https:\/\/tomwer.com.pl\/produkt\/jeep-jk-2-8-crd-silikonowy-przewod-chlodnicy-dolny\/#breadcrumb","itemListElement":[{"@type":"ListItem","position":1,"name":"Strona g\u0142\u00f3wna","item":"https:\/\/tomwer.com.pl\/"},{"@type":"ListItem","position":2,"name":"Wszystkie produkty","item":"https:\/\/tomwer.com.pl\/sklep\/"},{"@type":"ListItem","position":3,"name":"Jeep JK 2.8 CRD przew\u00f3d ch\u0142odnicy silikonowy (dolny)"}]},{"@type":"WebSite","@id":"https:\/\/tomwer.com.pl\/#website","url":"https:\/\/tomwer.com.pl\/","name":"Tomwer - service and production of hydraulic hoses Wis\u0142a","description":"The main activity of TOMWER is the service and production of hydraulic hoses.","potentialAction":[{"@type":"SearchAction","target":{"@type":"EntryPoint","urlTemplate":"https:\/\/tomwer.com.pl\/?s={search_term_string}"},"query-input":{"@type":"PropertyValueSpecification","valueRequired":true,"valueName":"search_term_string"}}],"inLanguage":"en-US"}]}},"_links":{"self":[{"href":"https:\/\/tomwer.com.pl\/en\/wp-json\/wp\/v2\/product\/549","targetHints":{"allow":["GET"]}}],"collection":[{"href":"https:\/\/tomwer.com.pl\/en\/wp-json\/wp\/v2\/product"}],"about":[{"href":"https:\/\/tomwer.com.pl\/en\/wp-json\/wp\/v2\/types\/product"}],"replies":[{"embeddable":true,"href":"https:\/\/tomwer.com.pl\/en\/wp-json\/wp\/v2\/comments?post=549"}],"wp:featuredmedia":[{"embeddable":true,"href":"https:\/\/tomwer.com.pl\/en\/wp-json\/wp\/v2\/media\/852"}],"wp:attachment":[{"href":"https:\/\/tomwer.com.pl\/en\/wp-json\/wp\/v2\/media?parent=549"}],"wp:term":[{"taxonomy":"product_brand","embeddable":true,"href":"https:\/\/tomwer.com.pl\/en\/wp-json\/wp\/v2\/product_brand?post=549"},{"taxonomy":"product_cat","embeddable":true,"href":"https:\/\/tomwer.com.pl\/en\/wp-json\/wp\/v2\/product_cat?post=549"},{"taxonomy":"product_tag","embeddable":true,"href":"https:\/\/tomwer.com.pl\/en\/wp-json\/wp\/v2\/product_tag?post=549"}],"curies":[{"name":"wp","href":"https:\/\/api.w.org\/{rel}","templated":true}]}}