{"id":521,"date":"2022-03-01T22:02:22","date_gmt":"2022-03-01T21:02:22","guid":{"rendered":"https:\/\/tomwer.com.pl\/?post_type=product&#038;p=521"},"modified":"2025-05-28T19:29:02","modified_gmt":"2025-05-28T17:29:02","slug":"przewody-skrzyni-biegow-jeep-grand-cherokee-wk-3-0-crd","status":"publish","type":"product","link":"https:\/\/tomwer.com.pl\/en\/product\/przewody-skrzyni-biegow-jeep-grand-cherokee-wk-3-0-crd\/","title":{"rendered":"Jeep Grand Cherokee WK\/XK 3.0 CRD Transmission cables"},"content":{"rendered":"<p style=\"text-align: left;\">Automatic transmission oil lines for\u00a0 <strong>JEEP Grand Cherokee WK 3.0<\/strong> CRD . The kit allows you to replace the entire section from the gearbox to the radiator. Metal conduits made of 10\u00d71 galvanized hydraulic pipe. Accurate reproduction of the tube geometry guarantees easy installation and trouble-free operation. Flexible connectors made of an oil pipe with a textile braid, resistant to high temperature and pressure, which is highly flexible. The set includes: rigid hoses, rubber hoses and connection elements for the box and radiator, mounting bracket.<\/p>\n<p>&nbsp;<\/p>\n<p>&nbsp;<\/p>\n<p>&nbsp;<\/p>\n<p><a href=\"https:\/\/tomwer.com.pl\/en\/?attachment_id=825\"><img decoding=\"async\" class=\"wp-image-825 aligncenter lazyload\" data-src=\"https:\/\/tomwer.com.pl\/wp-content\/uploads\/2022\/03\/wk.-3.0-247x300.png\" alt=\"\" width=\"173\" height=\"210\" data-srcset=\"https:\/\/tomwer.com.pl\/wp-content\/uploads\/2022\/03\/wk.-3.0-247x300.png 247w, https:\/\/tomwer.com.pl\/wp-content\/uploads\/2022\/03\/wk.-3.0-64x78.png 64w, https:\/\/tomwer.com.pl\/wp-content\/uploads\/2022\/03\/wk.-3.0-300x364.png 300w, https:\/\/tomwer.com.pl\/wp-content\/uploads\/2022\/03\/wk.-3.0.png 485w\" data-sizes=\"(max-width: 173px) 100vw, 173px\" src=\"data:image\/svg+xml;base64,PHN2ZyB3aWR0aD0iMSIgaGVpZ2h0PSIxIiB4bWxucz0iaHR0cDovL3d3dy53My5vcmcvMjAwMC9zdmciPjwvc3ZnPg==\" style=\"--smush-placeholder-width: 173px; --smush-placeholder-aspect-ratio: 173\/210;\" \/><\/a><\/p>\n<p style=\"text-align: left;\">The kit does not include installation of a thermostatic valve.<\/p>\n<p>&nbsp;<\/p>","protected":false},"excerpt":{"rendered":"<p>Przewody olejowe automatycznej skrzyni bieg\u00f3w do\u00a0 JEEP Grand Cherokee WK\u00a0 3.0 CRD . Zestaw pozwala na wymian\u0119 ca\u0142ego odcinka od skrzyni bieg\u00f3w do ch\u0142odnicy. Przewody metalowe wykonane z rury hydraulicznej 10\u00d71 ocynkowanej. Dok\u0142adne odwzorowanie geometrii rurek gwarantuje \u0142atwy monta\u017c oraz bezproblemow\u0105 eksploatacj\u0119.\u00a0 \u0141\u0105czniki\u00a0 elastyczne\u00a0 wykonane w oparciu o przew\u00f3d olejowy z oplotem tekstylnym, odporny na &hellip; <a href=\"https:\/\/tomwer.com.pl\/en\/product\/przewody-skrzyni-biegow-jeep-grand-cherokee-wk-3-0-crd\/\">Continued<\/a><\/p>","protected":false},"featured_media":1563,"comment_status":"open","ping_status":"closed","template":"","meta":{"_acf_changed":false},"product_brand":[],"product_cat":[27],"product_tag":[],"class_list":{"0":"post-521","1":"product","2":"type-product","3":"status-publish","4":"has-post-thumbnail","6":"product_cat-przewody-olejowe-skrzyni-biegow-jeep","8":"first","9":"instock","10":"shipping-taxable","11":"purchasable","12":"product-type-simple"},"acf":[],"yoast_head":"<!-- This site is optimized with the Yoast SEO plugin v26.9 - https:\/\/yoast.com\/product\/yoast-seo-wordpress\/ -->\n<title>Jeep Grand Cherokee WK\/XK 3.0 CRD Przewody skrzyni bieg\u00f3w<\/title>\n<meta name=\"description\" content=\"Przewody olejowe skrzyni bieg\u00f3w do Jeep Grand Cherokee WK\/XK 3.0 CRD. Wykonane z rury precyzyjnej 10x1 i przewodu gumowego olejoodpornego.\" \/>\n<meta name=\"robots\" content=\"index, follow, max-snippet:-1, max-image-preview:large, max-video-preview:-1\" \/>\n<link rel=\"canonical\" href=\"https:\/\/tomwer.com.pl\/en\/product\/przewody-skrzyni-biegow-jeep-grand-cherokee-wk-3-0-crd\/\" \/>\n<meta property=\"og:locale\" content=\"en_US\" \/>\n<meta property=\"og:type\" content=\"article\" \/>\n<meta property=\"og:title\" content=\"Jeep Grand Cherokee WK\/XK 3.0 CRD Przewody skrzyni bieg\u00f3w\" \/>\n<meta property=\"og:description\" content=\"Przewody olejowe skrzyni bieg\u00f3w do Jeep Grand Cherokee WK\/XK 3.0 CRD. Wykonane z rury precyzyjnej 10x1 i przewodu gumowego olejoodpornego.\" \/>\n<meta property=\"og:url\" content=\"https:\/\/tomwer.com.pl\/en\/product\/przewody-skrzyni-biegow-jeep-grand-cherokee-wk-3-0-crd\/\" \/>\n<meta property=\"og:site_name\" content=\"Tomwer - serwis i produkcja przewod\u00f3w hydraulicznych Wis\u0142a\" \/>\n<meta property=\"article:modified_time\" content=\"2025-05-28T17:29:02+00:00\" \/>\n<meta property=\"og:image\" content=\"https:\/\/tomwer.com.pl\/wp-content\/uploads\/2022\/03\/Group-1-2.png\" \/>\n\t<meta property=\"og:image:width\" content=\"900\" \/>\n\t<meta property=\"og:image:height\" content=\"900\" \/>\n\t<meta property=\"og:image:type\" content=\"image\/png\" \/>\n<meta name=\"twitter:card\" content=\"summary_large_image\" \/>\n<meta name=\"twitter:label1\" content=\"Est. reading time\" \/>\n\t<meta name=\"twitter:data1\" content=\"1 minute\" \/>\n<script type=\"application\/ld+json\" class=\"yoast-schema-graph\">{\"@context\":\"https:\/\/schema.org\",\"@graph\":[{\"@type\":\"WebPage\",\"@id\":\"https:\/\/tomwer.com.pl\/produkt\/przewody-skrzyni-biegow-jeep-grand-cherokee-wk-3-0-crd\/\",\"url\":\"https:\/\/tomwer.com.pl\/produkt\/przewody-skrzyni-biegow-jeep-grand-cherokee-wk-3-0-crd\/\",\"name\":\"Jeep Grand Cherokee WK\/XK 3.0 CRD Przewody skrzyni bieg\u00f3w\",\"isPartOf\":{\"@id\":\"https:\/\/tomwer.com.pl\/#website\"},\"primaryImageOfPage\":{\"@id\":\"https:\/\/tomwer.com.pl\/produkt\/przewody-skrzyni-biegow-jeep-grand-cherokee-wk-3-0-crd\/#primaryimage\"},\"image\":{\"@id\":\"https:\/\/tomwer.com.pl\/produkt\/przewody-skrzyni-biegow-jeep-grand-cherokee-wk-3-0-crd\/#primaryimage\"},\"thumbnailUrl\":\"https:\/\/tomwer.com.pl\/wp-content\/uploads\/2022\/03\/Group-1-2.png\",\"datePublished\":\"2022-03-01T21:02:22+00:00\",\"dateModified\":\"2025-05-28T17:29:02+00:00\",\"description\":\"Przewody olejowe skrzyni bieg\u00f3w do Jeep Grand Cherokee WK\/XK 3.0 CRD. Wykonane z rury precyzyjnej 10x1 i przewodu gumowego olejoodpornego.\",\"breadcrumb\":{\"@id\":\"https:\/\/tomwer.com.pl\/produkt\/przewody-skrzyni-biegow-jeep-grand-cherokee-wk-3-0-crd\/#breadcrumb\"},\"inLanguage\":\"en-US\",\"potentialAction\":[{\"@type\":\"ReadAction\",\"target\":[\"https:\/\/tomwer.com.pl\/produkt\/przewody-skrzyni-biegow-jeep-grand-cherokee-wk-3-0-crd\/\"]}]},{\"@type\":\"ImageObject\",\"inLanguage\":\"en-US\",\"@id\":\"https:\/\/tomwer.com.pl\/produkt\/przewody-skrzyni-biegow-jeep-grand-cherokee-wk-3-0-crd\/#primaryimage\",\"url\":\"https:\/\/tomwer.com.pl\/wp-content\/uploads\/2022\/03\/Group-1-2.png\",\"contentUrl\":\"https:\/\/tomwer.com.pl\/wp-content\/uploads\/2022\/03\/Group-1-2.png\",\"width\":900,\"height\":900},{\"@type\":\"BreadcrumbList\",\"@id\":\"https:\/\/tomwer.com.pl\/produkt\/przewody-skrzyni-biegow-jeep-grand-cherokee-wk-3-0-crd\/#breadcrumb\",\"itemListElement\":[{\"@type\":\"ListItem\",\"position\":1,\"name\":\"Strona g\u0142\u00f3wna\",\"item\":\"https:\/\/tomwer.com.pl\/\"},{\"@type\":\"ListItem\",\"position\":2,\"name\":\"Wszystkie produkty\",\"item\":\"https:\/\/tomwer.com.pl\/sklep\/\"},{\"@type\":\"ListItem\",\"position\":3,\"name\":\"Jeep Grand Cherokee WK\/XK 3.0 CRD Przewody skrzyni bieg\u00f3w\"}]},{\"@type\":\"WebSite\",\"@id\":\"https:\/\/tomwer.com.pl\/#website\",\"url\":\"https:\/\/tomwer.com.pl\/\",\"name\":\"Tomwer - serwis i produkcja przewod\u00f3w hydraulicznych Wis\u0142a\",\"description\":\"G\u0142\u00f3wn\u0105 dzia\u0142alno\u015bci\u0105 firmy TOMWER jest serwis i produkcja przewod\u00f3w hydraulicznych.\",\"potentialAction\":[{\"@type\":\"SearchAction\",\"target\":{\"@type\":\"EntryPoint\",\"urlTemplate\":\"https:\/\/tomwer.com.pl\/?s={search_term_string}\"},\"query-input\":{\"@type\":\"PropertyValueSpecification\",\"valueRequired\":true,\"valueName\":\"search_term_string\"}}],\"inLanguage\":\"en-US\"}]}<\/script>\n<!-- \/ Yoast SEO plugin. -->","yoast_head_json":{"title":"Jeep Grand Cherokee WK\/XK 3.0 CRD Przewody skrzyni bieg\u00f3w","description":"Przewody olejowe skrzyni bieg\u00f3w do Jeep Grand Cherokee WK\/XK 3.0 CRD. Wykonane z rury precyzyjnej 10x1 i przewodu gumowego olejoodpornego.","robots":{"index":"index","follow":"follow","max-snippet":"max-snippet:-1","max-image-preview":"max-image-preview:large","max-video-preview":"max-video-preview:-1"},"canonical":"https:\/\/tomwer.com.pl\/en\/product\/przewody-skrzyni-biegow-jeep-grand-cherokee-wk-3-0-crd\/","og_locale":"en_US","og_type":"article","og_title":"Jeep Grand Cherokee WK\/XK 3.0 CRD Przewody skrzyni bieg\u00f3w","og_description":"Przewody olejowe skrzyni bieg\u00f3w do Jeep Grand Cherokee WK\/XK 3.0 CRD. Wykonane z rury precyzyjnej 10x1 i przewodu gumowego olejoodpornego.","og_url":"https:\/\/tomwer.com.pl\/en\/product\/przewody-skrzyni-biegow-jeep-grand-cherokee-wk-3-0-crd\/","og_site_name":"Tomwer - serwis i produkcja przewod\u00f3w hydraulicznych Wis\u0142a","article_modified_time":"2025-05-28T17:29:02+00:00","og_image":[{"width":900,"height":900,"url":"https:\/\/tomwer.com.pl\/wp-content\/uploads\/2022\/03\/Group-1-2.png","type":"image\/png"}],"twitter_card":"summary_large_image","twitter_misc":{"Est. reading time":"1 minute"},"schema":{"@context":"https:\/\/schema.org","@graph":[{"@type":"WebPage","@id":"https:\/\/tomwer.com.pl\/produkt\/przewody-skrzyni-biegow-jeep-grand-cherokee-wk-3-0-crd\/","url":"https:\/\/tomwer.com.pl\/produkt\/przewody-skrzyni-biegow-jeep-grand-cherokee-wk-3-0-crd\/","name":"Jeep Grand Cherokee WK\/XK 3.0 CRD Przewody skrzyni bieg\u00f3w","isPartOf":{"@id":"https:\/\/tomwer.com.pl\/#website"},"primaryImageOfPage":{"@id":"https:\/\/tomwer.com.pl\/produkt\/przewody-skrzyni-biegow-jeep-grand-cherokee-wk-3-0-crd\/#primaryimage"},"image":{"@id":"https:\/\/tomwer.com.pl\/produkt\/przewody-skrzyni-biegow-jeep-grand-cherokee-wk-3-0-crd\/#primaryimage"},"thumbnailUrl":"https:\/\/tomwer.com.pl\/wp-content\/uploads\/2022\/03\/Group-1-2.png","datePublished":"2022-03-01T21:02:22+00:00","dateModified":"2025-05-28T17:29:02+00:00","description":"Przewody olejowe skrzyni bieg\u00f3w do Jeep Grand Cherokee WK\/XK 3.0 CRD. Wykonane z rury precyzyjnej 10x1 i przewodu gumowego olejoodpornego.","breadcrumb":{"@id":"https:\/\/tomwer.com.pl\/produkt\/przewody-skrzyni-biegow-jeep-grand-cherokee-wk-3-0-crd\/#breadcrumb"},"inLanguage":"en-US","potentialAction":[{"@type":"ReadAction","target":["https:\/\/tomwer.com.pl\/produkt\/przewody-skrzyni-biegow-jeep-grand-cherokee-wk-3-0-crd\/"]}]},{"@type":"ImageObject","inLanguage":"en-US","@id":"https:\/\/tomwer.com.pl\/produkt\/przewody-skrzyni-biegow-jeep-grand-cherokee-wk-3-0-crd\/#primaryimage","url":"https:\/\/tomwer.com.pl\/wp-content\/uploads\/2022\/03\/Group-1-2.png","contentUrl":"https:\/\/tomwer.com.pl\/wp-content\/uploads\/2022\/03\/Group-1-2.png","width":900,"height":900},{"@type":"BreadcrumbList","@id":"https:\/\/tomwer.com.pl\/produkt\/przewody-skrzyni-biegow-jeep-grand-cherokee-wk-3-0-crd\/#breadcrumb","itemListElement":[{"@type":"ListItem","position":1,"name":"Strona g\u0142\u00f3wna","item":"https:\/\/tomwer.com.pl\/"},{"@type":"ListItem","position":2,"name":"Wszystkie produkty","item":"https:\/\/tomwer.com.pl\/sklep\/"},{"@type":"ListItem","position":3,"name":"Jeep Grand Cherokee WK\/XK 3.0 CRD Przewody skrzyni bieg\u00f3w"}]},{"@type":"WebSite","@id":"https:\/\/tomwer.com.pl\/#website","url":"https:\/\/tomwer.com.pl\/","name":"Tomwer - service and production of hydraulic hoses Wis\u0142a","description":"The main activity of TOMWER is the service and production of hydraulic hoses.","potentialAction":[{"@type":"SearchAction","target":{"@type":"EntryPoint","urlTemplate":"https:\/\/tomwer.com.pl\/?s={search_term_string}"},"query-input":{"@type":"PropertyValueSpecification","valueRequired":true,"valueName":"search_term_string"}}],"inLanguage":"en-US"}]}},"_links":{"self":[{"href":"https:\/\/tomwer.com.pl\/en\/wp-json\/wp\/v2\/product\/521","targetHints":{"allow":["GET"]}}],"collection":[{"href":"https:\/\/tomwer.com.pl\/en\/wp-json\/wp\/v2\/product"}],"about":[{"href":"https:\/\/tomwer.com.pl\/en\/wp-json\/wp\/v2\/types\/product"}],"replies":[{"embeddable":true,"href":"https:\/\/tomwer.com.pl\/en\/wp-json\/wp\/v2\/comments?post=521"}],"wp:featuredmedia":[{"embeddable":true,"href":"https:\/\/tomwer.com.pl\/en\/wp-json\/wp\/v2\/media\/1563"}],"wp:attachment":[{"href":"https:\/\/tomwer.com.pl\/en\/wp-json\/wp\/v2\/media?parent=521"}],"wp:term":[{"taxonomy":"product_brand","embeddable":true,"href":"https:\/\/tomwer.com.pl\/en\/wp-json\/wp\/v2\/product_brand?post=521"},{"taxonomy":"product_cat","embeddable":true,"href":"https:\/\/tomwer.com.pl\/en\/wp-json\/wp\/v2\/product_cat?post=521"},{"taxonomy":"product_tag","embeddable":true,"href":"https:\/\/tomwer.com.pl\/en\/wp-json\/wp\/v2\/product_tag?post=521"}],"curies":[{"name":"wp","href":"https:\/\/api.w.org\/{rel}","templated":true}]}}