{"id":512,"date":"2022-01-19T18:45:54","date_gmt":"2022-01-19T17:45:54","guid":{"rendered":"https:\/\/tomwer.com.pl\/?post_type=product&#038;p=512"},"modified":"2022-11-11T00:15:14","modified_gmt":"2022-11-10T23:15:14","slug":"przewod-wspomagania-jeep-grand-cherokee-2-7-4-7","status":"publish","type":"product","link":"https:\/\/tomwer.com.pl\/en\/product\/przewod-wspomagania-jeep-grand-cherokee-2-7-4-7\/","title":{"rendered":"Jeep Grand Cherokee WJ 4.7 \/ WG 2.7 power steering cable"},"content":{"rendered":"<p>Power steering (low pressure) hose connecting the steering gear with the radiator or reservoir, depending on the type of system. Fits versions with 2.7 and .4.7 engines<\/p>","protected":false},"excerpt":{"rendered":"<p>Power steering (low pressure) hose connecting the steering gear with the radiator or reservoir, depending on the type of system. Fits versions with 2.7 and .4.7 engines <img decoding=\"async\" class=\"alignnone size-medium wp-image-836 lazyload\" data-src=\"https:\/\/tomwer.com.pl\/wp-content\/uploads\/2022\/01\/przewod-wspomagania-jeep-2.7-crd-powrot-300x225.jpg\" alt=\"\" width=\"300\" height=\"225\" data-srcset=\"https:\/\/tomwer.com.pl\/wp-content\/uploads\/2022\/01\/przewod-wspomagania-jeep-2.7-crd-powrot-300x225.jpg 300w, https:\/\/tomwer.com.pl\/wp-content\/uploads\/2022\/01\/przewod-wspomagania-jeep-2.7-crd-powrot-500x374.jpg 500w, https:\/\/tomwer.com.pl\/wp-content\/uploads\/2022\/01\/przewod-wspomagania-jeep-2.7-crd-powrot-64x48.jpg 64w, https:\/\/tomwer.com.pl\/wp-content\/uploads\/2022\/01\/przewod-wspomagania-jeep-2.7-crd-powrot.jpg 648w\" data-sizes=\"(max-width: 300px) 100vw, 300px\" src=\"data:image\/svg+xml;base64,PHN2ZyB3aWR0aD0iMSIgaGVpZ2h0PSIxIiB4bWxucz0iaHR0cDovL3d3dy53My5vcmcvMjAwMC9zdmciPjwvc3ZnPg==\" style=\"--smush-placeholder-width: 300px; --smush-placeholder-aspect-ratio: 300\/225;\" \/><\/p>","protected":false},"featured_media":838,"comment_status":"open","ping_status":"closed","template":"","meta":{"_acf_changed":false},"product_brand":[],"product_cat":[20],"product_tag":[],"class_list":{"0":"post-512","1":"product","2":"type-product","3":"status-publish","4":"has-post-thumbnail","6":"product_cat-przewody-wspomagania-kierowniczego","8":"first","9":"instock","10":"shipping-taxable","11":"purchasable","12":"product-type-simple"},"acf":[],"yoast_head":"<!-- This site is optimized with the Yoast SEO plugin v26.9 - https:\/\/yoast.com\/product\/yoast-seo-wordpress\/ -->\n<title>Przew\u00f3d wspomagania Jeep Grand Cherokee WJ 4.7 \/ WG 2.7<\/title>\n<meta name=\"description\" content=\"Przew\u00f3d wspomagania niskiego ci\u015bnienia do Jeep Grand Cherokee WJ 4.7 \/ WG 2.7 CRD. Prew\u00f3d \u0142\u0105cz\u0105cy kolumn\u0119 kierownicz\u0105 z ch\u0142odnic\u0105 oleju.\" \/>\n<meta name=\"robots\" content=\"index, follow, max-snippet:-1, max-image-preview:large, max-video-preview:-1\" \/>\n<link rel=\"canonical\" href=\"https:\/\/tomwer.com.pl\/en\/product\/przewod-wspomagania-jeep-grand-cherokee-2-7-4-7\/\" \/>\n<meta property=\"og:locale\" content=\"en_US\" \/>\n<meta property=\"og:type\" content=\"article\" \/>\n<meta property=\"og:title\" content=\"Przew\u00f3d wspomagania Jeep Grand Cherokee WJ 4.7 \/ WG 2.7\" \/>\n<meta property=\"og:description\" content=\"Przew\u00f3d wspomagania niskiego ci\u015bnienia do Jeep Grand Cherokee WJ 4.7 \/ WG 2.7 CRD. Prew\u00f3d \u0142\u0105cz\u0105cy kolumn\u0119 kierownicz\u0105 z ch\u0142odnic\u0105 oleju.\" \/>\n<meta property=\"og:url\" content=\"https:\/\/tomwer.com.pl\/en\/product\/przewod-wspomagania-jeep-grand-cherokee-2-7-4-7\/\" \/>\n<meta property=\"og:site_name\" content=\"Tomwer - serwis i produkcja przewod\u00f3w hydraulicznych Wis\u0142a\" \/>\n<meta property=\"article:modified_time\" content=\"2022-11-10T23:15:14+00:00\" \/>\n<meta property=\"og:image\" content=\"https:\/\/tomwer.com.pl\/wp-content\/uploads\/2022\/01\/20220114_212407-PhotoRoom-e1668121985840.png\" \/>\n\t<meta property=\"og:image:width\" content=\"643\" \/>\n\t<meta property=\"og:image:height\" content=\"544\" \/>\n\t<meta property=\"og:image:type\" content=\"image\/png\" \/>\n<meta name=\"twitter:card\" content=\"summary_large_image\" \/>\n<meta name=\"twitter:label1\" content=\"Est. reading time\" \/>\n\t<meta name=\"twitter:data1\" content=\"1 minute\" \/>\n<script type=\"application\/ld+json\" class=\"yoast-schema-graph\">{\"@context\":\"https:\/\/schema.org\",\"@graph\":[{\"@type\":\"WebPage\",\"@id\":\"https:\/\/tomwer.com.pl\/produkt\/przewod-wspomagania-jeep-grand-cherokee-2-7-4-7\/\",\"url\":\"https:\/\/tomwer.com.pl\/produkt\/przewod-wspomagania-jeep-grand-cherokee-2-7-4-7\/\",\"name\":\"Przew\u00f3d wspomagania Jeep Grand Cherokee WJ 4.7 \/ WG 2.7\",\"isPartOf\":{\"@id\":\"https:\/\/tomwer.com.pl\/#website\"},\"primaryImageOfPage\":{\"@id\":\"https:\/\/tomwer.com.pl\/produkt\/przewod-wspomagania-jeep-grand-cherokee-2-7-4-7\/#primaryimage\"},\"image\":{\"@id\":\"https:\/\/tomwer.com.pl\/produkt\/przewod-wspomagania-jeep-grand-cherokee-2-7-4-7\/#primaryimage\"},\"thumbnailUrl\":\"https:\/\/tomwer.com.pl\/wp-content\/uploads\/2022\/01\/20220114_212407-PhotoRoom-e1668121985840.png\",\"datePublished\":\"2022-01-19T17:45:54+00:00\",\"dateModified\":\"2022-11-10T23:15:14+00:00\",\"description\":\"Przew\u00f3d wspomagania niskiego ci\u015bnienia do Jeep Grand Cherokee WJ 4.7 \/ WG 2.7 CRD. Prew\u00f3d \u0142\u0105cz\u0105cy kolumn\u0119 kierownicz\u0105 z ch\u0142odnic\u0105 oleju.\",\"breadcrumb\":{\"@id\":\"https:\/\/tomwer.com.pl\/produkt\/przewod-wspomagania-jeep-grand-cherokee-2-7-4-7\/#breadcrumb\"},\"inLanguage\":\"en-US\",\"potentialAction\":[{\"@type\":\"ReadAction\",\"target\":[\"https:\/\/tomwer.com.pl\/produkt\/przewod-wspomagania-jeep-grand-cherokee-2-7-4-7\/\"]}]},{\"@type\":\"ImageObject\",\"inLanguage\":\"en-US\",\"@id\":\"https:\/\/tomwer.com.pl\/produkt\/przewod-wspomagania-jeep-grand-cherokee-2-7-4-7\/#primaryimage\",\"url\":\"https:\/\/tomwer.com.pl\/wp-content\/uploads\/2022\/01\/20220114_212407-PhotoRoom-e1668121985840.png\",\"contentUrl\":\"https:\/\/tomwer.com.pl\/wp-content\/uploads\/2022\/01\/20220114_212407-PhotoRoom-e1668121985840.png\",\"width\":643,\"height\":544},{\"@type\":\"BreadcrumbList\",\"@id\":\"https:\/\/tomwer.com.pl\/produkt\/przewod-wspomagania-jeep-grand-cherokee-2-7-4-7\/#breadcrumb\",\"itemListElement\":[{\"@type\":\"ListItem\",\"position\":1,\"name\":\"Strona g\u0142\u00f3wna\",\"item\":\"https:\/\/tomwer.com.pl\/\"},{\"@type\":\"ListItem\",\"position\":2,\"name\":\"Wszystkie produkty\",\"item\":\"https:\/\/tomwer.com.pl\/sklep\/\"},{\"@type\":\"ListItem\",\"position\":3,\"name\":\"Przew\u00f3d wspomagania Jeep Grand Cherokee WJ 4.7 \/ WG 2.7\"}]},{\"@type\":\"WebSite\",\"@id\":\"https:\/\/tomwer.com.pl\/#website\",\"url\":\"https:\/\/tomwer.com.pl\/\",\"name\":\"Tomwer - serwis i produkcja przewod\u00f3w hydraulicznych Wis\u0142a\",\"description\":\"G\u0142\u00f3wn\u0105 dzia\u0142alno\u015bci\u0105 firmy TOMWER jest serwis i produkcja przewod\u00f3w hydraulicznych.\",\"potentialAction\":[{\"@type\":\"SearchAction\",\"target\":{\"@type\":\"EntryPoint\",\"urlTemplate\":\"https:\/\/tomwer.com.pl\/?s={search_term_string}\"},\"query-input\":{\"@type\":\"PropertyValueSpecification\",\"valueRequired\":true,\"valueName\":\"search_term_string\"}}],\"inLanguage\":\"en-US\"}]}<\/script>\n<!-- \/ Yoast SEO plugin. -->","yoast_head_json":{"title":"Przew\u00f3d wspomagania Jeep Grand Cherokee WJ 4.7 \/ WG 2.7","description":"Przew\u00f3d wspomagania niskiego ci\u015bnienia do Jeep Grand Cherokee WJ 4.7 \/ WG 2.7 CRD. Prew\u00f3d \u0142\u0105cz\u0105cy kolumn\u0119 kierownicz\u0105 z ch\u0142odnic\u0105 oleju.","robots":{"index":"index","follow":"follow","max-snippet":"max-snippet:-1","max-image-preview":"max-image-preview:large","max-video-preview":"max-video-preview:-1"},"canonical":"https:\/\/tomwer.com.pl\/en\/product\/przewod-wspomagania-jeep-grand-cherokee-2-7-4-7\/","og_locale":"en_US","og_type":"article","og_title":"Przew\u00f3d wspomagania Jeep Grand Cherokee WJ 4.7 \/ WG 2.7","og_description":"Przew\u00f3d wspomagania niskiego ci\u015bnienia do Jeep Grand Cherokee WJ 4.7 \/ WG 2.7 CRD. Prew\u00f3d \u0142\u0105cz\u0105cy kolumn\u0119 kierownicz\u0105 z ch\u0142odnic\u0105 oleju.","og_url":"https:\/\/tomwer.com.pl\/en\/product\/przewod-wspomagania-jeep-grand-cherokee-2-7-4-7\/","og_site_name":"Tomwer - serwis i produkcja przewod\u00f3w hydraulicznych Wis\u0142a","article_modified_time":"2022-11-10T23:15:14+00:00","og_image":[{"width":643,"height":544,"url":"https:\/\/tomwer.com.pl\/wp-content\/uploads\/2022\/01\/20220114_212407-PhotoRoom-e1668121985840.png","type":"image\/png"}],"twitter_card":"summary_large_image","twitter_misc":{"Est. reading time":"1 minute"},"schema":{"@context":"https:\/\/schema.org","@graph":[{"@type":"WebPage","@id":"https:\/\/tomwer.com.pl\/produkt\/przewod-wspomagania-jeep-grand-cherokee-2-7-4-7\/","url":"https:\/\/tomwer.com.pl\/produkt\/przewod-wspomagania-jeep-grand-cherokee-2-7-4-7\/","name":"Przew\u00f3d wspomagania Jeep Grand Cherokee WJ 4.7 \/ WG 2.7","isPartOf":{"@id":"https:\/\/tomwer.com.pl\/#website"},"primaryImageOfPage":{"@id":"https:\/\/tomwer.com.pl\/produkt\/przewod-wspomagania-jeep-grand-cherokee-2-7-4-7\/#primaryimage"},"image":{"@id":"https:\/\/tomwer.com.pl\/produkt\/przewod-wspomagania-jeep-grand-cherokee-2-7-4-7\/#primaryimage"},"thumbnailUrl":"https:\/\/tomwer.com.pl\/wp-content\/uploads\/2022\/01\/20220114_212407-PhotoRoom-e1668121985840.png","datePublished":"2022-01-19T17:45:54+00:00","dateModified":"2022-11-10T23:15:14+00:00","description":"Przew\u00f3d wspomagania niskiego ci\u015bnienia do Jeep Grand Cherokee WJ 4.7 \/ WG 2.7 CRD. Prew\u00f3d \u0142\u0105cz\u0105cy kolumn\u0119 kierownicz\u0105 z ch\u0142odnic\u0105 oleju.","breadcrumb":{"@id":"https:\/\/tomwer.com.pl\/produkt\/przewod-wspomagania-jeep-grand-cherokee-2-7-4-7\/#breadcrumb"},"inLanguage":"en-US","potentialAction":[{"@type":"ReadAction","target":["https:\/\/tomwer.com.pl\/produkt\/przewod-wspomagania-jeep-grand-cherokee-2-7-4-7\/"]}]},{"@type":"ImageObject","inLanguage":"en-US","@id":"https:\/\/tomwer.com.pl\/produkt\/przewod-wspomagania-jeep-grand-cherokee-2-7-4-7\/#primaryimage","url":"https:\/\/tomwer.com.pl\/wp-content\/uploads\/2022\/01\/20220114_212407-PhotoRoom-e1668121985840.png","contentUrl":"https:\/\/tomwer.com.pl\/wp-content\/uploads\/2022\/01\/20220114_212407-PhotoRoom-e1668121985840.png","width":643,"height":544},{"@type":"BreadcrumbList","@id":"https:\/\/tomwer.com.pl\/produkt\/przewod-wspomagania-jeep-grand-cherokee-2-7-4-7\/#breadcrumb","itemListElement":[{"@type":"ListItem","position":1,"name":"Strona g\u0142\u00f3wna","item":"https:\/\/tomwer.com.pl\/"},{"@type":"ListItem","position":2,"name":"Wszystkie produkty","item":"https:\/\/tomwer.com.pl\/sklep\/"},{"@type":"ListItem","position":3,"name":"Przew\u00f3d wspomagania Jeep Grand Cherokee WJ 4.7 \/ WG 2.7"}]},{"@type":"WebSite","@id":"https:\/\/tomwer.com.pl\/#website","url":"https:\/\/tomwer.com.pl\/","name":"Tomwer - service and production of hydraulic hoses Wis\u0142a","description":"The main activity of TOMWER is the service and production of hydraulic hoses.","potentialAction":[{"@type":"SearchAction","target":{"@type":"EntryPoint","urlTemplate":"https:\/\/tomwer.com.pl\/?s={search_term_string}"},"query-input":{"@type":"PropertyValueSpecification","valueRequired":true,"valueName":"search_term_string"}}],"inLanguage":"en-US"}]}},"_links":{"self":[{"href":"https:\/\/tomwer.com.pl\/en\/wp-json\/wp\/v2\/product\/512","targetHints":{"allow":["GET"]}}],"collection":[{"href":"https:\/\/tomwer.com.pl\/en\/wp-json\/wp\/v2\/product"}],"about":[{"href":"https:\/\/tomwer.com.pl\/en\/wp-json\/wp\/v2\/types\/product"}],"replies":[{"embeddable":true,"href":"https:\/\/tomwer.com.pl\/en\/wp-json\/wp\/v2\/comments?post=512"}],"wp:featuredmedia":[{"embeddable":true,"href":"https:\/\/tomwer.com.pl\/en\/wp-json\/wp\/v2\/media\/838"}],"wp:attachment":[{"href":"https:\/\/tomwer.com.pl\/en\/wp-json\/wp\/v2\/media?parent=512"}],"wp:term":[{"taxonomy":"product_brand","embeddable":true,"href":"https:\/\/tomwer.com.pl\/en\/wp-json\/wp\/v2\/product_brand?post=512"},{"taxonomy":"product_cat","embeddable":true,"href":"https:\/\/tomwer.com.pl\/en\/wp-json\/wp\/v2\/product_cat?post=512"},{"taxonomy":"product_tag","embeddable":true,"href":"https:\/\/tomwer.com.pl\/en\/wp-json\/wp\/v2\/product_tag?post=512"}],"curies":[{"name":"wp","href":"https:\/\/api.w.org\/{rel}","templated":true}]}}