{"id":431,"date":"2021-03-27T15:42:22","date_gmt":"2021-03-27T14:42:22","guid":{"rendered":"https:\/\/tomwer.com.pl\/?post_type=product&#038;p=431"},"modified":"2023-06-21T13:08:36","modified_gmt":"2023-06-21T11:08:36","slug":"jeep-wj-4-7-przewod-wspomagania","status":"publish","type":"product","link":"https:\/\/tomwer.com.pl\/en\/product\/jeep-wj-4-7-przewod-wspomagania\/","title":{"rendered":"JEEP WJ 4.7 V8 power steering cable"},"content":{"rendered":"<p>Jeep power steering hose<span style=\"color: #ff0000;\"><strong> WJ4.7 V8<\/strong><\/span>\u00a0wire\u00a0<span style=\"color: #ff0000;\"><strong>hydro fan-pump<\/strong><\/span>\u00a0made of the highest quality components. Careful matching of the metal and flexible parts guarantees trouble-free installation and long-term operation. Installing our cable is very simple and intuitive. The internal dimensions of the cable have been maintained, which is very important for the entire system to function properly. Our cable will certainly not cause problems with fluid leakage, nor will it cause incorrect operation of the steering system. A proven and effective solution for many years. Cable Replacement <strong>5019708AE, 5019708AD<br \/>\n<\/strong><\/p>","protected":false},"excerpt":{"rendered":"<p>Jeep power steering hose<span style=\"color: #ff0000;\"><strong> WJ4.7 V8<\/strong><\/span>\u00a0wire\u00a0<span style=\"color: #ff0000;\"><strong>hydro fan-pump<\/strong><\/span>\u00a0made of the highest quality components. Careful matching of the metal and flexible parts guarantees trouble-free installation and long-term operation. Installing our cable is very simple and intuitive. The internal dimensions of the cable have been maintained, which is very important for the entire system to function properly. Our cable will certainly not cause problems with fluid leakage, nor will it cause incorrect operation of the steering system. A proven and effective solution for many years. Cable Replacement <strong>5019708AE, 5019708AD<\/strong><\/p>\n<p><img decoding=\"async\" class=\"alignnone size-medium wp-image-832 lazyload\" data-src=\"https:\/\/tomwer.com.pl\/wp-content\/uploads\/2020\/04\/przewod-wspomagania-jeep-2.7-crd-300x225.jpg\" alt=\"\" width=\"300\" height=\"225\" data-srcset=\"https:\/\/tomwer.com.pl\/wp-content\/uploads\/2020\/04\/przewod-wspomagania-jeep-2.7-crd-300x225.jpg 300w, https:\/\/tomwer.com.pl\/wp-content\/uploads\/2020\/04\/przewod-wspomagania-jeep-2.7-crd-500x374.jpg 500w, https:\/\/tomwer.com.pl\/wp-content\/uploads\/2020\/04\/przewod-wspomagania-jeep-2.7-crd-64x48.jpg 64w, https:\/\/tomwer.com.pl\/wp-content\/uploads\/2020\/04\/przewod-wspomagania-jeep-2.7-crd.jpg 648w\" data-sizes=\"(max-width: 300px) 100vw, 300px\" src=\"data:image\/svg+xml;base64,PHN2ZyB3aWR0aD0iMSIgaGVpZ2h0PSIxIiB4bWxucz0iaHR0cDovL3d3dy53My5vcmcvMjAwMC9zdmciPjwvc3ZnPg==\" style=\"--smush-placeholder-width: 300px; --smush-placeholder-aspect-ratio: 300\/225;\" \/><\/p>","protected":false},"featured_media":828,"comment_status":"open","ping_status":"closed","template":"","meta":{"_acf_changed":false},"product_brand":[],"product_cat":[20],"product_tag":[],"class_list":{"0":"post-431","1":"product","2":"type-product","3":"status-publish","4":"has-post-thumbnail","6":"product_cat-przewody-wspomagania-kierowniczego","8":"first","9":"instock","10":"shipping-taxable","11":"purchasable","12":"product-type-simple"},"acf":[],"yoast_head":"<!-- This site is optimized with the Yoast SEO plugin v26.9 - https:\/\/yoast.com\/product\/yoast-seo-wordpress\/ -->\n<title>JEEP WJ 4.7 V8 przew\u00f3d wspomagania<\/title>\n<meta name=\"description\" content=\"Przew\u00f3d wspomagania kierowniczego do Jeep Grand Cherokee WJ 4.7 V8. Zamiennik przewodu pompa-hydro wentylator, 5019708AE , 5019708AD\" \/>\n<meta name=\"robots\" content=\"index, follow, max-snippet:-1, max-image-preview:large, max-video-preview:-1\" \/>\n<link rel=\"canonical\" href=\"https:\/\/tomwer.com.pl\/en\/product\/jeep-wj-4-7-przewod-wspomagania\/\" \/>\n<meta property=\"og:locale\" content=\"en_US\" \/>\n<meta property=\"og:type\" content=\"article\" \/>\n<meta property=\"og:title\" content=\"JEEP WJ 4.7 V8 przew\u00f3d wspomagania\" \/>\n<meta property=\"og:description\" content=\"Przew\u00f3d wspomagania kierowniczego do Jeep Grand Cherokee WJ 4.7 V8. Zamiennik przewodu pompa-hydro wentylator, 5019708AE , 5019708AD\" \/>\n<meta property=\"og:url\" content=\"https:\/\/tomwer.com.pl\/en\/product\/jeep-wj-4-7-przewod-wspomagania\/\" \/>\n<meta property=\"og:site_name\" content=\"Tomwer - serwis i produkcja przewod\u00f3w hydraulicznych Wis\u0142a\" \/>\n<meta property=\"article:modified_time\" content=\"2023-06-21T11:08:36+00:00\" \/>\n<meta property=\"og:image\" content=\"https:\/\/tomwer.com.pl\/wp-content\/uploads\/2020\/04\/20200811_105605-768x820-PhotoRoom.png\" \/>\n\t<meta property=\"og:image:width\" content=\"768\" \/>\n\t<meta property=\"og:image:height\" content=\"820\" \/>\n\t<meta property=\"og:image:type\" content=\"image\/png\" \/>\n<meta name=\"twitter:card\" content=\"summary_large_image\" \/>\n<meta name=\"twitter:label1\" content=\"Est. reading time\" \/>\n\t<meta name=\"twitter:data1\" content=\"1 minute\" \/>\n<script type=\"application\/ld+json\" class=\"yoast-schema-graph\">{\"@context\":\"https:\/\/schema.org\",\"@graph\":[{\"@type\":\"WebPage\",\"@id\":\"https:\/\/tomwer.com.pl\/produkt\/jeep-wj-4-7-przewod-wspomagania\/\",\"url\":\"https:\/\/tomwer.com.pl\/produkt\/jeep-wj-4-7-przewod-wspomagania\/\",\"name\":\"JEEP WJ 4.7 V8 przew\u00f3d wspomagania\",\"isPartOf\":{\"@id\":\"https:\/\/tomwer.com.pl\/#website\"},\"primaryImageOfPage\":{\"@id\":\"https:\/\/tomwer.com.pl\/produkt\/jeep-wj-4-7-przewod-wspomagania\/#primaryimage\"},\"image\":{\"@id\":\"https:\/\/tomwer.com.pl\/produkt\/jeep-wj-4-7-przewod-wspomagania\/#primaryimage\"},\"thumbnailUrl\":\"https:\/\/tomwer.com.pl\/wp-content\/uploads\/2020\/04\/20200811_105605-768x820-PhotoRoom.png\",\"datePublished\":\"2021-03-27T14:42:22+00:00\",\"dateModified\":\"2023-06-21T11:08:36+00:00\",\"description\":\"Przew\u00f3d wspomagania kierowniczego do Jeep Grand Cherokee WJ 4.7 V8. Zamiennik przewodu pompa-hydro wentylator, 5019708AE , 5019708AD\",\"breadcrumb\":{\"@id\":\"https:\/\/tomwer.com.pl\/produkt\/jeep-wj-4-7-przewod-wspomagania\/#breadcrumb\"},\"inLanguage\":\"en-US\",\"potentialAction\":[{\"@type\":\"ReadAction\",\"target\":[\"https:\/\/tomwer.com.pl\/produkt\/jeep-wj-4-7-przewod-wspomagania\/\"]}]},{\"@type\":\"ImageObject\",\"inLanguage\":\"en-US\",\"@id\":\"https:\/\/tomwer.com.pl\/produkt\/jeep-wj-4-7-przewod-wspomagania\/#primaryimage\",\"url\":\"https:\/\/tomwer.com.pl\/wp-content\/uploads\/2020\/04\/20200811_105605-768x820-PhotoRoom.png\",\"contentUrl\":\"https:\/\/tomwer.com.pl\/wp-content\/uploads\/2020\/04\/20200811_105605-768x820-PhotoRoom.png\",\"width\":768,\"height\":820},{\"@type\":\"BreadcrumbList\",\"@id\":\"https:\/\/tomwer.com.pl\/produkt\/jeep-wj-4-7-przewod-wspomagania\/#breadcrumb\",\"itemListElement\":[{\"@type\":\"ListItem\",\"position\":1,\"name\":\"Strona g\u0142\u00f3wna\",\"item\":\"https:\/\/tomwer.com.pl\/\"},{\"@type\":\"ListItem\",\"position\":2,\"name\":\"Wszystkie produkty\",\"item\":\"https:\/\/tomwer.com.pl\/sklep\/\"},{\"@type\":\"ListItem\",\"position\":3,\"name\":\"JEEP WJ 4.7 V8 przew\u00f3d wspomagania\"}]},{\"@type\":\"WebSite\",\"@id\":\"https:\/\/tomwer.com.pl\/#website\",\"url\":\"https:\/\/tomwer.com.pl\/\",\"name\":\"Tomwer - serwis i produkcja przewod\u00f3w hydraulicznych Wis\u0142a\",\"description\":\"G\u0142\u00f3wn\u0105 dzia\u0142alno\u015bci\u0105 firmy TOMWER jest serwis i produkcja przewod\u00f3w hydraulicznych.\",\"potentialAction\":[{\"@type\":\"SearchAction\",\"target\":{\"@type\":\"EntryPoint\",\"urlTemplate\":\"https:\/\/tomwer.com.pl\/?s={search_term_string}\"},\"query-input\":{\"@type\":\"PropertyValueSpecification\",\"valueRequired\":true,\"valueName\":\"search_term_string\"}}],\"inLanguage\":\"en-US\"}]}<\/script>\n<!-- \/ Yoast SEO plugin. -->","yoast_head_json":{"title":"JEEP WJ 4.7 V8 power steering cable","description":"Przew\u00f3d wspomagania kierowniczego do Jeep Grand Cherokee WJ 4.7 V8. Zamiennik przewodu pompa-hydro wentylator, 5019708AE , 5019708AD","robots":{"index":"index","follow":"follow","max-snippet":"max-snippet:-1","max-image-preview":"max-image-preview:large","max-video-preview":"max-video-preview:-1"},"canonical":"https:\/\/tomwer.com.pl\/en\/product\/jeep-wj-4-7-przewod-wspomagania\/","og_locale":"en_US","og_type":"article","og_title":"JEEP WJ 4.7 V8 przew\u00f3d wspomagania","og_description":"Przew\u00f3d wspomagania kierowniczego do Jeep Grand Cherokee WJ 4.7 V8. Zamiennik przewodu pompa-hydro wentylator, 5019708AE , 5019708AD","og_url":"https:\/\/tomwer.com.pl\/en\/product\/jeep-wj-4-7-przewod-wspomagania\/","og_site_name":"Tomwer - serwis i produkcja przewod\u00f3w hydraulicznych Wis\u0142a","article_modified_time":"2023-06-21T11:08:36+00:00","og_image":[{"width":768,"height":820,"url":"https:\/\/tomwer.com.pl\/wp-content\/uploads\/2020\/04\/20200811_105605-768x820-PhotoRoom.png","type":"image\/png"}],"twitter_card":"summary_large_image","twitter_misc":{"Est. reading time":"1 minute"},"schema":{"@context":"https:\/\/schema.org","@graph":[{"@type":"WebPage","@id":"https:\/\/tomwer.com.pl\/produkt\/jeep-wj-4-7-przewod-wspomagania\/","url":"https:\/\/tomwer.com.pl\/produkt\/jeep-wj-4-7-przewod-wspomagania\/","name":"JEEP WJ 4.7 V8 power steering cable","isPartOf":{"@id":"https:\/\/tomwer.com.pl\/#website"},"primaryImageOfPage":{"@id":"https:\/\/tomwer.com.pl\/produkt\/jeep-wj-4-7-przewod-wspomagania\/#primaryimage"},"image":{"@id":"https:\/\/tomwer.com.pl\/produkt\/jeep-wj-4-7-przewod-wspomagania\/#primaryimage"},"thumbnailUrl":"https:\/\/tomwer.com.pl\/wp-content\/uploads\/2020\/04\/20200811_105605-768x820-PhotoRoom.png","datePublished":"2021-03-27T14:42:22+00:00","dateModified":"2023-06-21T11:08:36+00:00","description":"Przew\u00f3d wspomagania kierowniczego do Jeep Grand Cherokee WJ 4.7 V8. Zamiennik przewodu pompa-hydro wentylator, 5019708AE , 5019708AD","breadcrumb":{"@id":"https:\/\/tomwer.com.pl\/produkt\/jeep-wj-4-7-przewod-wspomagania\/#breadcrumb"},"inLanguage":"en-US","potentialAction":[{"@type":"ReadAction","target":["https:\/\/tomwer.com.pl\/produkt\/jeep-wj-4-7-przewod-wspomagania\/"]}]},{"@type":"ImageObject","inLanguage":"en-US","@id":"https:\/\/tomwer.com.pl\/produkt\/jeep-wj-4-7-przewod-wspomagania\/#primaryimage","url":"https:\/\/tomwer.com.pl\/wp-content\/uploads\/2020\/04\/20200811_105605-768x820-PhotoRoom.png","contentUrl":"https:\/\/tomwer.com.pl\/wp-content\/uploads\/2020\/04\/20200811_105605-768x820-PhotoRoom.png","width":768,"height":820},{"@type":"BreadcrumbList","@id":"https:\/\/tomwer.com.pl\/produkt\/jeep-wj-4-7-przewod-wspomagania\/#breadcrumb","itemListElement":[{"@type":"ListItem","position":1,"name":"Strona g\u0142\u00f3wna","item":"https:\/\/tomwer.com.pl\/"},{"@type":"ListItem","position":2,"name":"Wszystkie produkty","item":"https:\/\/tomwer.com.pl\/sklep\/"},{"@type":"ListItem","position":3,"name":"JEEP WJ 4.7 V8 przew\u00f3d wspomagania"}]},{"@type":"WebSite","@id":"https:\/\/tomwer.com.pl\/#website","url":"https:\/\/tomwer.com.pl\/","name":"Tomwer - service and production of hydraulic hoses Wis\u0142a","description":"The main activity of TOMWER is the service and production of hydraulic hoses.","potentialAction":[{"@type":"SearchAction","target":{"@type":"EntryPoint","urlTemplate":"https:\/\/tomwer.com.pl\/?s={search_term_string}"},"query-input":{"@type":"PropertyValueSpecification","valueRequired":true,"valueName":"search_term_string"}}],"inLanguage":"en-US"}]}},"_links":{"self":[{"href":"https:\/\/tomwer.com.pl\/en\/wp-json\/wp\/v2\/product\/431","targetHints":{"allow":["GET"]}}],"collection":[{"href":"https:\/\/tomwer.com.pl\/en\/wp-json\/wp\/v2\/product"}],"about":[{"href":"https:\/\/tomwer.com.pl\/en\/wp-json\/wp\/v2\/types\/product"}],"replies":[{"embeddable":true,"href":"https:\/\/tomwer.com.pl\/en\/wp-json\/wp\/v2\/comments?post=431"}],"wp:featuredmedia":[{"embeddable":true,"href":"https:\/\/tomwer.com.pl\/en\/wp-json\/wp\/v2\/media\/828"}],"wp:attachment":[{"href":"https:\/\/tomwer.com.pl\/en\/wp-json\/wp\/v2\/media?parent=431"}],"wp:term":[{"taxonomy":"product_brand","embeddable":true,"href":"https:\/\/tomwer.com.pl\/en\/wp-json\/wp\/v2\/product_brand?post=431"},{"taxonomy":"product_cat","embeddable":true,"href":"https:\/\/tomwer.com.pl\/en\/wp-json\/wp\/v2\/product_cat?post=431"},{"taxonomy":"product_tag","embeddable":true,"href":"https:\/\/tomwer.com.pl\/en\/wp-json\/wp\/v2\/product_tag?post=431"}],"curies":[{"name":"wp","href":"https:\/\/api.w.org\/{rel}","templated":true}]}}