{"id":420,"date":"2021-01-06T21:13:59","date_gmt":"2021-01-06T20:13:59","guid":{"rendered":"https:\/\/tomwer.com.pl\/?post_type=product&#038;p=420"},"modified":"2025-02-19T07:41:27","modified_gmt":"2025-02-19T06:41:27","slug":"przewody-skrzyni-biegow-jeep-zj-5-2","status":"publish","type":"product","link":"https:\/\/tomwer.com.pl\/en\/product\/przewody-skrzyni-biegow-jeep-zj-5-2\/","title":{"rendered":"Jeep Grand Cherokee &quot;ZJ&quot; 5.2 gearbox cables"},"content":{"rendered":"","protected":false},"excerpt":{"rendered":"<p>44RE and 46HR gearbox oil lines for<b> JEEP Grand Cherokee ZJ 5.2<\/b>. The set consists of rigid cables (pipes) which are an exact reproduction of the original cables, and rubber connectors ended with a clamp. The kit allows you to replace the entire section from the gearbox to the radiator. Accurate reproduction of the tube geometry and careful adjustment of the length of the rubber hoses guarantee easy installation and trouble-free operation. Metal conduits made of 10\u00d71 hydraulic pipe protected against corrosion by galvanizing. Rubber hoses resistant to high temperature and high pressure, reinforced with textile braid.<\/p>","protected":false},"featured_media":1541,"comment_status":"open","ping_status":"closed","template":"","meta":{"_acf_changed":false},"product_brand":[],"product_cat":[27],"product_tag":[],"class_list":{"0":"post-420","1":"product","2":"type-product","3":"status-publish","4":"has-post-thumbnail","6":"product_cat-przewody-olejowe-skrzyni-biegow-jeep","8":"first","9":"instock","10":"shipping-taxable","11":"purchasable","12":"product-type-simple"},"acf":[],"yoast_head":"<!-- This site is optimized with the Yoast SEO plugin v26.9 - https:\/\/yoast.com\/product\/yoast-seo-wordpress\/ -->\n<title>Jeep Grand Cherokee &#039;&#039;ZJ&#039;&#039; 5.2 przewody skrzyni bieg\u00f3w<\/title>\n<meta name=\"description\" content=\"Przewody olejowe\u00a0skrzyni bieg\u00f3w do JEEP Grand\u00a0 Cherokee ZJ 5.2. Rura hydrauliczna precyzyjna 10x1, \u0142\u0105czniki gumowe zako\u0144czone opask\u0105 zaciskow\u0105.\" \/>\n<meta name=\"robots\" content=\"index, follow, max-snippet:-1, max-image-preview:large, max-video-preview:-1\" \/>\n<link rel=\"canonical\" href=\"https:\/\/tomwer.com.pl\/en\/product\/przewody-skrzyni-biegow-jeep-zj-5-2\/\" \/>\n<meta property=\"og:locale\" content=\"en_US\" \/>\n<meta property=\"og:type\" content=\"article\" \/>\n<meta property=\"og:title\" content=\"Jeep Grand Cherokee &#039;&#039;ZJ&#039;&#039; 5.2 przewody skrzyni bieg\u00f3w\" \/>\n<meta property=\"og:description\" content=\"Przewody olejowe\u00a0skrzyni bieg\u00f3w do JEEP Grand\u00a0 Cherokee ZJ 5.2. Rura hydrauliczna precyzyjna 10x1, \u0142\u0105czniki gumowe zako\u0144czone opask\u0105 zaciskow\u0105.\" \/>\n<meta property=\"og:url\" content=\"https:\/\/tomwer.com.pl\/en\/product\/przewody-skrzyni-biegow-jeep-zj-5-2\/\" \/>\n<meta property=\"og:site_name\" content=\"Tomwer - serwis i produkcja przewod\u00f3w hydraulicznych Wis\u0142a\" \/>\n<meta property=\"article:modified_time\" content=\"2025-02-19T06:41:27+00:00\" \/>\n<meta property=\"og:image\" content=\"https:\/\/tomwer.com.pl\/wp-content\/uploads\/2021\/01\/Group-77-1.png\" \/>\n\t<meta property=\"og:image:width\" content=\"900\" \/>\n\t<meta property=\"og:image:height\" content=\"900\" \/>\n\t<meta property=\"og:image:type\" content=\"image\/png\" \/>\n<meta name=\"twitter:card\" content=\"summary_large_image\" \/>\n<meta name=\"twitter:label1\" content=\"Est. reading time\" \/>\n\t<meta name=\"twitter:data1\" content=\"1 minute\" \/>\n<script type=\"application\/ld+json\" class=\"yoast-schema-graph\">{\"@context\":\"https:\/\/schema.org\",\"@graph\":[{\"@type\":\"WebPage\",\"@id\":\"https:\/\/tomwer.com.pl\/produkt\/przewody-skrzyni-biegow-jeep-zj-5-2\/\",\"url\":\"https:\/\/tomwer.com.pl\/produkt\/przewody-skrzyni-biegow-jeep-zj-5-2\/\",\"name\":\"Jeep Grand Cherokee ''ZJ'' 5.2 przewody skrzyni bieg\u00f3w\",\"isPartOf\":{\"@id\":\"https:\/\/tomwer.com.pl\/#website\"},\"primaryImageOfPage\":{\"@id\":\"https:\/\/tomwer.com.pl\/produkt\/przewody-skrzyni-biegow-jeep-zj-5-2\/#primaryimage\"},\"image\":{\"@id\":\"https:\/\/tomwer.com.pl\/produkt\/przewody-skrzyni-biegow-jeep-zj-5-2\/#primaryimage\"},\"thumbnailUrl\":\"https:\/\/tomwer.com.pl\/wp-content\/uploads\/2021\/01\/Group-77-1.png\",\"datePublished\":\"2021-01-06T20:13:59+00:00\",\"dateModified\":\"2025-02-19T06:41:27+00:00\",\"description\":\"Przewody olejowe\u00a0skrzyni bieg\u00f3w do JEEP Grand\u00a0 Cherokee ZJ 5.2. Rura hydrauliczna precyzyjna 10x1, \u0142\u0105czniki gumowe zako\u0144czone opask\u0105 zaciskow\u0105.\",\"breadcrumb\":{\"@id\":\"https:\/\/tomwer.com.pl\/produkt\/przewody-skrzyni-biegow-jeep-zj-5-2\/#breadcrumb\"},\"inLanguage\":\"en-US\",\"potentialAction\":[{\"@type\":\"ReadAction\",\"target\":[\"https:\/\/tomwer.com.pl\/produkt\/przewody-skrzyni-biegow-jeep-zj-5-2\/\"]}]},{\"@type\":\"ImageObject\",\"inLanguage\":\"en-US\",\"@id\":\"https:\/\/tomwer.com.pl\/produkt\/przewody-skrzyni-biegow-jeep-zj-5-2\/#primaryimage\",\"url\":\"https:\/\/tomwer.com.pl\/wp-content\/uploads\/2021\/01\/Group-77-1.png\",\"contentUrl\":\"https:\/\/tomwer.com.pl\/wp-content\/uploads\/2021\/01\/Group-77-1.png\",\"width\":900,\"height\":900},{\"@type\":\"BreadcrumbList\",\"@id\":\"https:\/\/tomwer.com.pl\/produkt\/przewody-skrzyni-biegow-jeep-zj-5-2\/#breadcrumb\",\"itemListElement\":[{\"@type\":\"ListItem\",\"position\":1,\"name\":\"Strona g\u0142\u00f3wna\",\"item\":\"https:\/\/tomwer.com.pl\/\"},{\"@type\":\"ListItem\",\"position\":2,\"name\":\"Wszystkie produkty\",\"item\":\"https:\/\/tomwer.com.pl\/sklep\/\"},{\"@type\":\"ListItem\",\"position\":3,\"name\":\"Jeep Grand Cherokee &#8221;ZJ&#8221; 5.2 przewody skrzyni bieg\u00f3w\"}]},{\"@type\":\"WebSite\",\"@id\":\"https:\/\/tomwer.com.pl\/#website\",\"url\":\"https:\/\/tomwer.com.pl\/\",\"name\":\"Tomwer - serwis i produkcja przewod\u00f3w hydraulicznych Wis\u0142a\",\"description\":\"G\u0142\u00f3wn\u0105 dzia\u0142alno\u015bci\u0105 firmy TOMWER jest serwis i produkcja przewod\u00f3w hydraulicznych.\",\"potentialAction\":[{\"@type\":\"SearchAction\",\"target\":{\"@type\":\"EntryPoint\",\"urlTemplate\":\"https:\/\/tomwer.com.pl\/?s={search_term_string}\"},\"query-input\":{\"@type\":\"PropertyValueSpecification\",\"valueRequired\":true,\"valueName\":\"search_term_string\"}}],\"inLanguage\":\"en-US\"}]}<\/script>\n<!-- \/ Yoast SEO plugin. -->","yoast_head_json":{"title":"Jeep Grand Cherokee &#039;&#039;ZJ&#039;&#039; 5.2 transmission hoses","description":"Przewody olejowe\u00a0skrzyni bieg\u00f3w do JEEP Grand\u00a0 Cherokee ZJ 5.2. Rura hydrauliczna precyzyjna 10x1, \u0142\u0105czniki gumowe zako\u0144czone opask\u0105 zaciskow\u0105.","robots":{"index":"index","follow":"follow","max-snippet":"max-snippet:-1","max-image-preview":"max-image-preview:large","max-video-preview":"max-video-preview:-1"},"canonical":"https:\/\/tomwer.com.pl\/en\/product\/przewody-skrzyni-biegow-jeep-zj-5-2\/","og_locale":"en_US","og_type":"article","og_title":"Jeep Grand Cherokee ''ZJ'' 5.2 przewody skrzyni bieg\u00f3w","og_description":"Przewody olejowe\u00a0skrzyni bieg\u00f3w do JEEP Grand\u00a0 Cherokee ZJ 5.2. Rura hydrauliczna precyzyjna 10x1, \u0142\u0105czniki gumowe zako\u0144czone opask\u0105 zaciskow\u0105.","og_url":"https:\/\/tomwer.com.pl\/en\/product\/przewody-skrzyni-biegow-jeep-zj-5-2\/","og_site_name":"Tomwer - serwis i produkcja przewod\u00f3w hydraulicznych Wis\u0142a","article_modified_time":"2025-02-19T06:41:27+00:00","og_image":[{"width":900,"height":900,"url":"https:\/\/tomwer.com.pl\/wp-content\/uploads\/2021\/01\/Group-77-1.png","type":"image\/png"}],"twitter_card":"summary_large_image","twitter_misc":{"Est. reading time":"1 minute"},"schema":{"@context":"https:\/\/schema.org","@graph":[{"@type":"WebPage","@id":"https:\/\/tomwer.com.pl\/produkt\/przewody-skrzyni-biegow-jeep-zj-5-2\/","url":"https:\/\/tomwer.com.pl\/produkt\/przewody-skrzyni-biegow-jeep-zj-5-2\/","name":"Jeep Grand Cherokee &#039;&#039;ZJ&#039;&#039; 5.2 transmission hoses","isPartOf":{"@id":"https:\/\/tomwer.com.pl\/#website"},"primaryImageOfPage":{"@id":"https:\/\/tomwer.com.pl\/produkt\/przewody-skrzyni-biegow-jeep-zj-5-2\/#primaryimage"},"image":{"@id":"https:\/\/tomwer.com.pl\/produkt\/przewody-skrzyni-biegow-jeep-zj-5-2\/#primaryimage"},"thumbnailUrl":"https:\/\/tomwer.com.pl\/wp-content\/uploads\/2021\/01\/Group-77-1.png","datePublished":"2021-01-06T20:13:59+00:00","dateModified":"2025-02-19T06:41:27+00:00","description":"Przewody olejowe\u00a0skrzyni bieg\u00f3w do JEEP Grand\u00a0 Cherokee ZJ 5.2. Rura hydrauliczna precyzyjna 10x1, \u0142\u0105czniki gumowe zako\u0144czone opask\u0105 zaciskow\u0105.","breadcrumb":{"@id":"https:\/\/tomwer.com.pl\/produkt\/przewody-skrzyni-biegow-jeep-zj-5-2\/#breadcrumb"},"inLanguage":"en-US","potentialAction":[{"@type":"ReadAction","target":["https:\/\/tomwer.com.pl\/produkt\/przewody-skrzyni-biegow-jeep-zj-5-2\/"]}]},{"@type":"ImageObject","inLanguage":"en-US","@id":"https:\/\/tomwer.com.pl\/produkt\/przewody-skrzyni-biegow-jeep-zj-5-2\/#primaryimage","url":"https:\/\/tomwer.com.pl\/wp-content\/uploads\/2021\/01\/Group-77-1.png","contentUrl":"https:\/\/tomwer.com.pl\/wp-content\/uploads\/2021\/01\/Group-77-1.png","width":900,"height":900},{"@type":"BreadcrumbList","@id":"https:\/\/tomwer.com.pl\/produkt\/przewody-skrzyni-biegow-jeep-zj-5-2\/#breadcrumb","itemListElement":[{"@type":"ListItem","position":1,"name":"Strona g\u0142\u00f3wna","item":"https:\/\/tomwer.com.pl\/"},{"@type":"ListItem","position":2,"name":"Wszystkie produkty","item":"https:\/\/tomwer.com.pl\/sklep\/"},{"@type":"ListItem","position":3,"name":"Jeep Grand Cherokee &#8221;ZJ&#8221; 5.2 przewody skrzyni bieg\u00f3w"}]},{"@type":"WebSite","@id":"https:\/\/tomwer.com.pl\/#website","url":"https:\/\/tomwer.com.pl\/","name":"Tomwer - service and production of hydraulic hoses Wis\u0142a","description":"The main activity of TOMWER is the service and production of hydraulic hoses.","potentialAction":[{"@type":"SearchAction","target":{"@type":"EntryPoint","urlTemplate":"https:\/\/tomwer.com.pl\/?s={search_term_string}"},"query-input":{"@type":"PropertyValueSpecification","valueRequired":true,"valueName":"search_term_string"}}],"inLanguage":"en-US"}]}},"_links":{"self":[{"href":"https:\/\/tomwer.com.pl\/en\/wp-json\/wp\/v2\/product\/420","targetHints":{"allow":["GET"]}}],"collection":[{"href":"https:\/\/tomwer.com.pl\/en\/wp-json\/wp\/v2\/product"}],"about":[{"href":"https:\/\/tomwer.com.pl\/en\/wp-json\/wp\/v2\/types\/product"}],"replies":[{"embeddable":true,"href":"https:\/\/tomwer.com.pl\/en\/wp-json\/wp\/v2\/comments?post=420"}],"wp:featuredmedia":[{"embeddable":true,"href":"https:\/\/tomwer.com.pl\/en\/wp-json\/wp\/v2\/media\/1541"}],"wp:attachment":[{"href":"https:\/\/tomwer.com.pl\/en\/wp-json\/wp\/v2\/media?parent=420"}],"wp:term":[{"taxonomy":"product_brand","embeddable":true,"href":"https:\/\/tomwer.com.pl\/en\/wp-json\/wp\/v2\/product_brand?post=420"},{"taxonomy":"product_cat","embeddable":true,"href":"https:\/\/tomwer.com.pl\/en\/wp-json\/wp\/v2\/product_cat?post=420"},{"taxonomy":"product_tag","embeddable":true,"href":"https:\/\/tomwer.com.pl\/en\/wp-json\/wp\/v2\/product_tag?post=420"}],"curies":[{"name":"wp","href":"https:\/\/api.w.org\/{rel}","templated":true}]}}