{"id":411,"date":"2021-01-06T11:50:43","date_gmt":"2021-01-06T10:50:43","guid":{"rendered":"https:\/\/tomwer.com.pl\/?post_type=product&#038;p=411"},"modified":"2023-12-31T16:43:57","modified_gmt":"2023-12-31T15:43:57","slug":"przewody-silikonowe-jeep-wj-4-7","status":"publish","type":"product","link":"https:\/\/tomwer.com.pl\/en\/product\/przewody-silikonowe-jeep-wj-4-7\/","title":{"rendered":"Jeep Grand Cherokee WJ 4.7 Silicone Radiator Hose (Upper)"},"content":{"rendered":"<p>Radiator hose for Jeep Grand Cherokee WJ 4.7. Made of silicone rubber reinforced with a quadruple polyester braid, despite the strong and durable braid, the connector is highly flexible and is several times stronger than standard rubber hoses. It does not leak, does not crack, and is resistant to any type of coolant. Very accurate reproduction of the original piping guarantees quick installation and trouble-free operation. Tested up to 10 Bar. Cable wall thickness 5-6mm. Operating temperature range 0d -60 to 240 degrees. Cable with clamps.<\/p>","protected":false},"excerpt":{"rendered":"<p>Radiator hose for <strong>Jeep Grand Cherokee WJ 4.7<\/strong> .Made of silicone rubber reinforced with a quadruple polyester braid, despite the strong and durable braid, the connector is highly flexible and is several times stronger than standard rubber cables. It does not leak, does not crack, and is resistant to any type of coolant. Very accurate reproduction of the original piping guarantees quick installation and trouble-free operation. Tested up to 10 Bar. Cable wall thickness 5-6mm. Operating temperature range 0d -60 to 240 degrees. Cable with clamps.<\/p>","protected":false},"featured_media":855,"comment_status":"open","ping_status":"closed","template":"","meta":{"_acf_changed":false},"product_brand":[],"product_cat":[29],"product_tag":[],"class_list":{"0":"post-411","1":"product","2":"type-product","3":"status-publish","4":"has-post-thumbnail","6":"product_cat-przewody-silikonowe","8":"first","9":"outofstock","10":"shipping-taxable","11":"purchasable","12":"product-type-simple"},"acf":[],"yoast_head":"<!-- This site is optimized with the Yoast SEO plugin v26.9 - https:\/\/yoast.com\/product\/yoast-seo-wordpress\/ -->\n<title>Jeep Grand Cherokee WJ 4,7 silikonowy przew\u00f3d ch\u0142odnicy (g\u00f3rny)<\/title>\n<meta name=\"description\" content=\"Silikonowy przew\u00f3d ch\u0142odnicy dla Jeep Grand Cherokee WJ 4,7 .Wykonany z kauczuku silikonowego wzmocnionego poczw\u00f3rnym oplotem poliestrowym.\" \/>\n<meta name=\"robots\" content=\"index, follow, max-snippet:-1, max-image-preview:large, max-video-preview:-1\" \/>\n<link rel=\"canonical\" href=\"https:\/\/tomwer.com.pl\/en\/product\/przewody-silikonowe-jeep-wj-4-7\/\" \/>\n<meta property=\"og:locale\" content=\"en_US\" \/>\n<meta property=\"og:type\" content=\"article\" \/>\n<meta property=\"og:title\" content=\"Jeep Grand Cherokee WJ 4,7 silikonowy przew\u00f3d ch\u0142odnicy (g\u00f3rny)\" \/>\n<meta property=\"og:description\" content=\"Silikonowy przew\u00f3d ch\u0142odnicy dla Jeep Grand Cherokee WJ 4,7 .Wykonany z kauczuku silikonowego wzmocnionego poczw\u00f3rnym oplotem poliestrowym.\" \/>\n<meta property=\"og:url\" content=\"https:\/\/tomwer.com.pl\/en\/product\/przewody-silikonowe-jeep-wj-4-7\/\" \/>\n<meta property=\"og:site_name\" content=\"Tomwer - serwis i produkcja przewod\u00f3w hydraulicznych Wis\u0142a\" \/>\n<meta property=\"article:modified_time\" content=\"2023-12-31T15:43:57+00:00\" \/>\n<meta property=\"og:image\" content=\"https:\/\/tomwer.com.pl\/wp-content\/uploads\/2022\/08\/wj-PhotoRoom-e1668810821975.png\" \/>\n\t<meta property=\"og:image:width\" content=\"200\" \/>\n\t<meta property=\"og:image:height\" content=\"225\" \/>\n\t<meta property=\"og:image:type\" content=\"image\/png\" \/>\n<meta name=\"twitter:card\" content=\"summary_large_image\" \/>\n<meta name=\"twitter:label1\" content=\"Est. reading time\" \/>\n\t<meta name=\"twitter:data1\" content=\"1 minute\" \/>\n<script type=\"application\/ld+json\" class=\"yoast-schema-graph\">{\"@context\":\"https:\/\/schema.org\",\"@graph\":[{\"@type\":\"WebPage\",\"@id\":\"https:\/\/tomwer.com.pl\/produkt\/przewody-silikonowe-jeep-wj-4-7\/\",\"url\":\"https:\/\/tomwer.com.pl\/produkt\/przewody-silikonowe-jeep-wj-4-7\/\",\"name\":\"Jeep Grand Cherokee WJ 4,7 silikonowy przew\u00f3d ch\u0142odnicy (g\u00f3rny)\",\"isPartOf\":{\"@id\":\"https:\/\/tomwer.com.pl\/#website\"},\"primaryImageOfPage\":{\"@id\":\"https:\/\/tomwer.com.pl\/produkt\/przewody-silikonowe-jeep-wj-4-7\/#primaryimage\"},\"image\":{\"@id\":\"https:\/\/tomwer.com.pl\/produkt\/przewody-silikonowe-jeep-wj-4-7\/#primaryimage\"},\"thumbnailUrl\":\"https:\/\/tomwer.com.pl\/wp-content\/uploads\/2022\/08\/wj-PhotoRoom-e1668810821975.png\",\"datePublished\":\"2021-01-06T10:50:43+00:00\",\"dateModified\":\"2023-12-31T15:43:57+00:00\",\"description\":\"Silikonowy przew\u00f3d ch\u0142odnicy dla Jeep Grand Cherokee WJ 4,7 .Wykonany z kauczuku silikonowego wzmocnionego poczw\u00f3rnym oplotem poliestrowym.\",\"breadcrumb\":{\"@id\":\"https:\/\/tomwer.com.pl\/produkt\/przewody-silikonowe-jeep-wj-4-7\/#breadcrumb\"},\"inLanguage\":\"en-US\",\"potentialAction\":[{\"@type\":\"ReadAction\",\"target\":[\"https:\/\/tomwer.com.pl\/produkt\/przewody-silikonowe-jeep-wj-4-7\/\"]}]},{\"@type\":\"ImageObject\",\"inLanguage\":\"en-US\",\"@id\":\"https:\/\/tomwer.com.pl\/produkt\/przewody-silikonowe-jeep-wj-4-7\/#primaryimage\",\"url\":\"https:\/\/tomwer.com.pl\/wp-content\/uploads\/2022\/08\/wj-PhotoRoom-e1668810821975.png\",\"contentUrl\":\"https:\/\/tomwer.com.pl\/wp-content\/uploads\/2022\/08\/wj-PhotoRoom-e1668810821975.png\",\"width\":200,\"height\":225},{\"@type\":\"BreadcrumbList\",\"@id\":\"https:\/\/tomwer.com.pl\/produkt\/przewody-silikonowe-jeep-wj-4-7\/#breadcrumb\",\"itemListElement\":[{\"@type\":\"ListItem\",\"position\":1,\"name\":\"Strona g\u0142\u00f3wna\",\"item\":\"https:\/\/tomwer.com.pl\/\"},{\"@type\":\"ListItem\",\"position\":2,\"name\":\"Wszystkie produkty\",\"item\":\"https:\/\/tomwer.com.pl\/sklep\/\"},{\"@type\":\"ListItem\",\"position\":3,\"name\":\"Jeep Grand Cherokee WJ 4,7 silikonowy przew\u00f3d ch\u0142odnicy (g\u00f3rny)\"}]},{\"@type\":\"WebSite\",\"@id\":\"https:\/\/tomwer.com.pl\/#website\",\"url\":\"https:\/\/tomwer.com.pl\/\",\"name\":\"Tomwer - serwis i produkcja przewod\u00f3w hydraulicznych Wis\u0142a\",\"description\":\"G\u0142\u00f3wn\u0105 dzia\u0142alno\u015bci\u0105 firmy TOMWER jest serwis i produkcja przewod\u00f3w hydraulicznych.\",\"potentialAction\":[{\"@type\":\"SearchAction\",\"target\":{\"@type\":\"EntryPoint\",\"urlTemplate\":\"https:\/\/tomwer.com.pl\/?s={search_term_string}\"},\"query-input\":{\"@type\":\"PropertyValueSpecification\",\"valueRequired\":true,\"valueName\":\"search_term_string\"}}],\"inLanguage\":\"en-US\"}]}<\/script>\n<!-- \/ Yoast SEO plugin. -->","yoast_head_json":{"title":"Jeep Grand Cherokee WJ 4.7 Silicone Radiator Hose (Upper)","description":"Silikonowy przew\u00f3d ch\u0142odnicy dla Jeep Grand Cherokee WJ 4,7 .Wykonany z kauczuku silikonowego wzmocnionego poczw\u00f3rnym oplotem poliestrowym.","robots":{"index":"index","follow":"follow","max-snippet":"max-snippet:-1","max-image-preview":"max-image-preview:large","max-video-preview":"max-video-preview:-1"},"canonical":"https:\/\/tomwer.com.pl\/en\/product\/przewody-silikonowe-jeep-wj-4-7\/","og_locale":"en_US","og_type":"article","og_title":"Jeep Grand Cherokee WJ 4,7 silikonowy przew\u00f3d ch\u0142odnicy (g\u00f3rny)","og_description":"Silikonowy przew\u00f3d ch\u0142odnicy dla Jeep Grand Cherokee WJ 4,7 .Wykonany z kauczuku silikonowego wzmocnionego poczw\u00f3rnym oplotem poliestrowym.","og_url":"https:\/\/tomwer.com.pl\/en\/product\/przewody-silikonowe-jeep-wj-4-7\/","og_site_name":"Tomwer - serwis i produkcja przewod\u00f3w hydraulicznych Wis\u0142a","article_modified_time":"2023-12-31T15:43:57+00:00","og_image":[{"width":200,"height":225,"url":"https:\/\/tomwer.com.pl\/wp-content\/uploads\/2022\/08\/wj-PhotoRoom-e1668810821975.png","type":"image\/png"}],"twitter_card":"summary_large_image","twitter_misc":{"Est. reading time":"1 minute"},"schema":{"@context":"https:\/\/schema.org","@graph":[{"@type":"WebPage","@id":"https:\/\/tomwer.com.pl\/produkt\/przewody-silikonowe-jeep-wj-4-7\/","url":"https:\/\/tomwer.com.pl\/produkt\/przewody-silikonowe-jeep-wj-4-7\/","name":"Jeep Grand Cherokee WJ 4.7 Silicone Radiator Hose (Upper)","isPartOf":{"@id":"https:\/\/tomwer.com.pl\/#website"},"primaryImageOfPage":{"@id":"https:\/\/tomwer.com.pl\/produkt\/przewody-silikonowe-jeep-wj-4-7\/#primaryimage"},"image":{"@id":"https:\/\/tomwer.com.pl\/produkt\/przewody-silikonowe-jeep-wj-4-7\/#primaryimage"},"thumbnailUrl":"https:\/\/tomwer.com.pl\/wp-content\/uploads\/2022\/08\/wj-PhotoRoom-e1668810821975.png","datePublished":"2021-01-06T10:50:43+00:00","dateModified":"2023-12-31T15:43:57+00:00","description":"Silikonowy przew\u00f3d ch\u0142odnicy dla Jeep Grand Cherokee WJ 4,7 .Wykonany z kauczuku silikonowego wzmocnionego poczw\u00f3rnym oplotem poliestrowym.","breadcrumb":{"@id":"https:\/\/tomwer.com.pl\/produkt\/przewody-silikonowe-jeep-wj-4-7\/#breadcrumb"},"inLanguage":"en-US","potentialAction":[{"@type":"ReadAction","target":["https:\/\/tomwer.com.pl\/produkt\/przewody-silikonowe-jeep-wj-4-7\/"]}]},{"@type":"ImageObject","inLanguage":"en-US","@id":"https:\/\/tomwer.com.pl\/produkt\/przewody-silikonowe-jeep-wj-4-7\/#primaryimage","url":"https:\/\/tomwer.com.pl\/wp-content\/uploads\/2022\/08\/wj-PhotoRoom-e1668810821975.png","contentUrl":"https:\/\/tomwer.com.pl\/wp-content\/uploads\/2022\/08\/wj-PhotoRoom-e1668810821975.png","width":200,"height":225},{"@type":"BreadcrumbList","@id":"https:\/\/tomwer.com.pl\/produkt\/przewody-silikonowe-jeep-wj-4-7\/#breadcrumb","itemListElement":[{"@type":"ListItem","position":1,"name":"Strona g\u0142\u00f3wna","item":"https:\/\/tomwer.com.pl\/"},{"@type":"ListItem","position":2,"name":"Wszystkie produkty","item":"https:\/\/tomwer.com.pl\/sklep\/"},{"@type":"ListItem","position":3,"name":"Jeep Grand Cherokee WJ 4,7 silikonowy przew\u00f3d ch\u0142odnicy (g\u00f3rny)"}]},{"@type":"WebSite","@id":"https:\/\/tomwer.com.pl\/#website","url":"https:\/\/tomwer.com.pl\/","name":"Tomwer - service and production of hydraulic hoses Wis\u0142a","description":"The main activity of TOMWER is the service and production of hydraulic hoses.","potentialAction":[{"@type":"SearchAction","target":{"@type":"EntryPoint","urlTemplate":"https:\/\/tomwer.com.pl\/?s={search_term_string}"},"query-input":{"@type":"PropertyValueSpecification","valueRequired":true,"valueName":"search_term_string"}}],"inLanguage":"en-US"}]}},"_links":{"self":[{"href":"https:\/\/tomwer.com.pl\/en\/wp-json\/wp\/v2\/product\/411","targetHints":{"allow":["GET"]}}],"collection":[{"href":"https:\/\/tomwer.com.pl\/en\/wp-json\/wp\/v2\/product"}],"about":[{"href":"https:\/\/tomwer.com.pl\/en\/wp-json\/wp\/v2\/types\/product"}],"replies":[{"embeddable":true,"href":"https:\/\/tomwer.com.pl\/en\/wp-json\/wp\/v2\/comments?post=411"}],"wp:featuredmedia":[{"embeddable":true,"href":"https:\/\/tomwer.com.pl\/en\/wp-json\/wp\/v2\/media\/855"}],"wp:attachment":[{"href":"https:\/\/tomwer.com.pl\/en\/wp-json\/wp\/v2\/media?parent=411"}],"wp:term":[{"taxonomy":"product_brand","embeddable":true,"href":"https:\/\/tomwer.com.pl\/en\/wp-json\/wp\/v2\/product_brand?post=411"},{"taxonomy":"product_cat","embeddable":true,"href":"https:\/\/tomwer.com.pl\/en\/wp-json\/wp\/v2\/product_cat?post=411"},{"taxonomy":"product_tag","embeddable":true,"href":"https:\/\/tomwer.com.pl\/en\/wp-json\/wp\/v2\/product_tag?post=411"}],"curies":[{"name":"wp","href":"https:\/\/api.w.org\/{rel}","templated":true}]}}