{"id":402,"date":"2020-08-31T17:30:57","date_gmt":"2020-08-31T15:30:57","guid":{"rendered":"https:\/\/tomwer.com.pl\/?post_type=product&#038;p=402"},"modified":"2023-12-28T21:31:58","modified_gmt":"2023-12-28T20:31:58","slug":"przewody-olejowe-skrzyni-aw4-jeep-xj-4-0","status":"publish","type":"product","link":"https:\/\/tomwer.com.pl\/en\/product\/przewody-olejowe-skrzyni-aw4-jeep-xj-4-0\/","title":{"rendered":"Jeep Cherokee &quot;XJ&quot; transmission oil lines"},"content":{"rendered":"","protected":false},"excerpt":{"rendered":"<p>New oil lines for<b> JEEP Cherokee XJ 4.0 AW4<\/b> . The kit allows you to replace the entire section from the gearbox to the radiator. Accurate reproduction of the tube geometry and careful adjustment of the length of the rubber hoses guarantee easy installation and trouble-free operation. Metal conduits made of 10\u00d71 hydraulic pipe protected against corrosion by galvanizing. Rubber hoses resistant to high temperature and high pressure, reinforced with textile braid. The set is suitable for 2 ATF fluid coolers. The photos show the installed set.<\/p>\n<p>&nbsp;<\/p>\n<p>&nbsp;<\/p>\n<hr \/>\n<p>The set is suitable for 2 ATF fluid coolers.<\/p>\n<p><img decoding=\"async\" class=\"alignnone size-medium wp-image-849 lazyload\" data-src=\"https:\/\/tomwer.com.pl\/wp-content\/uploads\/2020\/08\/5003096AC-DO-3-300x300.jpg\" alt=\"\" width=\"300\" height=\"300\" data-srcset=\"https:\/\/tomwer.com.pl\/wp-content\/uploads\/2020\/08\/5003096AC-DO-3-300x300.jpg 300w, https:\/\/tomwer.com.pl\/wp-content\/uploads\/2020\/08\/5003096AC-DO-3-500x500.jpg 500w, https:\/\/tomwer.com.pl\/wp-content\/uploads\/2020\/08\/5003096AC-DO-3-100x100.jpg 100w, https:\/\/tomwer.com.pl\/wp-content\/uploads\/2020\/08\/5003096AC-DO-3-64x64.jpg 64w, https:\/\/tomwer.com.pl\/wp-content\/uploads\/2020\/08\/5003096AC-DO-3-150x150.jpg 150w, https:\/\/tomwer.com.pl\/wp-content\/uploads\/2020\/08\/5003096AC-DO-3.jpg 600w\" data-sizes=\"(max-width: 300px) 100vw, 300px\" src=\"data:image\/svg+xml;base64,PHN2ZyB3aWR0aD0iMSIgaGVpZ2h0PSIxIiB4bWxucz0iaHR0cDovL3d3dy53My5vcmcvMjAwMC9zdmciPjwvc3ZnPg==\" style=\"--smush-placeholder-width: 300px; --smush-placeholder-aspect-ratio: 300\/300;\" \/><\/p>","protected":false},"featured_media":1526,"comment_status":"open","ping_status":"closed","template":"","meta":{"_acf_changed":false},"product_brand":[],"product_cat":[27],"product_tag":[],"class_list":{"0":"post-402","1":"product","2":"type-product","3":"status-publish","4":"has-post-thumbnail","6":"product_cat-przewody-olejowe-skrzyni-biegow-jeep","8":"first","9":"instock","10":"shipping-taxable","11":"purchasable","12":"product-type-simple"},"acf":[],"yoast_head":"<!-- This site is optimized with the Yoast SEO plugin v26.9 - https:\/\/yoast.com\/product\/yoast-seo-wordpress\/ -->\n<title>Jeep Cherokee &quot;XJ&quot; przewody olejowe skrzyni<\/title>\n<meta name=\"description\" content=\"Nowy zestaw\u00a0 przewod\u00f3w olejowych do JEEP XJ 4.0 AW4. Zestaw pozwala na wymian\u0119 ca\u0142ego odcinka od skrzyni bieg\u00f3w do ch\u0142odnicy\" \/>\n<meta name=\"robots\" content=\"index, follow, max-snippet:-1, max-image-preview:large, max-video-preview:-1\" \/>\n<link rel=\"canonical\" href=\"https:\/\/tomwer.com.pl\/en\/product\/przewody-olejowe-skrzyni-aw4-jeep-xj-4-0\/\" \/>\n<meta property=\"og:locale\" content=\"en_US\" \/>\n<meta property=\"og:type\" content=\"article\" \/>\n<meta property=\"og:title\" content=\"Jeep Cherokee &quot;XJ&quot; przewody olejowe skrzyni\" \/>\n<meta property=\"og:description\" content=\"Nowy zestaw\u00a0 przewod\u00f3w olejowych do JEEP XJ 4.0 AW4. Zestaw pozwala na wymian\u0119 ca\u0142ego odcinka od skrzyni bieg\u00f3w do ch\u0142odnicy\" \/>\n<meta property=\"og:url\" content=\"https:\/\/tomwer.com.pl\/en\/product\/przewody-olejowe-skrzyni-aw4-jeep-xj-4-0\/\" \/>\n<meta property=\"og:site_name\" content=\"Tomwer - serwis i produkcja przewod\u00f3w hydraulicznych Wis\u0142a\" \/>\n<meta property=\"article:modified_time\" content=\"2023-12-28T20:31:58+00:00\" \/>\n<meta property=\"og:image\" content=\"https:\/\/tomwer.com.pl\/wp-content\/uploads\/2020\/08\/Group-76.png\" \/>\n\t<meta property=\"og:image:width\" content=\"900\" \/>\n\t<meta property=\"og:image:height\" content=\"900\" \/>\n\t<meta property=\"og:image:type\" content=\"image\/png\" \/>\n<meta name=\"twitter:card\" content=\"summary_large_image\" \/>\n<script type=\"application\/ld+json\" class=\"yoast-schema-graph\">{\"@context\":\"https:\/\/schema.org\",\"@graph\":[{\"@type\":\"WebPage\",\"@id\":\"https:\/\/tomwer.com.pl\/produkt\/przewody-olejowe-skrzyni-aw4-jeep-xj-4-0\/\",\"url\":\"https:\/\/tomwer.com.pl\/produkt\/przewody-olejowe-skrzyni-aw4-jeep-xj-4-0\/\",\"name\":\"Jeep Cherokee \\\"XJ\\\" przewody olejowe skrzyni\",\"isPartOf\":{\"@id\":\"https:\/\/tomwer.com.pl\/#website\"},\"primaryImageOfPage\":{\"@id\":\"https:\/\/tomwer.com.pl\/produkt\/przewody-olejowe-skrzyni-aw4-jeep-xj-4-0\/#primaryimage\"},\"image\":{\"@id\":\"https:\/\/tomwer.com.pl\/produkt\/przewody-olejowe-skrzyni-aw4-jeep-xj-4-0\/#primaryimage\"},\"thumbnailUrl\":\"https:\/\/tomwer.com.pl\/wp-content\/uploads\/2020\/08\/Group-76.png\",\"datePublished\":\"2020-08-31T15:30:57+00:00\",\"dateModified\":\"2023-12-28T20:31:58+00:00\",\"description\":\"Nowy zestaw\u00a0 przewod\u00f3w olejowych do JEEP XJ 4.0 AW4. Zestaw pozwala na wymian\u0119 ca\u0142ego odcinka od skrzyni bieg\u00f3w do ch\u0142odnicy\",\"breadcrumb\":{\"@id\":\"https:\/\/tomwer.com.pl\/produkt\/przewody-olejowe-skrzyni-aw4-jeep-xj-4-0\/#breadcrumb\"},\"inLanguage\":\"en-US\",\"potentialAction\":[{\"@type\":\"ReadAction\",\"target\":[\"https:\/\/tomwer.com.pl\/produkt\/przewody-olejowe-skrzyni-aw4-jeep-xj-4-0\/\"]}]},{\"@type\":\"ImageObject\",\"inLanguage\":\"en-US\",\"@id\":\"https:\/\/tomwer.com.pl\/produkt\/przewody-olejowe-skrzyni-aw4-jeep-xj-4-0\/#primaryimage\",\"url\":\"https:\/\/tomwer.com.pl\/wp-content\/uploads\/2020\/08\/Group-76.png\",\"contentUrl\":\"https:\/\/tomwer.com.pl\/wp-content\/uploads\/2020\/08\/Group-76.png\",\"width\":900,\"height\":900},{\"@type\":\"BreadcrumbList\",\"@id\":\"https:\/\/tomwer.com.pl\/produkt\/przewody-olejowe-skrzyni-aw4-jeep-xj-4-0\/#breadcrumb\",\"itemListElement\":[{\"@type\":\"ListItem\",\"position\":1,\"name\":\"Strona g\u0142\u00f3wna\",\"item\":\"https:\/\/tomwer.com.pl\/\"},{\"@type\":\"ListItem\",\"position\":2,\"name\":\"Wszystkie produkty\",\"item\":\"https:\/\/tomwer.com.pl\/sklep\/\"},{\"@type\":\"ListItem\",\"position\":3,\"name\":\"Jeep Cherokee &#8222;XJ&#8221; przewody olejowe skrzyni\"}]},{\"@type\":\"WebSite\",\"@id\":\"https:\/\/tomwer.com.pl\/#website\",\"url\":\"https:\/\/tomwer.com.pl\/\",\"name\":\"Tomwer - serwis i produkcja przewod\u00f3w hydraulicznych Wis\u0142a\",\"description\":\"G\u0142\u00f3wn\u0105 dzia\u0142alno\u015bci\u0105 firmy TOMWER jest serwis i produkcja przewod\u00f3w hydraulicznych.\",\"potentialAction\":[{\"@type\":\"SearchAction\",\"target\":{\"@type\":\"EntryPoint\",\"urlTemplate\":\"https:\/\/tomwer.com.pl\/?s={search_term_string}\"},\"query-input\":{\"@type\":\"PropertyValueSpecification\",\"valueRequired\":true,\"valueName\":\"search_term_string\"}}],\"inLanguage\":\"en-US\"}]}<\/script>\n<!-- \/ Yoast SEO plugin. -->","yoast_head_json":{"title":"Jeep Cherokee &quot;XJ&quot; transmission oil lines","description":"Nowy zestaw\u00a0 przewod\u00f3w olejowych do JEEP XJ 4.0 AW4. Zestaw pozwala na wymian\u0119 ca\u0142ego odcinka od skrzyni bieg\u00f3w do ch\u0142odnicy","robots":{"index":"index","follow":"follow","max-snippet":"max-snippet:-1","max-image-preview":"max-image-preview:large","max-video-preview":"max-video-preview:-1"},"canonical":"https:\/\/tomwer.com.pl\/en\/product\/przewody-olejowe-skrzyni-aw4-jeep-xj-4-0\/","og_locale":"en_US","og_type":"article","og_title":"Jeep Cherokee \"XJ\" przewody olejowe skrzyni","og_description":"Nowy zestaw\u00a0 przewod\u00f3w olejowych do JEEP XJ 4.0 AW4. Zestaw pozwala na wymian\u0119 ca\u0142ego odcinka od skrzyni bieg\u00f3w do ch\u0142odnicy","og_url":"https:\/\/tomwer.com.pl\/en\/product\/przewody-olejowe-skrzyni-aw4-jeep-xj-4-0\/","og_site_name":"Tomwer - serwis i produkcja przewod\u00f3w hydraulicznych Wis\u0142a","article_modified_time":"2023-12-28T20:31:58+00:00","og_image":[{"width":900,"height":900,"url":"https:\/\/tomwer.com.pl\/wp-content\/uploads\/2020\/08\/Group-76.png","type":"image\/png"}],"twitter_card":"summary_large_image","schema":{"@context":"https:\/\/schema.org","@graph":[{"@type":"WebPage","@id":"https:\/\/tomwer.com.pl\/produkt\/przewody-olejowe-skrzyni-aw4-jeep-xj-4-0\/","url":"https:\/\/tomwer.com.pl\/produkt\/przewody-olejowe-skrzyni-aw4-jeep-xj-4-0\/","name":"Jeep Cherokee &quot;XJ&quot; transmission oil lines","isPartOf":{"@id":"https:\/\/tomwer.com.pl\/#website"},"primaryImageOfPage":{"@id":"https:\/\/tomwer.com.pl\/produkt\/przewody-olejowe-skrzyni-aw4-jeep-xj-4-0\/#primaryimage"},"image":{"@id":"https:\/\/tomwer.com.pl\/produkt\/przewody-olejowe-skrzyni-aw4-jeep-xj-4-0\/#primaryimage"},"thumbnailUrl":"https:\/\/tomwer.com.pl\/wp-content\/uploads\/2020\/08\/Group-76.png","datePublished":"2020-08-31T15:30:57+00:00","dateModified":"2023-12-28T20:31:58+00:00","description":"Nowy zestaw\u00a0 przewod\u00f3w olejowych do JEEP XJ 4.0 AW4. Zestaw pozwala na wymian\u0119 ca\u0142ego odcinka od skrzyni bieg\u00f3w do ch\u0142odnicy","breadcrumb":{"@id":"https:\/\/tomwer.com.pl\/produkt\/przewody-olejowe-skrzyni-aw4-jeep-xj-4-0\/#breadcrumb"},"inLanguage":"en-US","potentialAction":[{"@type":"ReadAction","target":["https:\/\/tomwer.com.pl\/produkt\/przewody-olejowe-skrzyni-aw4-jeep-xj-4-0\/"]}]},{"@type":"ImageObject","inLanguage":"en-US","@id":"https:\/\/tomwer.com.pl\/produkt\/przewody-olejowe-skrzyni-aw4-jeep-xj-4-0\/#primaryimage","url":"https:\/\/tomwer.com.pl\/wp-content\/uploads\/2020\/08\/Group-76.png","contentUrl":"https:\/\/tomwer.com.pl\/wp-content\/uploads\/2020\/08\/Group-76.png","width":900,"height":900},{"@type":"BreadcrumbList","@id":"https:\/\/tomwer.com.pl\/produkt\/przewody-olejowe-skrzyni-aw4-jeep-xj-4-0\/#breadcrumb","itemListElement":[{"@type":"ListItem","position":1,"name":"Strona g\u0142\u00f3wna","item":"https:\/\/tomwer.com.pl\/"},{"@type":"ListItem","position":2,"name":"Wszystkie produkty","item":"https:\/\/tomwer.com.pl\/sklep\/"},{"@type":"ListItem","position":3,"name":"Jeep Cherokee &#8222;XJ&#8221; przewody olejowe skrzyni"}]},{"@type":"WebSite","@id":"https:\/\/tomwer.com.pl\/#website","url":"https:\/\/tomwer.com.pl\/","name":"Tomwer - service and production of hydraulic hoses Wis\u0142a","description":"The main activity of TOMWER is the service and production of hydraulic hoses.","potentialAction":[{"@type":"SearchAction","target":{"@type":"EntryPoint","urlTemplate":"https:\/\/tomwer.com.pl\/?s={search_term_string}"},"query-input":{"@type":"PropertyValueSpecification","valueRequired":true,"valueName":"search_term_string"}}],"inLanguage":"en-US"}]}},"_links":{"self":[{"href":"https:\/\/tomwer.com.pl\/en\/wp-json\/wp\/v2\/product\/402","targetHints":{"allow":["GET"]}}],"collection":[{"href":"https:\/\/tomwer.com.pl\/en\/wp-json\/wp\/v2\/product"}],"about":[{"href":"https:\/\/tomwer.com.pl\/en\/wp-json\/wp\/v2\/types\/product"}],"replies":[{"embeddable":true,"href":"https:\/\/tomwer.com.pl\/en\/wp-json\/wp\/v2\/comments?post=402"}],"wp:featuredmedia":[{"embeddable":true,"href":"https:\/\/tomwer.com.pl\/en\/wp-json\/wp\/v2\/media\/1526"}],"wp:attachment":[{"href":"https:\/\/tomwer.com.pl\/en\/wp-json\/wp\/v2\/media?parent=402"}],"wp:term":[{"taxonomy":"product_brand","embeddable":true,"href":"https:\/\/tomwer.com.pl\/en\/wp-json\/wp\/v2\/product_brand?post=402"},{"taxonomy":"product_cat","embeddable":true,"href":"https:\/\/tomwer.com.pl\/en\/wp-json\/wp\/v2\/product_cat?post=402"},{"taxonomy":"product_tag","embeddable":true,"href":"https:\/\/tomwer.com.pl\/en\/wp-json\/wp\/v2\/product_tag?post=402"}],"curies":[{"name":"wp","href":"https:\/\/api.w.org\/{rel}","templated":true}]}}