{"id":3635,"date":"2026-01-29T19:18:31","date_gmt":"2026-01-29T18:18:31","guid":{"rendered":"https:\/\/tomwer.com.pl\/?post_type=product&#038;p=3635"},"modified":"2026-04-07T20:33:16","modified_gmt":"2026-04-07T18:33:16","slug":"jeep-wg-2-7-crd-przewody-podgrzewacza-wody","status":"publish","type":"product","link":"https:\/\/tomwer.com.pl\/en\/product\/jeep-wg-2-7-crd-przewody-podgrzewacza-wody\/","title":{"rendered":"JEEP WG 2.7 CRD &#8211; przewody podgrzewacza wody"},"content":{"rendered":"","protected":false},"excerpt":{"rendered":"<h4>Przewody podgrzewacza wody do Jeep Grand Cherokee WJ\/WG 2.7 CRD. Wykonane z wysokiej jako\u015bci gumy EPDM, wzmocnione oplotem aramidowym, co zapewnia wysok\u0105 odporno\u015b\u0107 na temperatur\u0119, ci\u015bnienie oraz d\u0142ug\u0105 \u017cywotno\u015b\u0107. Przewody wykonano na wz\u00f3r oryginalnych element\u00f3w.\u00a0 Dok\u0142adne odwzorowanie geometrii oraz \u00a0precyzyjne dopasowanie gwarantuje \u0142atwy monta\u017c, idealn\u0105 szczelno\u015b\u0107 oraz d\u0142ug\u0105 i bezproblemow\u0105 eksploatacj\u0119.<\/h4>","protected":false},"featured_media":3638,"comment_status":"closed","ping_status":"closed","template":"","meta":{"_acf_changed":false},"product_brand":[],"product_cat":[29],"product_tag":[],"class_list":{"0":"post-3635","1":"product","2":"type-product","3":"status-publish","4":"has-post-thumbnail","6":"product_cat-przewody-silikonowe","8":"first","9":"instock","10":"shipping-taxable","11":"purchasable","12":"product-type-simple"},"acf":[],"yoast_head":"<!-- This site is optimized with the Yoast SEO plugin v26.9 - https:\/\/yoast.com\/product\/yoast-seo-wordpress\/ -->\n<title>JEEP WG 2.7 CRD - przewody podgrzewacza wody - Tomwer - serwis i produkcja przewod\u00f3w hydraulicznych Wis\u0142a<\/title>\n<meta name=\"description\" content=\"Przewody podgrzewacza wody do JEEP WG 2.7 CRD. Wykonane z gumy EPDM wzmocnione oplotem aramidowym. Dok\u0142adne odwzorowanie przewod\u00f3w.\" \/>\n<meta name=\"robots\" content=\"index, follow, max-snippet:-1, max-image-preview:large, max-video-preview:-1\" \/>\n<link rel=\"canonical\" href=\"https:\/\/tomwer.com.pl\/en\/product\/jeep-wg-2-7-crd-przewody-podgrzewacza-wody\/\" \/>\n<meta property=\"og:locale\" content=\"en_US\" \/>\n<meta property=\"og:type\" content=\"article\" \/>\n<meta property=\"og:title\" content=\"JEEP WG 2.7 CRD - przewody podgrzewacza wody - Tomwer - serwis i produkcja przewod\u00f3w hydraulicznych Wis\u0142a\" \/>\n<meta property=\"og:description\" content=\"Przewody podgrzewacza wody do JEEP WG 2.7 CRD. Wykonane z gumy EPDM wzmocnione oplotem aramidowym. Dok\u0142adne odwzorowanie przewod\u00f3w.\" \/>\n<meta property=\"og:url\" content=\"https:\/\/tomwer.com.pl\/en\/product\/jeep-wg-2-7-crd-przewody-podgrzewacza-wody\/\" \/>\n<meta property=\"og:site_name\" content=\"Tomwer - serwis i produkcja przewod\u00f3w hydraulicznych Wis\u0142a\" \/>\n<meta property=\"article:modified_time\" content=\"2026-04-07T18:33:16+00:00\" \/>\n<meta property=\"og:image\" content=\"https:\/\/tomwer.com.pl\/wp-content\/uploads\/2026\/01\/Frame-217.png\" \/>\n\t<meta property=\"og:image:width\" content=\"900\" \/>\n\t<meta property=\"og:image:height\" content=\"900\" \/>\n\t<meta property=\"og:image:type\" content=\"image\/png\" \/>\n<meta name=\"twitter:card\" content=\"summary_large_image\" \/>\n<meta name=\"twitter:label1\" content=\"Est. reading time\" \/>\n\t<meta name=\"twitter:data1\" content=\"1 minute\" \/>\n<script type=\"application\/ld+json\" class=\"yoast-schema-graph\">{\"@context\":\"https:\/\/schema.org\",\"@graph\":[{\"@type\":\"WebPage\",\"@id\":\"https:\/\/tomwer.com.pl\/produkt\/jeep-wg-2-7-crd-przewody-podgrzewacza-wody\/\",\"url\":\"https:\/\/tomwer.com.pl\/produkt\/jeep-wg-2-7-crd-przewody-podgrzewacza-wody\/\",\"name\":\"JEEP WG 2.7 CRD - przewody podgrzewacza wody - Tomwer - serwis i produkcja przewod\u00f3w hydraulicznych Wis\u0142a\",\"isPartOf\":{\"@id\":\"https:\/\/tomwer.com.pl\/#website\"},\"primaryImageOfPage\":{\"@id\":\"https:\/\/tomwer.com.pl\/produkt\/jeep-wg-2-7-crd-przewody-podgrzewacza-wody\/#primaryimage\"},\"image\":{\"@id\":\"https:\/\/tomwer.com.pl\/produkt\/jeep-wg-2-7-crd-przewody-podgrzewacza-wody\/#primaryimage\"},\"thumbnailUrl\":\"https:\/\/tomwer.com.pl\/wp-content\/uploads\/2026\/01\/Frame-217.png\",\"datePublished\":\"2026-01-29T18:18:31+00:00\",\"dateModified\":\"2026-04-07T18:33:16+00:00\",\"description\":\"Przewody podgrzewacza wody do JEEP WG 2.7 CRD. Wykonane z gumy EPDM wzmocnione oplotem aramidowym. Dok\u0142adne odwzorowanie przewod\u00f3w.\",\"breadcrumb\":{\"@id\":\"https:\/\/tomwer.com.pl\/produkt\/jeep-wg-2-7-crd-przewody-podgrzewacza-wody\/#breadcrumb\"},\"inLanguage\":\"en-US\",\"potentialAction\":[{\"@type\":\"ReadAction\",\"target\":[\"https:\/\/tomwer.com.pl\/produkt\/jeep-wg-2-7-crd-przewody-podgrzewacza-wody\/\"]}]},{\"@type\":\"ImageObject\",\"inLanguage\":\"en-US\",\"@id\":\"https:\/\/tomwer.com.pl\/produkt\/jeep-wg-2-7-crd-przewody-podgrzewacza-wody\/#primaryimage\",\"url\":\"https:\/\/tomwer.com.pl\/wp-content\/uploads\/2026\/01\/Frame-217.png\",\"contentUrl\":\"https:\/\/tomwer.com.pl\/wp-content\/uploads\/2026\/01\/Frame-217.png\",\"width\":900,\"height\":900},{\"@type\":\"BreadcrumbList\",\"@id\":\"https:\/\/tomwer.com.pl\/produkt\/jeep-wg-2-7-crd-przewody-podgrzewacza-wody\/#breadcrumb\",\"itemListElement\":[{\"@type\":\"ListItem\",\"position\":1,\"name\":\"Strona g\u0142\u00f3wna\",\"item\":\"https:\/\/tomwer.com.pl\/\"},{\"@type\":\"ListItem\",\"position\":2,\"name\":\"Wszystkie produkty\",\"item\":\"https:\/\/tomwer.com.pl\/sklep\/\"},{\"@type\":\"ListItem\",\"position\":3,\"name\":\"JEEP WG 2.7 CRD &#8211; przewody podgrzewacza wody\"}]},{\"@type\":\"WebSite\",\"@id\":\"https:\/\/tomwer.com.pl\/#website\",\"url\":\"https:\/\/tomwer.com.pl\/\",\"name\":\"Tomwer - serwis i produkcja przewod\u00f3w hydraulicznych Wis\u0142a\",\"description\":\"G\u0142\u00f3wn\u0105 dzia\u0142alno\u015bci\u0105 firmy TOMWER jest serwis i produkcja przewod\u00f3w hydraulicznych.\",\"potentialAction\":[{\"@type\":\"SearchAction\",\"target\":{\"@type\":\"EntryPoint\",\"urlTemplate\":\"https:\/\/tomwer.com.pl\/?s={search_term_string}\"},\"query-input\":{\"@type\":\"PropertyValueSpecification\",\"valueRequired\":true,\"valueName\":\"search_term_string\"}}],\"inLanguage\":\"en-US\"}]}<\/script>\n<!-- \/ Yoast SEO plugin. -->","yoast_head_json":{"title":"JEEP WG 2.7 CRD - przewody podgrzewacza wody - Tomwer - serwis i produkcja przewod\u00f3w hydraulicznych Wis\u0142a","description":"Przewody podgrzewacza wody do JEEP WG 2.7 CRD. Wykonane z gumy EPDM wzmocnione oplotem aramidowym. Dok\u0142adne odwzorowanie przewod\u00f3w.","robots":{"index":"index","follow":"follow","max-snippet":"max-snippet:-1","max-image-preview":"max-image-preview:large","max-video-preview":"max-video-preview:-1"},"canonical":"https:\/\/tomwer.com.pl\/en\/product\/jeep-wg-2-7-crd-przewody-podgrzewacza-wody\/","og_locale":"en_US","og_type":"article","og_title":"JEEP WG 2.7 CRD - przewody podgrzewacza wody - Tomwer - serwis i produkcja przewod\u00f3w hydraulicznych Wis\u0142a","og_description":"Przewody podgrzewacza wody do JEEP WG 2.7 CRD. Wykonane z gumy EPDM wzmocnione oplotem aramidowym. Dok\u0142adne odwzorowanie przewod\u00f3w.","og_url":"https:\/\/tomwer.com.pl\/en\/product\/jeep-wg-2-7-crd-przewody-podgrzewacza-wody\/","og_site_name":"Tomwer - serwis i produkcja przewod\u00f3w hydraulicznych Wis\u0142a","article_modified_time":"2026-04-07T18:33:16+00:00","og_image":[{"width":900,"height":900,"url":"https:\/\/tomwer.com.pl\/wp-content\/uploads\/2026\/01\/Frame-217.png","type":"image\/png"}],"twitter_card":"summary_large_image","twitter_misc":{"Est. reading time":"1 minute"},"schema":{"@context":"https:\/\/schema.org","@graph":[{"@type":"WebPage","@id":"https:\/\/tomwer.com.pl\/produkt\/jeep-wg-2-7-crd-przewody-podgrzewacza-wody\/","url":"https:\/\/tomwer.com.pl\/produkt\/jeep-wg-2-7-crd-przewody-podgrzewacza-wody\/","name":"JEEP WG 2.7 CRD - przewody podgrzewacza wody - Tomwer - serwis i produkcja przewod\u00f3w hydraulicznych Wis\u0142a","isPartOf":{"@id":"https:\/\/tomwer.com.pl\/#website"},"primaryImageOfPage":{"@id":"https:\/\/tomwer.com.pl\/produkt\/jeep-wg-2-7-crd-przewody-podgrzewacza-wody\/#primaryimage"},"image":{"@id":"https:\/\/tomwer.com.pl\/produkt\/jeep-wg-2-7-crd-przewody-podgrzewacza-wody\/#primaryimage"},"thumbnailUrl":"https:\/\/tomwer.com.pl\/wp-content\/uploads\/2026\/01\/Frame-217.png","datePublished":"2026-01-29T18:18:31+00:00","dateModified":"2026-04-07T18:33:16+00:00","description":"Przewody podgrzewacza wody do JEEP WG 2.7 CRD. Wykonane z gumy EPDM wzmocnione oplotem aramidowym. Dok\u0142adne odwzorowanie przewod\u00f3w.","breadcrumb":{"@id":"https:\/\/tomwer.com.pl\/produkt\/jeep-wg-2-7-crd-przewody-podgrzewacza-wody\/#breadcrumb"},"inLanguage":"en-US","potentialAction":[{"@type":"ReadAction","target":["https:\/\/tomwer.com.pl\/produkt\/jeep-wg-2-7-crd-przewody-podgrzewacza-wody\/"]}]},{"@type":"ImageObject","inLanguage":"en-US","@id":"https:\/\/tomwer.com.pl\/produkt\/jeep-wg-2-7-crd-przewody-podgrzewacza-wody\/#primaryimage","url":"https:\/\/tomwer.com.pl\/wp-content\/uploads\/2026\/01\/Frame-217.png","contentUrl":"https:\/\/tomwer.com.pl\/wp-content\/uploads\/2026\/01\/Frame-217.png","width":900,"height":900},{"@type":"BreadcrumbList","@id":"https:\/\/tomwer.com.pl\/produkt\/jeep-wg-2-7-crd-przewody-podgrzewacza-wody\/#breadcrumb","itemListElement":[{"@type":"ListItem","position":1,"name":"Strona g\u0142\u00f3wna","item":"https:\/\/tomwer.com.pl\/"},{"@type":"ListItem","position":2,"name":"Wszystkie produkty","item":"https:\/\/tomwer.com.pl\/sklep\/"},{"@type":"ListItem","position":3,"name":"JEEP WG 2.7 CRD &#8211; przewody podgrzewacza wody"}]},{"@type":"WebSite","@id":"https:\/\/tomwer.com.pl\/#website","url":"https:\/\/tomwer.com.pl\/","name":"Tomwer - service and production of hydraulic hoses Wis\u0142a","description":"The main activity of TOMWER is the service and production of hydraulic hoses.","potentialAction":[{"@type":"SearchAction","target":{"@type":"EntryPoint","urlTemplate":"https:\/\/tomwer.com.pl\/?s={search_term_string}"},"query-input":{"@type":"PropertyValueSpecification","valueRequired":true,"valueName":"search_term_string"}}],"inLanguage":"en-US"}]}},"_links":{"self":[{"href":"https:\/\/tomwer.com.pl\/en\/wp-json\/wp\/v2\/product\/3635","targetHints":{"allow":["GET"]}}],"collection":[{"href":"https:\/\/tomwer.com.pl\/en\/wp-json\/wp\/v2\/product"}],"about":[{"href":"https:\/\/tomwer.com.pl\/en\/wp-json\/wp\/v2\/types\/product"}],"replies":[{"embeddable":true,"href":"https:\/\/tomwer.com.pl\/en\/wp-json\/wp\/v2\/comments?post=3635"}],"wp:featuredmedia":[{"embeddable":true,"href":"https:\/\/tomwer.com.pl\/en\/wp-json\/wp\/v2\/media\/3638"}],"wp:attachment":[{"href":"https:\/\/tomwer.com.pl\/en\/wp-json\/wp\/v2\/media?parent=3635"}],"wp:term":[{"taxonomy":"product_brand","embeddable":true,"href":"https:\/\/tomwer.com.pl\/en\/wp-json\/wp\/v2\/product_brand?post=3635"},{"taxonomy":"product_cat","embeddable":true,"href":"https:\/\/tomwer.com.pl\/en\/wp-json\/wp\/v2\/product_cat?post=3635"},{"taxonomy":"product_tag","embeddable":true,"href":"https:\/\/tomwer.com.pl\/en\/wp-json\/wp\/v2\/product_tag?post=3635"}],"curies":[{"name":"wp","href":"https:\/\/api.w.org\/{rel}","templated":true}]}}