{"id":3530,"date":"2026-01-07T15:29:45","date_gmt":"2026-01-07T14:29:45","guid":{"rendered":"https:\/\/tomwer.com.pl\/?post_type=product&#038;p=3530"},"modified":"2026-04-15T15:32:39","modified_gmt":"2026-04-15T13:32:39","slug":"jeep-wrangler-jk-jku-lewy-tyl","status":"publish","type":"product","link":"https:\/\/tomwer.com.pl\/en\/product\/jeep-wrangler-jk-jku-lewy-tyl\/","title":{"rendered":"Jeep Wrangler JK \/ JKU &#8211; LEWY TY\u0141 2006-2018"},"content":{"rendered":"<p data-start=\"108\" data-end=\"412\">Gumowe przewody hamulcowe to trwa\u0142e i sprawdzone rozwi\u0105zanie do codziennej eksploatacji samochodu. Doskonale sprawdzaj\u0105 si\u0119 zar\u00f3wno w ruchu miejskim, jak i w warunkach terenowych. Elastyczna konstrukcja zapewnia prawid\u0142ow\u0105 wsp\u00f3\u0142prac\u0119 z zawieszeniem oraz stabiln\u0105 prac\u0119 uk\u0142adu hamulcowego.<\/p>\n<p data-start=\"414\" data-end=\"706\">Zastosowane stalowe okucia i elementy monta\u017cowe zosta\u0142y ocynkowane galwanicznie. Chroni to przewody przed wilgoci\u0105, sol\u0105 drogow\u0105 oraz promieniowaniem UV. Podw\u00f3jny oplot tekstylny wzmacnia przew\u00f3d i umo\u017cliwia bezpieczny przep\u0142yw p\u0142ynu hamulcowego pod ci\u015bnieniem do 100 bar.<\/p>\n<p data-start=\"708\" data-end=\"989\">Przewody pracuj\u0105 w zakresie temperatur od \u201340\u00b0C do +120\u00b0C. Dzi\u0119ki temu zachowuj\u0105 swoje w\u0142a\u015bciwo\u015bci w ka\u017cdych warunkach. Cynkowane okucia i uchwyty monta\u017cowe s\u0105 w pe\u0142ni zgodne z elementami fabrycznymi. Pozwala to na szybki monta\u017c bez konieczno\u015bci modyfikacji.<\/p>\n<p data-start=\"991\" data-end=\"1116\">Produkt spe\u0142nia wymagania normy SAE J1401. Gwarantuje to wysok\u0105 jako\u015b\u0107, niezawodno\u015b\u0107 oraz bezpiecze\u0144stwo u\u017cytkowania.<\/p>","protected":false},"excerpt":{"rendered":"<h5>Sport \/ Sahara \/ Rubicon<\/h5>","protected":false},"featured_media":3561,"comment_status":"closed","ping_status":"closed","template":"","meta":{"_acf_changed":false},"product_brand":[],"product_cat":[72],"product_tag":[],"class_list":{"0":"post-3530","1":"product","2":"type-product","3":"status-publish","4":"has-post-thumbnail","6":"product_cat-przewody-gumowe","8":"first","9":"instock","10":"shipping-taxable","11":"purchasable","12":"product-type-simple"},"acf":[],"yoast_head":"<!-- This site is optimized with the Yoast SEO plugin v26.9 - https:\/\/yoast.com\/product\/yoast-seo-wordpress\/ -->\n<title>Jeep Wrangler JK \/ JKU - LEWY TY\u0141 2006-2018 - Tomwer - serwis i produkcja przewod\u00f3w hydraulicznych Wis\u0142a<\/title>\n<meta name=\"description\" content=\"Przew\u00f3d hamulcowy OEM do samochodu Jeep Wrangler JK\/JKU Sport, Sahara Rubicon. Przewody w standardowej d\u0142ugo\u015bci i do liftu zawieszenia. +2&#039;&#039;, +4&#039;&#039;, +6&quot;\" \/>\n<meta name=\"robots\" content=\"index, follow, max-snippet:-1, max-image-preview:large, max-video-preview:-1\" \/>\n<link rel=\"canonical\" href=\"https:\/\/tomwer.com.pl\/en\/product\/jeep-wrangler-jk-jku-lewy-tyl\/\" \/>\n<meta property=\"og:locale\" content=\"en_US\" \/>\n<meta property=\"og:type\" content=\"article\" \/>\n<meta property=\"og:title\" content=\"Jeep Wrangler JK \/ JKU - LEWY TY\u0141 2006-2018 - Tomwer - serwis i produkcja przewod\u00f3w hydraulicznych Wis\u0142a\" \/>\n<meta property=\"og:description\" content=\"Przew\u00f3d hamulcowy OEM do samochodu Jeep Wrangler JK\/JKU Sport, Sahara Rubicon. Przewody w standardowej d\u0142ugo\u015bci i do liftu zawieszenia. +2&#039;&#039;, +4&#039;&#039;, +6&quot;\" \/>\n<meta property=\"og:url\" content=\"https:\/\/tomwer.com.pl\/en\/product\/jeep-wrangler-jk-jku-lewy-tyl\/\" \/>\n<meta property=\"og:site_name\" content=\"Tomwer - serwis i produkcja przewod\u00f3w hydraulicznych Wis\u0142a\" \/>\n<meta property=\"article:modified_time\" content=\"2026-04-15T13:32:39+00:00\" \/>\n<meta property=\"og:image\" content=\"https:\/\/tomwer.com.pl\/wp-content\/uploads\/2026\/01\/Frame-192.png\" \/>\n\t<meta property=\"og:image:width\" content=\"900\" \/>\n\t<meta property=\"og:image:height\" content=\"900\" \/>\n\t<meta property=\"og:image:type\" content=\"image\/png\" \/>\n<meta name=\"twitter:card\" content=\"summary_large_image\" \/>\n<meta name=\"twitter:label1\" content=\"Est. reading time\" \/>\n\t<meta name=\"twitter:data1\" content=\"1 minute\" \/>\n<script type=\"application\/ld+json\" class=\"yoast-schema-graph\">{\"@context\":\"https:\/\/schema.org\",\"@graph\":[{\"@type\":\"WebPage\",\"@id\":\"https:\/\/tomwer.com.pl\/produkt\/jeep-wrangler-jk-jku-lewy-tyl\/\",\"url\":\"https:\/\/tomwer.com.pl\/produkt\/jeep-wrangler-jk-jku-lewy-tyl\/\",\"name\":\"Jeep Wrangler JK \/ JKU - LEWY TY\u0141 2006-2018 - Tomwer - serwis i produkcja przewod\u00f3w hydraulicznych Wis\u0142a\",\"isPartOf\":{\"@id\":\"https:\/\/tomwer.com.pl\/#website\"},\"primaryImageOfPage\":{\"@id\":\"https:\/\/tomwer.com.pl\/produkt\/jeep-wrangler-jk-jku-lewy-tyl\/#primaryimage\"},\"image\":{\"@id\":\"https:\/\/tomwer.com.pl\/produkt\/jeep-wrangler-jk-jku-lewy-tyl\/#primaryimage\"},\"thumbnailUrl\":\"https:\/\/tomwer.com.pl\/wp-content\/uploads\/2026\/01\/Frame-192.png\",\"datePublished\":\"2026-01-07T14:29:45+00:00\",\"dateModified\":\"2026-04-15T13:32:39+00:00\",\"description\":\"Przew\u00f3d hamulcowy OEM do samochodu Jeep Wrangler JK\/JKU Sport, Sahara Rubicon. Przewody w standardowej d\u0142ugo\u015bci i do liftu zawieszenia. +2'', +4'', +6\\\"\",\"breadcrumb\":{\"@id\":\"https:\/\/tomwer.com.pl\/produkt\/jeep-wrangler-jk-jku-lewy-tyl\/#breadcrumb\"},\"inLanguage\":\"en-US\",\"potentialAction\":[{\"@type\":\"ReadAction\",\"target\":[\"https:\/\/tomwer.com.pl\/produkt\/jeep-wrangler-jk-jku-lewy-tyl\/\"]}]},{\"@type\":\"ImageObject\",\"inLanguage\":\"en-US\",\"@id\":\"https:\/\/tomwer.com.pl\/produkt\/jeep-wrangler-jk-jku-lewy-tyl\/#primaryimage\",\"url\":\"https:\/\/tomwer.com.pl\/wp-content\/uploads\/2026\/01\/Frame-192.png\",\"contentUrl\":\"https:\/\/tomwer.com.pl\/wp-content\/uploads\/2026\/01\/Frame-192.png\",\"width\":900,\"height\":900},{\"@type\":\"BreadcrumbList\",\"@id\":\"https:\/\/tomwer.com.pl\/produkt\/jeep-wrangler-jk-jku-lewy-tyl\/#breadcrumb\",\"itemListElement\":[{\"@type\":\"ListItem\",\"position\":1,\"name\":\"Strona g\u0142\u00f3wna\",\"item\":\"https:\/\/tomwer.com.pl\/\"},{\"@type\":\"ListItem\",\"position\":2,\"name\":\"Wszystkie produkty\",\"item\":\"https:\/\/tomwer.com.pl\/sklep\/\"},{\"@type\":\"ListItem\",\"position\":3,\"name\":\"Jeep Wrangler JK \/ JKU &#8211; LEWY TY\u0141 2006-2018\"}]},{\"@type\":\"WebSite\",\"@id\":\"https:\/\/tomwer.com.pl\/#website\",\"url\":\"https:\/\/tomwer.com.pl\/\",\"name\":\"Tomwer - serwis i produkcja przewod\u00f3w hydraulicznych Wis\u0142a\",\"description\":\"G\u0142\u00f3wn\u0105 dzia\u0142alno\u015bci\u0105 firmy TOMWER jest serwis i produkcja przewod\u00f3w hydraulicznych.\",\"potentialAction\":[{\"@type\":\"SearchAction\",\"target\":{\"@type\":\"EntryPoint\",\"urlTemplate\":\"https:\/\/tomwer.com.pl\/?s={search_term_string}\"},\"query-input\":{\"@type\":\"PropertyValueSpecification\",\"valueRequired\":true,\"valueName\":\"search_term_string\"}}],\"inLanguage\":\"en-US\"}]}<\/script>\n<!-- \/ Yoast SEO plugin. -->","yoast_head_json":{"title":"Jeep Wrangler JK \/ JKU - LEWY TY\u0141 2006-2018 - Tomwer - serwis i produkcja przewod\u00f3w hydraulicznych Wis\u0142a","description":"Przew\u00f3d hamulcowy OEM do samochodu Jeep Wrangler JK\/JKU Sport, Sahara Rubicon. Przewody w standardowej d\u0142ugo\u015bci i do liftu zawieszenia. +2'', +4'', +6\"","robots":{"index":"index","follow":"follow","max-snippet":"max-snippet:-1","max-image-preview":"max-image-preview:large","max-video-preview":"max-video-preview:-1"},"canonical":"https:\/\/tomwer.com.pl\/en\/product\/jeep-wrangler-jk-jku-lewy-tyl\/","og_locale":"en_US","og_type":"article","og_title":"Jeep Wrangler JK \/ JKU - LEWY TY\u0141 2006-2018 - Tomwer - serwis i produkcja przewod\u00f3w hydraulicznych Wis\u0142a","og_description":"Przew\u00f3d hamulcowy OEM do samochodu Jeep Wrangler JK\/JKU Sport, Sahara Rubicon. Przewody w standardowej d\u0142ugo\u015bci i do liftu zawieszenia. +2'', +4'', +6\"","og_url":"https:\/\/tomwer.com.pl\/en\/product\/jeep-wrangler-jk-jku-lewy-tyl\/","og_site_name":"Tomwer - serwis i produkcja przewod\u00f3w hydraulicznych Wis\u0142a","article_modified_time":"2026-04-15T13:32:39+00:00","og_image":[{"width":900,"height":900,"url":"https:\/\/tomwer.com.pl\/wp-content\/uploads\/2026\/01\/Frame-192.png","type":"image\/png"}],"twitter_card":"summary_large_image","twitter_misc":{"Est. reading time":"1 minute"},"schema":{"@context":"https:\/\/schema.org","@graph":[{"@type":"WebPage","@id":"https:\/\/tomwer.com.pl\/produkt\/jeep-wrangler-jk-jku-lewy-tyl\/","url":"https:\/\/tomwer.com.pl\/produkt\/jeep-wrangler-jk-jku-lewy-tyl\/","name":"Jeep Wrangler JK \/ JKU - LEWY TY\u0141 2006-2018 - Tomwer - serwis i produkcja przewod\u00f3w hydraulicznych Wis\u0142a","isPartOf":{"@id":"https:\/\/tomwer.com.pl\/#website"},"primaryImageOfPage":{"@id":"https:\/\/tomwer.com.pl\/produkt\/jeep-wrangler-jk-jku-lewy-tyl\/#primaryimage"},"image":{"@id":"https:\/\/tomwer.com.pl\/produkt\/jeep-wrangler-jk-jku-lewy-tyl\/#primaryimage"},"thumbnailUrl":"https:\/\/tomwer.com.pl\/wp-content\/uploads\/2026\/01\/Frame-192.png","datePublished":"2026-01-07T14:29:45+00:00","dateModified":"2026-04-15T13:32:39+00:00","description":"Przew\u00f3d hamulcowy OEM do samochodu Jeep Wrangler JK\/JKU Sport, Sahara Rubicon. Przewody w standardowej d\u0142ugo\u015bci i do liftu zawieszenia. +2'', +4'', +6\"","breadcrumb":{"@id":"https:\/\/tomwer.com.pl\/produkt\/jeep-wrangler-jk-jku-lewy-tyl\/#breadcrumb"},"inLanguage":"en-US","potentialAction":[{"@type":"ReadAction","target":["https:\/\/tomwer.com.pl\/produkt\/jeep-wrangler-jk-jku-lewy-tyl\/"]}]},{"@type":"ImageObject","inLanguage":"en-US","@id":"https:\/\/tomwer.com.pl\/produkt\/jeep-wrangler-jk-jku-lewy-tyl\/#primaryimage","url":"https:\/\/tomwer.com.pl\/wp-content\/uploads\/2026\/01\/Frame-192.png","contentUrl":"https:\/\/tomwer.com.pl\/wp-content\/uploads\/2026\/01\/Frame-192.png","width":900,"height":900},{"@type":"BreadcrumbList","@id":"https:\/\/tomwer.com.pl\/produkt\/jeep-wrangler-jk-jku-lewy-tyl\/#breadcrumb","itemListElement":[{"@type":"ListItem","position":1,"name":"Strona g\u0142\u00f3wna","item":"https:\/\/tomwer.com.pl\/"},{"@type":"ListItem","position":2,"name":"Wszystkie produkty","item":"https:\/\/tomwer.com.pl\/sklep\/"},{"@type":"ListItem","position":3,"name":"Jeep Wrangler JK \/ JKU &#8211; LEWY TY\u0141 2006-2018"}]},{"@type":"WebSite","@id":"https:\/\/tomwer.com.pl\/#website","url":"https:\/\/tomwer.com.pl\/","name":"Tomwer - service and production of hydraulic hoses Wis\u0142a","description":"The main activity of TOMWER is the service and production of hydraulic hoses.","potentialAction":[{"@type":"SearchAction","target":{"@type":"EntryPoint","urlTemplate":"https:\/\/tomwer.com.pl\/?s={search_term_string}"},"query-input":{"@type":"PropertyValueSpecification","valueRequired":true,"valueName":"search_term_string"}}],"inLanguage":"en-US"}]}},"_links":{"self":[{"href":"https:\/\/tomwer.com.pl\/en\/wp-json\/wp\/v2\/product\/3530","targetHints":{"allow":["GET"]}}],"collection":[{"href":"https:\/\/tomwer.com.pl\/en\/wp-json\/wp\/v2\/product"}],"about":[{"href":"https:\/\/tomwer.com.pl\/en\/wp-json\/wp\/v2\/types\/product"}],"replies":[{"embeddable":true,"href":"https:\/\/tomwer.com.pl\/en\/wp-json\/wp\/v2\/comments?post=3530"}],"wp:featuredmedia":[{"embeddable":true,"href":"https:\/\/tomwer.com.pl\/en\/wp-json\/wp\/v2\/media\/3561"}],"wp:attachment":[{"href":"https:\/\/tomwer.com.pl\/en\/wp-json\/wp\/v2\/media?parent=3530"}],"wp:term":[{"taxonomy":"product_brand","embeddable":true,"href":"https:\/\/tomwer.com.pl\/en\/wp-json\/wp\/v2\/product_brand?post=3530"},{"taxonomy":"product_cat","embeddable":true,"href":"https:\/\/tomwer.com.pl\/en\/wp-json\/wp\/v2\/product_cat?post=3530"},{"taxonomy":"product_tag","embeddable":true,"href":"https:\/\/tomwer.com.pl\/en\/wp-json\/wp\/v2\/product_tag?post=3530"}],"curies":[{"name":"wp","href":"https:\/\/api.w.org\/{rel}","templated":true}]}}