{"id":3027,"date":"2025-10-11T12:27:48","date_gmt":"2025-10-11T10:27:48","guid":{"rendered":"https:\/\/tomwer.com.pl\/?post_type=product&#038;p=3027"},"modified":"2025-12-18T18:17:59","modified_gmt":"2025-12-18T17:17:59","slug":"jeep-wrangler-jk-jku-sachara-rubicon-sport-2011-2018-lewy-przod","status":"publish","type":"product","link":"https:\/\/tomwer.com.pl\/en\/product\/jeep-wrangler-jk-jku-sachara-rubicon-sport-2011-2018-lewy-przod\/","title":{"rendered":"Jeep Wrangler JK \/ JKU   2011-2018  LEWY PRZ\u00d3D"},"content":{"rendered":"<h6 data-start=\"184\" data-end=\"268\"><strong data-start=\"184\" data-end=\"268\">Przew\u00f3d hamulcowy w stalowym oplocie\u00a0 \u2013 niezawodno\u015b\u0107 w ka\u017cdych warunkach<\/strong><\/h6>\n<p data-start=\"270\" data-end=\"522\">Szukasz trwa\u0142ego i wydajnego rozwi\u0105zania do uk\u0142adu hamulcowego Twojego Jeepa? Przew\u00f3d hamulcowy w stalowym oplocie to doskona\u0142y wyb\u00f3r dla kierowc\u00f3w, kt\u00f3rzy oczekuj\u0105 maksymalnej precyzji, bezpiecze\u0144stwa i odporno\u015bci.\u00a0 Zar\u00f3wno na drodze, jak i w terenie.<\/p>\n<p data-start=\"524\" data-end=\"922\">W por\u00f3wnaniu do standardowych przewod\u00f3w gumowych, przewody hamulcowe w stalowym oplocie cechuj\u0105 si\u0119 mniejsz\u0105 podatno\u015bci\u0105 na p\u0119cznienie pod ci\u015bnieniem, co przek\u0142ada si\u0119 na bardziej bezpo\u015bredni i pewny skok peda\u0142u hamulca. Oplot ze stali nierdzewnej i zewnetrzna pow\u0142oka PVC chroni wewn\u0119trzny rdze\u0144 PTFE przed uszkodzeniami mechanicznymi, oraz wp\u0142ywem czynnik\u00f3w atmosferycznych, takich jak wilgo\u0107, b\u0142oto czy s\u00f3l drogowa.<\/p>\n<p data-start=\"524\" data-end=\"922\"><span style=\"color: #ff0000;\"><strong>W naszych przewodach zastosowane okucia i uchwyty monta\u017cowe s\u0105 zgodne z oryginalnymi\u2013 co gwarantuje idealne dopasowanie do fabrycznych mocowa\u0144 i szybki, bezproblemowy monta\u017c bez przer\u00f3bek.<\/strong><\/span><\/p>\n<p data-start=\"924\" data-end=\"973\"><strong data-start=\"924\" data-end=\"973\">Zalety przewod\u00f3w w stalowym oplocie:<\/strong><\/p>\n<ul data-start=\"974\" data-end=\"1249\">\n<li data-start=\"974\" data-end=\"1023\">\n<p data-start=\"976\" data-end=\"1023\">Zwi\u0119kszona odporno\u015b\u0107 na uszkodzenia i zu\u017cycie<\/p>\n<\/li>\n<li data-start=\"1024\" data-end=\"1061\">\n<p data-start=\"1026\" data-end=\"1061\">Lepsza reakcja uk\u0142adu hamulcowego<\/p>\n<\/li>\n<li data-start=\"1062\" data-end=\"1110\">\n<p data-start=\"1064\" data-end=\"1110\">Odporno\u015b\u0107 na wysokie ci\u015bnienie i temperatur\u0119<\/p>\n<\/li>\n<li data-start=\"1111\" data-end=\"1163\">\n<p data-start=\"1113\" data-end=\"1163\">Idealne do jazdy off-road i w trudnych warunkach<\/p>\n<\/li>\n<li data-start=\"1164\" data-end=\"1249\">\n<p data-start=\"1166\" data-end=\"1249\">Kompatybilno\u015b\u0107 z popularnymi modelami Jeep ( Wrangler,Sahara, Rubicon, Sport)<\/p>\n<\/li>\n<\/ul>\n<p data-start=\"1251\" data-end=\"1488\">Nasze przewody s\u0105 produkowane z najwy\u017cszej jako\u015bci materia\u0142\u00f3w,\u00a0 spe\u0142niaj\u0105 normy bezpiecze\u0144stwa i s\u0105 gotowe do intensywnej eksploatacji w terenie. To niezast\u0105piony element dla ka\u017cdego pasjonata 4&#215;4, kt\u00f3ry stawia na niezawodno\u015b\u0107 i kontrol\u0119.<\/p>","protected":false},"excerpt":{"rendered":"<p>Sahara \/ Rubicon \/ Sport<\/p>","protected":false},"featured_media":2999,"comment_status":"closed","ping_status":"closed","template":"","meta":{"_acf_changed":false},"product_brand":[],"product_cat":[70],"product_tag":[],"class_list":{"0":"post-3027","1":"product","2":"type-product","3":"status-publish","4":"has-post-thumbnail","6":"product_cat-przewody-w-stalowym-oplocie-jeep-wrangler-jk","8":"first","9":"instock","10":"shipping-taxable","11":"purchasable","12":"product-type-simple"},"acf":[],"yoast_head":"<!-- This site is optimized with the Yoast SEO plugin v26.9 - https:\/\/yoast.com\/product\/yoast-seo-wordpress\/ -->\n<title>Jeep Wrangler JK \/ JKU  2011-2018 LEWY PRZ\u00d3D - Tomwer - serwis i produkcja przewod\u00f3w hydraulicznych Wis\u0142a<\/title>\n<meta name=\"description\" content=\"Przew\u00f3d hamulcowy w stalowym oplocie do samochodu Jeep Wrangler JL\/JLU (Sahara, Rubicon). Przewody w standardowej d\u0142ugo\u015bci i do liftu zawieszenia +4&#039;\/+6&#039;&#039;\" \/>\n<meta name=\"robots\" content=\"index, follow, max-snippet:-1, max-image-preview:large, max-video-preview:-1\" \/>\n<link rel=\"canonical\" href=\"https:\/\/tomwer.com.pl\/en\/product\/jeep-wrangler-jk-jku-sachara-rubicon-sport-2011-2018-lewy-przod\/\" \/>\n<meta property=\"og:locale\" content=\"en_US\" \/>\n<meta property=\"og:type\" content=\"article\" \/>\n<meta property=\"og:title\" content=\"Jeep Wrangler JK \/ JKU  2011-2018 LEWY PRZ\u00d3D - Tomwer - serwis i produkcja przewod\u00f3w hydraulicznych Wis\u0142a\" \/>\n<meta property=\"og:description\" content=\"Przew\u00f3d hamulcowy w stalowym oplocie do samochodu Jeep Wrangler JL\/JLU (Sahara, Rubicon). Przewody w standardowej d\u0142ugo\u015bci i do liftu zawieszenia +4&#039;\/+6&#039;&#039;\" \/>\n<meta property=\"og:url\" content=\"https:\/\/tomwer.com.pl\/en\/product\/jeep-wrangler-jk-jku-sachara-rubicon-sport-2011-2018-lewy-przod\/\" \/>\n<meta property=\"og:site_name\" content=\"Tomwer - serwis i produkcja przewod\u00f3w hydraulicznych Wis\u0142a\" \/>\n<meta property=\"article:modified_time\" content=\"2025-12-18T17:17:59+00:00\" \/>\n<meta property=\"og:image\" content=\"https:\/\/tomwer.com.pl\/wp-content\/uploads\/2025\/10\/Frame-84-2.png\" \/>\n\t<meta property=\"og:image:width\" content=\"900\" \/>\n\t<meta property=\"og:image:height\" content=\"900\" \/>\n\t<meta property=\"og:image:type\" content=\"image\/png\" \/>\n<meta name=\"twitter:card\" content=\"summary_large_image\" \/>\n<meta name=\"twitter:label1\" content=\"Est. reading time\" \/>\n\t<meta name=\"twitter:data1\" content=\"2 minutes\" \/>\n<script type=\"application\/ld+json\" class=\"yoast-schema-graph\">{\"@context\":\"https:\/\/schema.org\",\"@graph\":[{\"@type\":\"WebPage\",\"@id\":\"https:\/\/tomwer.com.pl\/produkt\/jeep-wrangler-jk-jku-sachara-rubicon-sport-2011-2018-lewy-przod\/\",\"url\":\"https:\/\/tomwer.com.pl\/produkt\/jeep-wrangler-jk-jku-sachara-rubicon-sport-2011-2018-lewy-przod\/\",\"name\":\"Jeep Wrangler JK \/ JKU 2011-2018 LEWY PRZ\u00d3D - Tomwer - serwis i produkcja przewod\u00f3w hydraulicznych Wis\u0142a\",\"isPartOf\":{\"@id\":\"https:\/\/tomwer.com.pl\/#website\"},\"primaryImageOfPage\":{\"@id\":\"https:\/\/tomwer.com.pl\/produkt\/jeep-wrangler-jk-jku-sachara-rubicon-sport-2011-2018-lewy-przod\/#primaryimage\"},\"image\":{\"@id\":\"https:\/\/tomwer.com.pl\/produkt\/jeep-wrangler-jk-jku-sachara-rubicon-sport-2011-2018-lewy-przod\/#primaryimage\"},\"thumbnailUrl\":\"https:\/\/tomwer.com.pl\/wp-content\/uploads\/2025\/10\/Frame-84-2.png\",\"datePublished\":\"2025-10-11T10:27:48+00:00\",\"dateModified\":\"2025-12-18T17:17:59+00:00\",\"description\":\"Przew\u00f3d hamulcowy w stalowym oplocie do samochodu Jeep Wrangler JL\/JLU (Sahara, Rubicon). Przewody w standardowej d\u0142ugo\u015bci i do liftu zawieszenia +4'\/+6''\",\"breadcrumb\":{\"@id\":\"https:\/\/tomwer.com.pl\/produkt\/jeep-wrangler-jk-jku-sachara-rubicon-sport-2011-2018-lewy-przod\/#breadcrumb\"},\"inLanguage\":\"en-US\",\"potentialAction\":[{\"@type\":\"ReadAction\",\"target\":[\"https:\/\/tomwer.com.pl\/produkt\/jeep-wrangler-jk-jku-sachara-rubicon-sport-2011-2018-lewy-przod\/\"]}]},{\"@type\":\"ImageObject\",\"inLanguage\":\"en-US\",\"@id\":\"https:\/\/tomwer.com.pl\/produkt\/jeep-wrangler-jk-jku-sachara-rubicon-sport-2011-2018-lewy-przod\/#primaryimage\",\"url\":\"https:\/\/tomwer.com.pl\/wp-content\/uploads\/2025\/10\/Frame-84-2.png\",\"contentUrl\":\"https:\/\/tomwer.com.pl\/wp-content\/uploads\/2025\/10\/Frame-84-2.png\",\"width\":900,\"height\":900},{\"@type\":\"BreadcrumbList\",\"@id\":\"https:\/\/tomwer.com.pl\/produkt\/jeep-wrangler-jk-jku-sachara-rubicon-sport-2011-2018-lewy-przod\/#breadcrumb\",\"itemListElement\":[{\"@type\":\"ListItem\",\"position\":1,\"name\":\"Strona g\u0142\u00f3wna\",\"item\":\"https:\/\/tomwer.com.pl\/\"},{\"@type\":\"ListItem\",\"position\":2,\"name\":\"Wszystkie produkty\",\"item\":\"https:\/\/tomwer.com.pl\/sklep\/\"},{\"@type\":\"ListItem\",\"position\":3,\"name\":\"Jeep Wrangler JK \/ JKU 2011-2018 LEWY PRZ\u00d3D\"}]},{\"@type\":\"WebSite\",\"@id\":\"https:\/\/tomwer.com.pl\/#website\",\"url\":\"https:\/\/tomwer.com.pl\/\",\"name\":\"Tomwer - serwis i produkcja przewod\u00f3w hydraulicznych Wis\u0142a\",\"description\":\"G\u0142\u00f3wn\u0105 dzia\u0142alno\u015bci\u0105 firmy TOMWER jest serwis i produkcja przewod\u00f3w hydraulicznych.\",\"potentialAction\":[{\"@type\":\"SearchAction\",\"target\":{\"@type\":\"EntryPoint\",\"urlTemplate\":\"https:\/\/tomwer.com.pl\/?s={search_term_string}\"},\"query-input\":{\"@type\":\"PropertyValueSpecification\",\"valueRequired\":true,\"valueName\":\"search_term_string\"}}],\"inLanguage\":\"en-US\"}]}<\/script>\n<!-- \/ Yoast SEO plugin. -->","yoast_head_json":{"title":"Jeep Wrangler JK \/ JKU  2011-2018 LEWY PRZ\u00d3D - Tomwer - serwis i produkcja przewod\u00f3w hydraulicznych Wis\u0142a","description":"Przew\u00f3d hamulcowy w stalowym oplocie do samochodu Jeep Wrangler JL\/JLU (Sahara, Rubicon). Przewody w standardowej d\u0142ugo\u015bci i do liftu zawieszenia +4'\/+6''","robots":{"index":"index","follow":"follow","max-snippet":"max-snippet:-1","max-image-preview":"max-image-preview:large","max-video-preview":"max-video-preview:-1"},"canonical":"https:\/\/tomwer.com.pl\/en\/product\/jeep-wrangler-jk-jku-sachara-rubicon-sport-2011-2018-lewy-przod\/","og_locale":"en_US","og_type":"article","og_title":"Jeep Wrangler JK \/ JKU  2011-2018 LEWY PRZ\u00d3D - Tomwer - serwis i produkcja przewod\u00f3w hydraulicznych Wis\u0142a","og_description":"Przew\u00f3d hamulcowy w stalowym oplocie do samochodu Jeep Wrangler JL\/JLU (Sahara, Rubicon). Przewody w standardowej d\u0142ugo\u015bci i do liftu zawieszenia +4'\/+6''","og_url":"https:\/\/tomwer.com.pl\/en\/product\/jeep-wrangler-jk-jku-sachara-rubicon-sport-2011-2018-lewy-przod\/","og_site_name":"Tomwer - serwis i produkcja przewod\u00f3w hydraulicznych Wis\u0142a","article_modified_time":"2025-12-18T17:17:59+00:00","og_image":[{"width":900,"height":900,"url":"https:\/\/tomwer.com.pl\/wp-content\/uploads\/2025\/10\/Frame-84-2.png","type":"image\/png"}],"twitter_card":"summary_large_image","twitter_misc":{"Est. reading time":"2 minutes"},"schema":{"@context":"https:\/\/schema.org","@graph":[{"@type":"WebPage","@id":"https:\/\/tomwer.com.pl\/produkt\/jeep-wrangler-jk-jku-sachara-rubicon-sport-2011-2018-lewy-przod\/","url":"https:\/\/tomwer.com.pl\/produkt\/jeep-wrangler-jk-jku-sachara-rubicon-sport-2011-2018-lewy-przod\/","name":"Jeep Wrangler JK \/ JKU 2011-2018 LEWY PRZ\u00d3D - Tomwer - serwis i produkcja przewod\u00f3w hydraulicznych Wis\u0142a","isPartOf":{"@id":"https:\/\/tomwer.com.pl\/#website"},"primaryImageOfPage":{"@id":"https:\/\/tomwer.com.pl\/produkt\/jeep-wrangler-jk-jku-sachara-rubicon-sport-2011-2018-lewy-przod\/#primaryimage"},"image":{"@id":"https:\/\/tomwer.com.pl\/produkt\/jeep-wrangler-jk-jku-sachara-rubicon-sport-2011-2018-lewy-przod\/#primaryimage"},"thumbnailUrl":"https:\/\/tomwer.com.pl\/wp-content\/uploads\/2025\/10\/Frame-84-2.png","datePublished":"2025-10-11T10:27:48+00:00","dateModified":"2025-12-18T17:17:59+00:00","description":"Przew\u00f3d hamulcowy w stalowym oplocie do samochodu Jeep Wrangler JL\/JLU (Sahara, Rubicon). Przewody w standardowej d\u0142ugo\u015bci i do liftu zawieszenia +4'\/+6''","breadcrumb":{"@id":"https:\/\/tomwer.com.pl\/produkt\/jeep-wrangler-jk-jku-sachara-rubicon-sport-2011-2018-lewy-przod\/#breadcrumb"},"inLanguage":"en-US","potentialAction":[{"@type":"ReadAction","target":["https:\/\/tomwer.com.pl\/produkt\/jeep-wrangler-jk-jku-sachara-rubicon-sport-2011-2018-lewy-przod\/"]}]},{"@type":"ImageObject","inLanguage":"en-US","@id":"https:\/\/tomwer.com.pl\/produkt\/jeep-wrangler-jk-jku-sachara-rubicon-sport-2011-2018-lewy-przod\/#primaryimage","url":"https:\/\/tomwer.com.pl\/wp-content\/uploads\/2025\/10\/Frame-84-2.png","contentUrl":"https:\/\/tomwer.com.pl\/wp-content\/uploads\/2025\/10\/Frame-84-2.png","width":900,"height":900},{"@type":"BreadcrumbList","@id":"https:\/\/tomwer.com.pl\/produkt\/jeep-wrangler-jk-jku-sachara-rubicon-sport-2011-2018-lewy-przod\/#breadcrumb","itemListElement":[{"@type":"ListItem","position":1,"name":"Strona g\u0142\u00f3wna","item":"https:\/\/tomwer.com.pl\/"},{"@type":"ListItem","position":2,"name":"Wszystkie produkty","item":"https:\/\/tomwer.com.pl\/sklep\/"},{"@type":"ListItem","position":3,"name":"Jeep Wrangler JK \/ JKU 2011-2018 LEWY PRZ\u00d3D"}]},{"@type":"WebSite","@id":"https:\/\/tomwer.com.pl\/#website","url":"https:\/\/tomwer.com.pl\/","name":"Tomwer - service and production of hydraulic hoses Wis\u0142a","description":"The main activity of TOMWER is the service and production of hydraulic hoses.","potentialAction":[{"@type":"SearchAction","target":{"@type":"EntryPoint","urlTemplate":"https:\/\/tomwer.com.pl\/?s={search_term_string}"},"query-input":{"@type":"PropertyValueSpecification","valueRequired":true,"valueName":"search_term_string"}}],"inLanguage":"en-US"}]}},"_links":{"self":[{"href":"https:\/\/tomwer.com.pl\/en\/wp-json\/wp\/v2\/product\/3027","targetHints":{"allow":["GET"]}}],"collection":[{"href":"https:\/\/tomwer.com.pl\/en\/wp-json\/wp\/v2\/product"}],"about":[{"href":"https:\/\/tomwer.com.pl\/en\/wp-json\/wp\/v2\/types\/product"}],"replies":[{"embeddable":true,"href":"https:\/\/tomwer.com.pl\/en\/wp-json\/wp\/v2\/comments?post=3027"}],"wp:featuredmedia":[{"embeddable":true,"href":"https:\/\/tomwer.com.pl\/en\/wp-json\/wp\/v2\/media\/2999"}],"wp:attachment":[{"href":"https:\/\/tomwer.com.pl\/en\/wp-json\/wp\/v2\/media?parent=3027"}],"wp:term":[{"taxonomy":"product_brand","embeddable":true,"href":"https:\/\/tomwer.com.pl\/en\/wp-json\/wp\/v2\/product_brand?post=3027"},{"taxonomy":"product_cat","embeddable":true,"href":"https:\/\/tomwer.com.pl\/en\/wp-json\/wp\/v2\/product_cat?post=3027"},{"taxonomy":"product_tag","embeddable":true,"href":"https:\/\/tomwer.com.pl\/en\/wp-json\/wp\/v2\/product_tag?post=3027"}],"curies":[{"name":"wp","href":"https:\/\/api.w.org\/{rel}","templated":true}]}}