{"id":2631,"date":"2025-03-13T10:35:55","date_gmt":"2025-03-13T09:35:55","guid":{"rendered":"https:\/\/tomwer.com.pl\/?post_type=product&#038;p=2631"},"modified":"2025-12-01T16:06:51","modified_gmt":"2025-12-01T15:06:51","slug":"jeep-wj-4-7-v8-wg-2-7-crd-przewod-wspomagania","status":"publish","type":"product","link":"https:\/\/tomwer.com.pl\/en\/product\/jeep-wj-4-7-v8-wg-2-7-crd-przewod-wspomagania\/","title":{"rendered":"JEEP WJ 4.7 V8 \/ WG 2.7 CRD"},"content":{"rendered":"<p>Jeep power steering hose<strong> WJ4.7 V8 \/ WG2.7 CRD<\/strong>\u00a0wire\u00a0<strong>hydro fan- steering gear<\/strong> made of the highest quality components. Made entirely of flexible hose resistant to high pressure and temperature. Careful fit guarantees trouble-free assembly and long-term operation. The assembly of our hose is very simple and intuitive. The internal dimensions of the hose have been maintained, which is very important for the entire system to work properly. Our hose will certainly not be a source of problems with fluid leakage, nor will it cause improper operation of the steering system.<img decoding=\"async\" class=\"aligncenter wp-image-2641 size-medium lazyload\" data-src=\"https:\/\/tomwer.com.pl\/wp-content\/uploads\/2025\/03\/Bez-tytulu-300x225.png\" alt=\"\" width=\"300\" height=\"225\" data-srcset=\"https:\/\/tomwer.com.pl\/wp-content\/uploads\/2025\/03\/Bez-tytulu-300x225.png 300w, https:\/\/tomwer.com.pl\/wp-content\/uploads\/2025\/03\/Bez-tytulu-16x12.png 16w, https:\/\/tomwer.com.pl\/wp-content\/uploads\/2025\/03\/Bez-tytulu-500x375.png 500w, https:\/\/tomwer.com.pl\/wp-content\/uploads\/2025\/03\/Bez-tytulu-64x48.png 64w, https:\/\/tomwer.com.pl\/wp-content\/uploads\/2025\/03\/Bez-tytulu.png 518w\" data-sizes=\"(max-width: 300px) 100vw, 300px\" src=\"data:image\/svg+xml;base64,PHN2ZyB3aWR0aD0iMSIgaGVpZ2h0PSIxIiB4bWxucz0iaHR0cDovL3d3dy53My5vcmcvMjAwMC9zdmciPjwvc3ZnPg==\" style=\"--smush-placeholder-width: 300px; --smush-placeholder-aspect-ratio: 300\/225;\" \/><\/p>","protected":false},"excerpt":{"rendered":"<p>Przew\u00f3d wspomagania (hydro wentylator- przek\u0142adnia kierownicza)<\/p>","protected":false},"featured_media":2636,"comment_status":"closed","ping_status":"closed","template":"","meta":{"_acf_changed":false},"product_brand":[],"product_cat":[20],"product_tag":[],"class_list":{"0":"post-2631","1":"product","2":"type-product","3":"status-publish","4":"has-post-thumbnail","6":"product_cat-przewody-wspomagania-kierowniczego","8":"first","9":"instock","10":"shipping-taxable","11":"purchasable","12":"product-type-simple"},"acf":[],"yoast_head":"<!-- This site is optimized with the Yoast SEO plugin v26.9 - https:\/\/yoast.com\/product\/yoast-seo-wordpress\/ -->\n<title>JEEP WJ 4.7 V8 \/ WG 2.7 CRD - Tomwer - serwis i produkcja przewod\u00f3w hydraulicznych Wis\u0142a<\/title>\n<meta name=\"description\" content=\"Przew\u00f3d wspomagania kierowniczego Jeep Grand Cherokee WJ 4.7 V8 \/ WG 2.7 CRD. Hydro-wentylator, przek\u0142adnia kierownicza. Zamiennik 52089505AD , 52089505AE\" \/>\n<meta name=\"robots\" content=\"index, follow, max-snippet:-1, max-image-preview:large, max-video-preview:-1\" \/>\n<link rel=\"canonical\" href=\"https:\/\/tomwer.com.pl\/en\/product\/jeep-wj-4-7-v8-wg-2-7-crd-przewod-wspomagania\/\" \/>\n<meta property=\"og:locale\" content=\"en_US\" \/>\n<meta property=\"og:type\" content=\"article\" \/>\n<meta property=\"og:title\" content=\"JEEP WJ 4.7 V8 \/ WG 2.7 CRD - Tomwer - serwis i produkcja przewod\u00f3w hydraulicznych Wis\u0142a\" \/>\n<meta property=\"og:description\" content=\"Przew\u00f3d wspomagania kierowniczego Jeep Grand Cherokee WJ 4.7 V8 \/ WG 2.7 CRD. Hydro-wentylator, przek\u0142adnia kierownicza. Zamiennik 52089505AD , 52089505AE\" \/>\n<meta property=\"og:url\" content=\"https:\/\/tomwer.com.pl\/en\/product\/jeep-wj-4-7-v8-wg-2-7-crd-przewod-wspomagania\/\" \/>\n<meta property=\"og:site_name\" content=\"Tomwer - serwis i produkcja przewod\u00f3w hydraulicznych Wis\u0142a\" \/>\n<meta property=\"article:modified_time\" content=\"2025-12-01T15:06:51+00:00\" \/>\n<meta property=\"og:image\" content=\"https:\/\/tomwer.com.pl\/wp-content\/uploads\/2025\/03\/Frame-1.png\" \/>\n\t<meta property=\"og:image:width\" content=\"900\" \/>\n\t<meta property=\"og:image:height\" content=\"900\" \/>\n\t<meta property=\"og:image:type\" content=\"image\/png\" \/>\n<meta name=\"twitter:card\" content=\"summary_large_image\" \/>\n<meta name=\"twitter:label1\" content=\"Est. reading time\" \/>\n\t<meta name=\"twitter:data1\" content=\"1 minute\" \/>\n<script type=\"application\/ld+json\" class=\"yoast-schema-graph\">{\"@context\":\"https:\/\/schema.org\",\"@graph\":[{\"@type\":\"WebPage\",\"@id\":\"https:\/\/tomwer.com.pl\/produkt\/jeep-wj-4-7-v8-wg-2-7-crd-przewod-wspomagania\/\",\"url\":\"https:\/\/tomwer.com.pl\/produkt\/jeep-wj-4-7-v8-wg-2-7-crd-przewod-wspomagania\/\",\"name\":\"JEEP WJ 4.7 V8 \/ WG 2.7 CRD - Tomwer - serwis i produkcja przewod\u00f3w hydraulicznych Wis\u0142a\",\"isPartOf\":{\"@id\":\"https:\/\/tomwer.com.pl\/#website\"},\"primaryImageOfPage\":{\"@id\":\"https:\/\/tomwer.com.pl\/produkt\/jeep-wj-4-7-v8-wg-2-7-crd-przewod-wspomagania\/#primaryimage\"},\"image\":{\"@id\":\"https:\/\/tomwer.com.pl\/produkt\/jeep-wj-4-7-v8-wg-2-7-crd-przewod-wspomagania\/#primaryimage\"},\"thumbnailUrl\":\"https:\/\/tomwer.com.pl\/wp-content\/uploads\/2025\/03\/Frame-1.png\",\"datePublished\":\"2025-03-13T09:35:55+00:00\",\"dateModified\":\"2025-12-01T15:06:51+00:00\",\"description\":\"Przew\u00f3d wspomagania kierowniczego Jeep Grand Cherokee WJ 4.7 V8 \/ WG 2.7 CRD. Hydro-wentylator, przek\u0142adnia kierownicza. Zamiennik 52089505AD , 52089505AE\",\"breadcrumb\":{\"@id\":\"https:\/\/tomwer.com.pl\/produkt\/jeep-wj-4-7-v8-wg-2-7-crd-przewod-wspomagania\/#breadcrumb\"},\"inLanguage\":\"en-US\",\"potentialAction\":[{\"@type\":\"ReadAction\",\"target\":[\"https:\/\/tomwer.com.pl\/produkt\/jeep-wj-4-7-v8-wg-2-7-crd-przewod-wspomagania\/\"]}]},{\"@type\":\"ImageObject\",\"inLanguage\":\"en-US\",\"@id\":\"https:\/\/tomwer.com.pl\/produkt\/jeep-wj-4-7-v8-wg-2-7-crd-przewod-wspomagania\/#primaryimage\",\"url\":\"https:\/\/tomwer.com.pl\/wp-content\/uploads\/2025\/03\/Frame-1.png\",\"contentUrl\":\"https:\/\/tomwer.com.pl\/wp-content\/uploads\/2025\/03\/Frame-1.png\",\"width\":900,\"height\":900},{\"@type\":\"BreadcrumbList\",\"@id\":\"https:\/\/tomwer.com.pl\/produkt\/jeep-wj-4-7-v8-wg-2-7-crd-przewod-wspomagania\/#breadcrumb\",\"itemListElement\":[{\"@type\":\"ListItem\",\"position\":1,\"name\":\"Strona g\u0142\u00f3wna\",\"item\":\"https:\/\/tomwer.com.pl\/\"},{\"@type\":\"ListItem\",\"position\":2,\"name\":\"Wszystkie produkty\",\"item\":\"https:\/\/tomwer.com.pl\/sklep\/\"},{\"@type\":\"ListItem\",\"position\":3,\"name\":\"JEEP WJ 4.7 V8 \/ WG 2.7 CRD\"}]},{\"@type\":\"WebSite\",\"@id\":\"https:\/\/tomwer.com.pl\/#website\",\"url\":\"https:\/\/tomwer.com.pl\/\",\"name\":\"Tomwer - serwis i produkcja przewod\u00f3w hydraulicznych Wis\u0142a\",\"description\":\"G\u0142\u00f3wn\u0105 dzia\u0142alno\u015bci\u0105 firmy TOMWER jest serwis i produkcja przewod\u00f3w hydraulicznych.\",\"potentialAction\":[{\"@type\":\"SearchAction\",\"target\":{\"@type\":\"EntryPoint\",\"urlTemplate\":\"https:\/\/tomwer.com.pl\/?s={search_term_string}\"},\"query-input\":{\"@type\":\"PropertyValueSpecification\",\"valueRequired\":true,\"valueName\":\"search_term_string\"}}],\"inLanguage\":\"en-US\"}]}<\/script>\n<!-- \/ Yoast SEO plugin. -->","yoast_head_json":{"title":"JEEP WJ 4.7 V8 \/ WG 2.7 CRD - Tomwer - serwis i produkcja przewod\u00f3w hydraulicznych Wis\u0142a","description":"Przew\u00f3d wspomagania kierowniczego Jeep Grand Cherokee WJ 4.7 V8 \/ WG 2.7 CRD. Hydro-wentylator, przek\u0142adnia kierownicza. Zamiennik 52089505AD , 52089505AE","robots":{"index":"index","follow":"follow","max-snippet":"max-snippet:-1","max-image-preview":"max-image-preview:large","max-video-preview":"max-video-preview:-1"},"canonical":"https:\/\/tomwer.com.pl\/en\/product\/jeep-wj-4-7-v8-wg-2-7-crd-przewod-wspomagania\/","og_locale":"en_US","og_type":"article","og_title":"JEEP WJ 4.7 V8 \/ WG 2.7 CRD - Tomwer - serwis i produkcja przewod\u00f3w hydraulicznych Wis\u0142a","og_description":"Przew\u00f3d wspomagania kierowniczego Jeep Grand Cherokee WJ 4.7 V8 \/ WG 2.7 CRD. Hydro-wentylator, przek\u0142adnia kierownicza. Zamiennik 52089505AD , 52089505AE","og_url":"https:\/\/tomwer.com.pl\/en\/product\/jeep-wj-4-7-v8-wg-2-7-crd-przewod-wspomagania\/","og_site_name":"Tomwer - serwis i produkcja przewod\u00f3w hydraulicznych Wis\u0142a","article_modified_time":"2025-12-01T15:06:51+00:00","og_image":[{"width":900,"height":900,"url":"https:\/\/tomwer.com.pl\/wp-content\/uploads\/2025\/03\/Frame-1.png","type":"image\/png"}],"twitter_card":"summary_large_image","twitter_misc":{"Est. reading time":"1 minute"},"schema":{"@context":"https:\/\/schema.org","@graph":[{"@type":"WebPage","@id":"https:\/\/tomwer.com.pl\/produkt\/jeep-wj-4-7-v8-wg-2-7-crd-przewod-wspomagania\/","url":"https:\/\/tomwer.com.pl\/produkt\/jeep-wj-4-7-v8-wg-2-7-crd-przewod-wspomagania\/","name":"JEEP WJ 4.7 V8 \/ WG 2.7 CRD - Tomwer - serwis i produkcja przewod\u00f3w hydraulicznych Wis\u0142a","isPartOf":{"@id":"https:\/\/tomwer.com.pl\/#website"},"primaryImageOfPage":{"@id":"https:\/\/tomwer.com.pl\/produkt\/jeep-wj-4-7-v8-wg-2-7-crd-przewod-wspomagania\/#primaryimage"},"image":{"@id":"https:\/\/tomwer.com.pl\/produkt\/jeep-wj-4-7-v8-wg-2-7-crd-przewod-wspomagania\/#primaryimage"},"thumbnailUrl":"https:\/\/tomwer.com.pl\/wp-content\/uploads\/2025\/03\/Frame-1.png","datePublished":"2025-03-13T09:35:55+00:00","dateModified":"2025-12-01T15:06:51+00:00","description":"Przew\u00f3d wspomagania kierowniczego Jeep Grand Cherokee WJ 4.7 V8 \/ WG 2.7 CRD. Hydro-wentylator, przek\u0142adnia kierownicza. Zamiennik 52089505AD , 52089505AE","breadcrumb":{"@id":"https:\/\/tomwer.com.pl\/produkt\/jeep-wj-4-7-v8-wg-2-7-crd-przewod-wspomagania\/#breadcrumb"},"inLanguage":"en-US","potentialAction":[{"@type":"ReadAction","target":["https:\/\/tomwer.com.pl\/produkt\/jeep-wj-4-7-v8-wg-2-7-crd-przewod-wspomagania\/"]}]},{"@type":"ImageObject","inLanguage":"en-US","@id":"https:\/\/tomwer.com.pl\/produkt\/jeep-wj-4-7-v8-wg-2-7-crd-przewod-wspomagania\/#primaryimage","url":"https:\/\/tomwer.com.pl\/wp-content\/uploads\/2025\/03\/Frame-1.png","contentUrl":"https:\/\/tomwer.com.pl\/wp-content\/uploads\/2025\/03\/Frame-1.png","width":900,"height":900},{"@type":"BreadcrumbList","@id":"https:\/\/tomwer.com.pl\/produkt\/jeep-wj-4-7-v8-wg-2-7-crd-przewod-wspomagania\/#breadcrumb","itemListElement":[{"@type":"ListItem","position":1,"name":"Strona g\u0142\u00f3wna","item":"https:\/\/tomwer.com.pl\/"},{"@type":"ListItem","position":2,"name":"Wszystkie produkty","item":"https:\/\/tomwer.com.pl\/sklep\/"},{"@type":"ListItem","position":3,"name":"JEEP WJ 4.7 V8 \/ WG 2.7 CRD"}]},{"@type":"WebSite","@id":"https:\/\/tomwer.com.pl\/#website","url":"https:\/\/tomwer.com.pl\/","name":"Tomwer - service and production of hydraulic hoses Wis\u0142a","description":"The main activity of TOMWER is the service and production of hydraulic hoses.","potentialAction":[{"@type":"SearchAction","target":{"@type":"EntryPoint","urlTemplate":"https:\/\/tomwer.com.pl\/?s={search_term_string}"},"query-input":{"@type":"PropertyValueSpecification","valueRequired":true,"valueName":"search_term_string"}}],"inLanguage":"en-US"}]}},"_links":{"self":[{"href":"https:\/\/tomwer.com.pl\/en\/wp-json\/wp\/v2\/product\/2631","targetHints":{"allow":["GET"]}}],"collection":[{"href":"https:\/\/tomwer.com.pl\/en\/wp-json\/wp\/v2\/product"}],"about":[{"href":"https:\/\/tomwer.com.pl\/en\/wp-json\/wp\/v2\/types\/product"}],"replies":[{"embeddable":true,"href":"https:\/\/tomwer.com.pl\/en\/wp-json\/wp\/v2\/comments?post=2631"}],"wp:featuredmedia":[{"embeddable":true,"href":"https:\/\/tomwer.com.pl\/en\/wp-json\/wp\/v2\/media\/2636"}],"wp:attachment":[{"href":"https:\/\/tomwer.com.pl\/en\/wp-json\/wp\/v2\/media?parent=2631"}],"wp:term":[{"taxonomy":"product_brand","embeddable":true,"href":"https:\/\/tomwer.com.pl\/en\/wp-json\/wp\/v2\/product_brand?post=2631"},{"taxonomy":"product_cat","embeddable":true,"href":"https:\/\/tomwer.com.pl\/en\/wp-json\/wp\/v2\/product_cat?post=2631"},{"taxonomy":"product_tag","embeddable":true,"href":"https:\/\/tomwer.com.pl\/en\/wp-json\/wp\/v2\/product_tag?post=2631"}],"curies":[{"name":"wp","href":"https:\/\/api.w.org\/{rel}","templated":true}]}}