{"id":2444,"date":"2024-09-16T19:00:18","date_gmt":"2024-09-16T17:00:18","guid":{"rendered":"https:\/\/tomwer.com.pl\/?post_type=product&#038;p=2444"},"modified":"2026-01-29T19:28:25","modified_gmt":"2026-01-29T18:28:25","slug":"przewod-wspomagania-niskiego-cisnienia-jeep-wg-2-7-crd","status":"publish","type":"product","link":"https:\/\/tomwer.com.pl\/en\/product\/przewod-wspomagania-niskiego-cisnienia-jeep-wg-2-7-crd\/","title":{"rendered":"Przew\u00f3d wspomagania niskiego ci\u015bnienia  Jeep WG 2.7CRD"},"content":{"rendered":"<h4 data-start=\"54\" data-end=\"342\"><strong data-start=\"54\" data-end=\"140\">Przew\u00f3d uk\u0142adu wspomagania niskiego ci\u015bnienia do Jeep Grand Cherokee WJ\/WG 2.7 CRD<\/strong>, przeznaczony do po\u0142\u0105czenia hydrowentylatora ze zbiorniczkiem. <strong data-start=\"204\" data-end=\"255\">Precyzyjne wykonanie na wz\u00f3r oryginalnej cz\u0119\u015bci<\/strong> zapewnia idealne dopasowanie do fabrycznego uk\u0142adu oraz szybki i bezproblemowy monta\u017c.<\/h4>\n<h4 data-start=\"344\" data-end=\"605\">Przew\u00f3d wykonano z <strong data-start=\"363\" data-end=\"393\">wysokiej jako\u015bci gumy EPDM<\/strong>, odpornej na olej hydrauliczny oraz inne p\u0142yny eksploatacyjne. <strong data-start=\"457\" data-end=\"476\">Oplot aramidowy<\/strong> zwi\u0119ksza wytrzyma\u0142o\u015b\u0107 mechaniczn\u0105 oraz odporno\u015b\u0107 na ci\u015bnienie i wysok\u0105 temperatur\u0119, gwarantuj\u0105c d\u0142ug\u0105 i niezawodn\u0105 eksploatacj\u0119.<\/h4>","protected":false},"excerpt":{"rendered":"<p>Przew\u00f3d uk\u0142adu wspomagania niskiego ci\u015bnienia do Jeep Grand Cherokee WJ\/WG 2.7 CRD, przeznaczony do po\u0142\u0105czenia hydrowentylatora ze zbiorniczkiem. Precyzyjne wykonanie na wz\u00f3r oryginalnej cz\u0119\u015bci zapewnia idealne dopasowanie do fabrycznego uk\u0142adu oraz szybki i bezproblemowy monta\u017c. Przew\u00f3d wykonano z wysokiej jako\u015bci gumy EPDM, odpornej na olej hydrauliczny oraz inne p\u0142yny eksploatacyjne. Oplot aramidowy zwi\u0119ksza wytrzyma\u0142o\u015b\u0107 mechaniczn\u0105 &hellip; <a href=\"https:\/\/tomwer.com.pl\/en\/product\/przewod-wspomagania-niskiego-cisnienia-jeep-wg-2-7-crd\/\">Continued<\/a><\/p>","protected":false},"featured_media":2447,"comment_status":"closed","ping_status":"closed","template":"","meta":{"_acf_changed":false},"product_brand":[],"product_cat":[29],"product_tag":[],"class_list":{"0":"post-2444","1":"product","2":"type-product","3":"status-publish","4":"has-post-thumbnail","6":"product_cat-przewody-silikonowe","8":"first","9":"instock","10":"shipping-taxable","11":"purchasable","12":"product-type-simple"},"acf":[],"yoast_head":"<!-- This site is optimized with the Yoast SEO plugin v26.9 - https:\/\/yoast.com\/product\/yoast-seo-wordpress\/ -->\n<title>Przew\u00f3d wspomagania niskiego ci\u015bnienia Jeep WG 2.7CRD - Tomwer - serwis i produkcja przewod\u00f3w hydraulicznych Wis\u0142a<\/title>\n<meta name=\"description\" content=\"Przew\u00f3d uk\u0142adu wspomagania Jeep WG 2.7 CRD \u0142\u0105cz\u0105cy hydro-wentylator ze zbiorniczkiem.Przew\u00f3d prezyzyjnie wykonany na wz\u00f3r oryginalnej cz\u0119\u015bci.\" \/>\n<meta name=\"robots\" content=\"index, follow, max-snippet:-1, max-image-preview:large, max-video-preview:-1\" \/>\n<link rel=\"canonical\" href=\"https:\/\/tomwer.com.pl\/en\/product\/przewod-wspomagania-niskiego-cisnienia-jeep-wg-2-7-crd\/\" \/>\n<meta property=\"og:locale\" content=\"en_US\" \/>\n<meta property=\"og:type\" content=\"article\" \/>\n<meta property=\"og:title\" content=\"Przew\u00f3d wspomagania niskiego ci\u015bnienia Jeep WG 2.7CRD - Tomwer - serwis i produkcja przewod\u00f3w hydraulicznych Wis\u0142a\" \/>\n<meta property=\"og:description\" content=\"Przew\u00f3d uk\u0142adu wspomagania Jeep WG 2.7 CRD \u0142\u0105cz\u0105cy hydro-wentylator ze zbiorniczkiem.Przew\u00f3d prezyzyjnie wykonany na wz\u00f3r oryginalnej cz\u0119\u015bci.\" \/>\n<meta property=\"og:url\" content=\"https:\/\/tomwer.com.pl\/en\/product\/przewod-wspomagania-niskiego-cisnienia-jeep-wg-2-7-crd\/\" \/>\n<meta property=\"og:site_name\" content=\"Tomwer - serwis i produkcja przewod\u00f3w hydraulicznych Wis\u0142a\" \/>\n<meta property=\"article:modified_time\" content=\"2026-01-29T18:28:25+00:00\" \/>\n<meta property=\"og:image\" content=\"https:\/\/tomwer.com.pl\/wp-content\/uploads\/2024\/09\/Frame-67.png\" \/>\n\t<meta property=\"og:image:width\" content=\"900\" \/>\n\t<meta property=\"og:image:height\" content=\"900\" \/>\n\t<meta property=\"og:image:type\" content=\"image\/png\" \/>\n<meta name=\"twitter:card\" content=\"summary_large_image\" \/>\n<meta name=\"twitter:label1\" content=\"Est. reading time\" \/>\n\t<meta name=\"twitter:data1\" content=\"1 minute\" \/>\n<script type=\"application\/ld+json\" class=\"yoast-schema-graph\">{\"@context\":\"https:\/\/schema.org\",\"@graph\":[{\"@type\":\"WebPage\",\"@id\":\"https:\/\/tomwer.com.pl\/produkt\/przewod-wspomagania-niskiego-cisnienia-jeep-wg-2-7-crd\/\",\"url\":\"https:\/\/tomwer.com.pl\/produkt\/przewod-wspomagania-niskiego-cisnienia-jeep-wg-2-7-crd\/\",\"name\":\"Przew\u00f3d wspomagania niskiego ci\u015bnienia Jeep WG 2.7CRD - Tomwer - serwis i produkcja przewod\u00f3w hydraulicznych Wis\u0142a\",\"isPartOf\":{\"@id\":\"https:\/\/tomwer.com.pl\/#website\"},\"primaryImageOfPage\":{\"@id\":\"https:\/\/tomwer.com.pl\/produkt\/przewod-wspomagania-niskiego-cisnienia-jeep-wg-2-7-crd\/#primaryimage\"},\"image\":{\"@id\":\"https:\/\/tomwer.com.pl\/produkt\/przewod-wspomagania-niskiego-cisnienia-jeep-wg-2-7-crd\/#primaryimage\"},\"thumbnailUrl\":\"https:\/\/tomwer.com.pl\/wp-content\/uploads\/2024\/09\/Frame-67.png\",\"datePublished\":\"2024-09-16T17:00:18+00:00\",\"dateModified\":\"2026-01-29T18:28:25+00:00\",\"description\":\"Przew\u00f3d uk\u0142adu wspomagania Jeep WG 2.7 CRD \u0142\u0105cz\u0105cy hydro-wentylator ze zbiorniczkiem.Przew\u00f3d prezyzyjnie wykonany na wz\u00f3r oryginalnej cz\u0119\u015bci.\",\"breadcrumb\":{\"@id\":\"https:\/\/tomwer.com.pl\/produkt\/przewod-wspomagania-niskiego-cisnienia-jeep-wg-2-7-crd\/#breadcrumb\"},\"inLanguage\":\"en-US\",\"potentialAction\":[{\"@type\":\"ReadAction\",\"target\":[\"https:\/\/tomwer.com.pl\/produkt\/przewod-wspomagania-niskiego-cisnienia-jeep-wg-2-7-crd\/\"]}]},{\"@type\":\"ImageObject\",\"inLanguage\":\"en-US\",\"@id\":\"https:\/\/tomwer.com.pl\/produkt\/przewod-wspomagania-niskiego-cisnienia-jeep-wg-2-7-crd\/#primaryimage\",\"url\":\"https:\/\/tomwer.com.pl\/wp-content\/uploads\/2024\/09\/Frame-67.png\",\"contentUrl\":\"https:\/\/tomwer.com.pl\/wp-content\/uploads\/2024\/09\/Frame-67.png\",\"width\":900,\"height\":900},{\"@type\":\"BreadcrumbList\",\"@id\":\"https:\/\/tomwer.com.pl\/produkt\/przewod-wspomagania-niskiego-cisnienia-jeep-wg-2-7-crd\/#breadcrumb\",\"itemListElement\":[{\"@type\":\"ListItem\",\"position\":1,\"name\":\"Strona g\u0142\u00f3wna\",\"item\":\"https:\/\/tomwer.com.pl\/\"},{\"@type\":\"ListItem\",\"position\":2,\"name\":\"Wszystkie produkty\",\"item\":\"https:\/\/tomwer.com.pl\/sklep\/\"},{\"@type\":\"ListItem\",\"position\":3,\"name\":\"Przew\u00f3d wspomagania niskiego ci\u015bnienia Jeep WG 2.7CRD\"}]},{\"@type\":\"WebSite\",\"@id\":\"https:\/\/tomwer.com.pl\/#website\",\"url\":\"https:\/\/tomwer.com.pl\/\",\"name\":\"Tomwer - serwis i produkcja przewod\u00f3w hydraulicznych Wis\u0142a\",\"description\":\"G\u0142\u00f3wn\u0105 dzia\u0142alno\u015bci\u0105 firmy TOMWER jest serwis i produkcja przewod\u00f3w hydraulicznych.\",\"potentialAction\":[{\"@type\":\"SearchAction\",\"target\":{\"@type\":\"EntryPoint\",\"urlTemplate\":\"https:\/\/tomwer.com.pl\/?s={search_term_string}\"},\"query-input\":{\"@type\":\"PropertyValueSpecification\",\"valueRequired\":true,\"valueName\":\"search_term_string\"}}],\"inLanguage\":\"en-US\"}]}<\/script>\n<!-- \/ Yoast SEO plugin. -->","yoast_head_json":{"title":"Przew\u00f3d wspomagania niskiego ci\u015bnienia Jeep WG 2.7CRD - Tomwer - serwis i produkcja przewod\u00f3w hydraulicznych Wis\u0142a","description":"Przew\u00f3d uk\u0142adu wspomagania Jeep WG 2.7 CRD \u0142\u0105cz\u0105cy hydro-wentylator ze zbiorniczkiem.Przew\u00f3d prezyzyjnie wykonany na wz\u00f3r oryginalnej cz\u0119\u015bci.","robots":{"index":"index","follow":"follow","max-snippet":"max-snippet:-1","max-image-preview":"max-image-preview:large","max-video-preview":"max-video-preview:-1"},"canonical":"https:\/\/tomwer.com.pl\/en\/product\/przewod-wspomagania-niskiego-cisnienia-jeep-wg-2-7-crd\/","og_locale":"en_US","og_type":"article","og_title":"Przew\u00f3d wspomagania niskiego ci\u015bnienia Jeep WG 2.7CRD - Tomwer - serwis i produkcja przewod\u00f3w hydraulicznych Wis\u0142a","og_description":"Przew\u00f3d uk\u0142adu wspomagania Jeep WG 2.7 CRD \u0142\u0105cz\u0105cy hydro-wentylator ze zbiorniczkiem.Przew\u00f3d prezyzyjnie wykonany na wz\u00f3r oryginalnej cz\u0119\u015bci.","og_url":"https:\/\/tomwer.com.pl\/en\/product\/przewod-wspomagania-niskiego-cisnienia-jeep-wg-2-7-crd\/","og_site_name":"Tomwer - serwis i produkcja przewod\u00f3w hydraulicznych Wis\u0142a","article_modified_time":"2026-01-29T18:28:25+00:00","og_image":[{"width":900,"height":900,"url":"https:\/\/tomwer.com.pl\/wp-content\/uploads\/2024\/09\/Frame-67.png","type":"image\/png"}],"twitter_card":"summary_large_image","twitter_misc":{"Est. reading time":"1 minute"},"schema":{"@context":"https:\/\/schema.org","@graph":[{"@type":"WebPage","@id":"https:\/\/tomwer.com.pl\/produkt\/przewod-wspomagania-niskiego-cisnienia-jeep-wg-2-7-crd\/","url":"https:\/\/tomwer.com.pl\/produkt\/przewod-wspomagania-niskiego-cisnienia-jeep-wg-2-7-crd\/","name":"Przew\u00f3d wspomagania niskiego ci\u015bnienia Jeep WG 2.7CRD - Tomwer - serwis i produkcja przewod\u00f3w hydraulicznych Wis\u0142a","isPartOf":{"@id":"https:\/\/tomwer.com.pl\/#website"},"primaryImageOfPage":{"@id":"https:\/\/tomwer.com.pl\/produkt\/przewod-wspomagania-niskiego-cisnienia-jeep-wg-2-7-crd\/#primaryimage"},"image":{"@id":"https:\/\/tomwer.com.pl\/produkt\/przewod-wspomagania-niskiego-cisnienia-jeep-wg-2-7-crd\/#primaryimage"},"thumbnailUrl":"https:\/\/tomwer.com.pl\/wp-content\/uploads\/2024\/09\/Frame-67.png","datePublished":"2024-09-16T17:00:18+00:00","dateModified":"2026-01-29T18:28:25+00:00","description":"Przew\u00f3d uk\u0142adu wspomagania Jeep WG 2.7 CRD \u0142\u0105cz\u0105cy hydro-wentylator ze zbiorniczkiem.Przew\u00f3d prezyzyjnie wykonany na wz\u00f3r oryginalnej cz\u0119\u015bci.","breadcrumb":{"@id":"https:\/\/tomwer.com.pl\/produkt\/przewod-wspomagania-niskiego-cisnienia-jeep-wg-2-7-crd\/#breadcrumb"},"inLanguage":"en-US","potentialAction":[{"@type":"ReadAction","target":["https:\/\/tomwer.com.pl\/produkt\/przewod-wspomagania-niskiego-cisnienia-jeep-wg-2-7-crd\/"]}]},{"@type":"ImageObject","inLanguage":"en-US","@id":"https:\/\/tomwer.com.pl\/produkt\/przewod-wspomagania-niskiego-cisnienia-jeep-wg-2-7-crd\/#primaryimage","url":"https:\/\/tomwer.com.pl\/wp-content\/uploads\/2024\/09\/Frame-67.png","contentUrl":"https:\/\/tomwer.com.pl\/wp-content\/uploads\/2024\/09\/Frame-67.png","width":900,"height":900},{"@type":"BreadcrumbList","@id":"https:\/\/tomwer.com.pl\/produkt\/przewod-wspomagania-niskiego-cisnienia-jeep-wg-2-7-crd\/#breadcrumb","itemListElement":[{"@type":"ListItem","position":1,"name":"Strona g\u0142\u00f3wna","item":"https:\/\/tomwer.com.pl\/"},{"@type":"ListItem","position":2,"name":"Wszystkie produkty","item":"https:\/\/tomwer.com.pl\/sklep\/"},{"@type":"ListItem","position":3,"name":"Przew\u00f3d wspomagania niskiego ci\u015bnienia Jeep WG 2.7CRD"}]},{"@type":"WebSite","@id":"https:\/\/tomwer.com.pl\/#website","url":"https:\/\/tomwer.com.pl\/","name":"Tomwer - service and production of hydraulic hoses Wis\u0142a","description":"The main activity of TOMWER is the service and production of hydraulic hoses.","potentialAction":[{"@type":"SearchAction","target":{"@type":"EntryPoint","urlTemplate":"https:\/\/tomwer.com.pl\/?s={search_term_string}"},"query-input":{"@type":"PropertyValueSpecification","valueRequired":true,"valueName":"search_term_string"}}],"inLanguage":"en-US"}]}},"_links":{"self":[{"href":"https:\/\/tomwer.com.pl\/en\/wp-json\/wp\/v2\/product\/2444","targetHints":{"allow":["GET"]}}],"collection":[{"href":"https:\/\/tomwer.com.pl\/en\/wp-json\/wp\/v2\/product"}],"about":[{"href":"https:\/\/tomwer.com.pl\/en\/wp-json\/wp\/v2\/types\/product"}],"replies":[{"embeddable":true,"href":"https:\/\/tomwer.com.pl\/en\/wp-json\/wp\/v2\/comments?post=2444"}],"wp:featuredmedia":[{"embeddable":true,"href":"https:\/\/tomwer.com.pl\/en\/wp-json\/wp\/v2\/media\/2447"}],"wp:attachment":[{"href":"https:\/\/tomwer.com.pl\/en\/wp-json\/wp\/v2\/media?parent=2444"}],"wp:term":[{"taxonomy":"product_brand","embeddable":true,"href":"https:\/\/tomwer.com.pl\/en\/wp-json\/wp\/v2\/product_brand?post=2444"},{"taxonomy":"product_cat","embeddable":true,"href":"https:\/\/tomwer.com.pl\/en\/wp-json\/wp\/v2\/product_cat?post=2444"},{"taxonomy":"product_tag","embeddable":true,"href":"https:\/\/tomwer.com.pl\/en\/wp-json\/wp\/v2\/product_tag?post=2444"}],"curies":[{"name":"wp","href":"https:\/\/api.w.org\/{rel}","templated":true}]}}