{"id":2128,"date":"2024-05-23T20:30:46","date_gmt":"2024-05-23T18:30:46","guid":{"rendered":"https:\/\/tomwer.com.pl\/?post_type=product&#038;p=2128"},"modified":"2025-10-06T17:00:23","modified_gmt":"2025-10-06T15:00:23","slug":"jeep-cherokee-xj-przewody-hamulcowe-w-stalowym-oplocie","status":"publish","type":"product","link":"https:\/\/tomwer.com.pl\/en\/product\/jeep-cherokee-xj-przewody-hamulcowe-w-stalowym-oplocie\/","title":{"rendered":"Jeep Cherokee XJ \/ ZJ \u2013 steel braided brake lines"},"content":{"rendered":"<p>A set of brake hoses designed for Jeep Cherokee XJ, Jeep Grand Cherokee ZJ \/ ZG. Cables made of Teflon hose with stainless steel braid and galvanized ends. The cables are a substitute for the original - the terminals may differ in external shape from the original terminals, the differences do not affect the method of installation or use.<\/p>\n<hr \/>\n<p><span style=\"color: #0000ff;\">The set is intended for systems with drum brakes on the rear axle.\u00a0<\/span><\/p>","protected":false},"excerpt":{"rendered":"<p>A set of brake hoses designed for Jeep Cherokee XJ, Jeep Grand Cherokee ZJ \/ ZG. Cables made of Teflon hose with stainless steel braid and galvanized ends. The cables are a substitute for the original - the terminals may differ in external shape from the original terminals, the differences do not affect the method of installation or use. Set intended for\u2026 <a href=\"https:\/\/tomwer.com.pl\/en\/product\/jeep-cherokee-xj-przewody-hamulcowe-w-stalowym-oplocie\/\">Continued<\/a><\/p>","protected":false},"featured_media":2211,"comment_status":"open","ping_status":"closed","template":"","meta":{"_acf_changed":false},"product_brand":[],"product_cat":[33,59,60],"product_tag":[],"class_list":{"0":"post-2128","1":"product","2":"type-product","3":"status-publish","4":"has-post-thumbnail","6":"product_cat-jeep","7":"product_cat-jeep-cherokee-xj","8":"product_cat-jeep-grand-cherokee-zjzg","10":"first","11":"instock","12":"shipping-taxable","13":"purchasable","14":"product-type-variable","15":"has-default-attributes"},"acf":[],"yoast_head":"<!-- This site is optimized with the Yoast SEO plugin v26.9 - https:\/\/yoast.com\/product\/yoast-seo-wordpress\/ -->\n<title>Jeep Cherokee XJ \/ ZJ - przewody hamulcowe w stalowym oplocie<\/title>\n<meta name=\"description\" content=\"Przewody hamulcowe w oplocie ze stali nierdzewnej do Jeep Cherokee XJ, Jeep Grand Cherokee ZJ \/ZG. Przed\u0142u\u017cone przewody do liftu zawieszenia.\" \/>\n<meta name=\"robots\" content=\"index, follow, max-snippet:-1, max-image-preview:large, max-video-preview:-1\" \/>\n<link rel=\"canonical\" href=\"https:\/\/tomwer.com.pl\/en\/product\/jeep-cherokee-xj-przewody-hamulcowe-w-stalowym-oplocie\/\" \/>\n<meta property=\"og:locale\" content=\"en_US\" \/>\n<meta property=\"og:type\" content=\"article\" \/>\n<meta property=\"og:title\" content=\"Jeep Cherokee XJ \/ ZJ - przewody hamulcowe w stalowym oplocie\" \/>\n<meta property=\"og:description\" content=\"Przewody hamulcowe w oplocie ze stali nierdzewnej do Jeep Cherokee XJ, Jeep Grand Cherokee ZJ \/ZG. Przed\u0142u\u017cone przewody do liftu zawieszenia.\" \/>\n<meta property=\"og:url\" content=\"https:\/\/tomwer.com.pl\/en\/product\/jeep-cherokee-xj-przewody-hamulcowe-w-stalowym-oplocie\/\" \/>\n<meta property=\"og:site_name\" content=\"Tomwer - serwis i produkcja przewod\u00f3w hydraulicznych Wis\u0142a\" \/>\n<meta property=\"article:modified_time\" content=\"2025-10-06T15:00:23+00:00\" \/>\n<meta property=\"og:image\" content=\"https:\/\/tomwer.com.pl\/wp-content\/uploads\/2024\/05\/Frame-50.png\" \/>\n\t<meta property=\"og:image:width\" content=\"900\" \/>\n\t<meta property=\"og:image:height\" content=\"900\" \/>\n\t<meta property=\"og:image:type\" content=\"image\/png\" \/>\n<meta name=\"twitter:card\" content=\"summary_large_image\" \/>\n<meta name=\"twitter:label1\" content=\"Est. reading time\" \/>\n\t<meta name=\"twitter:data1\" content=\"1 minute\" \/>\n<script type=\"application\/ld+json\" class=\"yoast-schema-graph\">{\"@context\":\"https:\/\/schema.org\",\"@graph\":[{\"@type\":\"WebPage\",\"@id\":\"https:\/\/tomwer.com.pl\/produkt\/jeep-cherokee-xj-przewody-hamulcowe-w-stalowym-oplocie\/\",\"url\":\"https:\/\/tomwer.com.pl\/produkt\/jeep-cherokee-xj-przewody-hamulcowe-w-stalowym-oplocie\/\",\"name\":\"Jeep Cherokee XJ \/ ZJ - przewody hamulcowe w stalowym oplocie\",\"isPartOf\":{\"@id\":\"https:\/\/tomwer.com.pl\/#website\"},\"primaryImageOfPage\":{\"@id\":\"https:\/\/tomwer.com.pl\/produkt\/jeep-cherokee-xj-przewody-hamulcowe-w-stalowym-oplocie\/#primaryimage\"},\"image\":{\"@id\":\"https:\/\/tomwer.com.pl\/produkt\/jeep-cherokee-xj-przewody-hamulcowe-w-stalowym-oplocie\/#primaryimage\"},\"thumbnailUrl\":\"https:\/\/tomwer.com.pl\/wp-content\/uploads\/2024\/05\/Frame-50.png\",\"datePublished\":\"2024-05-23T18:30:46+00:00\",\"dateModified\":\"2025-10-06T15:00:23+00:00\",\"description\":\"Przewody hamulcowe w oplocie ze stali nierdzewnej do Jeep Cherokee XJ, Jeep Grand Cherokee ZJ \/ZG. Przed\u0142u\u017cone przewody do liftu zawieszenia.\",\"breadcrumb\":{\"@id\":\"https:\/\/tomwer.com.pl\/produkt\/jeep-cherokee-xj-przewody-hamulcowe-w-stalowym-oplocie\/#breadcrumb\"},\"inLanguage\":\"en-US\",\"potentialAction\":[{\"@type\":\"ReadAction\",\"target\":[\"https:\/\/tomwer.com.pl\/produkt\/jeep-cherokee-xj-przewody-hamulcowe-w-stalowym-oplocie\/\"]}]},{\"@type\":\"ImageObject\",\"inLanguage\":\"en-US\",\"@id\":\"https:\/\/tomwer.com.pl\/produkt\/jeep-cherokee-xj-przewody-hamulcowe-w-stalowym-oplocie\/#primaryimage\",\"url\":\"https:\/\/tomwer.com.pl\/wp-content\/uploads\/2024\/05\/Frame-50.png\",\"contentUrl\":\"https:\/\/tomwer.com.pl\/wp-content\/uploads\/2024\/05\/Frame-50.png\",\"width\":900,\"height\":900},{\"@type\":\"BreadcrumbList\",\"@id\":\"https:\/\/tomwer.com.pl\/produkt\/jeep-cherokee-xj-przewody-hamulcowe-w-stalowym-oplocie\/#breadcrumb\",\"itemListElement\":[{\"@type\":\"ListItem\",\"position\":1,\"name\":\"Strona g\u0142\u00f3wna\",\"item\":\"https:\/\/tomwer.com.pl\/\"},{\"@type\":\"ListItem\",\"position\":2,\"name\":\"Wszystkie produkty\",\"item\":\"https:\/\/tomwer.com.pl\/sklep\/\"},{\"@type\":\"ListItem\",\"position\":3,\"name\":\"Jeep Cherokee XJ \/ ZJ &#8211; przewody hamulcowe w stalowym oplocie\"}]},{\"@type\":\"WebSite\",\"@id\":\"https:\/\/tomwer.com.pl\/#website\",\"url\":\"https:\/\/tomwer.com.pl\/\",\"name\":\"Tomwer - serwis i produkcja przewod\u00f3w hydraulicznych Wis\u0142a\",\"description\":\"G\u0142\u00f3wn\u0105 dzia\u0142alno\u015bci\u0105 firmy TOMWER jest serwis i produkcja przewod\u00f3w hydraulicznych.\",\"potentialAction\":[{\"@type\":\"SearchAction\",\"target\":{\"@type\":\"EntryPoint\",\"urlTemplate\":\"https:\/\/tomwer.com.pl\/?s={search_term_string}\"},\"query-input\":{\"@type\":\"PropertyValueSpecification\",\"valueRequired\":true,\"valueName\":\"search_term_string\"}}],\"inLanguage\":\"en-US\"}]}<\/script>\n<!-- \/ Yoast SEO plugin. -->","yoast_head_json":{"title":"Jeep Cherokee XJ \/ ZJ - przewody hamulcowe w stalowym oplocie","description":"Przewody hamulcowe w oplocie ze stali nierdzewnej do Jeep Cherokee XJ, Jeep Grand Cherokee ZJ \/ZG. Przed\u0142u\u017cone przewody do liftu zawieszenia.","robots":{"index":"index","follow":"follow","max-snippet":"max-snippet:-1","max-image-preview":"max-image-preview:large","max-video-preview":"max-video-preview:-1"},"canonical":"https:\/\/tomwer.com.pl\/en\/product\/jeep-cherokee-xj-przewody-hamulcowe-w-stalowym-oplocie\/","og_locale":"en_US","og_type":"article","og_title":"Jeep Cherokee XJ \/ ZJ - przewody hamulcowe w stalowym oplocie","og_description":"Przewody hamulcowe w oplocie ze stali nierdzewnej do Jeep Cherokee XJ, Jeep Grand Cherokee ZJ \/ZG. Przed\u0142u\u017cone przewody do liftu zawieszenia.","og_url":"https:\/\/tomwer.com.pl\/en\/product\/jeep-cherokee-xj-przewody-hamulcowe-w-stalowym-oplocie\/","og_site_name":"Tomwer - serwis i produkcja przewod\u00f3w hydraulicznych Wis\u0142a","article_modified_time":"2025-10-06T15:00:23+00:00","og_image":[{"width":900,"height":900,"url":"https:\/\/tomwer.com.pl\/wp-content\/uploads\/2024\/05\/Frame-50.png","type":"image\/png"}],"twitter_card":"summary_large_image","twitter_misc":{"Est. reading time":"1 minute"},"schema":{"@context":"https:\/\/schema.org","@graph":[{"@type":"WebPage","@id":"https:\/\/tomwer.com.pl\/produkt\/jeep-cherokee-xj-przewody-hamulcowe-w-stalowym-oplocie\/","url":"https:\/\/tomwer.com.pl\/produkt\/jeep-cherokee-xj-przewody-hamulcowe-w-stalowym-oplocie\/","name":"Jeep Cherokee XJ \/ ZJ - przewody hamulcowe w stalowym oplocie","isPartOf":{"@id":"https:\/\/tomwer.com.pl\/#website"},"primaryImageOfPage":{"@id":"https:\/\/tomwer.com.pl\/produkt\/jeep-cherokee-xj-przewody-hamulcowe-w-stalowym-oplocie\/#primaryimage"},"image":{"@id":"https:\/\/tomwer.com.pl\/produkt\/jeep-cherokee-xj-przewody-hamulcowe-w-stalowym-oplocie\/#primaryimage"},"thumbnailUrl":"https:\/\/tomwer.com.pl\/wp-content\/uploads\/2024\/05\/Frame-50.png","datePublished":"2024-05-23T18:30:46+00:00","dateModified":"2025-10-06T15:00:23+00:00","description":"Przewody hamulcowe w oplocie ze stali nierdzewnej do Jeep Cherokee XJ, Jeep Grand Cherokee ZJ \/ZG. Przed\u0142u\u017cone przewody do liftu zawieszenia.","breadcrumb":{"@id":"https:\/\/tomwer.com.pl\/produkt\/jeep-cherokee-xj-przewody-hamulcowe-w-stalowym-oplocie\/#breadcrumb"},"inLanguage":"en-US","potentialAction":[{"@type":"ReadAction","target":["https:\/\/tomwer.com.pl\/produkt\/jeep-cherokee-xj-przewody-hamulcowe-w-stalowym-oplocie\/"]}]},{"@type":"ImageObject","inLanguage":"en-US","@id":"https:\/\/tomwer.com.pl\/produkt\/jeep-cherokee-xj-przewody-hamulcowe-w-stalowym-oplocie\/#primaryimage","url":"https:\/\/tomwer.com.pl\/wp-content\/uploads\/2024\/05\/Frame-50.png","contentUrl":"https:\/\/tomwer.com.pl\/wp-content\/uploads\/2024\/05\/Frame-50.png","width":900,"height":900},{"@type":"BreadcrumbList","@id":"https:\/\/tomwer.com.pl\/produkt\/jeep-cherokee-xj-przewody-hamulcowe-w-stalowym-oplocie\/#breadcrumb","itemListElement":[{"@type":"ListItem","position":1,"name":"Strona g\u0142\u00f3wna","item":"https:\/\/tomwer.com.pl\/"},{"@type":"ListItem","position":2,"name":"Wszystkie produkty","item":"https:\/\/tomwer.com.pl\/sklep\/"},{"@type":"ListItem","position":3,"name":"Jeep Cherokee XJ \/ ZJ &#8211; przewody hamulcowe w stalowym oplocie"}]},{"@type":"WebSite","@id":"https:\/\/tomwer.com.pl\/#website","url":"https:\/\/tomwer.com.pl\/","name":"Tomwer - service and production of hydraulic hoses Wis\u0142a","description":"The main activity of TOMWER is the service and production of hydraulic hoses.","potentialAction":[{"@type":"SearchAction","target":{"@type":"EntryPoint","urlTemplate":"https:\/\/tomwer.com.pl\/?s={search_term_string}"},"query-input":{"@type":"PropertyValueSpecification","valueRequired":true,"valueName":"search_term_string"}}],"inLanguage":"en-US"}]}},"_links":{"self":[{"href":"https:\/\/tomwer.com.pl\/en\/wp-json\/wp\/v2\/product\/2128","targetHints":{"allow":["GET"]}}],"collection":[{"href":"https:\/\/tomwer.com.pl\/en\/wp-json\/wp\/v2\/product"}],"about":[{"href":"https:\/\/tomwer.com.pl\/en\/wp-json\/wp\/v2\/types\/product"}],"replies":[{"embeddable":true,"href":"https:\/\/tomwer.com.pl\/en\/wp-json\/wp\/v2\/comments?post=2128"}],"wp:featuredmedia":[{"embeddable":true,"href":"https:\/\/tomwer.com.pl\/en\/wp-json\/wp\/v2\/media\/2211"}],"wp:attachment":[{"href":"https:\/\/tomwer.com.pl\/en\/wp-json\/wp\/v2\/media?parent=2128"}],"wp:term":[{"taxonomy":"product_brand","embeddable":true,"href":"https:\/\/tomwer.com.pl\/en\/wp-json\/wp\/v2\/product_brand?post=2128"},{"taxonomy":"product_cat","embeddable":true,"href":"https:\/\/tomwer.com.pl\/en\/wp-json\/wp\/v2\/product_cat?post=2128"},{"taxonomy":"product_tag","embeddable":true,"href":"https:\/\/tomwer.com.pl\/en\/wp-json\/wp\/v2\/product_tag?post=2128"}],"curies":[{"name":"wp","href":"https:\/\/api.w.org\/{rel}","templated":true}]}}