{"id":2071,"date":"2024-05-08T14:03:17","date_gmt":"2024-05-08T12:03:17","guid":{"rendered":"https:\/\/tomwer.com.pl\/?post_type=product&#038;p=2071"},"modified":"2024-05-08T14:04:10","modified_gmt":"2024-05-08T12:04:10","slug":"przewod-wspomagania-jeep-wk-3-0-crd-5-7-hemi-2","status":"publish","type":"product","link":"https:\/\/tomwer.com.pl\/en\/product\/przewod-wspomagania-jeep-wk-3-0-crd-5-7-hemi-2\/","title":{"rendered":"Power steering cable JEEP WK 3.0 CRD \/ 5.7 HEMI"},"content":{"rendered":"<p>Power steering hose <strong>JEEP WK 3.0CRD \/ 5.7 HEMI.<\/strong> The hydro fan-pump cable is made of the highest quality components. Careful matching of the metal and flexible parts guarantees trouble-free installation and long-term operation. Installation of our cable is very simple and intuitive. The internal dimensions of the cable have been maintained, which is very important for the entire system to function properly. Our cable will certainly not cause problems with fluid leakage or cause incorrect operation of the steering system. A proven and effective solution for many years. Replacement Cable 52080154AB, 52080154AE<\/p>","protected":false},"excerpt":{"rendered":"<p>Power steering cable JEEP WK 3.0CRD \/ 5.7 HEMI. The hydro fan-pump cable is made of the highest quality components. Careful matching of the metal and flexible parts guarantees trouble-free installation and long-term operation. Installation of our cable is very simple and intuitive. The internal dimensions of the cable have been maintained, which is very important for the entire system to function properly... <a href=\"https:\/\/tomwer.com.pl\/en\/product\/przewod-wspomagania-jeep-wk-3-0-crd-5-7-hemi-2\/\">Continued<\/a><\/p>","protected":false},"featured_media":2070,"comment_status":"closed","ping_status":"closed","template":"","meta":{"_acf_changed":false},"product_brand":[],"product_cat":[20],"product_tag":[],"class_list":{"0":"post-2071","1":"product","2":"type-product","3":"status-publish","4":"has-post-thumbnail","6":"product_cat-przewody-wspomagania-kierowniczego","8":"first","9":"instock","10":"shipping-taxable","11":"purchasable","12":"product-type-simple"},"acf":[],"yoast_head":"<!-- This site is optimized with the Yoast SEO plugin v26.9 - https:\/\/yoast.com\/product\/yoast-seo-wordpress\/ -->\n<title>Przew\u00f3d wspomagania JEEP WK 3.0 CRD \/ 5.7 HEMI - Tomwer - serwis i produkcja przewod\u00f3w hydraulicznych Wis\u0142a<\/title>\n<meta name=\"description\" content=\"Przew\u00f3d\u00a0 wspomagania kierowniczego JEEP WK 3.0CRD \/ 5.7 HEMI, \u0142\u0105cz\u0105cy pomp\u0119 wspomagania z hydro-wentylatorem. Zamiennik Przewodu 52080154AB , 52080154AE .\" \/>\n<meta name=\"robots\" content=\"index, follow, max-snippet:-1, max-image-preview:large, max-video-preview:-1\" \/>\n<link rel=\"canonical\" href=\"https:\/\/tomwer.com.pl\/en\/product\/przewod-wspomagania-jeep-wk-3-0-crd-5-7-hemi-2\/\" \/>\n<meta property=\"og:locale\" content=\"en_US\" \/>\n<meta property=\"og:type\" content=\"article\" \/>\n<meta property=\"og:title\" content=\"Przew\u00f3d wspomagania JEEP WK 3.0 CRD \/ 5.7 HEMI - Tomwer - serwis i produkcja przewod\u00f3w hydraulicznych Wis\u0142a\" \/>\n<meta property=\"og:description\" content=\"Przew\u00f3d\u00a0 wspomagania kierowniczego JEEP WK 3.0CRD \/ 5.7 HEMI, \u0142\u0105cz\u0105cy pomp\u0119 wspomagania z hydro-wentylatorem. Zamiennik Przewodu 52080154AB , 52080154AE .\" \/>\n<meta property=\"og:url\" content=\"https:\/\/tomwer.com.pl\/en\/product\/przewod-wspomagania-jeep-wk-3-0-crd-5-7-hemi-2\/\" \/>\n<meta property=\"og:site_name\" content=\"Tomwer - serwis i produkcja przewod\u00f3w hydraulicznych Wis\u0142a\" \/>\n<meta property=\"article:modified_time\" content=\"2024-05-08T12:04:10+00:00\" \/>\n<meta property=\"og:image\" content=\"https:\/\/tomwer.com.pl\/wp-content\/uploads\/2024\/05\/Frame-21-1.png\" \/>\n\t<meta property=\"og:image:width\" content=\"900\" \/>\n\t<meta property=\"og:image:height\" content=\"900\" \/>\n\t<meta property=\"og:image:type\" content=\"image\/png\" \/>\n<meta name=\"twitter:card\" content=\"summary_large_image\" \/>\n<meta name=\"twitter:label1\" content=\"Est. reading time\" \/>\n\t<meta name=\"twitter:data1\" content=\"1 minute\" \/>\n<script type=\"application\/ld+json\" class=\"yoast-schema-graph\">{\"@context\":\"https:\/\/schema.org\",\"@graph\":[{\"@type\":\"WebPage\",\"@id\":\"https:\/\/tomwer.com.pl\/produkt\/przewod-wspomagania-jeep-wk-3-0-crd-5-7-hemi-2\/\",\"url\":\"https:\/\/tomwer.com.pl\/produkt\/przewod-wspomagania-jeep-wk-3-0-crd-5-7-hemi-2\/\",\"name\":\"Przew\u00f3d wspomagania JEEP WK 3.0 CRD \/ 5.7 HEMI - Tomwer - serwis i produkcja przewod\u00f3w hydraulicznych Wis\u0142a\",\"isPartOf\":{\"@id\":\"https:\/\/tomwer.com.pl\/#website\"},\"primaryImageOfPage\":{\"@id\":\"https:\/\/tomwer.com.pl\/produkt\/przewod-wspomagania-jeep-wk-3-0-crd-5-7-hemi-2\/#primaryimage\"},\"image\":{\"@id\":\"https:\/\/tomwer.com.pl\/produkt\/przewod-wspomagania-jeep-wk-3-0-crd-5-7-hemi-2\/#primaryimage\"},\"thumbnailUrl\":\"https:\/\/tomwer.com.pl\/wp-content\/uploads\/2024\/05\/Frame-21-1.png\",\"datePublished\":\"2024-05-08T12:03:17+00:00\",\"dateModified\":\"2024-05-08T12:04:10+00:00\",\"description\":\"Przew\u00f3d\u00a0 wspomagania kierowniczego JEEP WK 3.0CRD \/ 5.7 HEMI, \u0142\u0105cz\u0105cy pomp\u0119 wspomagania z hydro-wentylatorem. Zamiennik Przewodu 52080154AB , 52080154AE .\",\"breadcrumb\":{\"@id\":\"https:\/\/tomwer.com.pl\/produkt\/przewod-wspomagania-jeep-wk-3-0-crd-5-7-hemi-2\/#breadcrumb\"},\"inLanguage\":\"en-US\",\"potentialAction\":[{\"@type\":\"ReadAction\",\"target\":[\"https:\/\/tomwer.com.pl\/produkt\/przewod-wspomagania-jeep-wk-3-0-crd-5-7-hemi-2\/\"]}]},{\"@type\":\"ImageObject\",\"inLanguage\":\"en-US\",\"@id\":\"https:\/\/tomwer.com.pl\/produkt\/przewod-wspomagania-jeep-wk-3-0-crd-5-7-hemi-2\/#primaryimage\",\"url\":\"https:\/\/tomwer.com.pl\/wp-content\/uploads\/2024\/05\/Frame-21-1.png\",\"contentUrl\":\"https:\/\/tomwer.com.pl\/wp-content\/uploads\/2024\/05\/Frame-21-1.png\",\"width\":900,\"height\":900},{\"@type\":\"BreadcrumbList\",\"@id\":\"https:\/\/tomwer.com.pl\/produkt\/przewod-wspomagania-jeep-wk-3-0-crd-5-7-hemi-2\/#breadcrumb\",\"itemListElement\":[{\"@type\":\"ListItem\",\"position\":1,\"name\":\"Strona g\u0142\u00f3wna\",\"item\":\"https:\/\/tomwer.com.pl\/\"},{\"@type\":\"ListItem\",\"position\":2,\"name\":\"Wszystkie produkty\",\"item\":\"https:\/\/tomwer.com.pl\/sklep\/\"},{\"@type\":\"ListItem\",\"position\":3,\"name\":\"Przew\u00f3d wspomagania JEEP WK 3.0 CRD \/ 5.7 HEMI\"}]},{\"@type\":\"WebSite\",\"@id\":\"https:\/\/tomwer.com.pl\/#website\",\"url\":\"https:\/\/tomwer.com.pl\/\",\"name\":\"Tomwer - serwis i produkcja przewod\u00f3w hydraulicznych Wis\u0142a\",\"description\":\"G\u0142\u00f3wn\u0105 dzia\u0142alno\u015bci\u0105 firmy TOMWER jest serwis i produkcja przewod\u00f3w hydraulicznych.\",\"potentialAction\":[{\"@type\":\"SearchAction\",\"target\":{\"@type\":\"EntryPoint\",\"urlTemplate\":\"https:\/\/tomwer.com.pl\/?s={search_term_string}\"},\"query-input\":{\"@type\":\"PropertyValueSpecification\",\"valueRequired\":true,\"valueName\":\"search_term_string\"}}],\"inLanguage\":\"en-US\"}]}<\/script>\n<!-- \/ Yoast SEO plugin. -->","yoast_head_json":{"title":"Przew\u00f3d wspomagania JEEP WK 3.0 CRD \/ 5.7 HEMI - Tomwer - serwis i produkcja przewod\u00f3w hydraulicznych Wis\u0142a","description":"Przew\u00f3d\u00a0 wspomagania kierowniczego JEEP WK 3.0CRD \/ 5.7 HEMI, \u0142\u0105cz\u0105cy pomp\u0119 wspomagania z hydro-wentylatorem. Zamiennik Przewodu 52080154AB , 52080154AE .","robots":{"index":"index","follow":"follow","max-snippet":"max-snippet:-1","max-image-preview":"max-image-preview:large","max-video-preview":"max-video-preview:-1"},"canonical":"https:\/\/tomwer.com.pl\/en\/product\/przewod-wspomagania-jeep-wk-3-0-crd-5-7-hemi-2\/","og_locale":"en_US","og_type":"article","og_title":"Przew\u00f3d wspomagania JEEP WK 3.0 CRD \/ 5.7 HEMI - Tomwer - serwis i produkcja przewod\u00f3w hydraulicznych Wis\u0142a","og_description":"Przew\u00f3d\u00a0 wspomagania kierowniczego JEEP WK 3.0CRD \/ 5.7 HEMI, \u0142\u0105cz\u0105cy pomp\u0119 wspomagania z hydro-wentylatorem. Zamiennik Przewodu 52080154AB , 52080154AE .","og_url":"https:\/\/tomwer.com.pl\/en\/product\/przewod-wspomagania-jeep-wk-3-0-crd-5-7-hemi-2\/","og_site_name":"Tomwer - serwis i produkcja przewod\u00f3w hydraulicznych Wis\u0142a","article_modified_time":"2024-05-08T12:04:10+00:00","og_image":[{"width":900,"height":900,"url":"https:\/\/tomwer.com.pl\/wp-content\/uploads\/2024\/05\/Frame-21-1.png","type":"image\/png"}],"twitter_card":"summary_large_image","twitter_misc":{"Est. reading time":"1 minute"},"schema":{"@context":"https:\/\/schema.org","@graph":[{"@type":"WebPage","@id":"https:\/\/tomwer.com.pl\/produkt\/przewod-wspomagania-jeep-wk-3-0-crd-5-7-hemi-2\/","url":"https:\/\/tomwer.com.pl\/produkt\/przewod-wspomagania-jeep-wk-3-0-crd-5-7-hemi-2\/","name":"Przew\u00f3d wspomagania JEEP WK 3.0 CRD \/ 5.7 HEMI - Tomwer - serwis i produkcja przewod\u00f3w hydraulicznych Wis\u0142a","isPartOf":{"@id":"https:\/\/tomwer.com.pl\/#website"},"primaryImageOfPage":{"@id":"https:\/\/tomwer.com.pl\/produkt\/przewod-wspomagania-jeep-wk-3-0-crd-5-7-hemi-2\/#primaryimage"},"image":{"@id":"https:\/\/tomwer.com.pl\/produkt\/przewod-wspomagania-jeep-wk-3-0-crd-5-7-hemi-2\/#primaryimage"},"thumbnailUrl":"https:\/\/tomwer.com.pl\/wp-content\/uploads\/2024\/05\/Frame-21-1.png","datePublished":"2024-05-08T12:03:17+00:00","dateModified":"2024-05-08T12:04:10+00:00","description":"Przew\u00f3d\u00a0 wspomagania kierowniczego JEEP WK 3.0CRD \/ 5.7 HEMI, \u0142\u0105cz\u0105cy pomp\u0119 wspomagania z hydro-wentylatorem. Zamiennik Przewodu 52080154AB , 52080154AE .","breadcrumb":{"@id":"https:\/\/tomwer.com.pl\/produkt\/przewod-wspomagania-jeep-wk-3-0-crd-5-7-hemi-2\/#breadcrumb"},"inLanguage":"en-US","potentialAction":[{"@type":"ReadAction","target":["https:\/\/tomwer.com.pl\/produkt\/przewod-wspomagania-jeep-wk-3-0-crd-5-7-hemi-2\/"]}]},{"@type":"ImageObject","inLanguage":"en-US","@id":"https:\/\/tomwer.com.pl\/produkt\/przewod-wspomagania-jeep-wk-3-0-crd-5-7-hemi-2\/#primaryimage","url":"https:\/\/tomwer.com.pl\/wp-content\/uploads\/2024\/05\/Frame-21-1.png","contentUrl":"https:\/\/tomwer.com.pl\/wp-content\/uploads\/2024\/05\/Frame-21-1.png","width":900,"height":900},{"@type":"BreadcrumbList","@id":"https:\/\/tomwer.com.pl\/produkt\/przewod-wspomagania-jeep-wk-3-0-crd-5-7-hemi-2\/#breadcrumb","itemListElement":[{"@type":"ListItem","position":1,"name":"Strona g\u0142\u00f3wna","item":"https:\/\/tomwer.com.pl\/"},{"@type":"ListItem","position":2,"name":"Wszystkie produkty","item":"https:\/\/tomwer.com.pl\/sklep\/"},{"@type":"ListItem","position":3,"name":"Przew\u00f3d wspomagania JEEP WK 3.0 CRD \/ 5.7 HEMI"}]},{"@type":"WebSite","@id":"https:\/\/tomwer.com.pl\/#website","url":"https:\/\/tomwer.com.pl\/","name":"Tomwer - service and production of hydraulic hoses Wis\u0142a","description":"The main activity of TOMWER is the service and production of hydraulic hoses.","potentialAction":[{"@type":"SearchAction","target":{"@type":"EntryPoint","urlTemplate":"https:\/\/tomwer.com.pl\/?s={search_term_string}"},"query-input":{"@type":"PropertyValueSpecification","valueRequired":true,"valueName":"search_term_string"}}],"inLanguage":"en-US"}]}},"_links":{"self":[{"href":"https:\/\/tomwer.com.pl\/en\/wp-json\/wp\/v2\/product\/2071","targetHints":{"allow":["GET"]}}],"collection":[{"href":"https:\/\/tomwer.com.pl\/en\/wp-json\/wp\/v2\/product"}],"about":[{"href":"https:\/\/tomwer.com.pl\/en\/wp-json\/wp\/v2\/types\/product"}],"replies":[{"embeddable":true,"href":"https:\/\/tomwer.com.pl\/en\/wp-json\/wp\/v2\/comments?post=2071"}],"wp:featuredmedia":[{"embeddable":true,"href":"https:\/\/tomwer.com.pl\/en\/wp-json\/wp\/v2\/media\/2070"}],"wp:attachment":[{"href":"https:\/\/tomwer.com.pl\/en\/wp-json\/wp\/v2\/media?parent=2071"}],"wp:term":[{"taxonomy":"product_brand","embeddable":true,"href":"https:\/\/tomwer.com.pl\/en\/wp-json\/wp\/v2\/product_brand?post=2071"},{"taxonomy":"product_cat","embeddable":true,"href":"https:\/\/tomwer.com.pl\/en\/wp-json\/wp\/v2\/product_cat?post=2071"},{"taxonomy":"product_tag","embeddable":true,"href":"https:\/\/tomwer.com.pl\/en\/wp-json\/wp\/v2\/product_tag?post=2071"}],"curies":[{"name":"wp","href":"https:\/\/api.w.org\/{rel}","templated":true}]}}