{"id":2063,"date":"2024-05-08T08:40:22","date_gmt":"2024-05-08T06:40:22","guid":{"rendered":"https:\/\/tomwer.com.pl\/?post_type=product&#038;p=2063"},"modified":"2024-05-08T08:45:36","modified_gmt":"2024-05-08T06:45:36","slug":"jeep-jk-3-8","status":"publish","type":"product","link":"https:\/\/tomwer.com.pl\/en\/product\/jeep-jk-3-8\/","title":{"rendered":"Jeep Wrangler JK 3.8 \u2013 gearbox oil lines"},"content":{"rendered":"<p>Transmission cables to <strong>Jeep Wrangler JK 3.8.\u00a0 <\/strong>The kit allows you to replace the section from the gearbox to the radiator along with the gearbox connections and the connection block to the original oil cooler. Metal conduits are made of a seamless, galvanized hydraulic pipe with a diameter of 10\u00d71. Rubber hoses are resistant to high temperature and pressure. The kit includes a mounting bracket for easy installation.<\/p>\n<p>&nbsp;<\/p>","protected":false},"excerpt":{"rendered":"<p>Transmission cables for Jeep Wrangler JK 3.8. The kit allows you to replace the section from the gearbox to the radiator along with the gearbox connections and the connection block to the original oil cooler. Metal conduits are made of a seamless, galvanized hydraulic pipe with a diameter of 10\u00d71. Rubber hoses are resistant to high temperature and pressure. The kit includes a mounting bracket for easy installation. \u2026 <a href=\"https:\/\/tomwer.com.pl\/en\/product\/jeep-jk-3-8\/\">Continued<\/a><\/p>","protected":false},"featured_media":0,"comment_status":"open","ping_status":"closed","template":"","meta":{"_acf_changed":false},"product_brand":[],"product_cat":[27],"product_tag":[],"class_list":{"0":"post-2063","1":"product","2":"type-product","3":"status-publish","5":"product_cat-przewody-olejowe-skrzyni-biegow-jeep","7":"first","8":"outofstock","9":"shipping-taxable","10":"purchasable","11":"product-type-simple"},"acf":[],"yoast_head":"<!-- This site is optimized with the Yoast SEO plugin v26.9 - https:\/\/yoast.com\/product\/yoast-seo-wordpress\/ -->\n<title>Jeep Wrangler JK 3.8 - przewody olejowe skrzyni bieg\u00f3w<\/title>\n<meta name=\"description\" content=\"Przewody skrzyni bieg\u00f3w do JEEP Wrangler JK 3.8 . Zestaw umo\u017cliwia wymian\u0119 odcinka od skrzyni bieg\u00f3w do ch\u0142odnicy wraz z przy\u0142\u0105czami skrzyni ch\u0142odnicy .\" \/>\n<meta name=\"robots\" content=\"index, follow, max-snippet:-1, max-image-preview:large, max-video-preview:-1\" \/>\n<link rel=\"canonical\" href=\"https:\/\/tomwer.com.pl\/en\/product\/jeep-jk-3-8\/\" \/>\n<meta property=\"og:locale\" content=\"en_US\" \/>\n<meta property=\"og:type\" content=\"article\" \/>\n<meta property=\"og:title\" content=\"Jeep Wrangler JK 3.8 - przewody olejowe skrzyni bieg\u00f3w\" \/>\n<meta property=\"og:description\" content=\"Przewody skrzyni bieg\u00f3w do JEEP Wrangler JK 3.8 . Zestaw umo\u017cliwia wymian\u0119 odcinka od skrzyni bieg\u00f3w do ch\u0142odnicy wraz z przy\u0142\u0105czami skrzyni ch\u0142odnicy .\" \/>\n<meta property=\"og:url\" content=\"https:\/\/tomwer.com.pl\/en\/product\/jeep-jk-3-8\/\" \/>\n<meta property=\"og:site_name\" content=\"Tomwer - serwis i produkcja przewod\u00f3w hydraulicznych Wis\u0142a\" \/>\n<meta property=\"article:modified_time\" content=\"2024-05-08T06:45:36+00:00\" \/>\n<meta name=\"twitter:card\" content=\"summary_large_image\" \/>\n<meta name=\"twitter:label1\" content=\"Est. reading time\" \/>\n\t<meta name=\"twitter:data1\" content=\"1 minute\" \/>\n<script type=\"application\/ld+json\" class=\"yoast-schema-graph\">{\"@context\":\"https:\/\/schema.org\",\"@graph\":[{\"@type\":\"WebPage\",\"@id\":\"https:\/\/tomwer.com.pl\/produkt\/jeep-jk-3-8\/\",\"url\":\"https:\/\/tomwer.com.pl\/produkt\/jeep-jk-3-8\/\",\"name\":\"Jeep Wrangler JK 3.8 - przewody olejowe skrzyni bieg\u00f3w\",\"isPartOf\":{\"@id\":\"https:\/\/tomwer.com.pl\/#website\"},\"datePublished\":\"2024-05-08T06:40:22+00:00\",\"dateModified\":\"2024-05-08T06:45:36+00:00\",\"description\":\"Przewody skrzyni bieg\u00f3w do JEEP Wrangler JK 3.8 . Zestaw umo\u017cliwia wymian\u0119 odcinka od skrzyni bieg\u00f3w do ch\u0142odnicy wraz z przy\u0142\u0105czami skrzyni ch\u0142odnicy .\",\"breadcrumb\":{\"@id\":\"https:\/\/tomwer.com.pl\/produkt\/jeep-jk-3-8\/#breadcrumb\"},\"inLanguage\":\"en-US\",\"potentialAction\":[{\"@type\":\"ReadAction\",\"target\":[\"https:\/\/tomwer.com.pl\/produkt\/jeep-jk-3-8\/\"]}]},{\"@type\":\"BreadcrumbList\",\"@id\":\"https:\/\/tomwer.com.pl\/produkt\/jeep-jk-3-8\/#breadcrumb\",\"itemListElement\":[{\"@type\":\"ListItem\",\"position\":1,\"name\":\"Strona g\u0142\u00f3wna\",\"item\":\"https:\/\/tomwer.com.pl\/\"},{\"@type\":\"ListItem\",\"position\":2,\"name\":\"Wszystkie produkty\",\"item\":\"https:\/\/tomwer.com.pl\/sklep\/\"},{\"@type\":\"ListItem\",\"position\":3,\"name\":\"Jeep Wrangler JK 3.8 &#8211; przewody olejowe skrzyni bieg\u00f3w\"}]},{\"@type\":\"WebSite\",\"@id\":\"https:\/\/tomwer.com.pl\/#website\",\"url\":\"https:\/\/tomwer.com.pl\/\",\"name\":\"Tomwer - serwis i produkcja przewod\u00f3w hydraulicznych Wis\u0142a\",\"description\":\"G\u0142\u00f3wn\u0105 dzia\u0142alno\u015bci\u0105 firmy TOMWER jest serwis i produkcja przewod\u00f3w hydraulicznych.\",\"potentialAction\":[{\"@type\":\"SearchAction\",\"target\":{\"@type\":\"EntryPoint\",\"urlTemplate\":\"https:\/\/tomwer.com.pl\/?s={search_term_string}\"},\"query-input\":{\"@type\":\"PropertyValueSpecification\",\"valueRequired\":true,\"valueName\":\"search_term_string\"}}],\"inLanguage\":\"en-US\"}]}<\/script>\n<!-- \/ Yoast SEO plugin. -->","yoast_head_json":{"title":"Jeep Wrangler JK 3.8 - przewody olejowe skrzyni bieg\u00f3w","description":"Przewody skrzyni bieg\u00f3w do JEEP Wrangler JK 3.8 . Zestaw umo\u017cliwia wymian\u0119 odcinka od skrzyni bieg\u00f3w do ch\u0142odnicy wraz z przy\u0142\u0105czami skrzyni ch\u0142odnicy .","robots":{"index":"index","follow":"follow","max-snippet":"max-snippet:-1","max-image-preview":"max-image-preview:large","max-video-preview":"max-video-preview:-1"},"canonical":"https:\/\/tomwer.com.pl\/en\/product\/jeep-jk-3-8\/","og_locale":"en_US","og_type":"article","og_title":"Jeep Wrangler JK 3.8 - przewody olejowe skrzyni bieg\u00f3w","og_description":"Przewody skrzyni bieg\u00f3w do JEEP Wrangler JK 3.8 . Zestaw umo\u017cliwia wymian\u0119 odcinka od skrzyni bieg\u00f3w do ch\u0142odnicy wraz z przy\u0142\u0105czami skrzyni ch\u0142odnicy .","og_url":"https:\/\/tomwer.com.pl\/en\/product\/jeep-jk-3-8\/","og_site_name":"Tomwer - serwis i produkcja przewod\u00f3w hydraulicznych Wis\u0142a","article_modified_time":"2024-05-08T06:45:36+00:00","twitter_card":"summary_large_image","twitter_misc":{"Est. reading time":"1 minute"},"schema":{"@context":"https:\/\/schema.org","@graph":[{"@type":"WebPage","@id":"https:\/\/tomwer.com.pl\/produkt\/jeep-jk-3-8\/","url":"https:\/\/tomwer.com.pl\/produkt\/jeep-jk-3-8\/","name":"Jeep Wrangler JK 3.8 - przewody olejowe skrzyni bieg\u00f3w","isPartOf":{"@id":"https:\/\/tomwer.com.pl\/#website"},"datePublished":"2024-05-08T06:40:22+00:00","dateModified":"2024-05-08T06:45:36+00:00","description":"Przewody skrzyni bieg\u00f3w do JEEP Wrangler JK 3.8 . Zestaw umo\u017cliwia wymian\u0119 odcinka od skrzyni bieg\u00f3w do ch\u0142odnicy wraz z przy\u0142\u0105czami skrzyni ch\u0142odnicy .","breadcrumb":{"@id":"https:\/\/tomwer.com.pl\/produkt\/jeep-jk-3-8\/#breadcrumb"},"inLanguage":"en-US","potentialAction":[{"@type":"ReadAction","target":["https:\/\/tomwer.com.pl\/produkt\/jeep-jk-3-8\/"]}]},{"@type":"BreadcrumbList","@id":"https:\/\/tomwer.com.pl\/produkt\/jeep-jk-3-8\/#breadcrumb","itemListElement":[{"@type":"ListItem","position":1,"name":"Strona g\u0142\u00f3wna","item":"https:\/\/tomwer.com.pl\/"},{"@type":"ListItem","position":2,"name":"Wszystkie produkty","item":"https:\/\/tomwer.com.pl\/sklep\/"},{"@type":"ListItem","position":3,"name":"Jeep Wrangler JK 3.8 &#8211; przewody olejowe skrzyni bieg\u00f3w"}]},{"@type":"WebSite","@id":"https:\/\/tomwer.com.pl\/#website","url":"https:\/\/tomwer.com.pl\/","name":"Tomwer - service and production of hydraulic hoses Wis\u0142a","description":"The main activity of TOMWER is the service and production of hydraulic hoses.","potentialAction":[{"@type":"SearchAction","target":{"@type":"EntryPoint","urlTemplate":"https:\/\/tomwer.com.pl\/?s={search_term_string}"},"query-input":{"@type":"PropertyValueSpecification","valueRequired":true,"valueName":"search_term_string"}}],"inLanguage":"en-US"}]}},"_links":{"self":[{"href":"https:\/\/tomwer.com.pl\/en\/wp-json\/wp\/v2\/product\/2063","targetHints":{"allow":["GET"]}}],"collection":[{"href":"https:\/\/tomwer.com.pl\/en\/wp-json\/wp\/v2\/product"}],"about":[{"href":"https:\/\/tomwer.com.pl\/en\/wp-json\/wp\/v2\/types\/product"}],"replies":[{"embeddable":true,"href":"https:\/\/tomwer.com.pl\/en\/wp-json\/wp\/v2\/comments?post=2063"}],"wp:attachment":[{"href":"https:\/\/tomwer.com.pl\/en\/wp-json\/wp\/v2\/media?parent=2063"}],"wp:term":[{"taxonomy":"product_brand","embeddable":true,"href":"https:\/\/tomwer.com.pl\/en\/wp-json\/wp\/v2\/product_brand?post=2063"},{"taxonomy":"product_cat","embeddable":true,"href":"https:\/\/tomwer.com.pl\/en\/wp-json\/wp\/v2\/product_cat?post=2063"},{"taxonomy":"product_tag","embeddable":true,"href":"https:\/\/tomwer.com.pl\/en\/wp-json\/wp\/v2\/product_tag?post=2063"}],"curies":[{"name":"wp","href":"https:\/\/api.w.org\/{rel}","templated":true}]}}