{"id":2039,"date":"2024-05-04T09:07:10","date_gmt":"2024-05-04T07:07:10","guid":{"rendered":"https:\/\/tomwer.com.pl\/?post_type=product&#038;p=2039"},"modified":"2024-05-04T09:10:28","modified_gmt":"2024-05-04T07:10:28","slug":"jeep-wrangler-tj-4-0-przewody-olejowe-skrzyni-biegow-42rle","status":"publish","type":"product","link":"https:\/\/tomwer.com.pl\/en\/product\/jeep-wrangler-tj-4-0-przewody-olejowe-skrzyni-biegow-42rle\/","title":{"rendered":"Jeep Wrangler TJ 4.0 \u2013 42RLE gearbox oil lines"},"content":{"rendered":"<p>Transfer oil line <strong>42RLE<\/strong> down <strong>Jeep Wrangler TJ 4.0. <\/strong>The kit allows you to replace the section from the gearbox to the radiator along with the gearbox connections. Metal conduits are made of a seamless, galvanized hydraulic pipe with a diameter of 10\u00d71. Rubber hoses are resistant to high temperature and pressure. The kit includes a mounting bracket for easy installation.<\/p>","protected":false},"excerpt":{"rendered":"<p>42RLE gearbox cables for Jeep Wrangler TJ 4.0. The kit allows you to replace the section from the gearbox to the radiator along with the gearbox connections. Metal conduits are made of a seamless, galvanized hydraulic pipe with a diameter of 10\u00d71. Rubber hoses are resistant to high temperature and pressure. The kit includes a mounting bracket for easy installation.<\/p>","protected":false},"featured_media":2037,"comment_status":"open","ping_status":"closed","template":"","meta":{"_acf_changed":false},"product_brand":[],"product_cat":[27],"product_tag":[],"class_list":{"0":"post-2039","1":"product","2":"type-product","3":"status-publish","4":"has-post-thumbnail","6":"product_cat-przewody-olejowe-skrzyni-biegow-jeep","8":"first","9":"instock","10":"shipping-taxable","11":"purchasable","12":"product-type-simple"},"acf":[],"yoast_head":"<!-- This site is optimized with the Yoast SEO plugin v26.9 - https:\/\/yoast.com\/product\/yoast-seo-wordpress\/ -->\n<title>Jeep Wrangler TJ 4.0 - przewody olejowe skrzyni bieg\u00f3w 42RLE<\/title>\n<meta name=\"description\" content=\"Przewody skrzyni bieg\u00f3w 42RLE do Jeep Wrangler TJ 4.0. Zestaw umo\u017cliwia wymian\u0119 odcinka od skrzyni bieg\u00f3w do ch\u0142odnicy wraz z przy\u0142\u0105czami skrzyni .\" \/>\n<meta name=\"robots\" content=\"index, follow, max-snippet:-1, max-image-preview:large, max-video-preview:-1\" \/>\n<link rel=\"canonical\" href=\"https:\/\/tomwer.com.pl\/en\/product\/jeep-wrangler-tj-4-0-przewody-olejowe-skrzyni-biegow-42rle\/\" \/>\n<meta property=\"og:locale\" content=\"en_US\" \/>\n<meta property=\"og:type\" content=\"article\" \/>\n<meta property=\"og:title\" content=\"Jeep Wrangler TJ 4.0 - przewody olejowe skrzyni bieg\u00f3w 42RLE\" \/>\n<meta property=\"og:description\" content=\"Przewody skrzyni bieg\u00f3w 42RLE do Jeep Wrangler TJ 4.0. Zestaw umo\u017cliwia wymian\u0119 odcinka od skrzyni bieg\u00f3w do ch\u0142odnicy wraz z przy\u0142\u0105czami skrzyni .\" \/>\n<meta property=\"og:url\" content=\"https:\/\/tomwer.com.pl\/en\/product\/jeep-wrangler-tj-4-0-przewody-olejowe-skrzyni-biegow-42rle\/\" \/>\n<meta property=\"og:site_name\" content=\"Tomwer - serwis i produkcja przewod\u00f3w hydraulicznych Wis\u0142a\" \/>\n<meta property=\"article:modified_time\" content=\"2024-05-04T07:10:28+00:00\" \/>\n<meta property=\"og:image\" content=\"https:\/\/tomwer.com.pl\/wp-content\/uploads\/2024\/05\/Frame-14.png\" \/>\n\t<meta property=\"og:image:width\" content=\"900\" \/>\n\t<meta property=\"og:image:height\" content=\"900\" \/>\n\t<meta property=\"og:image:type\" content=\"image\/png\" \/>\n<meta name=\"twitter:card\" content=\"summary_large_image\" \/>\n<meta name=\"twitter:label1\" content=\"Est. reading time\" \/>\n\t<meta name=\"twitter:data1\" content=\"1 minute\" \/>\n<script type=\"application\/ld+json\" class=\"yoast-schema-graph\">{\"@context\":\"https:\/\/schema.org\",\"@graph\":[{\"@type\":\"WebPage\",\"@id\":\"https:\/\/tomwer.com.pl\/produkt\/jeep-wrangler-tj-4-0-przewody-olejowe-skrzyni-biegow-42rle\/\",\"url\":\"https:\/\/tomwer.com.pl\/produkt\/jeep-wrangler-tj-4-0-przewody-olejowe-skrzyni-biegow-42rle\/\",\"name\":\"Jeep Wrangler TJ 4.0 - przewody olejowe skrzyni bieg\u00f3w 42RLE\",\"isPartOf\":{\"@id\":\"https:\/\/tomwer.com.pl\/#website\"},\"primaryImageOfPage\":{\"@id\":\"https:\/\/tomwer.com.pl\/produkt\/jeep-wrangler-tj-4-0-przewody-olejowe-skrzyni-biegow-42rle\/#primaryimage\"},\"image\":{\"@id\":\"https:\/\/tomwer.com.pl\/produkt\/jeep-wrangler-tj-4-0-przewody-olejowe-skrzyni-biegow-42rle\/#primaryimage\"},\"thumbnailUrl\":\"https:\/\/tomwer.com.pl\/wp-content\/uploads\/2024\/05\/Frame-14.png\",\"datePublished\":\"2024-05-04T07:07:10+00:00\",\"dateModified\":\"2024-05-04T07:10:28+00:00\",\"description\":\"Przewody skrzyni bieg\u00f3w 42RLE do Jeep Wrangler TJ 4.0. Zestaw umo\u017cliwia wymian\u0119 odcinka od skrzyni bieg\u00f3w do ch\u0142odnicy wraz z przy\u0142\u0105czami skrzyni .\",\"breadcrumb\":{\"@id\":\"https:\/\/tomwer.com.pl\/produkt\/jeep-wrangler-tj-4-0-przewody-olejowe-skrzyni-biegow-42rle\/#breadcrumb\"},\"inLanguage\":\"en-US\",\"potentialAction\":[{\"@type\":\"ReadAction\",\"target\":[\"https:\/\/tomwer.com.pl\/produkt\/jeep-wrangler-tj-4-0-przewody-olejowe-skrzyni-biegow-42rle\/\"]}]},{\"@type\":\"ImageObject\",\"inLanguage\":\"en-US\",\"@id\":\"https:\/\/tomwer.com.pl\/produkt\/jeep-wrangler-tj-4-0-przewody-olejowe-skrzyni-biegow-42rle\/#primaryimage\",\"url\":\"https:\/\/tomwer.com.pl\/wp-content\/uploads\/2024\/05\/Frame-14.png\",\"contentUrl\":\"https:\/\/tomwer.com.pl\/wp-content\/uploads\/2024\/05\/Frame-14.png\",\"width\":900,\"height\":900},{\"@type\":\"BreadcrumbList\",\"@id\":\"https:\/\/tomwer.com.pl\/produkt\/jeep-wrangler-tj-4-0-przewody-olejowe-skrzyni-biegow-42rle\/#breadcrumb\",\"itemListElement\":[{\"@type\":\"ListItem\",\"position\":1,\"name\":\"Strona g\u0142\u00f3wna\",\"item\":\"https:\/\/tomwer.com.pl\/\"},{\"@type\":\"ListItem\",\"position\":2,\"name\":\"Wszystkie produkty\",\"item\":\"https:\/\/tomwer.com.pl\/sklep\/\"},{\"@type\":\"ListItem\",\"position\":3,\"name\":\"Jeep Wrangler TJ 4.0 &#8211; przewody olejowe skrzyni bieg\u00f3w 42RLE\"}]},{\"@type\":\"WebSite\",\"@id\":\"https:\/\/tomwer.com.pl\/#website\",\"url\":\"https:\/\/tomwer.com.pl\/\",\"name\":\"Tomwer - serwis i produkcja przewod\u00f3w hydraulicznych Wis\u0142a\",\"description\":\"G\u0142\u00f3wn\u0105 dzia\u0142alno\u015bci\u0105 firmy TOMWER jest serwis i produkcja przewod\u00f3w hydraulicznych.\",\"potentialAction\":[{\"@type\":\"SearchAction\",\"target\":{\"@type\":\"EntryPoint\",\"urlTemplate\":\"https:\/\/tomwer.com.pl\/?s={search_term_string}\"},\"query-input\":{\"@type\":\"PropertyValueSpecification\",\"valueRequired\":true,\"valueName\":\"search_term_string\"}}],\"inLanguage\":\"en-US\"}]}<\/script>\n<!-- \/ Yoast SEO plugin. -->","yoast_head_json":{"title":"Jeep Wrangler TJ 4.0 - przewody olejowe skrzyni bieg\u00f3w 42RLE","description":"Przewody skrzyni bieg\u00f3w 42RLE do Jeep Wrangler TJ 4.0. Zestaw umo\u017cliwia wymian\u0119 odcinka od skrzyni bieg\u00f3w do ch\u0142odnicy wraz z przy\u0142\u0105czami skrzyni .","robots":{"index":"index","follow":"follow","max-snippet":"max-snippet:-1","max-image-preview":"max-image-preview:large","max-video-preview":"max-video-preview:-1"},"canonical":"https:\/\/tomwer.com.pl\/en\/product\/jeep-wrangler-tj-4-0-przewody-olejowe-skrzyni-biegow-42rle\/","og_locale":"en_US","og_type":"article","og_title":"Jeep Wrangler TJ 4.0 - przewody olejowe skrzyni bieg\u00f3w 42RLE","og_description":"Przewody skrzyni bieg\u00f3w 42RLE do Jeep Wrangler TJ 4.0. Zestaw umo\u017cliwia wymian\u0119 odcinka od skrzyni bieg\u00f3w do ch\u0142odnicy wraz z przy\u0142\u0105czami skrzyni .","og_url":"https:\/\/tomwer.com.pl\/en\/product\/jeep-wrangler-tj-4-0-przewody-olejowe-skrzyni-biegow-42rle\/","og_site_name":"Tomwer - serwis i produkcja przewod\u00f3w hydraulicznych Wis\u0142a","article_modified_time":"2024-05-04T07:10:28+00:00","og_image":[{"width":900,"height":900,"url":"https:\/\/tomwer.com.pl\/wp-content\/uploads\/2024\/05\/Frame-14.png","type":"image\/png"}],"twitter_card":"summary_large_image","twitter_misc":{"Est. reading time":"1 minute"},"schema":{"@context":"https:\/\/schema.org","@graph":[{"@type":"WebPage","@id":"https:\/\/tomwer.com.pl\/produkt\/jeep-wrangler-tj-4-0-przewody-olejowe-skrzyni-biegow-42rle\/","url":"https:\/\/tomwer.com.pl\/produkt\/jeep-wrangler-tj-4-0-przewody-olejowe-skrzyni-biegow-42rle\/","name":"Jeep Wrangler TJ 4.0 - przewody olejowe skrzyni bieg\u00f3w 42RLE","isPartOf":{"@id":"https:\/\/tomwer.com.pl\/#website"},"primaryImageOfPage":{"@id":"https:\/\/tomwer.com.pl\/produkt\/jeep-wrangler-tj-4-0-przewody-olejowe-skrzyni-biegow-42rle\/#primaryimage"},"image":{"@id":"https:\/\/tomwer.com.pl\/produkt\/jeep-wrangler-tj-4-0-przewody-olejowe-skrzyni-biegow-42rle\/#primaryimage"},"thumbnailUrl":"https:\/\/tomwer.com.pl\/wp-content\/uploads\/2024\/05\/Frame-14.png","datePublished":"2024-05-04T07:07:10+00:00","dateModified":"2024-05-04T07:10:28+00:00","description":"Przewody skrzyni bieg\u00f3w 42RLE do Jeep Wrangler TJ 4.0. Zestaw umo\u017cliwia wymian\u0119 odcinka od skrzyni bieg\u00f3w do ch\u0142odnicy wraz z przy\u0142\u0105czami skrzyni .","breadcrumb":{"@id":"https:\/\/tomwer.com.pl\/produkt\/jeep-wrangler-tj-4-0-przewody-olejowe-skrzyni-biegow-42rle\/#breadcrumb"},"inLanguage":"en-US","potentialAction":[{"@type":"ReadAction","target":["https:\/\/tomwer.com.pl\/produkt\/jeep-wrangler-tj-4-0-przewody-olejowe-skrzyni-biegow-42rle\/"]}]},{"@type":"ImageObject","inLanguage":"en-US","@id":"https:\/\/tomwer.com.pl\/produkt\/jeep-wrangler-tj-4-0-przewody-olejowe-skrzyni-biegow-42rle\/#primaryimage","url":"https:\/\/tomwer.com.pl\/wp-content\/uploads\/2024\/05\/Frame-14.png","contentUrl":"https:\/\/tomwer.com.pl\/wp-content\/uploads\/2024\/05\/Frame-14.png","width":900,"height":900},{"@type":"BreadcrumbList","@id":"https:\/\/tomwer.com.pl\/produkt\/jeep-wrangler-tj-4-0-przewody-olejowe-skrzyni-biegow-42rle\/#breadcrumb","itemListElement":[{"@type":"ListItem","position":1,"name":"Strona g\u0142\u00f3wna","item":"https:\/\/tomwer.com.pl\/"},{"@type":"ListItem","position":2,"name":"Wszystkie produkty","item":"https:\/\/tomwer.com.pl\/sklep\/"},{"@type":"ListItem","position":3,"name":"Jeep Wrangler TJ 4.0 &#8211; przewody olejowe skrzyni bieg\u00f3w 42RLE"}]},{"@type":"WebSite","@id":"https:\/\/tomwer.com.pl\/#website","url":"https:\/\/tomwer.com.pl\/","name":"Tomwer - service and production of hydraulic hoses Wis\u0142a","description":"The main activity of TOMWER is the service and production of hydraulic hoses.","potentialAction":[{"@type":"SearchAction","target":{"@type":"EntryPoint","urlTemplate":"https:\/\/tomwer.com.pl\/?s={search_term_string}"},"query-input":{"@type":"PropertyValueSpecification","valueRequired":true,"valueName":"search_term_string"}}],"inLanguage":"en-US"}]}},"_links":{"self":[{"href":"https:\/\/tomwer.com.pl\/en\/wp-json\/wp\/v2\/product\/2039","targetHints":{"allow":["GET"]}}],"collection":[{"href":"https:\/\/tomwer.com.pl\/en\/wp-json\/wp\/v2\/product"}],"about":[{"href":"https:\/\/tomwer.com.pl\/en\/wp-json\/wp\/v2\/types\/product"}],"replies":[{"embeddable":true,"href":"https:\/\/tomwer.com.pl\/en\/wp-json\/wp\/v2\/comments?post=2039"}],"wp:featuredmedia":[{"embeddable":true,"href":"https:\/\/tomwer.com.pl\/en\/wp-json\/wp\/v2\/media\/2037"}],"wp:attachment":[{"href":"https:\/\/tomwer.com.pl\/en\/wp-json\/wp\/v2\/media?parent=2039"}],"wp:term":[{"taxonomy":"product_brand","embeddable":true,"href":"https:\/\/tomwer.com.pl\/en\/wp-json\/wp\/v2\/product_brand?post=2039"},{"taxonomy":"product_cat","embeddable":true,"href":"https:\/\/tomwer.com.pl\/en\/wp-json\/wp\/v2\/product_cat?post=2039"},{"taxonomy":"product_tag","embeddable":true,"href":"https:\/\/tomwer.com.pl\/en\/wp-json\/wp\/v2\/product_tag?post=2039"}],"curies":[{"name":"wp","href":"https:\/\/api.w.org\/{rel}","templated":true}]}}