{"id":1769,"date":"2024-03-25T15:22:07","date_gmt":"2024-03-25T14:22:07","guid":{"rendered":"https:\/\/tomwer.com.pl\/?post_type=product&#038;p=1769"},"modified":"2024-03-30T17:16:34","modified_gmt":"2024-03-30T16:16:34","slug":"przewody-hamulcowe-w-stalowym-oplocie-dodge-durango","status":"publish","type":"product","link":"https:\/\/tomwer.com.pl\/en\/product\/przewody-hamulcowe-w-stalowym-oplocie-dodge-durango\/","title":{"rendered":"Steel braided brake lines for Dodge Durango"},"content":{"rendered":"<p><strong>Steel Braided Brake Hose Set for Dodge Durango\u00a0<\/strong><\/p>\n<p>Our brake hose kit ensures reliability and safety when braking your car. Thanks to high-quality materials and accurate reproduction of the original cables, we ensure trouble-free installation and long-term operation.<\/p>\n<p>Our stainless steel braided brake line kits eliminate the &quot;spongy&quot; feeling in the brake pedal that often occurs with rubber brake lines, especially under extreme braking conditions where performance is key. By replacing the original rubber hoses with our set, you will get rid of this undesirable effect and the braking will be characterized by a new level of precision and sensitivity.<\/p>","protected":false},"excerpt":{"rendered":"<p>Steel Braided Brake Hose Set for Dodge Durango Our brake hose set ensures reliability and safety when braking your car. Thanks to high-quality materials and accurate reproduction of the original cables, we ensure trouble-free installation and long-term operation. Our stainless steel braided brake line kits eliminate the &quot;spongy&quot; feeling on the brake pedal that often occurs... <a href=\"https:\/\/tomwer.com.pl\/en\/product\/przewody-hamulcowe-w-stalowym-oplocie-dodge-durango\/\">Continued<\/a><\/p>","protected":false},"featured_media":1766,"comment_status":"closed","ping_status":"closed","template":"","meta":{"_acf_changed":false},"product_brand":[],"product_cat":[34],"product_tag":[],"class_list":{"0":"post-1769","1":"product","2":"type-product","3":"status-publish","4":"has-post-thumbnail","6":"product_cat-dodge","8":"first","9":"instock","10":"shipping-taxable","11":"purchasable","12":"product-type-simple"},"acf":[],"yoast_head":"<!-- This site is optimized with the Yoast SEO plugin v26.9 - https:\/\/yoast.com\/product\/yoast-seo-wordpress\/ -->\n<title>Przewody hamulcowe w stalowym oplocie Dodge Durango - Tomwer - serwis i produkcja przewod\u00f3w hydraulicznych Wis\u0142a<\/title>\n<meta name=\"description\" content=\"Zestaw przewod\u00f3w hamulcowych w stalowym oplocie dedykowany do samochodu Dodge Durango . Silniki 3.6 V6 Pentastar , 5.7 V8 .\" \/>\n<meta name=\"robots\" content=\"index, follow, max-snippet:-1, max-image-preview:large, max-video-preview:-1\" \/>\n<link rel=\"canonical\" href=\"https:\/\/tomwer.com.pl\/en\/product\/przewody-hamulcowe-w-stalowym-oplocie-dodge-durango\/\" \/>\n<meta property=\"og:locale\" content=\"en_US\" \/>\n<meta property=\"og:type\" content=\"article\" \/>\n<meta property=\"og:title\" content=\"Przewody hamulcowe w stalowym oplocie Dodge Durango - Tomwer - serwis i produkcja przewod\u00f3w hydraulicznych Wis\u0142a\" \/>\n<meta property=\"og:description\" content=\"Zestaw przewod\u00f3w hamulcowych w stalowym oplocie dedykowany do samochodu Dodge Durango . Silniki 3.6 V6 Pentastar , 5.7 V8 .\" \/>\n<meta property=\"og:url\" content=\"https:\/\/tomwer.com.pl\/en\/product\/przewody-hamulcowe-w-stalowym-oplocie-dodge-durango\/\" \/>\n<meta property=\"og:site_name\" content=\"Tomwer - serwis i produkcja przewod\u00f3w hydraulicznych Wis\u0142a\" \/>\n<meta property=\"article:modified_time\" content=\"2024-03-30T16:16:34+00:00\" \/>\n<meta property=\"og:image\" content=\"https:\/\/tomwer.com.pl\/wp-content\/uploads\/2024\/03\/Frame-29-1.png\" \/>\n\t<meta property=\"og:image:width\" content=\"900\" \/>\n\t<meta property=\"og:image:height\" content=\"900\" \/>\n\t<meta property=\"og:image:type\" content=\"image\/png\" \/>\n<meta name=\"twitter:card\" content=\"summary_large_image\" \/>\n<meta name=\"twitter:label1\" content=\"Est. reading time\" \/>\n\t<meta name=\"twitter:data1\" content=\"1 minute\" \/>\n<script type=\"application\/ld+json\" class=\"yoast-schema-graph\">{\"@context\":\"https:\/\/schema.org\",\"@graph\":[{\"@type\":\"WebPage\",\"@id\":\"https:\/\/tomwer.com.pl\/produkt\/przewody-hamulcowe-w-stalowym-oplocie-dodge-durango\/\",\"url\":\"https:\/\/tomwer.com.pl\/produkt\/przewody-hamulcowe-w-stalowym-oplocie-dodge-durango\/\",\"name\":\"Przewody hamulcowe w stalowym oplocie Dodge Durango - Tomwer - serwis i produkcja przewod\u00f3w hydraulicznych Wis\u0142a\",\"isPartOf\":{\"@id\":\"https:\/\/tomwer.com.pl\/#website\"},\"primaryImageOfPage\":{\"@id\":\"https:\/\/tomwer.com.pl\/produkt\/przewody-hamulcowe-w-stalowym-oplocie-dodge-durango\/#primaryimage\"},\"image\":{\"@id\":\"https:\/\/tomwer.com.pl\/produkt\/przewody-hamulcowe-w-stalowym-oplocie-dodge-durango\/#primaryimage\"},\"thumbnailUrl\":\"https:\/\/tomwer.com.pl\/wp-content\/uploads\/2024\/03\/Frame-29-1.png\",\"datePublished\":\"2024-03-25T14:22:07+00:00\",\"dateModified\":\"2024-03-30T16:16:34+00:00\",\"description\":\"Zestaw przewod\u00f3w hamulcowych w stalowym oplocie dedykowany do samochodu Dodge Durango . Silniki 3.6 V6 Pentastar , 5.7 V8 .\",\"breadcrumb\":{\"@id\":\"https:\/\/tomwer.com.pl\/produkt\/przewody-hamulcowe-w-stalowym-oplocie-dodge-durango\/#breadcrumb\"},\"inLanguage\":\"en-US\",\"potentialAction\":[{\"@type\":\"ReadAction\",\"target\":[\"https:\/\/tomwer.com.pl\/produkt\/przewody-hamulcowe-w-stalowym-oplocie-dodge-durango\/\"]}]},{\"@type\":\"ImageObject\",\"inLanguage\":\"en-US\",\"@id\":\"https:\/\/tomwer.com.pl\/produkt\/przewody-hamulcowe-w-stalowym-oplocie-dodge-durango\/#primaryimage\",\"url\":\"https:\/\/tomwer.com.pl\/wp-content\/uploads\/2024\/03\/Frame-29-1.png\",\"contentUrl\":\"https:\/\/tomwer.com.pl\/wp-content\/uploads\/2024\/03\/Frame-29-1.png\",\"width\":900,\"height\":900},{\"@type\":\"BreadcrumbList\",\"@id\":\"https:\/\/tomwer.com.pl\/produkt\/przewody-hamulcowe-w-stalowym-oplocie-dodge-durango\/#breadcrumb\",\"itemListElement\":[{\"@type\":\"ListItem\",\"position\":1,\"name\":\"Strona g\u0142\u00f3wna\",\"item\":\"https:\/\/tomwer.com.pl\/\"},{\"@type\":\"ListItem\",\"position\":2,\"name\":\"Wszystkie produkty\",\"item\":\"https:\/\/tomwer.com.pl\/sklep\/\"},{\"@type\":\"ListItem\",\"position\":3,\"name\":\"Przewody hamulcowe w stalowym oplocie Dodge Durango\"}]},{\"@type\":\"WebSite\",\"@id\":\"https:\/\/tomwer.com.pl\/#website\",\"url\":\"https:\/\/tomwer.com.pl\/\",\"name\":\"Tomwer - serwis i produkcja przewod\u00f3w hydraulicznych Wis\u0142a\",\"description\":\"G\u0142\u00f3wn\u0105 dzia\u0142alno\u015bci\u0105 firmy TOMWER jest serwis i produkcja przewod\u00f3w hydraulicznych.\",\"potentialAction\":[{\"@type\":\"SearchAction\",\"target\":{\"@type\":\"EntryPoint\",\"urlTemplate\":\"https:\/\/tomwer.com.pl\/?s={search_term_string}\"},\"query-input\":{\"@type\":\"PropertyValueSpecification\",\"valueRequired\":true,\"valueName\":\"search_term_string\"}}],\"inLanguage\":\"en-US\"}]}<\/script>\n<!-- \/ Yoast SEO plugin. -->","yoast_head_json":{"title":"Przewody hamulcowe w stalowym oplocie Dodge Durango - Tomwer - serwis i produkcja przewod\u00f3w hydraulicznych Wis\u0142a","description":"Zestaw przewod\u00f3w hamulcowych w stalowym oplocie dedykowany do samochodu Dodge Durango . Silniki 3.6 V6 Pentastar , 5.7 V8 .","robots":{"index":"index","follow":"follow","max-snippet":"max-snippet:-1","max-image-preview":"max-image-preview:large","max-video-preview":"max-video-preview:-1"},"canonical":"https:\/\/tomwer.com.pl\/en\/product\/przewody-hamulcowe-w-stalowym-oplocie-dodge-durango\/","og_locale":"en_US","og_type":"article","og_title":"Przewody hamulcowe w stalowym oplocie Dodge Durango - Tomwer - serwis i produkcja przewod\u00f3w hydraulicznych Wis\u0142a","og_description":"Zestaw przewod\u00f3w hamulcowych w stalowym oplocie dedykowany do samochodu Dodge Durango . Silniki 3.6 V6 Pentastar , 5.7 V8 .","og_url":"https:\/\/tomwer.com.pl\/en\/product\/przewody-hamulcowe-w-stalowym-oplocie-dodge-durango\/","og_site_name":"Tomwer - serwis i produkcja przewod\u00f3w hydraulicznych Wis\u0142a","article_modified_time":"2024-03-30T16:16:34+00:00","og_image":[{"width":900,"height":900,"url":"https:\/\/tomwer.com.pl\/wp-content\/uploads\/2024\/03\/Frame-29-1.png","type":"image\/png"}],"twitter_card":"summary_large_image","twitter_misc":{"Est. reading time":"1 minute"},"schema":{"@context":"https:\/\/schema.org","@graph":[{"@type":"WebPage","@id":"https:\/\/tomwer.com.pl\/produkt\/przewody-hamulcowe-w-stalowym-oplocie-dodge-durango\/","url":"https:\/\/tomwer.com.pl\/produkt\/przewody-hamulcowe-w-stalowym-oplocie-dodge-durango\/","name":"Przewody hamulcowe w stalowym oplocie Dodge Durango - Tomwer - serwis i produkcja przewod\u00f3w hydraulicznych Wis\u0142a","isPartOf":{"@id":"https:\/\/tomwer.com.pl\/#website"},"primaryImageOfPage":{"@id":"https:\/\/tomwer.com.pl\/produkt\/przewody-hamulcowe-w-stalowym-oplocie-dodge-durango\/#primaryimage"},"image":{"@id":"https:\/\/tomwer.com.pl\/produkt\/przewody-hamulcowe-w-stalowym-oplocie-dodge-durango\/#primaryimage"},"thumbnailUrl":"https:\/\/tomwer.com.pl\/wp-content\/uploads\/2024\/03\/Frame-29-1.png","datePublished":"2024-03-25T14:22:07+00:00","dateModified":"2024-03-30T16:16:34+00:00","description":"Zestaw przewod\u00f3w hamulcowych w stalowym oplocie dedykowany do samochodu Dodge Durango . Silniki 3.6 V6 Pentastar , 5.7 V8 .","breadcrumb":{"@id":"https:\/\/tomwer.com.pl\/produkt\/przewody-hamulcowe-w-stalowym-oplocie-dodge-durango\/#breadcrumb"},"inLanguage":"en-US","potentialAction":[{"@type":"ReadAction","target":["https:\/\/tomwer.com.pl\/produkt\/przewody-hamulcowe-w-stalowym-oplocie-dodge-durango\/"]}]},{"@type":"ImageObject","inLanguage":"en-US","@id":"https:\/\/tomwer.com.pl\/produkt\/przewody-hamulcowe-w-stalowym-oplocie-dodge-durango\/#primaryimage","url":"https:\/\/tomwer.com.pl\/wp-content\/uploads\/2024\/03\/Frame-29-1.png","contentUrl":"https:\/\/tomwer.com.pl\/wp-content\/uploads\/2024\/03\/Frame-29-1.png","width":900,"height":900},{"@type":"BreadcrumbList","@id":"https:\/\/tomwer.com.pl\/produkt\/przewody-hamulcowe-w-stalowym-oplocie-dodge-durango\/#breadcrumb","itemListElement":[{"@type":"ListItem","position":1,"name":"Strona g\u0142\u00f3wna","item":"https:\/\/tomwer.com.pl\/"},{"@type":"ListItem","position":2,"name":"Wszystkie produkty","item":"https:\/\/tomwer.com.pl\/sklep\/"},{"@type":"ListItem","position":3,"name":"Przewody hamulcowe w stalowym oplocie Dodge Durango"}]},{"@type":"WebSite","@id":"https:\/\/tomwer.com.pl\/#website","url":"https:\/\/tomwer.com.pl\/","name":"Tomwer - service and production of hydraulic hoses Wis\u0142a","description":"The main activity of TOMWER is the service and production of hydraulic hoses.","potentialAction":[{"@type":"SearchAction","target":{"@type":"EntryPoint","urlTemplate":"https:\/\/tomwer.com.pl\/?s={search_term_string}"},"query-input":{"@type":"PropertyValueSpecification","valueRequired":true,"valueName":"search_term_string"}}],"inLanguage":"en-US"}]}},"_links":{"self":[{"href":"https:\/\/tomwer.com.pl\/en\/wp-json\/wp\/v2\/product\/1769","targetHints":{"allow":["GET"]}}],"collection":[{"href":"https:\/\/tomwer.com.pl\/en\/wp-json\/wp\/v2\/product"}],"about":[{"href":"https:\/\/tomwer.com.pl\/en\/wp-json\/wp\/v2\/types\/product"}],"replies":[{"embeddable":true,"href":"https:\/\/tomwer.com.pl\/en\/wp-json\/wp\/v2\/comments?post=1769"}],"wp:featuredmedia":[{"embeddable":true,"href":"https:\/\/tomwer.com.pl\/en\/wp-json\/wp\/v2\/media\/1766"}],"wp:attachment":[{"href":"https:\/\/tomwer.com.pl\/en\/wp-json\/wp\/v2\/media?parent=1769"}],"wp:term":[{"taxonomy":"product_brand","embeddable":true,"href":"https:\/\/tomwer.com.pl\/en\/wp-json\/wp\/v2\/product_brand?post=1769"},{"taxonomy":"product_cat","embeddable":true,"href":"https:\/\/tomwer.com.pl\/en\/wp-json\/wp\/v2\/product_cat?post=1769"},{"taxonomy":"product_tag","embeddable":true,"href":"https:\/\/tomwer.com.pl\/en\/wp-json\/wp\/v2\/product_tag?post=1769"}],"curies":[{"name":"wp","href":"https:\/\/api.w.org\/{rel}","templated":true}]}}