{"id":1694,"date":"2024-03-02T15:07:01","date_gmt":"2024-03-02T14:07:01","guid":{"rendered":"https:\/\/tomwer.com.pl\/?post_type=product&#038;p=1694"},"modified":"2024-03-02T18:14:30","modified_gmt":"2024-03-02T17:14:30","slug":"przewody-sztywne-systemu-kdss-toyota-land-cruiser-150","status":"publish","type":"product","link":"https:\/\/tomwer.com.pl\/en\/product\/przewody-sztywne-systemu-kdss-toyota-land-cruiser-150\/","title":{"rendered":"KDSS system cables \u2013 Toyota Land Cruiser 150"},"content":{"rendered":"<p>KDSS (Kinetic Dynamic Suspension System) hoses for Toyota Land Cruiser 150. Manufactured to original specifications, ensuring solid construction and performance. Rigid part, based on a seamless hydraulic pipe with a diameter of 10 mm. Protected against corrosion by galvanizing. Flexible cables use GATES components, which guarantees not only flexibility, but also resistance to weather conditions and mechanical damage.<\/p>\n<p>Thanks to the exact reproduction of the original system, installation is simple and operation is long-lasting. Solid construction and high-quality materials mean users can be confident in the performance and reliability of the suspension system in their Toyota Land Cruiser 150.<\/p>\n<p><strong>The set includes pipes and flexible connectors running from the KDSS pump to the front and rear shock absorbers.<\/strong><\/p>","protected":false},"excerpt":{"rendered":"<p><img decoding=\"async\" class=\"alignnone size-medium wp-image-1700 lazyload\" data-src=\"https:\/\/tomwer.com.pl\/wp-content\/uploads\/2024\/03\/Frame-13-300x300.png\" alt=\"\" width=\"300\" height=\"300\" data-srcset=\"https:\/\/tomwer.com.pl\/wp-content\/uploads\/2024\/03\/Frame-13-300x300.png 300w, https:\/\/tomwer.com.pl\/wp-content\/uploads\/2024\/03\/Frame-13-150x150.png 150w, https:\/\/tomwer.com.pl\/wp-content\/uploads\/2024\/03\/Frame-13-768x768.png 768w, https:\/\/tomwer.com.pl\/wp-content\/uploads\/2024\/03\/Frame-13-500x500.png 500w, https:\/\/tomwer.com.pl\/wp-content\/uploads\/2024\/03\/Frame-13-100x100.png 100w, https:\/\/tomwer.com.pl\/wp-content\/uploads\/2024\/03\/Frame-13-64x64.png 64w, https:\/\/tomwer.com.pl\/wp-content\/uploads\/2024\/03\/Frame-13.png 900w\" data-sizes=\"(max-width: 300px) 100vw, 300px\" src=\"data:image\/svg+xml;base64,PHN2ZyB3aWR0aD0iMSIgaGVpZ2h0PSIxIiB4bWxucz0iaHR0cDovL3d3dy53My5vcmcvMjAwMC9zdmciPjwvc3ZnPg==\" style=\"--smush-placeholder-width: 300px; --smush-placeholder-aspect-ratio: 300\/300;\" \/><\/p>","protected":false},"featured_media":1701,"comment_status":"closed","ping_status":"closed","template":"","meta":{"_acf_changed":false},"product_brand":[],"product_cat":[55],"product_tag":[],"class_list":{"0":"post-1694","1":"product","2":"type-product","3":"status-publish","4":"has-post-thumbnail","6":"product_cat-pozostale-przewody","8":"first","9":"instock","10":"shipping-taxable","11":"purchasable","12":"product-type-simple"},"acf":[],"yoast_head":"<!-- This site is optimized with the Yoast SEO plugin v26.9 - https:\/\/yoast.com\/product\/yoast-seo-wordpress\/ -->\n<title>Przewody systemu KDSS - Toyota Land Cruiser 150 - Tomwer - serwis i produkcja przewod\u00f3w hydraulicznych Wis\u0142a<\/title>\n<meta name=\"description\" content=\"Przewody sustemu KDSS (Kinetic Dynamic Suspension System) Toyota Land Cruicer 150. Wykonane na wz\u00f3r oryginalnych przewod\u00f3w.\" \/>\n<meta name=\"robots\" content=\"index, follow, max-snippet:-1, max-image-preview:large, max-video-preview:-1\" \/>\n<link rel=\"canonical\" href=\"https:\/\/tomwer.com.pl\/en\/product\/przewody-sztywne-systemu-kdss-toyota-land-cruiser-150\/\" \/>\n<meta property=\"og:locale\" content=\"en_US\" \/>\n<meta property=\"og:type\" content=\"article\" \/>\n<meta property=\"og:title\" content=\"Przewody systemu KDSS - Toyota Land Cruiser 150 - Tomwer - serwis i produkcja przewod\u00f3w hydraulicznych Wis\u0142a\" \/>\n<meta property=\"og:description\" content=\"Przewody sustemu KDSS (Kinetic Dynamic Suspension System) Toyota Land Cruicer 150. Wykonane na wz\u00f3r oryginalnych przewod\u00f3w.\" \/>\n<meta property=\"og:url\" content=\"https:\/\/tomwer.com.pl\/en\/product\/przewody-sztywne-systemu-kdss-toyota-land-cruiser-150\/\" \/>\n<meta property=\"og:site_name\" content=\"Tomwer - serwis i produkcja przewod\u00f3w hydraulicznych Wis\u0142a\" \/>\n<meta property=\"article:modified_time\" content=\"2024-03-02T17:14:30+00:00\" \/>\n<meta property=\"og:image\" content=\"https:\/\/tomwer.com.pl\/wp-content\/uploads\/2024\/03\/Frame-9-1.png\" \/>\n\t<meta property=\"og:image:width\" content=\"900\" \/>\n\t<meta property=\"og:image:height\" content=\"900\" \/>\n\t<meta property=\"og:image:type\" content=\"image\/png\" \/>\n<meta name=\"twitter:card\" content=\"summary_large_image\" \/>\n<meta name=\"twitter:label1\" content=\"Est. reading time\" \/>\n\t<meta name=\"twitter:data1\" content=\"1 minute\" \/>\n<script type=\"application\/ld+json\" class=\"yoast-schema-graph\">{\"@context\":\"https:\/\/schema.org\",\"@graph\":[{\"@type\":\"WebPage\",\"@id\":\"https:\/\/tomwer.com.pl\/produkt\/przewody-sztywne-systemu-kdss-toyota-land-cruiser-150\/\",\"url\":\"https:\/\/tomwer.com.pl\/produkt\/przewody-sztywne-systemu-kdss-toyota-land-cruiser-150\/\",\"name\":\"Przewody systemu KDSS - Toyota Land Cruiser 150 - Tomwer - serwis i produkcja przewod\u00f3w hydraulicznych Wis\u0142a\",\"isPartOf\":{\"@id\":\"https:\/\/tomwer.com.pl\/#website\"},\"primaryImageOfPage\":{\"@id\":\"https:\/\/tomwer.com.pl\/produkt\/przewody-sztywne-systemu-kdss-toyota-land-cruiser-150\/#primaryimage\"},\"image\":{\"@id\":\"https:\/\/tomwer.com.pl\/produkt\/przewody-sztywne-systemu-kdss-toyota-land-cruiser-150\/#primaryimage\"},\"thumbnailUrl\":\"https:\/\/tomwer.com.pl\/wp-content\/uploads\/2024\/03\/Frame-9-1.png\",\"datePublished\":\"2024-03-02T14:07:01+00:00\",\"dateModified\":\"2024-03-02T17:14:30+00:00\",\"description\":\"Przewody sustemu KDSS (Kinetic Dynamic Suspension System) Toyota Land Cruicer 150. Wykonane na wz\u00f3r oryginalnych przewod\u00f3w.\",\"breadcrumb\":{\"@id\":\"https:\/\/tomwer.com.pl\/produkt\/przewody-sztywne-systemu-kdss-toyota-land-cruiser-150\/#breadcrumb\"},\"inLanguage\":\"en-US\",\"potentialAction\":[{\"@type\":\"ReadAction\",\"target\":[\"https:\/\/tomwer.com.pl\/produkt\/przewody-sztywne-systemu-kdss-toyota-land-cruiser-150\/\"]}]},{\"@type\":\"ImageObject\",\"inLanguage\":\"en-US\",\"@id\":\"https:\/\/tomwer.com.pl\/produkt\/przewody-sztywne-systemu-kdss-toyota-land-cruiser-150\/#primaryimage\",\"url\":\"https:\/\/tomwer.com.pl\/wp-content\/uploads\/2024\/03\/Frame-9-1.png\",\"contentUrl\":\"https:\/\/tomwer.com.pl\/wp-content\/uploads\/2024\/03\/Frame-9-1.png\",\"width\":900,\"height\":900},{\"@type\":\"BreadcrumbList\",\"@id\":\"https:\/\/tomwer.com.pl\/produkt\/przewody-sztywne-systemu-kdss-toyota-land-cruiser-150\/#breadcrumb\",\"itemListElement\":[{\"@type\":\"ListItem\",\"position\":1,\"name\":\"Strona g\u0142\u00f3wna\",\"item\":\"https:\/\/tomwer.com.pl\/\"},{\"@type\":\"ListItem\",\"position\":2,\"name\":\"Wszystkie produkty\",\"item\":\"https:\/\/tomwer.com.pl\/sklep\/\"},{\"@type\":\"ListItem\",\"position\":3,\"name\":\"Przewody systemu KDSS &#8211; Toyota Land Cruiser 150\"}]},{\"@type\":\"WebSite\",\"@id\":\"https:\/\/tomwer.com.pl\/#website\",\"url\":\"https:\/\/tomwer.com.pl\/\",\"name\":\"Tomwer - serwis i produkcja przewod\u00f3w hydraulicznych Wis\u0142a\",\"description\":\"G\u0142\u00f3wn\u0105 dzia\u0142alno\u015bci\u0105 firmy TOMWER jest serwis i produkcja przewod\u00f3w hydraulicznych.\",\"potentialAction\":[{\"@type\":\"SearchAction\",\"target\":{\"@type\":\"EntryPoint\",\"urlTemplate\":\"https:\/\/tomwer.com.pl\/?s={search_term_string}\"},\"query-input\":{\"@type\":\"PropertyValueSpecification\",\"valueRequired\":true,\"valueName\":\"search_term_string\"}}],\"inLanguage\":\"en-US\"}]}<\/script>\n<!-- \/ Yoast SEO plugin. -->","yoast_head_json":{"title":"Przewody systemu KDSS - Toyota Land Cruiser 150 - Tomwer - serwis i produkcja przewod\u00f3w hydraulicznych Wis\u0142a","description":"Przewody sustemu KDSS (Kinetic Dynamic Suspension System) Toyota Land Cruicer 150. Wykonane na wz\u00f3r oryginalnych przewod\u00f3w.","robots":{"index":"index","follow":"follow","max-snippet":"max-snippet:-1","max-image-preview":"max-image-preview:large","max-video-preview":"max-video-preview:-1"},"canonical":"https:\/\/tomwer.com.pl\/en\/product\/przewody-sztywne-systemu-kdss-toyota-land-cruiser-150\/","og_locale":"en_US","og_type":"article","og_title":"Przewody systemu KDSS - Toyota Land Cruiser 150 - Tomwer - serwis i produkcja przewod\u00f3w hydraulicznych Wis\u0142a","og_description":"Przewody sustemu KDSS (Kinetic Dynamic Suspension System) Toyota Land Cruicer 150. Wykonane na wz\u00f3r oryginalnych przewod\u00f3w.","og_url":"https:\/\/tomwer.com.pl\/en\/product\/przewody-sztywne-systemu-kdss-toyota-land-cruiser-150\/","og_site_name":"Tomwer - serwis i produkcja przewod\u00f3w hydraulicznych Wis\u0142a","article_modified_time":"2024-03-02T17:14:30+00:00","og_image":[{"width":900,"height":900,"url":"https:\/\/tomwer.com.pl\/wp-content\/uploads\/2024\/03\/Frame-9-1.png","type":"image\/png"}],"twitter_card":"summary_large_image","twitter_misc":{"Est. reading time":"1 minute"},"schema":{"@context":"https:\/\/schema.org","@graph":[{"@type":"WebPage","@id":"https:\/\/tomwer.com.pl\/produkt\/przewody-sztywne-systemu-kdss-toyota-land-cruiser-150\/","url":"https:\/\/tomwer.com.pl\/produkt\/przewody-sztywne-systemu-kdss-toyota-land-cruiser-150\/","name":"Przewody systemu KDSS - Toyota Land Cruiser 150 - Tomwer - serwis i produkcja przewod\u00f3w hydraulicznych Wis\u0142a","isPartOf":{"@id":"https:\/\/tomwer.com.pl\/#website"},"primaryImageOfPage":{"@id":"https:\/\/tomwer.com.pl\/produkt\/przewody-sztywne-systemu-kdss-toyota-land-cruiser-150\/#primaryimage"},"image":{"@id":"https:\/\/tomwer.com.pl\/produkt\/przewody-sztywne-systemu-kdss-toyota-land-cruiser-150\/#primaryimage"},"thumbnailUrl":"https:\/\/tomwer.com.pl\/wp-content\/uploads\/2024\/03\/Frame-9-1.png","datePublished":"2024-03-02T14:07:01+00:00","dateModified":"2024-03-02T17:14:30+00:00","description":"Przewody sustemu KDSS (Kinetic Dynamic Suspension System) Toyota Land Cruicer 150. Wykonane na wz\u00f3r oryginalnych przewod\u00f3w.","breadcrumb":{"@id":"https:\/\/tomwer.com.pl\/produkt\/przewody-sztywne-systemu-kdss-toyota-land-cruiser-150\/#breadcrumb"},"inLanguage":"en-US","potentialAction":[{"@type":"ReadAction","target":["https:\/\/tomwer.com.pl\/produkt\/przewody-sztywne-systemu-kdss-toyota-land-cruiser-150\/"]}]},{"@type":"ImageObject","inLanguage":"en-US","@id":"https:\/\/tomwer.com.pl\/produkt\/przewody-sztywne-systemu-kdss-toyota-land-cruiser-150\/#primaryimage","url":"https:\/\/tomwer.com.pl\/wp-content\/uploads\/2024\/03\/Frame-9-1.png","contentUrl":"https:\/\/tomwer.com.pl\/wp-content\/uploads\/2024\/03\/Frame-9-1.png","width":900,"height":900},{"@type":"BreadcrumbList","@id":"https:\/\/tomwer.com.pl\/produkt\/przewody-sztywne-systemu-kdss-toyota-land-cruiser-150\/#breadcrumb","itemListElement":[{"@type":"ListItem","position":1,"name":"Strona g\u0142\u00f3wna","item":"https:\/\/tomwer.com.pl\/"},{"@type":"ListItem","position":2,"name":"Wszystkie produkty","item":"https:\/\/tomwer.com.pl\/sklep\/"},{"@type":"ListItem","position":3,"name":"Przewody systemu KDSS &#8211; Toyota Land Cruiser 150"}]},{"@type":"WebSite","@id":"https:\/\/tomwer.com.pl\/#website","url":"https:\/\/tomwer.com.pl\/","name":"Tomwer - service and production of hydraulic hoses Wis\u0142a","description":"The main activity of TOMWER is the service and production of hydraulic hoses.","potentialAction":[{"@type":"SearchAction","target":{"@type":"EntryPoint","urlTemplate":"https:\/\/tomwer.com.pl\/?s={search_term_string}"},"query-input":{"@type":"PropertyValueSpecification","valueRequired":true,"valueName":"search_term_string"}}],"inLanguage":"en-US"}]}},"_links":{"self":[{"href":"https:\/\/tomwer.com.pl\/en\/wp-json\/wp\/v2\/product\/1694","targetHints":{"allow":["GET"]}}],"collection":[{"href":"https:\/\/tomwer.com.pl\/en\/wp-json\/wp\/v2\/product"}],"about":[{"href":"https:\/\/tomwer.com.pl\/en\/wp-json\/wp\/v2\/types\/product"}],"replies":[{"embeddable":true,"href":"https:\/\/tomwer.com.pl\/en\/wp-json\/wp\/v2\/comments?post=1694"}],"wp:featuredmedia":[{"embeddable":true,"href":"https:\/\/tomwer.com.pl\/en\/wp-json\/wp\/v2\/media\/1701"}],"wp:attachment":[{"href":"https:\/\/tomwer.com.pl\/en\/wp-json\/wp\/v2\/media?parent=1694"}],"wp:term":[{"taxonomy":"product_brand","embeddable":true,"href":"https:\/\/tomwer.com.pl\/en\/wp-json\/wp\/v2\/product_brand?post=1694"},{"taxonomy":"product_cat","embeddable":true,"href":"https:\/\/tomwer.com.pl\/en\/wp-json\/wp\/v2\/product_cat?post=1694"},{"taxonomy":"product_tag","embeddable":true,"href":"https:\/\/tomwer.com.pl\/en\/wp-json\/wp\/v2\/product_tag?post=1694"}],"curies":[{"name":"wp","href":"https:\/\/api.w.org\/{rel}","templated":true}]}}