{"id":1617,"date":"2024-01-13T12:41:15","date_gmt":"2024-01-13T11:41:15","guid":{"rendered":"https:\/\/tomwer.com.pl\/?post_type=product&#038;p=1617"},"modified":"2025-03-13T20:49:17","modified_gmt":"2025-03-13T19:49:17","slug":"rura-turbo-jeep-grand-cherokee","status":"publish","type":"product","link":"https:\/\/tomwer.com.pl\/en\/product\/rura-turbo-jeep-grand-cherokee\/","title":{"rendered":"Jeep Grand Cherokee WK, Commander XH, 3.0 CRD \u2013 TURBO PIPE."},"content":{"rendered":"<p>Turbo air intake pipe intended for a car <strong>Jeep Grand Cherokee WK 3.0 CRD, Jeep Commander XH 3.0 CRD. <\/strong>Entirely made of silicone rubber reinforced with a quadruple polyester braid, which guarantees resistance to the negative pressure in the intake system. Cable wall thickness 5-6mm. Very accurate reproduction of the original piping guarantees quick installation and long-term trouble-free operation. Cable with clamps. Replacement part: 53013672AE 53013672 053013672AE 053013672 53013672AD 053013672AD K53013672AE K53013672AD<\/p>\n<p>&nbsp;<\/p>\n<p>&nbsp;<\/p>","protected":false},"excerpt":{"rendered":"<p><a href=\"https:\/\/www.instagram.com\/reel\/C3KtjJSoEJ2\/?utm_source=ig_web_button_share_sheet&amp;igsh=MzRlODBiNWFlZA==\">https:\/\/www.instagram.com\/reel\/C3KtjJSoEJ2\/?utm_source=ig_web_button_share_sheet&amp;igsh=MzRlODBiNWFlZA==<\/a><\/p>\n<p>&nbsp;<\/p>","protected":false},"featured_media":1623,"comment_status":"closed","ping_status":"closed","template":"","meta":{"_acf_changed":false},"product_brand":[],"product_cat":[29],"product_tag":[],"class_list":{"0":"post-1617","1":"product","2":"type-product","3":"status-publish","4":"has-post-thumbnail","6":"product_cat-przewody-silikonowe","8":"first","9":"instock","10":"shipping-taxable","11":"purchasable","12":"product-type-simple"},"acf":[],"yoast_head":"<!-- This site is optimized with the Yoast SEO plugin v26.9 - https:\/\/yoast.com\/product\/yoast-seo-wordpress\/ -->\n<title>Jeep Grand Cherokee WK, Commander XH, 3.0 CRD - RURA TURBO. - Tomwer - serwis i produkcja przewod\u00f3w hydraulicznych Wis\u0142a<\/title>\n<meta name=\"description\" content=\"Rura dolotu powietrza do Jeep Grand Cherokee WK 3.0 CRD, Jeep Commander XH 3.0CRD. Rura na wz\u00f3r orygina\u0142u w ca\u0142o\u015bci wykonana z kauczuku silikonowego.\" \/>\n<meta name=\"robots\" content=\"index, follow, max-snippet:-1, max-image-preview:large, max-video-preview:-1\" \/>\n<link rel=\"canonical\" href=\"https:\/\/tomwer.com.pl\/en\/product\/rura-turbo-jeep-grand-cherokee\/\" \/>\n<meta property=\"og:locale\" content=\"en_US\" \/>\n<meta property=\"og:type\" content=\"article\" \/>\n<meta property=\"og:title\" content=\"Jeep Grand Cherokee WK, Commander XH, 3.0 CRD - RURA TURBO. - Tomwer - serwis i produkcja przewod\u00f3w hydraulicznych Wis\u0142a\" \/>\n<meta property=\"og:description\" content=\"Rura dolotu powietrza do Jeep Grand Cherokee WK 3.0 CRD, Jeep Commander XH 3.0CRD. Rura na wz\u00f3r orygina\u0142u w ca\u0142o\u015bci wykonana z kauczuku silikonowego.\" \/>\n<meta property=\"og:url\" content=\"https:\/\/tomwer.com.pl\/en\/product\/rura-turbo-jeep-grand-cherokee\/\" \/>\n<meta property=\"og:site_name\" content=\"Tomwer - serwis i produkcja przewod\u00f3w hydraulicznych Wis\u0142a\" \/>\n<meta property=\"article:modified_time\" content=\"2025-03-13T19:49:17+00:00\" \/>\n<meta property=\"og:image\" content=\"https:\/\/tomwer.com.pl\/wp-content\/uploads\/2024\/01\/Group-6.png\" \/>\n\t<meta property=\"og:image:width\" content=\"900\" \/>\n\t<meta property=\"og:image:height\" content=\"900\" \/>\n\t<meta property=\"og:image:type\" content=\"image\/png\" \/>\n<meta name=\"twitter:card\" content=\"summary_large_image\" \/>\n<meta name=\"twitter:label1\" content=\"Est. reading time\" \/>\n\t<meta name=\"twitter:data1\" content=\"1 minute\" \/>\n<script type=\"application\/ld+json\" class=\"yoast-schema-graph\">{\"@context\":\"https:\/\/schema.org\",\"@graph\":[{\"@type\":\"WebPage\",\"@id\":\"https:\/\/tomwer.com.pl\/produkt\/rura-turbo-jeep-grand-cherokee\/\",\"url\":\"https:\/\/tomwer.com.pl\/produkt\/rura-turbo-jeep-grand-cherokee\/\",\"name\":\"Jeep Grand Cherokee WK, Commander XH, 3.0 CRD - RURA TURBO. - Tomwer - serwis i produkcja przewod\u00f3w hydraulicznych Wis\u0142a\",\"isPartOf\":{\"@id\":\"https:\/\/tomwer.com.pl\/#website\"},\"primaryImageOfPage\":{\"@id\":\"https:\/\/tomwer.com.pl\/produkt\/rura-turbo-jeep-grand-cherokee\/#primaryimage\"},\"image\":{\"@id\":\"https:\/\/tomwer.com.pl\/produkt\/rura-turbo-jeep-grand-cherokee\/#primaryimage\"},\"thumbnailUrl\":\"https:\/\/tomwer.com.pl\/wp-content\/uploads\/2024\/01\/Group-6.png\",\"datePublished\":\"2024-01-13T11:41:15+00:00\",\"dateModified\":\"2025-03-13T19:49:17+00:00\",\"description\":\"Rura dolotu powietrza do Jeep Grand Cherokee WK 3.0 CRD, Jeep Commander XH 3.0CRD. Rura na wz\u00f3r orygina\u0142u w ca\u0142o\u015bci wykonana z kauczuku silikonowego.\",\"breadcrumb\":{\"@id\":\"https:\/\/tomwer.com.pl\/produkt\/rura-turbo-jeep-grand-cherokee\/#breadcrumb\"},\"inLanguage\":\"en-US\",\"potentialAction\":[{\"@type\":\"ReadAction\",\"target\":[\"https:\/\/tomwer.com.pl\/produkt\/rura-turbo-jeep-grand-cherokee\/\"]}]},{\"@type\":\"ImageObject\",\"inLanguage\":\"en-US\",\"@id\":\"https:\/\/tomwer.com.pl\/produkt\/rura-turbo-jeep-grand-cherokee\/#primaryimage\",\"url\":\"https:\/\/tomwer.com.pl\/wp-content\/uploads\/2024\/01\/Group-6.png\",\"contentUrl\":\"https:\/\/tomwer.com.pl\/wp-content\/uploads\/2024\/01\/Group-6.png\",\"width\":900,\"height\":900},{\"@type\":\"BreadcrumbList\",\"@id\":\"https:\/\/tomwer.com.pl\/produkt\/rura-turbo-jeep-grand-cherokee\/#breadcrumb\",\"itemListElement\":[{\"@type\":\"ListItem\",\"position\":1,\"name\":\"Strona g\u0142\u00f3wna\",\"item\":\"https:\/\/tomwer.com.pl\/\"},{\"@type\":\"ListItem\",\"position\":2,\"name\":\"Wszystkie produkty\",\"item\":\"https:\/\/tomwer.com.pl\/sklep\/\"},{\"@type\":\"ListItem\",\"position\":3,\"name\":\"Jeep Grand Cherokee WK, Commander XH, 3.0 CRD &#8211; RURA TURBO.\"}]},{\"@type\":\"WebSite\",\"@id\":\"https:\/\/tomwer.com.pl\/#website\",\"url\":\"https:\/\/tomwer.com.pl\/\",\"name\":\"Tomwer - serwis i produkcja przewod\u00f3w hydraulicznych Wis\u0142a\",\"description\":\"G\u0142\u00f3wn\u0105 dzia\u0142alno\u015bci\u0105 firmy TOMWER jest serwis i produkcja przewod\u00f3w hydraulicznych.\",\"potentialAction\":[{\"@type\":\"SearchAction\",\"target\":{\"@type\":\"EntryPoint\",\"urlTemplate\":\"https:\/\/tomwer.com.pl\/?s={search_term_string}\"},\"query-input\":{\"@type\":\"PropertyValueSpecification\",\"valueRequired\":true,\"valueName\":\"search_term_string\"}}],\"inLanguage\":\"en-US\"}]}<\/script>\n<!-- \/ Yoast SEO plugin. -->","yoast_head_json":{"title":"Jeep Grand Cherokee WK, Commander XH, 3.0 CRD - RURA TURBO. - Tomwer - serwis i produkcja przewod\u00f3w hydraulicznych Wis\u0142a","description":"Rura dolotu powietrza do Jeep Grand Cherokee WK 3.0 CRD, Jeep Commander XH 3.0CRD. Rura na wz\u00f3r orygina\u0142u w ca\u0142o\u015bci wykonana z kauczuku silikonowego.","robots":{"index":"index","follow":"follow","max-snippet":"max-snippet:-1","max-image-preview":"max-image-preview:large","max-video-preview":"max-video-preview:-1"},"canonical":"https:\/\/tomwer.com.pl\/en\/product\/rura-turbo-jeep-grand-cherokee\/","og_locale":"en_US","og_type":"article","og_title":"Jeep Grand Cherokee WK, Commander XH, 3.0 CRD - RURA TURBO. - Tomwer - serwis i produkcja przewod\u00f3w hydraulicznych Wis\u0142a","og_description":"Rura dolotu powietrza do Jeep Grand Cherokee WK 3.0 CRD, Jeep Commander XH 3.0CRD. Rura na wz\u00f3r orygina\u0142u w ca\u0142o\u015bci wykonana z kauczuku silikonowego.","og_url":"https:\/\/tomwer.com.pl\/en\/product\/rura-turbo-jeep-grand-cherokee\/","og_site_name":"Tomwer - serwis i produkcja przewod\u00f3w hydraulicznych Wis\u0142a","article_modified_time":"2025-03-13T19:49:17+00:00","og_image":[{"width":900,"height":900,"url":"https:\/\/tomwer.com.pl\/wp-content\/uploads\/2024\/01\/Group-6.png","type":"image\/png"}],"twitter_card":"summary_large_image","twitter_misc":{"Est. reading time":"1 minute"},"schema":{"@context":"https:\/\/schema.org","@graph":[{"@type":"WebPage","@id":"https:\/\/tomwer.com.pl\/produkt\/rura-turbo-jeep-grand-cherokee\/","url":"https:\/\/tomwer.com.pl\/produkt\/rura-turbo-jeep-grand-cherokee\/","name":"Jeep Grand Cherokee WK, Commander XH, 3.0 CRD - RURA TURBO. - Tomwer - serwis i produkcja przewod\u00f3w hydraulicznych Wis\u0142a","isPartOf":{"@id":"https:\/\/tomwer.com.pl\/#website"},"primaryImageOfPage":{"@id":"https:\/\/tomwer.com.pl\/produkt\/rura-turbo-jeep-grand-cherokee\/#primaryimage"},"image":{"@id":"https:\/\/tomwer.com.pl\/produkt\/rura-turbo-jeep-grand-cherokee\/#primaryimage"},"thumbnailUrl":"https:\/\/tomwer.com.pl\/wp-content\/uploads\/2024\/01\/Group-6.png","datePublished":"2024-01-13T11:41:15+00:00","dateModified":"2025-03-13T19:49:17+00:00","description":"Rura dolotu powietrza do Jeep Grand Cherokee WK 3.0 CRD, Jeep Commander XH 3.0CRD. Rura na wz\u00f3r orygina\u0142u w ca\u0142o\u015bci wykonana z kauczuku silikonowego.","breadcrumb":{"@id":"https:\/\/tomwer.com.pl\/produkt\/rura-turbo-jeep-grand-cherokee\/#breadcrumb"},"inLanguage":"en-US","potentialAction":[{"@type":"ReadAction","target":["https:\/\/tomwer.com.pl\/produkt\/rura-turbo-jeep-grand-cherokee\/"]}]},{"@type":"ImageObject","inLanguage":"en-US","@id":"https:\/\/tomwer.com.pl\/produkt\/rura-turbo-jeep-grand-cherokee\/#primaryimage","url":"https:\/\/tomwer.com.pl\/wp-content\/uploads\/2024\/01\/Group-6.png","contentUrl":"https:\/\/tomwer.com.pl\/wp-content\/uploads\/2024\/01\/Group-6.png","width":900,"height":900},{"@type":"BreadcrumbList","@id":"https:\/\/tomwer.com.pl\/produkt\/rura-turbo-jeep-grand-cherokee\/#breadcrumb","itemListElement":[{"@type":"ListItem","position":1,"name":"Strona g\u0142\u00f3wna","item":"https:\/\/tomwer.com.pl\/"},{"@type":"ListItem","position":2,"name":"Wszystkie produkty","item":"https:\/\/tomwer.com.pl\/sklep\/"},{"@type":"ListItem","position":3,"name":"Jeep Grand Cherokee WK, Commander XH, 3.0 CRD &#8211; RURA TURBO."}]},{"@type":"WebSite","@id":"https:\/\/tomwer.com.pl\/#website","url":"https:\/\/tomwer.com.pl\/","name":"Tomwer - service and production of hydraulic hoses Wis\u0142a","description":"The main activity of TOMWER is the service and production of hydraulic hoses.","potentialAction":[{"@type":"SearchAction","target":{"@type":"EntryPoint","urlTemplate":"https:\/\/tomwer.com.pl\/?s={search_term_string}"},"query-input":{"@type":"PropertyValueSpecification","valueRequired":true,"valueName":"search_term_string"}}],"inLanguage":"en-US"}]}},"_links":{"self":[{"href":"https:\/\/tomwer.com.pl\/en\/wp-json\/wp\/v2\/product\/1617","targetHints":{"allow":["GET"]}}],"collection":[{"href":"https:\/\/tomwer.com.pl\/en\/wp-json\/wp\/v2\/product"}],"about":[{"href":"https:\/\/tomwer.com.pl\/en\/wp-json\/wp\/v2\/types\/product"}],"replies":[{"embeddable":true,"href":"https:\/\/tomwer.com.pl\/en\/wp-json\/wp\/v2\/comments?post=1617"}],"wp:featuredmedia":[{"embeddable":true,"href":"https:\/\/tomwer.com.pl\/en\/wp-json\/wp\/v2\/media\/1623"}],"wp:attachment":[{"href":"https:\/\/tomwer.com.pl\/en\/wp-json\/wp\/v2\/media?parent=1617"}],"wp:term":[{"taxonomy":"product_brand","embeddable":true,"href":"https:\/\/tomwer.com.pl\/en\/wp-json\/wp\/v2\/product_brand?post=1617"},{"taxonomy":"product_cat","embeddable":true,"href":"https:\/\/tomwer.com.pl\/en\/wp-json\/wp\/v2\/product_cat?post=1617"},{"taxonomy":"product_tag","embeddable":true,"href":"https:\/\/tomwer.com.pl\/en\/wp-json\/wp\/v2\/product_tag?post=1617"}],"curies":[{"name":"wp","href":"https:\/\/api.w.org\/{rel}","templated":true}]}}