{"id":1613,"date":"2024-01-12T18:26:32","date_gmt":"2024-01-12T17:26:32","guid":{"rendered":"https:\/\/tomwer.com.pl\/?post_type=product&#038;p=1613"},"modified":"2024-02-08T21:22:48","modified_gmt":"2024-02-08T20:22:48","slug":"jeep-grand-cherokee-zj-5-2-przewod-chlodnicy-gorny","status":"publish","type":"product","link":"https:\/\/tomwer.com.pl\/en\/product\/jeep-grand-cherokee-zj-5-2-przewod-chlodnicy-gorny\/","title":{"rendered":"Jeep Grand Cherokee ZJ 5.2 \u2013 radiator hose (upper)"},"content":{"rendered":"<p>Radiator hose for<strong> Jeep Grand Cherokee ZJ 5.2 v8<\/strong> .Made of silicone rubber reinforced with a quadruple polyester braid, despite the strong and durable braid, the connector is highly flexible and is several times stronger than standard rubber cables. It does not leak, does not crack, and is resistant to any type of coolant. Very accurate reproduction of the original piping guarantees quick installation and trouble-free operation. Tested up to 10 Bar. Cable wall thickness 5-6mm. Operating temperature range 0d -60 to 240 degrees. The price given is for the cable visible in the photos. Cable with clamps.<\/p>","protected":false},"excerpt":{"rendered":"<p>Radiator hose for Jeep Grand Cherokee ZJ 5.2 v8. Made of silicone rubber reinforced with a quadruple polyester braid, despite the strong and durable braid, the connector is highly flexible and is several times stronger than standard rubber hoses. It does not leak, does not crack, and is resistant to any type of coolant. Very accurate reproduction of the original piping, guarantees quick installation and ... <a href=\"https:\/\/tomwer.com.pl\/en\/product\/jeep-grand-cherokee-zj-5-2-przewod-chlodnicy-gorny\/\">Continued<\/a><\/p>","protected":false},"featured_media":1614,"comment_status":"open","ping_status":"closed","template":"","meta":{"_acf_changed":false},"product_brand":[],"product_cat":[29],"product_tag":[],"class_list":{"0":"post-1613","1":"product","2":"type-product","3":"status-publish","4":"has-post-thumbnail","6":"product_cat-przewody-silikonowe","8":"first","9":"outofstock","10":"shipping-taxable","11":"product-type-simple"},"acf":[],"yoast_head":"<!-- This site is optimized with the Yoast SEO plugin v26.9 - https:\/\/yoast.com\/product\/yoast-seo-wordpress\/ -->\n<title>Jeep Grand Cherokee ZJ 5.2 - przew\u00f3d ch\u0142odnicy (g\u00f3rny)<\/title>\n<meta name=\"description\" content=\"Silikonowy przew\u00f3d ch\u0142odnicy (dolny) do Jeep Grand Cherokee 4.7 V8 Grubo\u015b\u0107 \u015bcianki przewodu 5-6mm. Zakres temperatury pracy 0d -60 do 240 stopni.\" \/>\n<meta name=\"robots\" content=\"index, follow, max-snippet:-1, max-image-preview:large, max-video-preview:-1\" \/>\n<link rel=\"canonical\" href=\"https:\/\/tomwer.com.pl\/en\/product\/jeep-grand-cherokee-zj-5-2-przewod-chlodnicy-gorny\/\" \/>\n<meta property=\"og:locale\" content=\"en_US\" \/>\n<meta property=\"og:type\" content=\"article\" \/>\n<meta property=\"og:title\" content=\"Jeep Grand Cherokee ZJ 5.2 - przew\u00f3d ch\u0142odnicy (g\u00f3rny)\" \/>\n<meta property=\"og:description\" content=\"Silikonowy przew\u00f3d ch\u0142odnicy (dolny) do Jeep Grand Cherokee 4.7 V8 Grubo\u015b\u0107 \u015bcianki przewodu 5-6mm. Zakres temperatury pracy 0d -60 do 240 stopni.\" \/>\n<meta property=\"og:url\" content=\"https:\/\/tomwer.com.pl\/en\/product\/jeep-grand-cherokee-zj-5-2-przewod-chlodnicy-gorny\/\" \/>\n<meta property=\"og:site_name\" content=\"Tomwer - serwis i produkcja przewod\u00f3w hydraulicznych Wis\u0142a\" \/>\n<meta property=\"article:modified_time\" content=\"2024-02-08T20:22:48+00:00\" \/>\n<meta property=\"og:image\" content=\"https:\/\/tomwer.com.pl\/wp-content\/uploads\/2024\/01\/Group-1-11.png\" \/>\n\t<meta property=\"og:image:width\" content=\"900\" \/>\n\t<meta property=\"og:image:height\" content=\"900\" \/>\n\t<meta property=\"og:image:type\" content=\"image\/png\" \/>\n<meta name=\"twitter:card\" content=\"summary_large_image\" \/>\n<meta name=\"twitter:label1\" content=\"Est. reading time\" \/>\n\t<meta name=\"twitter:data1\" content=\"1 minute\" \/>\n<script type=\"application\/ld+json\" class=\"yoast-schema-graph\">{\"@context\":\"https:\/\/schema.org\",\"@graph\":[{\"@type\":\"WebPage\",\"@id\":\"https:\/\/tomwer.com.pl\/produkt\/jeep-grand-cherokee-zj-5-2-przewod-chlodnicy-gorny\/\",\"url\":\"https:\/\/tomwer.com.pl\/produkt\/jeep-grand-cherokee-zj-5-2-przewod-chlodnicy-gorny\/\",\"name\":\"Jeep Grand Cherokee ZJ 5.2 - przew\u00f3d ch\u0142odnicy (g\u00f3rny)\",\"isPartOf\":{\"@id\":\"https:\/\/tomwer.com.pl\/#website\"},\"primaryImageOfPage\":{\"@id\":\"https:\/\/tomwer.com.pl\/produkt\/jeep-grand-cherokee-zj-5-2-przewod-chlodnicy-gorny\/#primaryimage\"},\"image\":{\"@id\":\"https:\/\/tomwer.com.pl\/produkt\/jeep-grand-cherokee-zj-5-2-przewod-chlodnicy-gorny\/#primaryimage\"},\"thumbnailUrl\":\"https:\/\/tomwer.com.pl\/wp-content\/uploads\/2024\/01\/Group-1-11.png\",\"datePublished\":\"2024-01-12T17:26:32+00:00\",\"dateModified\":\"2024-02-08T20:22:48+00:00\",\"description\":\"Silikonowy przew\u00f3d ch\u0142odnicy (dolny) do Jeep Grand Cherokee 4.7 V8 Grubo\u015b\u0107 \u015bcianki przewodu 5-6mm. Zakres temperatury pracy 0d -60 do 240 stopni.\",\"breadcrumb\":{\"@id\":\"https:\/\/tomwer.com.pl\/produkt\/jeep-grand-cherokee-zj-5-2-przewod-chlodnicy-gorny\/#breadcrumb\"},\"inLanguage\":\"en-US\",\"potentialAction\":[{\"@type\":\"ReadAction\",\"target\":[\"https:\/\/tomwer.com.pl\/produkt\/jeep-grand-cherokee-zj-5-2-przewod-chlodnicy-gorny\/\"]}]},{\"@type\":\"ImageObject\",\"inLanguage\":\"en-US\",\"@id\":\"https:\/\/tomwer.com.pl\/produkt\/jeep-grand-cherokee-zj-5-2-przewod-chlodnicy-gorny\/#primaryimage\",\"url\":\"https:\/\/tomwer.com.pl\/wp-content\/uploads\/2024\/01\/Group-1-11.png\",\"contentUrl\":\"https:\/\/tomwer.com.pl\/wp-content\/uploads\/2024\/01\/Group-1-11.png\",\"width\":900,\"height\":900},{\"@type\":\"BreadcrumbList\",\"@id\":\"https:\/\/tomwer.com.pl\/produkt\/jeep-grand-cherokee-zj-5-2-przewod-chlodnicy-gorny\/#breadcrumb\",\"itemListElement\":[{\"@type\":\"ListItem\",\"position\":1,\"name\":\"Strona g\u0142\u00f3wna\",\"item\":\"https:\/\/tomwer.com.pl\/\"},{\"@type\":\"ListItem\",\"position\":2,\"name\":\"Wszystkie produkty\",\"item\":\"https:\/\/tomwer.com.pl\/sklep\/\"},{\"@type\":\"ListItem\",\"position\":3,\"name\":\"Jeep Grand Cherokee ZJ 5.2 &#8211; przew\u00f3d ch\u0142odnicy (g\u00f3rny)\"}]},{\"@type\":\"WebSite\",\"@id\":\"https:\/\/tomwer.com.pl\/#website\",\"url\":\"https:\/\/tomwer.com.pl\/\",\"name\":\"Tomwer - serwis i produkcja przewod\u00f3w hydraulicznych Wis\u0142a\",\"description\":\"G\u0142\u00f3wn\u0105 dzia\u0142alno\u015bci\u0105 firmy TOMWER jest serwis i produkcja przewod\u00f3w hydraulicznych.\",\"potentialAction\":[{\"@type\":\"SearchAction\",\"target\":{\"@type\":\"EntryPoint\",\"urlTemplate\":\"https:\/\/tomwer.com.pl\/?s={search_term_string}\"},\"query-input\":{\"@type\":\"PropertyValueSpecification\",\"valueRequired\":true,\"valueName\":\"search_term_string\"}}],\"inLanguage\":\"en-US\"}]}<\/script>\n<!-- \/ Yoast SEO plugin. -->","yoast_head_json":{"title":"Jeep Grand Cherokee ZJ 5.2 - przew\u00f3d ch\u0142odnicy (g\u00f3rny)","description":"Silikonowy przew\u00f3d ch\u0142odnicy (dolny) do Jeep Grand Cherokee 4.7 V8 Grubo\u015b\u0107 \u015bcianki przewodu 5-6mm. Zakres temperatury pracy 0d -60 do 240 stopni.","robots":{"index":"index","follow":"follow","max-snippet":"max-snippet:-1","max-image-preview":"max-image-preview:large","max-video-preview":"max-video-preview:-1"},"canonical":"https:\/\/tomwer.com.pl\/en\/product\/jeep-grand-cherokee-zj-5-2-przewod-chlodnicy-gorny\/","og_locale":"en_US","og_type":"article","og_title":"Jeep Grand Cherokee ZJ 5.2 - przew\u00f3d ch\u0142odnicy (g\u00f3rny)","og_description":"Silikonowy przew\u00f3d ch\u0142odnicy (dolny) do Jeep Grand Cherokee 4.7 V8 Grubo\u015b\u0107 \u015bcianki przewodu 5-6mm. Zakres temperatury pracy 0d -60 do 240 stopni.","og_url":"https:\/\/tomwer.com.pl\/en\/product\/jeep-grand-cherokee-zj-5-2-przewod-chlodnicy-gorny\/","og_site_name":"Tomwer - serwis i produkcja przewod\u00f3w hydraulicznych Wis\u0142a","article_modified_time":"2024-02-08T20:22:48+00:00","og_image":[{"width":900,"height":900,"url":"https:\/\/tomwer.com.pl\/wp-content\/uploads\/2024\/01\/Group-1-11.png","type":"image\/png"}],"twitter_card":"summary_large_image","twitter_misc":{"Est. reading time":"1 minute"},"schema":{"@context":"https:\/\/schema.org","@graph":[{"@type":"WebPage","@id":"https:\/\/tomwer.com.pl\/produkt\/jeep-grand-cherokee-zj-5-2-przewod-chlodnicy-gorny\/","url":"https:\/\/tomwer.com.pl\/produkt\/jeep-grand-cherokee-zj-5-2-przewod-chlodnicy-gorny\/","name":"Jeep Grand Cherokee ZJ 5.2 - przew\u00f3d ch\u0142odnicy (g\u00f3rny)","isPartOf":{"@id":"https:\/\/tomwer.com.pl\/#website"},"primaryImageOfPage":{"@id":"https:\/\/tomwer.com.pl\/produkt\/jeep-grand-cherokee-zj-5-2-przewod-chlodnicy-gorny\/#primaryimage"},"image":{"@id":"https:\/\/tomwer.com.pl\/produkt\/jeep-grand-cherokee-zj-5-2-przewod-chlodnicy-gorny\/#primaryimage"},"thumbnailUrl":"https:\/\/tomwer.com.pl\/wp-content\/uploads\/2024\/01\/Group-1-11.png","datePublished":"2024-01-12T17:26:32+00:00","dateModified":"2024-02-08T20:22:48+00:00","description":"Silikonowy przew\u00f3d ch\u0142odnicy (dolny) do Jeep Grand Cherokee 4.7 V8 Grubo\u015b\u0107 \u015bcianki przewodu 5-6mm. Zakres temperatury pracy 0d -60 do 240 stopni.","breadcrumb":{"@id":"https:\/\/tomwer.com.pl\/produkt\/jeep-grand-cherokee-zj-5-2-przewod-chlodnicy-gorny\/#breadcrumb"},"inLanguage":"en-US","potentialAction":[{"@type":"ReadAction","target":["https:\/\/tomwer.com.pl\/produkt\/jeep-grand-cherokee-zj-5-2-przewod-chlodnicy-gorny\/"]}]},{"@type":"ImageObject","inLanguage":"en-US","@id":"https:\/\/tomwer.com.pl\/produkt\/jeep-grand-cherokee-zj-5-2-przewod-chlodnicy-gorny\/#primaryimage","url":"https:\/\/tomwer.com.pl\/wp-content\/uploads\/2024\/01\/Group-1-11.png","contentUrl":"https:\/\/tomwer.com.pl\/wp-content\/uploads\/2024\/01\/Group-1-11.png","width":900,"height":900},{"@type":"BreadcrumbList","@id":"https:\/\/tomwer.com.pl\/produkt\/jeep-grand-cherokee-zj-5-2-przewod-chlodnicy-gorny\/#breadcrumb","itemListElement":[{"@type":"ListItem","position":1,"name":"Strona g\u0142\u00f3wna","item":"https:\/\/tomwer.com.pl\/"},{"@type":"ListItem","position":2,"name":"Wszystkie produkty","item":"https:\/\/tomwer.com.pl\/sklep\/"},{"@type":"ListItem","position":3,"name":"Jeep Grand Cherokee ZJ 5.2 &#8211; przew\u00f3d ch\u0142odnicy (g\u00f3rny)"}]},{"@type":"WebSite","@id":"https:\/\/tomwer.com.pl\/#website","url":"https:\/\/tomwer.com.pl\/","name":"Tomwer - service and production of hydraulic hoses Wis\u0142a","description":"The main activity of TOMWER is the service and production of hydraulic hoses.","potentialAction":[{"@type":"SearchAction","target":{"@type":"EntryPoint","urlTemplate":"https:\/\/tomwer.com.pl\/?s={search_term_string}"},"query-input":{"@type":"PropertyValueSpecification","valueRequired":true,"valueName":"search_term_string"}}],"inLanguage":"en-US"}]}},"_links":{"self":[{"href":"https:\/\/tomwer.com.pl\/en\/wp-json\/wp\/v2\/product\/1613","targetHints":{"allow":["GET"]}}],"collection":[{"href":"https:\/\/tomwer.com.pl\/en\/wp-json\/wp\/v2\/product"}],"about":[{"href":"https:\/\/tomwer.com.pl\/en\/wp-json\/wp\/v2\/types\/product"}],"replies":[{"embeddable":true,"href":"https:\/\/tomwer.com.pl\/en\/wp-json\/wp\/v2\/comments?post=1613"}],"wp:featuredmedia":[{"embeddable":true,"href":"https:\/\/tomwer.com.pl\/en\/wp-json\/wp\/v2\/media\/1614"}],"wp:attachment":[{"href":"https:\/\/tomwer.com.pl\/en\/wp-json\/wp\/v2\/media?parent=1613"}],"wp:term":[{"taxonomy":"product_brand","embeddable":true,"href":"https:\/\/tomwer.com.pl\/en\/wp-json\/wp\/v2\/product_brand?post=1613"},{"taxonomy":"product_cat","embeddable":true,"href":"https:\/\/tomwer.com.pl\/en\/wp-json\/wp\/v2\/product_cat?post=1613"},{"taxonomy":"product_tag","embeddable":true,"href":"https:\/\/tomwer.com.pl\/en\/wp-json\/wp\/v2\/product_tag?post=1613"}],"curies":[{"name":"wp","href":"https:\/\/api.w.org\/{rel}","templated":true}]}}