{"id":1489,"date":"2023-12-02T22:57:33","date_gmt":"2023-12-02T21:57:33","guid":{"rendered":"https:\/\/tomwer.com.pl\/?post_type=product&#038;p=1489"},"modified":"2023-12-02T23:15:49","modified_gmt":"2023-12-02T22:15:49","slug":"nissan-patrol-gu4-y61-przewody-hamulcowe-w-stalowym-oplocie-kopia-2","status":"publish","type":"product","link":"https:\/\/tomwer.com.pl\/en\/product\/nissan-patrol-gu4-y61-przewody-hamulcowe-w-stalowym-oplocie-kopia-2\/","title":{"rendered":"Nissan Patrol Y61 GU4 \u2013 Steel braided brake lines"},"content":{"rendered":"<p>Set of flexible brake lines with stainless steel braid. Designed for Nissan Patrol Y61 GU4. Cables made based on measurements of original cables in our workshop. Differences in the external shape of the tips do not affect proper installation and operation. The set includes 7 cables. Possibility of making longer central cables in the case of a suspension lift.<\/p>","protected":false},"excerpt":{"rendered":"<p>Set of flexible brake lines with stainless steel braid. Designed for Nissan Patrol Y61 GU4. Cables made based on measurements of original cables in our workshop. Differences in the external shape of the tips do not affect proper installation and operation. The set includes 7 cables. Possibility of making longer central cables in the case of a lift... <a href=\"https:\/\/tomwer.com.pl\/en\/product\/nissan-patrol-gu4-y61-przewody-hamulcowe-w-stalowym-oplocie-kopia-2\/\">Continued<\/a><\/p>","protected":false},"featured_media":1487,"comment_status":"closed","ping_status":"closed","template":"","meta":{"_acf_changed":false},"product_brand":[],"product_cat":[37],"product_tag":[],"class_list":{"0":"post-1489","1":"product","2":"type-product","3":"status-publish","4":"has-post-thumbnail","6":"product_cat-nissan","8":"first","9":"instock","10":"shipping-taxable","11":"purchasable","12":"product-type-simple"},"acf":[],"yoast_head":"<!-- This site is optimized with the Yoast SEO plugin v26.9 - https:\/\/yoast.com\/product\/yoast-seo-wordpress\/ -->\n<title>Nissan Patrol Y61 GU4 - Przewody hamulcowe w stalowym oplocie - Tomwer - serwis i produkcja przewod\u00f3w hydraulicznych Wis\u0142a<\/title>\n<meta name=\"description\" content=\"Przewody hamulcowe elastyczne, w oplocie ze stali nierdzewnej do samochodu Nissan Patrol GU4 Y61. Przewody nowe, w zestawie 7szt. przewod\u00f3w.\" \/>\n<meta name=\"robots\" content=\"index, follow, max-snippet:-1, max-image-preview:large, max-video-preview:-1\" \/>\n<link rel=\"canonical\" href=\"https:\/\/tomwer.com.pl\/en\/product\/nissan-patrol-gu4-y61-przewody-hamulcowe-w-stalowym-oplocie-kopia-2\/\" \/>\n<meta property=\"og:locale\" content=\"en_US\" \/>\n<meta property=\"og:type\" content=\"article\" \/>\n<meta property=\"og:title\" content=\"Nissan Patrol Y61 GU4 - Przewody hamulcowe w stalowym oplocie - Tomwer - serwis i produkcja przewod\u00f3w hydraulicznych Wis\u0142a\" \/>\n<meta property=\"og:description\" content=\"Przewody hamulcowe elastyczne, w oplocie ze stali nierdzewnej do samochodu Nissan Patrol GU4 Y61. Przewody nowe, w zestawie 7szt. przewod\u00f3w.\" \/>\n<meta property=\"og:url\" content=\"https:\/\/tomwer.com.pl\/en\/product\/nissan-patrol-gu4-y61-przewody-hamulcowe-w-stalowym-oplocie-kopia-2\/\" \/>\n<meta property=\"og:site_name\" content=\"Tomwer - serwis i produkcja przewod\u00f3w hydraulicznych Wis\u0142a\" \/>\n<meta property=\"article:modified_time\" content=\"2023-12-02T22:15:49+00:00\" \/>\n<meta property=\"og:image\" content=\"https:\/\/tomwer.com.pl\/wp-content\/uploads\/2023\/12\/Group-70.png\" \/>\n\t<meta property=\"og:image:width\" content=\"600\" \/>\n\t<meta property=\"og:image:height\" content=\"600\" \/>\n\t<meta property=\"og:image:type\" content=\"image\/png\" \/>\n<meta name=\"twitter:card\" content=\"summary_large_image\" \/>\n<meta name=\"twitter:label1\" content=\"Est. reading time\" \/>\n\t<meta name=\"twitter:data1\" content=\"1 minute\" \/>\n<script type=\"application\/ld+json\" class=\"yoast-schema-graph\">{\"@context\":\"https:\/\/schema.org\",\"@graph\":[{\"@type\":\"WebPage\",\"@id\":\"https:\/\/tomwer.com.pl\/produkt\/nissan-patrol-gu4-y61-przewody-hamulcowe-w-stalowym-oplocie-kopia-2\/\",\"url\":\"https:\/\/tomwer.com.pl\/produkt\/nissan-patrol-gu4-y61-przewody-hamulcowe-w-stalowym-oplocie-kopia-2\/\",\"name\":\"Nissan Patrol Y61 GU4 - Przewody hamulcowe w stalowym oplocie - Tomwer - serwis i produkcja przewod\u00f3w hydraulicznych Wis\u0142a\",\"isPartOf\":{\"@id\":\"https:\/\/tomwer.com.pl\/#website\"},\"primaryImageOfPage\":{\"@id\":\"https:\/\/tomwer.com.pl\/produkt\/nissan-patrol-gu4-y61-przewody-hamulcowe-w-stalowym-oplocie-kopia-2\/#primaryimage\"},\"image\":{\"@id\":\"https:\/\/tomwer.com.pl\/produkt\/nissan-patrol-gu4-y61-przewody-hamulcowe-w-stalowym-oplocie-kopia-2\/#primaryimage\"},\"thumbnailUrl\":\"https:\/\/tomwer.com.pl\/wp-content\/uploads\/2023\/12\/Group-70.png\",\"datePublished\":\"2023-12-02T21:57:33+00:00\",\"dateModified\":\"2023-12-02T22:15:49+00:00\",\"description\":\"Przewody hamulcowe elastyczne, w oplocie ze stali nierdzewnej do samochodu Nissan Patrol GU4 Y61. Przewody nowe, w zestawie 7szt. przewod\u00f3w.\",\"breadcrumb\":{\"@id\":\"https:\/\/tomwer.com.pl\/produkt\/nissan-patrol-gu4-y61-przewody-hamulcowe-w-stalowym-oplocie-kopia-2\/#breadcrumb\"},\"inLanguage\":\"en-US\",\"potentialAction\":[{\"@type\":\"ReadAction\",\"target\":[\"https:\/\/tomwer.com.pl\/produkt\/nissan-patrol-gu4-y61-przewody-hamulcowe-w-stalowym-oplocie-kopia-2\/\"]}]},{\"@type\":\"ImageObject\",\"inLanguage\":\"en-US\",\"@id\":\"https:\/\/tomwer.com.pl\/produkt\/nissan-patrol-gu4-y61-przewody-hamulcowe-w-stalowym-oplocie-kopia-2\/#primaryimage\",\"url\":\"https:\/\/tomwer.com.pl\/wp-content\/uploads\/2023\/12\/Group-70.png\",\"contentUrl\":\"https:\/\/tomwer.com.pl\/wp-content\/uploads\/2023\/12\/Group-70.png\",\"width\":600,\"height\":600},{\"@type\":\"BreadcrumbList\",\"@id\":\"https:\/\/tomwer.com.pl\/produkt\/nissan-patrol-gu4-y61-przewody-hamulcowe-w-stalowym-oplocie-kopia-2\/#breadcrumb\",\"itemListElement\":[{\"@type\":\"ListItem\",\"position\":1,\"name\":\"Strona g\u0142\u00f3wna\",\"item\":\"https:\/\/tomwer.com.pl\/\"},{\"@type\":\"ListItem\",\"position\":2,\"name\":\"Wszystkie produkty\",\"item\":\"https:\/\/tomwer.com.pl\/sklep\/\"},{\"@type\":\"ListItem\",\"position\":3,\"name\":\"Nissan Patrol Y61 GU4 &#8211; Przewody hamulcowe w stalowym oplocie\"}]},{\"@type\":\"WebSite\",\"@id\":\"https:\/\/tomwer.com.pl\/#website\",\"url\":\"https:\/\/tomwer.com.pl\/\",\"name\":\"Tomwer - serwis i produkcja przewod\u00f3w hydraulicznych Wis\u0142a\",\"description\":\"G\u0142\u00f3wn\u0105 dzia\u0142alno\u015bci\u0105 firmy TOMWER jest serwis i produkcja przewod\u00f3w hydraulicznych.\",\"potentialAction\":[{\"@type\":\"SearchAction\",\"target\":{\"@type\":\"EntryPoint\",\"urlTemplate\":\"https:\/\/tomwer.com.pl\/?s={search_term_string}\"},\"query-input\":{\"@type\":\"PropertyValueSpecification\",\"valueRequired\":true,\"valueName\":\"search_term_string\"}}],\"inLanguage\":\"en-US\"}]}<\/script>\n<!-- \/ Yoast SEO plugin. -->","yoast_head_json":{"title":"Nissan Patrol Y61 GU4 - Przewody hamulcowe w stalowym oplocie - Tomwer - serwis i produkcja przewod\u00f3w hydraulicznych Wis\u0142a","description":"Przewody hamulcowe elastyczne, w oplocie ze stali nierdzewnej do samochodu Nissan Patrol GU4 Y61. Przewody nowe, w zestawie 7szt. przewod\u00f3w.","robots":{"index":"index","follow":"follow","max-snippet":"max-snippet:-1","max-image-preview":"max-image-preview:large","max-video-preview":"max-video-preview:-1"},"canonical":"https:\/\/tomwer.com.pl\/en\/product\/nissan-patrol-gu4-y61-przewody-hamulcowe-w-stalowym-oplocie-kopia-2\/","og_locale":"en_US","og_type":"article","og_title":"Nissan Patrol Y61 GU4 - Przewody hamulcowe w stalowym oplocie - Tomwer - serwis i produkcja przewod\u00f3w hydraulicznych Wis\u0142a","og_description":"Przewody hamulcowe elastyczne, w oplocie ze stali nierdzewnej do samochodu Nissan Patrol GU4 Y61. Przewody nowe, w zestawie 7szt. przewod\u00f3w.","og_url":"https:\/\/tomwer.com.pl\/en\/product\/nissan-patrol-gu4-y61-przewody-hamulcowe-w-stalowym-oplocie-kopia-2\/","og_site_name":"Tomwer - serwis i produkcja przewod\u00f3w hydraulicznych Wis\u0142a","article_modified_time":"2023-12-02T22:15:49+00:00","og_image":[{"width":600,"height":600,"url":"https:\/\/tomwer.com.pl\/wp-content\/uploads\/2023\/12\/Group-70.png","type":"image\/png"}],"twitter_card":"summary_large_image","twitter_misc":{"Est. reading time":"1 minute"},"schema":{"@context":"https:\/\/schema.org","@graph":[{"@type":"WebPage","@id":"https:\/\/tomwer.com.pl\/produkt\/nissan-patrol-gu4-y61-przewody-hamulcowe-w-stalowym-oplocie-kopia-2\/","url":"https:\/\/tomwer.com.pl\/produkt\/nissan-patrol-gu4-y61-przewody-hamulcowe-w-stalowym-oplocie-kopia-2\/","name":"Nissan Patrol Y61 GU4 - Przewody hamulcowe w stalowym oplocie - Tomwer - serwis i produkcja przewod\u00f3w hydraulicznych Wis\u0142a","isPartOf":{"@id":"https:\/\/tomwer.com.pl\/#website"},"primaryImageOfPage":{"@id":"https:\/\/tomwer.com.pl\/produkt\/nissan-patrol-gu4-y61-przewody-hamulcowe-w-stalowym-oplocie-kopia-2\/#primaryimage"},"image":{"@id":"https:\/\/tomwer.com.pl\/produkt\/nissan-patrol-gu4-y61-przewody-hamulcowe-w-stalowym-oplocie-kopia-2\/#primaryimage"},"thumbnailUrl":"https:\/\/tomwer.com.pl\/wp-content\/uploads\/2023\/12\/Group-70.png","datePublished":"2023-12-02T21:57:33+00:00","dateModified":"2023-12-02T22:15:49+00:00","description":"Przewody hamulcowe elastyczne, w oplocie ze stali nierdzewnej do samochodu Nissan Patrol GU4 Y61. Przewody nowe, w zestawie 7szt. przewod\u00f3w.","breadcrumb":{"@id":"https:\/\/tomwer.com.pl\/produkt\/nissan-patrol-gu4-y61-przewody-hamulcowe-w-stalowym-oplocie-kopia-2\/#breadcrumb"},"inLanguage":"en-US","potentialAction":[{"@type":"ReadAction","target":["https:\/\/tomwer.com.pl\/produkt\/nissan-patrol-gu4-y61-przewody-hamulcowe-w-stalowym-oplocie-kopia-2\/"]}]},{"@type":"ImageObject","inLanguage":"en-US","@id":"https:\/\/tomwer.com.pl\/produkt\/nissan-patrol-gu4-y61-przewody-hamulcowe-w-stalowym-oplocie-kopia-2\/#primaryimage","url":"https:\/\/tomwer.com.pl\/wp-content\/uploads\/2023\/12\/Group-70.png","contentUrl":"https:\/\/tomwer.com.pl\/wp-content\/uploads\/2023\/12\/Group-70.png","width":600,"height":600},{"@type":"BreadcrumbList","@id":"https:\/\/tomwer.com.pl\/produkt\/nissan-patrol-gu4-y61-przewody-hamulcowe-w-stalowym-oplocie-kopia-2\/#breadcrumb","itemListElement":[{"@type":"ListItem","position":1,"name":"Strona g\u0142\u00f3wna","item":"https:\/\/tomwer.com.pl\/"},{"@type":"ListItem","position":2,"name":"Wszystkie produkty","item":"https:\/\/tomwer.com.pl\/sklep\/"},{"@type":"ListItem","position":3,"name":"Nissan Patrol Y61 GU4 &#8211; Przewody hamulcowe w stalowym oplocie"}]},{"@type":"WebSite","@id":"https:\/\/tomwer.com.pl\/#website","url":"https:\/\/tomwer.com.pl\/","name":"Tomwer - service and production of hydraulic hoses Wis\u0142a","description":"The main activity of TOMWER is the service and production of hydraulic hoses.","potentialAction":[{"@type":"SearchAction","target":{"@type":"EntryPoint","urlTemplate":"https:\/\/tomwer.com.pl\/?s={search_term_string}"},"query-input":{"@type":"PropertyValueSpecification","valueRequired":true,"valueName":"search_term_string"}}],"inLanguage":"en-US"}]}},"_links":{"self":[{"href":"https:\/\/tomwer.com.pl\/en\/wp-json\/wp\/v2\/product\/1489","targetHints":{"allow":["GET"]}}],"collection":[{"href":"https:\/\/tomwer.com.pl\/en\/wp-json\/wp\/v2\/product"}],"about":[{"href":"https:\/\/tomwer.com.pl\/en\/wp-json\/wp\/v2\/types\/product"}],"replies":[{"embeddable":true,"href":"https:\/\/tomwer.com.pl\/en\/wp-json\/wp\/v2\/comments?post=1489"}],"wp:featuredmedia":[{"embeddable":true,"href":"https:\/\/tomwer.com.pl\/en\/wp-json\/wp\/v2\/media\/1487"}],"wp:attachment":[{"href":"https:\/\/tomwer.com.pl\/en\/wp-json\/wp\/v2\/media?parent=1489"}],"wp:term":[{"taxonomy":"product_brand","embeddable":true,"href":"https:\/\/tomwer.com.pl\/en\/wp-json\/wp\/v2\/product_brand?post=1489"},{"taxonomy":"product_cat","embeddable":true,"href":"https:\/\/tomwer.com.pl\/en\/wp-json\/wp\/v2\/product_cat?post=1489"},{"taxonomy":"product_tag","embeddable":true,"href":"https:\/\/tomwer.com.pl\/en\/wp-json\/wp\/v2\/product_tag?post=1489"}],"curies":[{"name":"wp","href":"https:\/\/api.w.org\/{rel}","templated":true}]}}