{"id":1416,"date":"2023-11-15T12:11:12","date_gmt":"2023-11-15T11:11:12","guid":{"rendered":"https:\/\/tomwer.com.pl\/?post_type=product&#038;p=1416"},"modified":"2023-11-21T17:06:50","modified_gmt":"2023-11-21T16:06:50","slug":"hummer-h2-2002-2009-przewody-hamulcowe-sztywne","status":"publish","type":"product","link":"https:\/\/tomwer.com.pl\/en\/product\/hummer-h2-2002-2009-przewody-hamulcowe-sztywne\/","title":{"rendered":"HUMMER H2 \u2013 2002-2009 \u2013 rigid brake lines"},"content":{"rendered":"<p>The set includes cables 1,2,3,4,5,6,7,8.<\/p>\n<p><a href=\"https:\/\/tomwer.com.pl\/en\/?attachment_id=1424\"><img decoding=\"async\" class=\"alignnone wp-image-1424 lazyload\" data-src=\"https:\/\/tomwer.com.pl\/wp-content\/uploads\/2023\/11\/Hummer-H2-schemat-ukladu-hamulcowego.png\" alt=\"\" width=\"424\" height=\"350\" data-srcset=\"https:\/\/tomwer.com.pl\/wp-content\/uploads\/2023\/11\/Hummer-H2-schemat-ukladu-hamulcowego.png 829w, https:\/\/tomwer.com.pl\/wp-content\/uploads\/2023\/11\/Hummer-H2-schemat-ukladu-hamulcowego-500x413.png 500w, https:\/\/tomwer.com.pl\/wp-content\/uploads\/2023\/11\/Hummer-H2-schemat-ukladu-hamulcowego-64x53.png 64w, https:\/\/tomwer.com.pl\/wp-content\/uploads\/2023\/11\/Hummer-H2-schemat-ukladu-hamulcowego-300x248.png 300w, https:\/\/tomwer.com.pl\/wp-content\/uploads\/2023\/11\/Hummer-H2-schemat-ukladu-hamulcowego-768x634.png 768w\" data-sizes=\"(max-width: 424px) 100vw, 424px\" src=\"data:image\/svg+xml;base64,PHN2ZyB3aWR0aD0iMSIgaGVpZ2h0PSIxIiB4bWxucz0iaHR0cDovL3d3dy53My5vcmcvMjAwMC9zdmciPjwvc3ZnPg==\" style=\"--smush-placeholder-width: 424px; --smush-placeholder-aspect-ratio: 424\/350;\" \/><\/a><\/p>\n<p>A set of rigid brake lines for a car\u00a0 <strong>Hummer H2<\/strong>\u00a0 made of seamless copper pipe. The lines are made based on measurements of factory brake lines in our workshop. Each cable is of the appropriate length with appropriate ends crimped. For technical reasons, the cables are shipped rolled into coils. The cables are ready for installation, you need to shape them yourself at the installation site, which is not a major problem. Forming the wires can be done using a bender or by hand. To make installation as easy as possible, each cable in the set has its location described. Our cables can be additionally protected with a PVC cover against corrosion and external factors.<\/p>\n<p>&nbsp;<\/p>","protected":false},"excerpt":{"rendered":"<p>The set includes cables 1,2,3,4,5,6,7,8. A set of rigid brake lines for the Hummer H2 car, made of seamless copper pipe. The lines are made based on measurements of factory brake lines in our workshop. Each cable is of the appropriate length with appropriate ends crimped. For technical reasons, the cables are shipped rolled into coils. The cables are ready for installation,\u2026 <a href=\"https:\/\/tomwer.com.pl\/en\/product\/hummer-h2-2002-2009-przewody-hamulcowe-sztywne\/\">Continued<\/a><\/p>","protected":false},"featured_media":1431,"comment_status":"closed","ping_status":"closed","template":"","meta":{"_acf_changed":false},"product_brand":[],"product_cat":[52],"product_tag":[],"class_list":{"0":"post-1416","1":"product","2":"type-product","3":"status-publish","4":"has-post-thumbnail","6":"product_cat-hummer","8":"first","9":"instock","10":"shipping-taxable","11":"purchasable","12":"product-type-variable"},"acf":[],"yoast_head":"<!-- This site is optimized with the Yoast SEO plugin v26.9 - https:\/\/yoast.com\/product\/yoast-seo-wordpress\/ -->\n<title>Przewody hamulcowe Hummer H2<\/title>\n<meta name=\"description\" content=\"Zestaw przewod\u00f3w hamulcowych sztywnych do samochodu Hummer H2, 2002-2009 ABS. Wersje silnikowe 6.0, 6.2. Dodatkowo zabezpieczone otulin\u0105 PVC.\" \/>\n<meta name=\"robots\" content=\"index, follow, max-snippet:-1, max-image-preview:large, max-video-preview:-1\" \/>\n<link rel=\"canonical\" href=\"https:\/\/tomwer.com.pl\/en\/product\/hummer-h2-2002-2009-przewody-hamulcowe-sztywne\/\" \/>\n<meta property=\"og:locale\" content=\"en_US\" \/>\n<meta property=\"og:type\" content=\"article\" \/>\n<meta property=\"og:title\" content=\"Przewody hamulcowe Hummer H2\" \/>\n<meta property=\"og:description\" content=\"Zestaw przewod\u00f3w hamulcowych sztywnych do samochodu Hummer H2, 2002-2009 ABS. Wersje silnikowe 6.0, 6.2. Dodatkowo zabezpieczone otulin\u0105 PVC.\" \/>\n<meta property=\"og:url\" content=\"https:\/\/tomwer.com.pl\/en\/product\/hummer-h2-2002-2009-przewody-hamulcowe-sztywne\/\" \/>\n<meta property=\"og:site_name\" content=\"Tomwer - serwis i produkcja przewod\u00f3w hydraulicznych Wis\u0142a\" \/>\n<meta property=\"article:modified_time\" content=\"2023-11-21T16:06:50+00:00\" \/>\n<meta property=\"og:image\" content=\"https:\/\/tomwer.com.pl\/wp-content\/uploads\/2023\/11\/Group-30-1.png\" \/>\n\t<meta property=\"og:image:width\" content=\"900\" \/>\n\t<meta property=\"og:image:height\" content=\"900\" \/>\n\t<meta property=\"og:image:type\" content=\"image\/png\" \/>\n<meta name=\"twitter:card\" content=\"summary_large_image\" \/>\n<meta name=\"twitter:label1\" content=\"Est. reading time\" \/>\n\t<meta name=\"twitter:data1\" content=\"1 minute\" \/>\n<script type=\"application\/ld+json\" class=\"yoast-schema-graph\">{\"@context\":\"https:\/\/schema.org\",\"@graph\":[{\"@type\":\"WebPage\",\"@id\":\"https:\/\/tomwer.com.pl\/produkt\/hummer-h2-2002-2009-przewody-hamulcowe-sztywne\/\",\"url\":\"https:\/\/tomwer.com.pl\/produkt\/hummer-h2-2002-2009-przewody-hamulcowe-sztywne\/\",\"name\":\"Przewody hamulcowe Hummer H2\",\"isPartOf\":{\"@id\":\"https:\/\/tomwer.com.pl\/#website\"},\"primaryImageOfPage\":{\"@id\":\"https:\/\/tomwer.com.pl\/produkt\/hummer-h2-2002-2009-przewody-hamulcowe-sztywne\/#primaryimage\"},\"image\":{\"@id\":\"https:\/\/tomwer.com.pl\/produkt\/hummer-h2-2002-2009-przewody-hamulcowe-sztywne\/#primaryimage\"},\"thumbnailUrl\":\"https:\/\/tomwer.com.pl\/wp-content\/uploads\/2023\/11\/Group-30-1.png\",\"datePublished\":\"2023-11-15T11:11:12+00:00\",\"dateModified\":\"2023-11-21T16:06:50+00:00\",\"description\":\"Zestaw przewod\u00f3w hamulcowych sztywnych do samochodu Hummer H2, 2002-2009 ABS. Wersje silnikowe 6.0, 6.2. Dodatkowo zabezpieczone otulin\u0105 PVC.\",\"breadcrumb\":{\"@id\":\"https:\/\/tomwer.com.pl\/produkt\/hummer-h2-2002-2009-przewody-hamulcowe-sztywne\/#breadcrumb\"},\"inLanguage\":\"en-US\",\"potentialAction\":[{\"@type\":\"ReadAction\",\"target\":[\"https:\/\/tomwer.com.pl\/produkt\/hummer-h2-2002-2009-przewody-hamulcowe-sztywne\/\"]}]},{\"@type\":\"ImageObject\",\"inLanguage\":\"en-US\",\"@id\":\"https:\/\/tomwer.com.pl\/produkt\/hummer-h2-2002-2009-przewody-hamulcowe-sztywne\/#primaryimage\",\"url\":\"https:\/\/tomwer.com.pl\/wp-content\/uploads\/2023\/11\/Group-30-1.png\",\"contentUrl\":\"https:\/\/tomwer.com.pl\/wp-content\/uploads\/2023\/11\/Group-30-1.png\",\"width\":900,\"height\":900},{\"@type\":\"BreadcrumbList\",\"@id\":\"https:\/\/tomwer.com.pl\/produkt\/hummer-h2-2002-2009-przewody-hamulcowe-sztywne\/#breadcrumb\",\"itemListElement\":[{\"@type\":\"ListItem\",\"position\":1,\"name\":\"Strona g\u0142\u00f3wna\",\"item\":\"https:\/\/tomwer.com.pl\/\"},{\"@type\":\"ListItem\",\"position\":2,\"name\":\"Wszystkie produkty\",\"item\":\"https:\/\/tomwer.com.pl\/sklep\/\"},{\"@type\":\"ListItem\",\"position\":3,\"name\":\"HUMMER H2 &#8211; 2002-2009 &#8211; przewody hamulcowe sztywne\"}]},{\"@type\":\"WebSite\",\"@id\":\"https:\/\/tomwer.com.pl\/#website\",\"url\":\"https:\/\/tomwer.com.pl\/\",\"name\":\"Tomwer - serwis i produkcja przewod\u00f3w hydraulicznych Wis\u0142a\",\"description\":\"G\u0142\u00f3wn\u0105 dzia\u0142alno\u015bci\u0105 firmy TOMWER jest serwis i produkcja przewod\u00f3w hydraulicznych.\",\"potentialAction\":[{\"@type\":\"SearchAction\",\"target\":{\"@type\":\"EntryPoint\",\"urlTemplate\":\"https:\/\/tomwer.com.pl\/?s={search_term_string}\"},\"query-input\":{\"@type\":\"PropertyValueSpecification\",\"valueRequired\":true,\"valueName\":\"search_term_string\"}}],\"inLanguage\":\"en-US\"}]}<\/script>\n<!-- \/ Yoast SEO plugin. -->","yoast_head_json":{"title":"Przewody hamulcowe Hummer H2","description":"Zestaw przewod\u00f3w hamulcowych sztywnych do samochodu Hummer H2, 2002-2009 ABS. Wersje silnikowe 6.0, 6.2. Dodatkowo zabezpieczone otulin\u0105 PVC.","robots":{"index":"index","follow":"follow","max-snippet":"max-snippet:-1","max-image-preview":"max-image-preview:large","max-video-preview":"max-video-preview:-1"},"canonical":"https:\/\/tomwer.com.pl\/en\/product\/hummer-h2-2002-2009-przewody-hamulcowe-sztywne\/","og_locale":"en_US","og_type":"article","og_title":"Przewody hamulcowe Hummer H2","og_description":"Zestaw przewod\u00f3w hamulcowych sztywnych do samochodu Hummer H2, 2002-2009 ABS. Wersje silnikowe 6.0, 6.2. Dodatkowo zabezpieczone otulin\u0105 PVC.","og_url":"https:\/\/tomwer.com.pl\/en\/product\/hummer-h2-2002-2009-przewody-hamulcowe-sztywne\/","og_site_name":"Tomwer - serwis i produkcja przewod\u00f3w hydraulicznych Wis\u0142a","article_modified_time":"2023-11-21T16:06:50+00:00","og_image":[{"width":900,"height":900,"url":"https:\/\/tomwer.com.pl\/wp-content\/uploads\/2023\/11\/Group-30-1.png","type":"image\/png"}],"twitter_card":"summary_large_image","twitter_misc":{"Est. reading time":"1 minute"},"schema":{"@context":"https:\/\/schema.org","@graph":[{"@type":"WebPage","@id":"https:\/\/tomwer.com.pl\/produkt\/hummer-h2-2002-2009-przewody-hamulcowe-sztywne\/","url":"https:\/\/tomwer.com.pl\/produkt\/hummer-h2-2002-2009-przewody-hamulcowe-sztywne\/","name":"Przewody hamulcowe Hummer H2","isPartOf":{"@id":"https:\/\/tomwer.com.pl\/#website"},"primaryImageOfPage":{"@id":"https:\/\/tomwer.com.pl\/produkt\/hummer-h2-2002-2009-przewody-hamulcowe-sztywne\/#primaryimage"},"image":{"@id":"https:\/\/tomwer.com.pl\/produkt\/hummer-h2-2002-2009-przewody-hamulcowe-sztywne\/#primaryimage"},"thumbnailUrl":"https:\/\/tomwer.com.pl\/wp-content\/uploads\/2023\/11\/Group-30-1.png","datePublished":"2023-11-15T11:11:12+00:00","dateModified":"2023-11-21T16:06:50+00:00","description":"Zestaw przewod\u00f3w hamulcowych sztywnych do samochodu Hummer H2, 2002-2009 ABS. Wersje silnikowe 6.0, 6.2. Dodatkowo zabezpieczone otulin\u0105 PVC.","breadcrumb":{"@id":"https:\/\/tomwer.com.pl\/produkt\/hummer-h2-2002-2009-przewody-hamulcowe-sztywne\/#breadcrumb"},"inLanguage":"en-US","potentialAction":[{"@type":"ReadAction","target":["https:\/\/tomwer.com.pl\/produkt\/hummer-h2-2002-2009-przewody-hamulcowe-sztywne\/"]}]},{"@type":"ImageObject","inLanguage":"en-US","@id":"https:\/\/tomwer.com.pl\/produkt\/hummer-h2-2002-2009-przewody-hamulcowe-sztywne\/#primaryimage","url":"https:\/\/tomwer.com.pl\/wp-content\/uploads\/2023\/11\/Group-30-1.png","contentUrl":"https:\/\/tomwer.com.pl\/wp-content\/uploads\/2023\/11\/Group-30-1.png","width":900,"height":900},{"@type":"BreadcrumbList","@id":"https:\/\/tomwer.com.pl\/produkt\/hummer-h2-2002-2009-przewody-hamulcowe-sztywne\/#breadcrumb","itemListElement":[{"@type":"ListItem","position":1,"name":"Strona g\u0142\u00f3wna","item":"https:\/\/tomwer.com.pl\/"},{"@type":"ListItem","position":2,"name":"Wszystkie produkty","item":"https:\/\/tomwer.com.pl\/sklep\/"},{"@type":"ListItem","position":3,"name":"HUMMER H2 &#8211; 2002-2009 &#8211; przewody hamulcowe sztywne"}]},{"@type":"WebSite","@id":"https:\/\/tomwer.com.pl\/#website","url":"https:\/\/tomwer.com.pl\/","name":"Tomwer - service and production of hydraulic hoses Wis\u0142a","description":"The main activity of TOMWER is the service and production of hydraulic hoses.","potentialAction":[{"@type":"SearchAction","target":{"@type":"EntryPoint","urlTemplate":"https:\/\/tomwer.com.pl\/?s={search_term_string}"},"query-input":{"@type":"PropertyValueSpecification","valueRequired":true,"valueName":"search_term_string"}}],"inLanguage":"en-US"}]}},"_links":{"self":[{"href":"https:\/\/tomwer.com.pl\/en\/wp-json\/wp\/v2\/product\/1416","targetHints":{"allow":["GET"]}}],"collection":[{"href":"https:\/\/tomwer.com.pl\/en\/wp-json\/wp\/v2\/product"}],"about":[{"href":"https:\/\/tomwer.com.pl\/en\/wp-json\/wp\/v2\/types\/product"}],"replies":[{"embeddable":true,"href":"https:\/\/tomwer.com.pl\/en\/wp-json\/wp\/v2\/comments?post=1416"}],"wp:featuredmedia":[{"embeddable":true,"href":"https:\/\/tomwer.com.pl\/en\/wp-json\/wp\/v2\/media\/1431"}],"wp:attachment":[{"href":"https:\/\/tomwer.com.pl\/en\/wp-json\/wp\/v2\/media?parent=1416"}],"wp:term":[{"taxonomy":"product_brand","embeddable":true,"href":"https:\/\/tomwer.com.pl\/en\/wp-json\/wp\/v2\/product_brand?post=1416"},{"taxonomy":"product_cat","embeddable":true,"href":"https:\/\/tomwer.com.pl\/en\/wp-json\/wp\/v2\/product_cat?post=1416"},{"taxonomy":"product_tag","embeddable":true,"href":"https:\/\/tomwer.com.pl\/en\/wp-json\/wp\/v2\/product_tag?post=1416"}],"curies":[{"name":"wp","href":"https:\/\/api.w.org\/{rel}","templated":true}]}}