{"id":1394,"date":"2023-11-14T16:03:14","date_gmt":"2023-11-14T15:03:14","guid":{"rendered":"https:\/\/tomwer.com.pl\/?post_type=product&#038;p=1394"},"modified":"2025-10-06T13:20:41","modified_gmt":"2025-10-06T11:20:41","slug":"jeep-grand-cherokee-zj-1997-1998","status":"publish","type":"product","link":"https:\/\/tomwer.com.pl\/en\/product\/jeep-grand-cherokee-zj-1997-1998\/","title":{"rendered":"JEEP Grand Cherokee &quot;ZJ\/ZG&quot; - 1997-1998"},"content":{"rendered":"<p><a href=\"https:\/\/tomwer.com.pl\/en\/?attachment_id=1359\"><img decoding=\"async\" class=\"alignleft wp-image-1359 size-full lazyload\" title=\"diagram\" data-src=\"https:\/\/tomwer.com.pl\/wp-content\/uploads\/2023\/09\/Untitled.png\" alt=\"\" width=\"745\" height=\"620\" data-srcset=\"https:\/\/tomwer.com.pl\/wp-content\/uploads\/2023\/09\/Untitled.png 745w, https:\/\/tomwer.com.pl\/wp-content\/uploads\/2023\/09\/Untitled-500x416.png 500w, https:\/\/tomwer.com.pl\/wp-content\/uploads\/2023\/09\/Untitled-64x53.png 64w, https:\/\/tomwer.com.pl\/wp-content\/uploads\/2023\/09\/Untitled-300x250.png 300w\" data-sizes=\"(max-width: 745px) 100vw, 745px\" src=\"data:image\/svg+xml;base64,PHN2ZyB3aWR0aD0iMSIgaGVpZ2h0PSIxIiB4bWxucz0iaHR0cDovL3d3dy53My5vcmcvMjAwMC9zdmciPjwvc3ZnPg==\" style=\"--smush-placeholder-width: 745px; --smush-placeholder-aspect-ratio: 745\/620;\" \/><\/a><strong>The set includes cables 1, 2, 3, 4, 5,\u00a0<\/strong><\/p>","protected":false},"excerpt":{"rendered":"<p>A set of rigid brake lines for a car\u00a0 <strong>Jeep Grand Cherokee ZJ<\/strong>\u00a0 made of seamless copper or powder-coated steel pipe. The lines are made based on measurements of factory brake lines in our workshop. Each cable is of the appropriate length with appropriate ends crimped. For technical reasons, the cables are shipped rolled into coils. The cables are ready for installation, you need to shape them yourself at the installation site, which is not a major problem. Forming the wires can be done using a bender or by hand. To make installation as easy as possible, each cable in the set has its location described. Our cables can be additionally protected with a PVC cover against corrosion and external factors.<\/p>","protected":false},"featured_media":1351,"comment_status":"closed","ping_status":"closed","template":"","meta":{"_acf_changed":false},"product_brand":[],"product_cat":[33,60],"product_tag":[],"class_list":{"0":"post-1394","1":"product","2":"type-product","3":"status-publish","4":"has-post-thumbnail","6":"product_cat-jeep","7":"product_cat-jeep-grand-cherokee-zjzg","9":"first","10":"instock","11":"shipping-taxable","12":"purchasable","13":"product-type-variable","14":"has-default-attributes"},"acf":[],"yoast_head":"<!-- This site is optimized with the Yoast SEO plugin v26.9 - https:\/\/yoast.com\/product\/yoast-seo-wordpress\/ -->\n<title>Przewody hamulcowe sztywne do Jeep Grand Cherokee ZJ\/ZG<\/title>\n<meta name=\"description\" content=\"Zestaw przewod\u00f3w hamulcowych sztywnych do samochodu Jeep Grand Cherokee ZJ\/ZG, 1997-1998, wersje z ABS, silniki: 5.2, 5.9, 4.0, 2.5TD,\" \/>\n<meta name=\"robots\" content=\"index, follow, max-snippet:-1, max-image-preview:large, max-video-preview:-1\" \/>\n<link rel=\"canonical\" href=\"https:\/\/tomwer.com.pl\/en\/product\/jeep-grand-cherokee-zj-1997-1998\/\" \/>\n<meta property=\"og:locale\" content=\"en_US\" \/>\n<meta property=\"og:type\" content=\"article\" \/>\n<meta property=\"og:title\" content=\"Przewody hamulcowe sztywne do Jeep Grand Cherokee ZJ\/ZG\" \/>\n<meta property=\"og:description\" content=\"Zestaw przewod\u00f3w hamulcowych sztywnych do samochodu Jeep Grand Cherokee ZJ\/ZG, 1997-1998, wersje z ABS, silniki: 5.2, 5.9, 4.0, 2.5TD,\" \/>\n<meta property=\"og:url\" content=\"https:\/\/tomwer.com.pl\/en\/product\/jeep-grand-cherokee-zj-1997-1998\/\" \/>\n<meta property=\"og:site_name\" content=\"Tomwer - serwis i produkcja przewod\u00f3w hydraulicznych Wis\u0142a\" \/>\n<meta property=\"article:modified_time\" content=\"2025-10-06T11:20:41+00:00\" \/>\n<meta property=\"og:image\" content=\"https:\/\/tomwer.com.pl\/wp-content\/uploads\/2023\/09\/Group-19.png\" \/>\n\t<meta property=\"og:image:width\" content=\"900\" \/>\n\t<meta property=\"og:image:height\" content=\"900\" \/>\n\t<meta property=\"og:image:type\" content=\"image\/png\" \/>\n<meta name=\"twitter:card\" content=\"summary_large_image\" \/>\n<meta name=\"twitter:label1\" content=\"Est. reading time\" \/>\n\t<meta name=\"twitter:data1\" content=\"1 minute\" \/>\n<script type=\"application\/ld+json\" class=\"yoast-schema-graph\">{\"@context\":\"https:\/\/schema.org\",\"@graph\":[{\"@type\":\"WebPage\",\"@id\":\"https:\/\/tomwer.com.pl\/produkt\/jeep-grand-cherokee-zj-1997-1998\/\",\"url\":\"https:\/\/tomwer.com.pl\/produkt\/jeep-grand-cherokee-zj-1997-1998\/\",\"name\":\"Przewody hamulcowe sztywne do Jeep Grand Cherokee ZJ\/ZG\",\"isPartOf\":{\"@id\":\"https:\/\/tomwer.com.pl\/#website\"},\"primaryImageOfPage\":{\"@id\":\"https:\/\/tomwer.com.pl\/produkt\/jeep-grand-cherokee-zj-1997-1998\/#primaryimage\"},\"image\":{\"@id\":\"https:\/\/tomwer.com.pl\/produkt\/jeep-grand-cherokee-zj-1997-1998\/#primaryimage\"},\"thumbnailUrl\":\"https:\/\/tomwer.com.pl\/wp-content\/uploads\/2023\/09\/Group-19.png\",\"datePublished\":\"2023-11-14T15:03:14+00:00\",\"dateModified\":\"2025-10-06T11:20:41+00:00\",\"description\":\"Zestaw przewod\u00f3w hamulcowych sztywnych do samochodu Jeep Grand Cherokee ZJ\/ZG, 1997-1998, wersje z ABS, silniki: 5.2, 5.9, 4.0, 2.5TD,\",\"breadcrumb\":{\"@id\":\"https:\/\/tomwer.com.pl\/produkt\/jeep-grand-cherokee-zj-1997-1998\/#breadcrumb\"},\"inLanguage\":\"en-US\",\"potentialAction\":[{\"@type\":\"ReadAction\",\"target\":[\"https:\/\/tomwer.com.pl\/produkt\/jeep-grand-cherokee-zj-1997-1998\/\"]}]},{\"@type\":\"ImageObject\",\"inLanguage\":\"en-US\",\"@id\":\"https:\/\/tomwer.com.pl\/produkt\/jeep-grand-cherokee-zj-1997-1998\/#primaryimage\",\"url\":\"https:\/\/tomwer.com.pl\/wp-content\/uploads\/2023\/09\/Group-19.png\",\"contentUrl\":\"https:\/\/tomwer.com.pl\/wp-content\/uploads\/2023\/09\/Group-19.png\",\"width\":900,\"height\":900},{\"@type\":\"BreadcrumbList\",\"@id\":\"https:\/\/tomwer.com.pl\/produkt\/jeep-grand-cherokee-zj-1997-1998\/#breadcrumb\",\"itemListElement\":[{\"@type\":\"ListItem\",\"position\":1,\"name\":\"Strona g\u0142\u00f3wna\",\"item\":\"https:\/\/tomwer.com.pl\/\"},{\"@type\":\"ListItem\",\"position\":2,\"name\":\"Wszystkie produkty\",\"item\":\"https:\/\/tomwer.com.pl\/sklep\/\"},{\"@type\":\"ListItem\",\"position\":3,\"name\":\"JEEP Grand Cherokee &#8221;ZJ\/ZG&#8221;- 1997-1998\"}]},{\"@type\":\"WebSite\",\"@id\":\"https:\/\/tomwer.com.pl\/#website\",\"url\":\"https:\/\/tomwer.com.pl\/\",\"name\":\"Tomwer - serwis i produkcja przewod\u00f3w hydraulicznych Wis\u0142a\",\"description\":\"G\u0142\u00f3wn\u0105 dzia\u0142alno\u015bci\u0105 firmy TOMWER jest serwis i produkcja przewod\u00f3w hydraulicznych.\",\"potentialAction\":[{\"@type\":\"SearchAction\",\"target\":{\"@type\":\"EntryPoint\",\"urlTemplate\":\"https:\/\/tomwer.com.pl\/?s={search_term_string}\"},\"query-input\":{\"@type\":\"PropertyValueSpecification\",\"valueRequired\":true,\"valueName\":\"search_term_string\"}}],\"inLanguage\":\"en-US\"}]}<\/script>\n<!-- \/ Yoast SEO plugin. -->","yoast_head_json":{"title":"Przewody hamulcowe sztywne do Jeep Grand Cherokee ZJ\/ZG","description":"Zestaw przewod\u00f3w hamulcowych sztywnych do samochodu Jeep Grand Cherokee ZJ\/ZG, 1997-1998, wersje z ABS, silniki: 5.2, 5.9, 4.0, 2.5TD,","robots":{"index":"index","follow":"follow","max-snippet":"max-snippet:-1","max-image-preview":"max-image-preview:large","max-video-preview":"max-video-preview:-1"},"canonical":"https:\/\/tomwer.com.pl\/en\/product\/jeep-grand-cherokee-zj-1997-1998\/","og_locale":"en_US","og_type":"article","og_title":"Przewody hamulcowe sztywne do Jeep Grand Cherokee ZJ\/ZG","og_description":"Zestaw przewod\u00f3w hamulcowych sztywnych do samochodu Jeep Grand Cherokee ZJ\/ZG, 1997-1998, wersje z ABS, silniki: 5.2, 5.9, 4.0, 2.5TD,","og_url":"https:\/\/tomwer.com.pl\/en\/product\/jeep-grand-cherokee-zj-1997-1998\/","og_site_name":"Tomwer - serwis i produkcja przewod\u00f3w hydraulicznych Wis\u0142a","article_modified_time":"2025-10-06T11:20:41+00:00","og_image":[{"width":900,"height":900,"url":"https:\/\/tomwer.com.pl\/wp-content\/uploads\/2023\/09\/Group-19.png","type":"image\/png"}],"twitter_card":"summary_large_image","twitter_misc":{"Est. reading time":"1 minute"},"schema":{"@context":"https:\/\/schema.org","@graph":[{"@type":"WebPage","@id":"https:\/\/tomwer.com.pl\/produkt\/jeep-grand-cherokee-zj-1997-1998\/","url":"https:\/\/tomwer.com.pl\/produkt\/jeep-grand-cherokee-zj-1997-1998\/","name":"Przewody hamulcowe sztywne do Jeep Grand Cherokee ZJ\/ZG","isPartOf":{"@id":"https:\/\/tomwer.com.pl\/#website"},"primaryImageOfPage":{"@id":"https:\/\/tomwer.com.pl\/produkt\/jeep-grand-cherokee-zj-1997-1998\/#primaryimage"},"image":{"@id":"https:\/\/tomwer.com.pl\/produkt\/jeep-grand-cherokee-zj-1997-1998\/#primaryimage"},"thumbnailUrl":"https:\/\/tomwer.com.pl\/wp-content\/uploads\/2023\/09\/Group-19.png","datePublished":"2023-11-14T15:03:14+00:00","dateModified":"2025-10-06T11:20:41+00:00","description":"Zestaw przewod\u00f3w hamulcowych sztywnych do samochodu Jeep Grand Cherokee ZJ\/ZG, 1997-1998, wersje z ABS, silniki: 5.2, 5.9, 4.0, 2.5TD,","breadcrumb":{"@id":"https:\/\/tomwer.com.pl\/produkt\/jeep-grand-cherokee-zj-1997-1998\/#breadcrumb"},"inLanguage":"en-US","potentialAction":[{"@type":"ReadAction","target":["https:\/\/tomwer.com.pl\/produkt\/jeep-grand-cherokee-zj-1997-1998\/"]}]},{"@type":"ImageObject","inLanguage":"en-US","@id":"https:\/\/tomwer.com.pl\/produkt\/jeep-grand-cherokee-zj-1997-1998\/#primaryimage","url":"https:\/\/tomwer.com.pl\/wp-content\/uploads\/2023\/09\/Group-19.png","contentUrl":"https:\/\/tomwer.com.pl\/wp-content\/uploads\/2023\/09\/Group-19.png","width":900,"height":900},{"@type":"BreadcrumbList","@id":"https:\/\/tomwer.com.pl\/produkt\/jeep-grand-cherokee-zj-1997-1998\/#breadcrumb","itemListElement":[{"@type":"ListItem","position":1,"name":"Strona g\u0142\u00f3wna","item":"https:\/\/tomwer.com.pl\/"},{"@type":"ListItem","position":2,"name":"Wszystkie produkty","item":"https:\/\/tomwer.com.pl\/sklep\/"},{"@type":"ListItem","position":3,"name":"JEEP Grand Cherokee &#8221;ZJ\/ZG&#8221;- 1997-1998"}]},{"@type":"WebSite","@id":"https:\/\/tomwer.com.pl\/#website","url":"https:\/\/tomwer.com.pl\/","name":"Tomwer - service and production of hydraulic hoses Wis\u0142a","description":"The main activity of TOMWER is the service and production of hydraulic hoses.","potentialAction":[{"@type":"SearchAction","target":{"@type":"EntryPoint","urlTemplate":"https:\/\/tomwer.com.pl\/?s={search_term_string}"},"query-input":{"@type":"PropertyValueSpecification","valueRequired":true,"valueName":"search_term_string"}}],"inLanguage":"en-US"}]}},"_links":{"self":[{"href":"https:\/\/tomwer.com.pl\/en\/wp-json\/wp\/v2\/product\/1394","targetHints":{"allow":["GET"]}}],"collection":[{"href":"https:\/\/tomwer.com.pl\/en\/wp-json\/wp\/v2\/product"}],"about":[{"href":"https:\/\/tomwer.com.pl\/en\/wp-json\/wp\/v2\/types\/product"}],"replies":[{"embeddable":true,"href":"https:\/\/tomwer.com.pl\/en\/wp-json\/wp\/v2\/comments?post=1394"}],"wp:featuredmedia":[{"embeddable":true,"href":"https:\/\/tomwer.com.pl\/en\/wp-json\/wp\/v2\/media\/1351"}],"wp:attachment":[{"href":"https:\/\/tomwer.com.pl\/en\/wp-json\/wp\/v2\/media?parent=1394"}],"wp:term":[{"taxonomy":"product_brand","embeddable":true,"href":"https:\/\/tomwer.com.pl\/en\/wp-json\/wp\/v2\/product_brand?post=1394"},{"taxonomy":"product_cat","embeddable":true,"href":"https:\/\/tomwer.com.pl\/en\/wp-json\/wp\/v2\/product_cat?post=1394"},{"taxonomy":"product_tag","embeddable":true,"href":"https:\/\/tomwer.com.pl\/en\/wp-json\/wp\/v2\/product_tag?post=1394"}],"curies":[{"name":"wp","href":"https:\/\/api.w.org\/{rel}","templated":true}]}}