{"id":1276,"date":"2023-10-25T15:49:06","date_gmt":"2023-10-25T13:49:06","guid":{"rendered":"https:\/\/tomwer.com.pl\/?post_type=product&#038;p=1276"},"modified":"2025-11-28T17:26:42","modified_gmt":"2025-11-28T16:26:42","slug":"toyota-land-cruiser-j90-j95-przewody-hamulcowe-w-stalowym-oplocie","status":"publish","type":"product","link":"https:\/\/tomwer.com.pl\/en\/product\/toyota-land-cruiser-j90-j95-przewody-hamulcowe-w-stalowym-oplocie\/","title":{"rendered":"TOYOTA Land Cruiser J90, J95 - Steel braided brake lines."},"content":{"rendered":"<p>Set of flexible brake lines with stainless steel braid. Designed for Toyota Land Cruiser J100. Cables made based on measurements of original cables in our workshop. Differences in the external shape of the tips do not affect proper installation and operation. w The set includes 5 flexible Teflon cables with a steel braid. On request, longer central cables can be made in the case of a suspension lift.<\/p>","protected":false},"excerpt":{"rendered":"<p>&nbsp;<\/p>\n<p>&nbsp;<\/p>","protected":false},"featured_media":1450,"comment_status":"closed","ping_status":"closed","template":"","meta":{"_acf_changed":false},"product_brand":[],"product_cat":[36],"product_tag":[],"class_list":{"0":"post-1276","1":"product","2":"type-product","3":"status-publish","4":"has-post-thumbnail","6":"product_cat-toyota","8":"first","9":"outofstock","10":"shipping-taxable","11":"purchasable","12":"product-type-simple"},"acf":[],"yoast_head":"<!-- This site is optimized with the Yoast SEO plugin v26.9 - https:\/\/yoast.com\/product\/yoast-seo-wordpress\/ -->\n<title>TOYOTA Land Cruiser J90, J95- Przewody hamulcowe w stalowym oplocie. - Tomwer - serwis i produkcja przewod\u00f3w hydraulicznych Wis\u0142a<\/title>\n<meta name=\"description\" content=\"Zestaw przewod\u00f3w hamulcowych w oplocie ze sali nierdzewnej do Toyota Land Cruiser J90, J95. Mo\u017cliwo\u015b\u0107 wykonania przewod\u00f3w do liftu zawieszenia.\" \/>\n<meta name=\"robots\" content=\"index, follow, max-snippet:-1, max-image-preview:large, max-video-preview:-1\" \/>\n<link rel=\"canonical\" href=\"https:\/\/tomwer.com.pl\/en\/product\/toyota-land-cruiser-j90-j95-przewody-hamulcowe-w-stalowym-oplocie\/\" \/>\n<meta property=\"og:locale\" content=\"en_US\" \/>\n<meta property=\"og:type\" content=\"article\" \/>\n<meta property=\"og:title\" content=\"TOYOTA Land Cruiser J90, J95- Przewody hamulcowe w stalowym oplocie. - Tomwer - serwis i produkcja przewod\u00f3w hydraulicznych Wis\u0142a\" \/>\n<meta property=\"og:description\" content=\"Zestaw przewod\u00f3w hamulcowych w oplocie ze sali nierdzewnej do Toyota Land Cruiser J90, J95. Mo\u017cliwo\u015b\u0107 wykonania przewod\u00f3w do liftu zawieszenia.\" \/>\n<meta property=\"og:url\" content=\"https:\/\/tomwer.com.pl\/en\/product\/toyota-land-cruiser-j90-j95-przewody-hamulcowe-w-stalowym-oplocie\/\" \/>\n<meta property=\"og:site_name\" content=\"Tomwer - serwis i produkcja przewod\u00f3w hydraulicznych Wis\u0142a\" \/>\n<meta property=\"article:modified_time\" content=\"2025-11-28T16:26:42+00:00\" \/>\n<meta property=\"og:image\" content=\"https:\/\/tomwer.com.pl\/wp-content\/uploads\/2023\/10\/Group-1-22.png\" \/>\n\t<meta property=\"og:image:width\" content=\"600\" \/>\n\t<meta property=\"og:image:height\" content=\"600\" \/>\n\t<meta property=\"og:image:type\" content=\"image\/png\" \/>\n<meta name=\"twitter:card\" content=\"summary_large_image\" \/>\n<meta name=\"twitter:label1\" content=\"Est. reading time\" \/>\n\t<meta name=\"twitter:data1\" content=\"1 minute\" \/>\n<script type=\"application\/ld+json\" class=\"yoast-schema-graph\">{\"@context\":\"https:\/\/schema.org\",\"@graph\":[{\"@type\":\"WebPage\",\"@id\":\"https:\/\/tomwer.com.pl\/produkt\/toyota-land-cruiser-j90-j95-przewody-hamulcowe-w-stalowym-oplocie\/\",\"url\":\"https:\/\/tomwer.com.pl\/produkt\/toyota-land-cruiser-j90-j95-przewody-hamulcowe-w-stalowym-oplocie\/\",\"name\":\"TOYOTA Land Cruiser J90, J95- Przewody hamulcowe w stalowym oplocie. - Tomwer - serwis i produkcja przewod\u00f3w hydraulicznych Wis\u0142a\",\"isPartOf\":{\"@id\":\"https:\/\/tomwer.com.pl\/#website\"},\"primaryImageOfPage\":{\"@id\":\"https:\/\/tomwer.com.pl\/produkt\/toyota-land-cruiser-j90-j95-przewody-hamulcowe-w-stalowym-oplocie\/#primaryimage\"},\"image\":{\"@id\":\"https:\/\/tomwer.com.pl\/produkt\/toyota-land-cruiser-j90-j95-przewody-hamulcowe-w-stalowym-oplocie\/#primaryimage\"},\"thumbnailUrl\":\"https:\/\/tomwer.com.pl\/wp-content\/uploads\/2023\/10\/Group-1-22.png\",\"datePublished\":\"2023-10-25T13:49:06+00:00\",\"dateModified\":\"2025-11-28T16:26:42+00:00\",\"description\":\"Zestaw przewod\u00f3w hamulcowych w oplocie ze sali nierdzewnej do Toyota Land Cruiser J90, J95. Mo\u017cliwo\u015b\u0107 wykonania przewod\u00f3w do liftu zawieszenia.\",\"breadcrumb\":{\"@id\":\"https:\/\/tomwer.com.pl\/produkt\/toyota-land-cruiser-j90-j95-przewody-hamulcowe-w-stalowym-oplocie\/#breadcrumb\"},\"inLanguage\":\"en-US\",\"potentialAction\":[{\"@type\":\"ReadAction\",\"target\":[\"https:\/\/tomwer.com.pl\/produkt\/toyota-land-cruiser-j90-j95-przewody-hamulcowe-w-stalowym-oplocie\/\"]}]},{\"@type\":\"ImageObject\",\"inLanguage\":\"en-US\",\"@id\":\"https:\/\/tomwer.com.pl\/produkt\/toyota-land-cruiser-j90-j95-przewody-hamulcowe-w-stalowym-oplocie\/#primaryimage\",\"url\":\"https:\/\/tomwer.com.pl\/wp-content\/uploads\/2023\/10\/Group-1-22.png\",\"contentUrl\":\"https:\/\/tomwer.com.pl\/wp-content\/uploads\/2023\/10\/Group-1-22.png\",\"width\":600,\"height\":600},{\"@type\":\"BreadcrumbList\",\"@id\":\"https:\/\/tomwer.com.pl\/produkt\/toyota-land-cruiser-j90-j95-przewody-hamulcowe-w-stalowym-oplocie\/#breadcrumb\",\"itemListElement\":[{\"@type\":\"ListItem\",\"position\":1,\"name\":\"Strona g\u0142\u00f3wna\",\"item\":\"https:\/\/tomwer.com.pl\/\"},{\"@type\":\"ListItem\",\"position\":2,\"name\":\"Wszystkie produkty\",\"item\":\"https:\/\/tomwer.com.pl\/sklep\/\"},{\"@type\":\"ListItem\",\"position\":3,\"name\":\"TOYOTA Land Cruiser J90, J95- Przewody hamulcowe w stalowym oplocie.\"}]},{\"@type\":\"WebSite\",\"@id\":\"https:\/\/tomwer.com.pl\/#website\",\"url\":\"https:\/\/tomwer.com.pl\/\",\"name\":\"Tomwer - serwis i produkcja przewod\u00f3w hydraulicznych Wis\u0142a\",\"description\":\"G\u0142\u00f3wn\u0105 dzia\u0142alno\u015bci\u0105 firmy TOMWER jest serwis i produkcja przewod\u00f3w hydraulicznych.\",\"potentialAction\":[{\"@type\":\"SearchAction\",\"target\":{\"@type\":\"EntryPoint\",\"urlTemplate\":\"https:\/\/tomwer.com.pl\/?s={search_term_string}\"},\"query-input\":{\"@type\":\"PropertyValueSpecification\",\"valueRequired\":true,\"valueName\":\"search_term_string\"}}],\"inLanguage\":\"en-US\"}]}<\/script>\n<!-- \/ Yoast SEO plugin. -->","yoast_head_json":{"title":"TOYOTA Land Cruiser J90, J95- Przewody hamulcowe w stalowym oplocie. - Tomwer - serwis i produkcja przewod\u00f3w hydraulicznych Wis\u0142a","description":"Zestaw przewod\u00f3w hamulcowych w oplocie ze sali nierdzewnej do Toyota Land Cruiser J90, J95. Mo\u017cliwo\u015b\u0107 wykonania przewod\u00f3w do liftu zawieszenia.","robots":{"index":"index","follow":"follow","max-snippet":"max-snippet:-1","max-image-preview":"max-image-preview:large","max-video-preview":"max-video-preview:-1"},"canonical":"https:\/\/tomwer.com.pl\/en\/product\/toyota-land-cruiser-j90-j95-przewody-hamulcowe-w-stalowym-oplocie\/","og_locale":"en_US","og_type":"article","og_title":"TOYOTA Land Cruiser J90, J95- Przewody hamulcowe w stalowym oplocie. - Tomwer - serwis i produkcja przewod\u00f3w hydraulicznych Wis\u0142a","og_description":"Zestaw przewod\u00f3w hamulcowych w oplocie ze sali nierdzewnej do Toyota Land Cruiser J90, J95. Mo\u017cliwo\u015b\u0107 wykonania przewod\u00f3w do liftu zawieszenia.","og_url":"https:\/\/tomwer.com.pl\/en\/product\/toyota-land-cruiser-j90-j95-przewody-hamulcowe-w-stalowym-oplocie\/","og_site_name":"Tomwer - serwis i produkcja przewod\u00f3w hydraulicznych Wis\u0142a","article_modified_time":"2025-11-28T16:26:42+00:00","og_image":[{"width":600,"height":600,"url":"https:\/\/tomwer.com.pl\/wp-content\/uploads\/2023\/10\/Group-1-22.png","type":"image\/png"}],"twitter_card":"summary_large_image","twitter_misc":{"Est. reading time":"1 minute"},"schema":{"@context":"https:\/\/schema.org","@graph":[{"@type":"WebPage","@id":"https:\/\/tomwer.com.pl\/produkt\/toyota-land-cruiser-j90-j95-przewody-hamulcowe-w-stalowym-oplocie\/","url":"https:\/\/tomwer.com.pl\/produkt\/toyota-land-cruiser-j90-j95-przewody-hamulcowe-w-stalowym-oplocie\/","name":"TOYOTA Land Cruiser J90, J95- Przewody hamulcowe w stalowym oplocie. - Tomwer - serwis i produkcja przewod\u00f3w hydraulicznych Wis\u0142a","isPartOf":{"@id":"https:\/\/tomwer.com.pl\/#website"},"primaryImageOfPage":{"@id":"https:\/\/tomwer.com.pl\/produkt\/toyota-land-cruiser-j90-j95-przewody-hamulcowe-w-stalowym-oplocie\/#primaryimage"},"image":{"@id":"https:\/\/tomwer.com.pl\/produkt\/toyota-land-cruiser-j90-j95-przewody-hamulcowe-w-stalowym-oplocie\/#primaryimage"},"thumbnailUrl":"https:\/\/tomwer.com.pl\/wp-content\/uploads\/2023\/10\/Group-1-22.png","datePublished":"2023-10-25T13:49:06+00:00","dateModified":"2025-11-28T16:26:42+00:00","description":"Zestaw przewod\u00f3w hamulcowych w oplocie ze sali nierdzewnej do Toyota Land Cruiser J90, J95. Mo\u017cliwo\u015b\u0107 wykonania przewod\u00f3w do liftu zawieszenia.","breadcrumb":{"@id":"https:\/\/tomwer.com.pl\/produkt\/toyota-land-cruiser-j90-j95-przewody-hamulcowe-w-stalowym-oplocie\/#breadcrumb"},"inLanguage":"en-US","potentialAction":[{"@type":"ReadAction","target":["https:\/\/tomwer.com.pl\/produkt\/toyota-land-cruiser-j90-j95-przewody-hamulcowe-w-stalowym-oplocie\/"]}]},{"@type":"ImageObject","inLanguage":"en-US","@id":"https:\/\/tomwer.com.pl\/produkt\/toyota-land-cruiser-j90-j95-przewody-hamulcowe-w-stalowym-oplocie\/#primaryimage","url":"https:\/\/tomwer.com.pl\/wp-content\/uploads\/2023\/10\/Group-1-22.png","contentUrl":"https:\/\/tomwer.com.pl\/wp-content\/uploads\/2023\/10\/Group-1-22.png","width":600,"height":600},{"@type":"BreadcrumbList","@id":"https:\/\/tomwer.com.pl\/produkt\/toyota-land-cruiser-j90-j95-przewody-hamulcowe-w-stalowym-oplocie\/#breadcrumb","itemListElement":[{"@type":"ListItem","position":1,"name":"Strona g\u0142\u00f3wna","item":"https:\/\/tomwer.com.pl\/"},{"@type":"ListItem","position":2,"name":"Wszystkie produkty","item":"https:\/\/tomwer.com.pl\/sklep\/"},{"@type":"ListItem","position":3,"name":"TOYOTA Land Cruiser J90, J95- Przewody hamulcowe w stalowym oplocie."}]},{"@type":"WebSite","@id":"https:\/\/tomwer.com.pl\/#website","url":"https:\/\/tomwer.com.pl\/","name":"Tomwer - service and production of hydraulic hoses Wis\u0142a","description":"The main activity of TOMWER is the service and production of hydraulic hoses.","potentialAction":[{"@type":"SearchAction","target":{"@type":"EntryPoint","urlTemplate":"https:\/\/tomwer.com.pl\/?s={search_term_string}"},"query-input":{"@type":"PropertyValueSpecification","valueRequired":true,"valueName":"search_term_string"}}],"inLanguage":"en-US"}]}},"_links":{"self":[{"href":"https:\/\/tomwer.com.pl\/en\/wp-json\/wp\/v2\/product\/1276","targetHints":{"allow":["GET"]}}],"collection":[{"href":"https:\/\/tomwer.com.pl\/en\/wp-json\/wp\/v2\/product"}],"about":[{"href":"https:\/\/tomwer.com.pl\/en\/wp-json\/wp\/v2\/types\/product"}],"replies":[{"embeddable":true,"href":"https:\/\/tomwer.com.pl\/en\/wp-json\/wp\/v2\/comments?post=1276"}],"wp:featuredmedia":[{"embeddable":true,"href":"https:\/\/tomwer.com.pl\/en\/wp-json\/wp\/v2\/media\/1450"}],"wp:attachment":[{"href":"https:\/\/tomwer.com.pl\/en\/wp-json\/wp\/v2\/media?parent=1276"}],"wp:term":[{"taxonomy":"product_brand","embeddable":true,"href":"https:\/\/tomwer.com.pl\/en\/wp-json\/wp\/v2\/product_brand?post=1276"},{"taxonomy":"product_cat","embeddable":true,"href":"https:\/\/tomwer.com.pl\/en\/wp-json\/wp\/v2\/product_cat?post=1276"},{"taxonomy":"product_tag","embeddable":true,"href":"https:\/\/tomwer.com.pl\/en\/wp-json\/wp\/v2\/product_tag?post=1276"}],"curies":[{"name":"wp","href":"https:\/\/api.w.org\/{rel}","templated":true}]}}