{"id":1195,"date":"2023-09-30T19:08:47","date_gmt":"2023-09-30T17:08:47","guid":{"rendered":"https:\/\/tomwer.com.pl\/?post_type=product&#038;p=1195"},"modified":"2023-12-02T22:40:35","modified_gmt":"2023-12-02T21:40:35","slug":"mercedes-g","status":"publish","type":"product","link":"https:\/\/tomwer.com.pl\/en\/product\/mercedes-g\/","title":{"rendered":"MERCEDES &quot;G&quot; W463 steel braided brake lines + locking lines"},"content":{"rendered":"<p>A set of flexible brake lines and locking lines made of stainless steel, for Mercedes G\/W463. Cables made based on measurements of original brake cables in our workshop. Differences in the external shape of the tips do not affect proper installation and operation. On request, longer cables can be made in the case of a suspension lift.<\/p>","protected":false},"excerpt":{"rendered":"<p>A set of flexible brake lines and locking lines made of stainless steel, for Mercedes G\/W463. Cables made based on measurements of original brake cables in our workshop. Differences in the external shape of the tips do not affect proper installation and operation. On request, longer cables can be made in the case of a suspension lift.<\/p>","protected":false},"featured_media":1437,"comment_status":"closed","ping_status":"closed","template":"","meta":{"_acf_changed":false},"product_brand":[],"product_cat":[53],"product_tag":[],"class_list":{"0":"post-1195","1":"product","2":"type-product","3":"status-publish","4":"has-post-thumbnail","6":"product_cat-mercedes","8":"first","9":"instock","10":"shipping-taxable","11":"purchasable","12":"product-type-simple"},"acf":[],"yoast_head":"<!-- This site is optimized with the Yoast SEO plugin v26.9 - https:\/\/yoast.com\/product\/yoast-seo-wordpress\/ -->\n<title>MERCEDES &quot;G&quot; W463 przewody hamulcowe w stalowym oplocie + przewody blokady - Tomwer - serwis i produkcja przewod\u00f3w hydraulicznych Wis\u0142a<\/title>\n<meta name=\"description\" content=\"Zestaw przewod\u00f3w hamulcowych elastycznych teflonowych w oplocie ze sali nierdzewnej do Mercedesa klasy &quot;G&#039;&#039; Druga generacja W463\" \/>\n<meta name=\"robots\" content=\"index, follow, max-snippet:-1, max-image-preview:large, max-video-preview:-1\" \/>\n<link rel=\"canonical\" href=\"https:\/\/tomwer.com.pl\/en\/product\/mercedes-g\/\" \/>\n<meta property=\"og:locale\" content=\"en_US\" \/>\n<meta property=\"og:type\" content=\"article\" \/>\n<meta property=\"og:title\" content=\"MERCEDES &quot;G&quot; W463 przewody hamulcowe w stalowym oplocie + przewody blokady - Tomwer - serwis i produkcja przewod\u00f3w hydraulicznych Wis\u0142a\" \/>\n<meta property=\"og:description\" content=\"Zestaw przewod\u00f3w hamulcowych elastycznych teflonowych w oplocie ze sali nierdzewnej do Mercedesa klasy &quot;G&#039;&#039; Druga generacja W463\" \/>\n<meta property=\"og:url\" content=\"https:\/\/tomwer.com.pl\/en\/product\/mercedes-g\/\" \/>\n<meta property=\"og:site_name\" content=\"Tomwer - serwis i produkcja przewod\u00f3w hydraulicznych Wis\u0142a\" \/>\n<meta property=\"article:modified_time\" content=\"2023-12-02T21:40:35+00:00\" \/>\n<meta property=\"og:image\" content=\"https:\/\/tomwer.com.pl\/wp-content\/uploads\/2023\/09\/Group-68-1.png\" \/>\n\t<meta property=\"og:image:width\" content=\"600\" \/>\n\t<meta property=\"og:image:height\" content=\"600\" \/>\n\t<meta property=\"og:image:type\" content=\"image\/png\" \/>\n<meta name=\"twitter:card\" content=\"summary_large_image\" \/>\n<script type=\"application\/ld+json\" class=\"yoast-schema-graph\">{\"@context\":\"https:\/\/schema.org\",\"@graph\":[{\"@type\":\"WebPage\",\"@id\":\"https:\/\/tomwer.com.pl\/produkt\/mercedes-g\/\",\"url\":\"https:\/\/tomwer.com.pl\/produkt\/mercedes-g\/\",\"name\":\"MERCEDES \\\"G\\\" W463 przewody hamulcowe w stalowym oplocie + przewody blokady - Tomwer - serwis i produkcja przewod\u00f3w hydraulicznych Wis\u0142a\",\"isPartOf\":{\"@id\":\"https:\/\/tomwer.com.pl\/#website\"},\"primaryImageOfPage\":{\"@id\":\"https:\/\/tomwer.com.pl\/produkt\/mercedes-g\/#primaryimage\"},\"image\":{\"@id\":\"https:\/\/tomwer.com.pl\/produkt\/mercedes-g\/#primaryimage\"},\"thumbnailUrl\":\"https:\/\/tomwer.com.pl\/wp-content\/uploads\/2023\/09\/Group-68-1.png\",\"datePublished\":\"2023-09-30T17:08:47+00:00\",\"dateModified\":\"2023-12-02T21:40:35+00:00\",\"description\":\"Zestaw przewod\u00f3w hamulcowych elastycznych teflonowych w oplocie ze sali nierdzewnej do Mercedesa klasy \\\"G'' Druga generacja W463\",\"breadcrumb\":{\"@id\":\"https:\/\/tomwer.com.pl\/produkt\/mercedes-g\/#breadcrumb\"},\"inLanguage\":\"en-US\",\"potentialAction\":[{\"@type\":\"ReadAction\",\"target\":[\"https:\/\/tomwer.com.pl\/produkt\/mercedes-g\/\"]}]},{\"@type\":\"ImageObject\",\"inLanguage\":\"en-US\",\"@id\":\"https:\/\/tomwer.com.pl\/produkt\/mercedes-g\/#primaryimage\",\"url\":\"https:\/\/tomwer.com.pl\/wp-content\/uploads\/2023\/09\/Group-68-1.png\",\"contentUrl\":\"https:\/\/tomwer.com.pl\/wp-content\/uploads\/2023\/09\/Group-68-1.png\",\"width\":600,\"height\":600},{\"@type\":\"BreadcrumbList\",\"@id\":\"https:\/\/tomwer.com.pl\/produkt\/mercedes-g\/#breadcrumb\",\"itemListElement\":[{\"@type\":\"ListItem\",\"position\":1,\"name\":\"Strona g\u0142\u00f3wna\",\"item\":\"https:\/\/tomwer.com.pl\/\"},{\"@type\":\"ListItem\",\"position\":2,\"name\":\"Wszystkie produkty\",\"item\":\"https:\/\/tomwer.com.pl\/sklep\/\"},{\"@type\":\"ListItem\",\"position\":3,\"name\":\"MERCEDES &#8222;G&#8221; W463 przewody hamulcowe w stalowym oplocie + przewody blokady\"}]},{\"@type\":\"WebSite\",\"@id\":\"https:\/\/tomwer.com.pl\/#website\",\"url\":\"https:\/\/tomwer.com.pl\/\",\"name\":\"Tomwer - serwis i produkcja przewod\u00f3w hydraulicznych Wis\u0142a\",\"description\":\"G\u0142\u00f3wn\u0105 dzia\u0142alno\u015bci\u0105 firmy TOMWER jest serwis i produkcja przewod\u00f3w hydraulicznych.\",\"potentialAction\":[{\"@type\":\"SearchAction\",\"target\":{\"@type\":\"EntryPoint\",\"urlTemplate\":\"https:\/\/tomwer.com.pl\/?s={search_term_string}\"},\"query-input\":{\"@type\":\"PropertyValueSpecification\",\"valueRequired\":true,\"valueName\":\"search_term_string\"}}],\"inLanguage\":\"en-US\"}]}<\/script>\n<!-- \/ Yoast SEO plugin. -->","yoast_head_json":{"title":"MERCEDES \"G\" W463 przewody hamulcowe w stalowym oplocie + przewody blokady - Tomwer - serwis i produkcja przewod\u00f3w hydraulicznych Wis\u0142a","description":"Zestaw przewod\u00f3w hamulcowych elastycznych teflonowych w oplocie ze sali nierdzewnej do Mercedesa klasy \"G'' Druga generacja W463","robots":{"index":"index","follow":"follow","max-snippet":"max-snippet:-1","max-image-preview":"max-image-preview:large","max-video-preview":"max-video-preview:-1"},"canonical":"https:\/\/tomwer.com.pl\/en\/product\/mercedes-g\/","og_locale":"en_US","og_type":"article","og_title":"MERCEDES \"G\" W463 przewody hamulcowe w stalowym oplocie + przewody blokady - Tomwer - serwis i produkcja przewod\u00f3w hydraulicznych Wis\u0142a","og_description":"Zestaw przewod\u00f3w hamulcowych elastycznych teflonowych w oplocie ze sali nierdzewnej do Mercedesa klasy \"G'' Druga generacja W463","og_url":"https:\/\/tomwer.com.pl\/en\/product\/mercedes-g\/","og_site_name":"Tomwer - serwis i produkcja przewod\u00f3w hydraulicznych Wis\u0142a","article_modified_time":"2023-12-02T21:40:35+00:00","og_image":[{"width":600,"height":600,"url":"https:\/\/tomwer.com.pl\/wp-content\/uploads\/2023\/09\/Group-68-1.png","type":"image\/png"}],"twitter_card":"summary_large_image","schema":{"@context":"https:\/\/schema.org","@graph":[{"@type":"WebPage","@id":"https:\/\/tomwer.com.pl\/produkt\/mercedes-g\/","url":"https:\/\/tomwer.com.pl\/produkt\/mercedes-g\/","name":"MERCEDES \"G\" W463 przewody hamulcowe w stalowym oplocie + przewody blokady - Tomwer - serwis i produkcja przewod\u00f3w hydraulicznych Wis\u0142a","isPartOf":{"@id":"https:\/\/tomwer.com.pl\/#website"},"primaryImageOfPage":{"@id":"https:\/\/tomwer.com.pl\/produkt\/mercedes-g\/#primaryimage"},"image":{"@id":"https:\/\/tomwer.com.pl\/produkt\/mercedes-g\/#primaryimage"},"thumbnailUrl":"https:\/\/tomwer.com.pl\/wp-content\/uploads\/2023\/09\/Group-68-1.png","datePublished":"2023-09-30T17:08:47+00:00","dateModified":"2023-12-02T21:40:35+00:00","description":"Zestaw przewod\u00f3w hamulcowych elastycznych teflonowych w oplocie ze sali nierdzewnej do Mercedesa klasy \"G'' Druga generacja W463","breadcrumb":{"@id":"https:\/\/tomwer.com.pl\/produkt\/mercedes-g\/#breadcrumb"},"inLanguage":"en-US","potentialAction":[{"@type":"ReadAction","target":["https:\/\/tomwer.com.pl\/produkt\/mercedes-g\/"]}]},{"@type":"ImageObject","inLanguage":"en-US","@id":"https:\/\/tomwer.com.pl\/produkt\/mercedes-g\/#primaryimage","url":"https:\/\/tomwer.com.pl\/wp-content\/uploads\/2023\/09\/Group-68-1.png","contentUrl":"https:\/\/tomwer.com.pl\/wp-content\/uploads\/2023\/09\/Group-68-1.png","width":600,"height":600},{"@type":"BreadcrumbList","@id":"https:\/\/tomwer.com.pl\/produkt\/mercedes-g\/#breadcrumb","itemListElement":[{"@type":"ListItem","position":1,"name":"Strona g\u0142\u00f3wna","item":"https:\/\/tomwer.com.pl\/"},{"@type":"ListItem","position":2,"name":"Wszystkie produkty","item":"https:\/\/tomwer.com.pl\/sklep\/"},{"@type":"ListItem","position":3,"name":"MERCEDES &#8222;G&#8221; W463 przewody hamulcowe w stalowym oplocie + przewody blokady"}]},{"@type":"WebSite","@id":"https:\/\/tomwer.com.pl\/#website","url":"https:\/\/tomwer.com.pl\/","name":"Tomwer - service and production of hydraulic hoses Wis\u0142a","description":"The main activity of TOMWER is the service and production of hydraulic hoses.","potentialAction":[{"@type":"SearchAction","target":{"@type":"EntryPoint","urlTemplate":"https:\/\/tomwer.com.pl\/?s={search_term_string}"},"query-input":{"@type":"PropertyValueSpecification","valueRequired":true,"valueName":"search_term_string"}}],"inLanguage":"en-US"}]}},"_links":{"self":[{"href":"https:\/\/tomwer.com.pl\/en\/wp-json\/wp\/v2\/product\/1195","targetHints":{"allow":["GET"]}}],"collection":[{"href":"https:\/\/tomwer.com.pl\/en\/wp-json\/wp\/v2\/product"}],"about":[{"href":"https:\/\/tomwer.com.pl\/en\/wp-json\/wp\/v2\/types\/product"}],"replies":[{"embeddable":true,"href":"https:\/\/tomwer.com.pl\/en\/wp-json\/wp\/v2\/comments?post=1195"}],"wp:featuredmedia":[{"embeddable":true,"href":"https:\/\/tomwer.com.pl\/en\/wp-json\/wp\/v2\/media\/1437"}],"wp:attachment":[{"href":"https:\/\/tomwer.com.pl\/en\/wp-json\/wp\/v2\/media?parent=1195"}],"wp:term":[{"taxonomy":"product_brand","embeddable":true,"href":"https:\/\/tomwer.com.pl\/en\/wp-json\/wp\/v2\/product_brand?post=1195"},{"taxonomy":"product_cat","embeddable":true,"href":"https:\/\/tomwer.com.pl\/en\/wp-json\/wp\/v2\/product_cat?post=1195"},{"taxonomy":"product_tag","embeddable":true,"href":"https:\/\/tomwer.com.pl\/en\/wp-json\/wp\/v2\/product_tag?post=1195"}],"curies":[{"name":"wp","href":"https:\/\/api.w.org\/{rel}","templated":true}]}}