{"id":1176,"date":"2023-09-23T20:12:43","date_gmt":"2023-09-23T18:12:43","guid":{"rendered":"https:\/\/tomwer.com.pl\/?post_type=product&#038;p=1176"},"modified":"2023-11-21T16:56:39","modified_gmt":"2023-11-21T15:56:39","slug":"ford","status":"publish","type":"product","link":"https:\/\/tomwer.com.pl\/en\/product\/ford\/","title":{"rendered":"Ford Bronco &quot;V&quot; - steel braided brake lines"},"content":{"rendered":"<p>A set of flexible brake lines for a car\u00a0 <strong>FORD BRONCO V\u00a0\u00a0<\/strong> made of Teflon cable with stainless steel braid. The lines are made based on measurements of factory brake lines in our workshop. Each cable is of the appropriate length with appropriate ends crimped. Differences in the external shape of the tips do not affect proper installation and operation. The cables are ready for installation. Our cables are additionally protected against damage with a PVC protective spring.<\/p>","protected":false},"excerpt":{"rendered":"<p>A set of flexible brake lines for the FORD BRONCO V car, made of Teflon hose with a stainless steel braid. The lines are made based on measurements of factory brake lines in our workshop. Each cable is of the appropriate length with appropriate ends crimped. Differences in the external shape of the tips do not affect proper installation and operation. The cables are ready\u2026 <a href=\"https:\/\/tomwer.com.pl\/en\/product\/ford\/\">Continued<\/a><\/p>","protected":false},"featured_media":1440,"comment_status":"closed","ping_status":"closed","template":"","meta":{"_acf_changed":false},"product_brand":[],"product_cat":[35],"product_tag":[],"class_list":{"0":"post-1176","1":"product","2":"type-product","3":"status-publish","4":"has-post-thumbnail","6":"product_cat-ford","8":"first","9":"instock","10":"shipping-taxable","11":"purchasable","12":"product-type-simple"},"acf":[],"yoast_head":"<!-- This site is optimized with the Yoast SEO plugin v26.9 - https:\/\/yoast.com\/product\/yoast-seo-wordpress\/ -->\n<title>Ford Bronco &quot;V&quot;- przewody hamulcowe w stalowym oplocie - Tomwer - serwis i produkcja przewod\u00f3w hydraulicznych Wis\u0142a<\/title>\n<meta name=\"description\" content=\"Zestaw przewod\u00f3w hamulcowych w oplocie ze stali nierdzewnej do samochodu FORD BRONCO V 1991-1996 . V8 4.9l 302V8 5.8l Windsor\" \/>\n<meta name=\"robots\" content=\"index, follow, max-snippet:-1, max-image-preview:large, max-video-preview:-1\" \/>\n<link rel=\"canonical\" href=\"https:\/\/tomwer.com.pl\/en\/product\/ford\/\" \/>\n<meta property=\"og:locale\" content=\"en_US\" \/>\n<meta property=\"og:type\" content=\"article\" \/>\n<meta property=\"og:title\" content=\"Ford Bronco &quot;V&quot;- przewody hamulcowe w stalowym oplocie - Tomwer - serwis i produkcja przewod\u00f3w hydraulicznych Wis\u0142a\" \/>\n<meta property=\"og:description\" content=\"Zestaw przewod\u00f3w hamulcowych w oplocie ze stali nierdzewnej do samochodu FORD BRONCO V 1991-1996 . V8 4.9l 302V8 5.8l Windsor\" \/>\n<meta property=\"og:url\" content=\"https:\/\/tomwer.com.pl\/en\/product\/ford\/\" \/>\n<meta property=\"og:site_name\" content=\"Tomwer - serwis i produkcja przewod\u00f3w hydraulicznych Wis\u0142a\" \/>\n<meta property=\"article:modified_time\" content=\"2023-11-21T15:56:39+00:00\" \/>\n<meta property=\"og:image\" content=\"https:\/\/tomwer.com.pl\/wp-content\/uploads\/2023\/09\/Group-68-2.png\" \/>\n\t<meta property=\"og:image:width\" content=\"600\" \/>\n\t<meta property=\"og:image:height\" content=\"600\" \/>\n\t<meta property=\"og:image:type\" content=\"image\/png\" \/>\n<meta name=\"twitter:card\" content=\"summary_large_image\" \/>\n<script type=\"application\/ld+json\" class=\"yoast-schema-graph\">{\"@context\":\"https:\/\/schema.org\",\"@graph\":[{\"@type\":\"WebPage\",\"@id\":\"https:\/\/tomwer.com.pl\/produkt\/ford\/\",\"url\":\"https:\/\/tomwer.com.pl\/produkt\/ford\/\",\"name\":\"Ford Bronco \\\"V\\\"- przewody hamulcowe w stalowym oplocie - Tomwer - serwis i produkcja przewod\u00f3w hydraulicznych Wis\u0142a\",\"isPartOf\":{\"@id\":\"https:\/\/tomwer.com.pl\/#website\"},\"primaryImageOfPage\":{\"@id\":\"https:\/\/tomwer.com.pl\/produkt\/ford\/#primaryimage\"},\"image\":{\"@id\":\"https:\/\/tomwer.com.pl\/produkt\/ford\/#primaryimage\"},\"thumbnailUrl\":\"https:\/\/tomwer.com.pl\/wp-content\/uploads\/2023\/09\/Group-68-2.png\",\"datePublished\":\"2023-09-23T18:12:43+00:00\",\"dateModified\":\"2023-11-21T15:56:39+00:00\",\"description\":\"Zestaw przewod\u00f3w hamulcowych w oplocie ze stali nierdzewnej do samochodu FORD BRONCO V 1991-1996 . V8 4.9l 302V8 5.8l Windsor\",\"breadcrumb\":{\"@id\":\"https:\/\/tomwer.com.pl\/produkt\/ford\/#breadcrumb\"},\"inLanguage\":\"en-US\",\"potentialAction\":[{\"@type\":\"ReadAction\",\"target\":[\"https:\/\/tomwer.com.pl\/produkt\/ford\/\"]}]},{\"@type\":\"ImageObject\",\"inLanguage\":\"en-US\",\"@id\":\"https:\/\/tomwer.com.pl\/produkt\/ford\/#primaryimage\",\"url\":\"https:\/\/tomwer.com.pl\/wp-content\/uploads\/2023\/09\/Group-68-2.png\",\"contentUrl\":\"https:\/\/tomwer.com.pl\/wp-content\/uploads\/2023\/09\/Group-68-2.png\",\"width\":600,\"height\":600},{\"@type\":\"BreadcrumbList\",\"@id\":\"https:\/\/tomwer.com.pl\/produkt\/ford\/#breadcrumb\",\"itemListElement\":[{\"@type\":\"ListItem\",\"position\":1,\"name\":\"Strona g\u0142\u00f3wna\",\"item\":\"https:\/\/tomwer.com.pl\/\"},{\"@type\":\"ListItem\",\"position\":2,\"name\":\"Wszystkie produkty\",\"item\":\"https:\/\/tomwer.com.pl\/sklep\/\"},{\"@type\":\"ListItem\",\"position\":3,\"name\":\"Ford Bronco &#8222;V&#8221;- przewody hamulcowe w stalowym oplocie\"}]},{\"@type\":\"WebSite\",\"@id\":\"https:\/\/tomwer.com.pl\/#website\",\"url\":\"https:\/\/tomwer.com.pl\/\",\"name\":\"Tomwer - serwis i produkcja przewod\u00f3w hydraulicznych Wis\u0142a\",\"description\":\"G\u0142\u00f3wn\u0105 dzia\u0142alno\u015bci\u0105 firmy TOMWER jest serwis i produkcja przewod\u00f3w hydraulicznych.\",\"potentialAction\":[{\"@type\":\"SearchAction\",\"target\":{\"@type\":\"EntryPoint\",\"urlTemplate\":\"https:\/\/tomwer.com.pl\/?s={search_term_string}\"},\"query-input\":{\"@type\":\"PropertyValueSpecification\",\"valueRequired\":true,\"valueName\":\"search_term_string\"}}],\"inLanguage\":\"en-US\"}]}<\/script>\n<!-- \/ Yoast SEO plugin. -->","yoast_head_json":{"title":"Ford Bronco \"V\"- przewody hamulcowe w stalowym oplocie - Tomwer - serwis i produkcja przewod\u00f3w hydraulicznych Wis\u0142a","description":"Zestaw przewod\u00f3w hamulcowych w oplocie ze stali nierdzewnej do samochodu FORD BRONCO V 1991-1996 . V8 4.9l 302V8 5.8l Windsor","robots":{"index":"index","follow":"follow","max-snippet":"max-snippet:-1","max-image-preview":"max-image-preview:large","max-video-preview":"max-video-preview:-1"},"canonical":"https:\/\/tomwer.com.pl\/en\/product\/ford\/","og_locale":"en_US","og_type":"article","og_title":"Ford Bronco \"V\"- przewody hamulcowe w stalowym oplocie - Tomwer - serwis i produkcja przewod\u00f3w hydraulicznych Wis\u0142a","og_description":"Zestaw przewod\u00f3w hamulcowych w oplocie ze stali nierdzewnej do samochodu FORD BRONCO V 1991-1996 . V8 4.9l 302V8 5.8l Windsor","og_url":"https:\/\/tomwer.com.pl\/en\/product\/ford\/","og_site_name":"Tomwer - serwis i produkcja przewod\u00f3w hydraulicznych Wis\u0142a","article_modified_time":"2023-11-21T15:56:39+00:00","og_image":[{"width":600,"height":600,"url":"https:\/\/tomwer.com.pl\/wp-content\/uploads\/2023\/09\/Group-68-2.png","type":"image\/png"}],"twitter_card":"summary_large_image","schema":{"@context":"https:\/\/schema.org","@graph":[{"@type":"WebPage","@id":"https:\/\/tomwer.com.pl\/produkt\/ford\/","url":"https:\/\/tomwer.com.pl\/produkt\/ford\/","name":"Ford Bronco \"V\"- przewody hamulcowe w stalowym oplocie - Tomwer - serwis i produkcja przewod\u00f3w hydraulicznych Wis\u0142a","isPartOf":{"@id":"https:\/\/tomwer.com.pl\/#website"},"primaryImageOfPage":{"@id":"https:\/\/tomwer.com.pl\/produkt\/ford\/#primaryimage"},"image":{"@id":"https:\/\/tomwer.com.pl\/produkt\/ford\/#primaryimage"},"thumbnailUrl":"https:\/\/tomwer.com.pl\/wp-content\/uploads\/2023\/09\/Group-68-2.png","datePublished":"2023-09-23T18:12:43+00:00","dateModified":"2023-11-21T15:56:39+00:00","description":"Zestaw przewod\u00f3w hamulcowych w oplocie ze stali nierdzewnej do samochodu FORD BRONCO V 1991-1996 . V8 4.9l 302V8 5.8l Windsor","breadcrumb":{"@id":"https:\/\/tomwer.com.pl\/produkt\/ford\/#breadcrumb"},"inLanguage":"en-US","potentialAction":[{"@type":"ReadAction","target":["https:\/\/tomwer.com.pl\/produkt\/ford\/"]}]},{"@type":"ImageObject","inLanguage":"en-US","@id":"https:\/\/tomwer.com.pl\/produkt\/ford\/#primaryimage","url":"https:\/\/tomwer.com.pl\/wp-content\/uploads\/2023\/09\/Group-68-2.png","contentUrl":"https:\/\/tomwer.com.pl\/wp-content\/uploads\/2023\/09\/Group-68-2.png","width":600,"height":600},{"@type":"BreadcrumbList","@id":"https:\/\/tomwer.com.pl\/produkt\/ford\/#breadcrumb","itemListElement":[{"@type":"ListItem","position":1,"name":"Strona g\u0142\u00f3wna","item":"https:\/\/tomwer.com.pl\/"},{"@type":"ListItem","position":2,"name":"Wszystkie produkty","item":"https:\/\/tomwer.com.pl\/sklep\/"},{"@type":"ListItem","position":3,"name":"Ford Bronco &#8222;V&#8221;- przewody hamulcowe w stalowym oplocie"}]},{"@type":"WebSite","@id":"https:\/\/tomwer.com.pl\/#website","url":"https:\/\/tomwer.com.pl\/","name":"Tomwer - service and production of hydraulic hoses Wis\u0142a","description":"The main activity of TOMWER is the service and production of hydraulic hoses.","potentialAction":[{"@type":"SearchAction","target":{"@type":"EntryPoint","urlTemplate":"https:\/\/tomwer.com.pl\/?s={search_term_string}"},"query-input":{"@type":"PropertyValueSpecification","valueRequired":true,"valueName":"search_term_string"}}],"inLanguage":"en-US"}]}},"_links":{"self":[{"href":"https:\/\/tomwer.com.pl\/en\/wp-json\/wp\/v2\/product\/1176","targetHints":{"allow":["GET"]}}],"collection":[{"href":"https:\/\/tomwer.com.pl\/en\/wp-json\/wp\/v2\/product"}],"about":[{"href":"https:\/\/tomwer.com.pl\/en\/wp-json\/wp\/v2\/types\/product"}],"replies":[{"embeddable":true,"href":"https:\/\/tomwer.com.pl\/en\/wp-json\/wp\/v2\/comments?post=1176"}],"wp:featuredmedia":[{"embeddable":true,"href":"https:\/\/tomwer.com.pl\/en\/wp-json\/wp\/v2\/media\/1440"}],"wp:attachment":[{"href":"https:\/\/tomwer.com.pl\/en\/wp-json\/wp\/v2\/media?parent=1176"}],"wp:term":[{"taxonomy":"product_brand","embeddable":true,"href":"https:\/\/tomwer.com.pl\/en\/wp-json\/wp\/v2\/product_brand?post=1176"},{"taxonomy":"product_cat","embeddable":true,"href":"https:\/\/tomwer.com.pl\/en\/wp-json\/wp\/v2\/product_cat?post=1176"},{"taxonomy":"product_tag","embeddable":true,"href":"https:\/\/tomwer.com.pl\/en\/wp-json\/wp\/v2\/product_tag?post=1176"}],"curies":[{"name":"wp","href":"https:\/\/api.w.org\/{rel}","templated":true}]}}