{"id":53,"date":"2020-03-03T17:58:21","date_gmt":"2020-03-03T16:58:21","guid":{"rendered":"http:\/\/tomwer.local\/?page_id=53"},"modified":"2024-04-28T20:58:57","modified_gmt":"2024-04-28T18:58:57","slug":"o-nas","status":"publish","type":"page","link":"https:\/\/tomwer.com.pl\/en\/o-nas\/","title":{"rendered":"About us"},"content":{"rendered":"<div id=\"\" class=\"wp-block-section-with-full-image block block--lighter-background block--full-width block--no-padding\" style=\"\">\n    <div\n    class=\"section-with-full-image section-with-full-image--no-padding section-with-full-image--with-gradient\">\n    <div class=\"section-with-full-image__image lazyload\" style=\"background-image:inherit\" data-bg-image=\"url(&#039;https:\/\/tomwer.com.pl\/wp-content\/uploads\/2024\/04\/o-nas-1024x683.jpg&#039;)\"><\/div>\n    <div class=\"content-container\">\n      <div class=\"content\">\n        <div class=\"w-full\">\n<div id=\"\" class=\"wp-block-stack block\" style=\"\">\n    <div class=\"p-stack w-full\">\n<div id=\"\" class=\"wp-block-heading\" style=\"\">\n    <div class=\"heading heading--centered\">\n    <div class=\"heading__wrapper\">\n      <h2 class=\"heading__heading\">About us<\/h2>\n\n          <\/div>\n    <div class=\"background-text  contain\">Business<\/div>\n  <\/div>\n<\/div>\n\n\n<div id=\"\" class=\"wp-block-columns\" style=\"\">\n    <div class=\"columns-block  columns-block--with-outside-padding\">\n<div class=\"wp-block-column\" style=\"\">\n    <div class=\"column\">\n\n<p>The main activity of TOMWER is the production of hydraulic hoses and automotive cables. In addition, we regenerate hoses in hydraulic systems in cars, as well as introduce new custom and innovative solutions. Many years of cooperation with a family company modifying off-road vehicles, ZIBI ADVENTURE, as well as many other companies with a similar profile, have allowed us to introduce ready-made sets of brake hoses that meet global DOT standards and SAE J1401 standards, as well as hoses for hydraulic systems in cars, mainly for JEEP and for many other brands. We produce brake lines in standard lengths as well as extended ones for suspension lifts.<\/p>\n\n\n\n<p><\/p>\n\n<\/div>\n<\/div>\n\n\n<div class=\"wp-block-column\" style=\"\">\n    <div class=\"column\">\n\n<p>Depending on your needs, each of our products is subjected to pressure or strength tests. Thanks to cooperation with the American company BRAKEQUIP and many Polish and foreign companies, we have great opportunities in the production and regeneration of hydraulic system hoses used in off-road, rally and vintage cars, motorbikes and quads. From the beginning of our activity, we have placed great emphasis on professionalism, the highest quality and fast customer service. Our company is open to all non-standard orders, we treat each client individually. We are aware that any cable failure precludes the use of the machine or car, which is why we provide quick and efficient service.<\/p>\n\n\n\n<p><\/p>\n\n<\/div>\n<\/div>\n\n<\/div>\n<\/div>\n\n\n\n<div style=\"height:var(--wp--preset--spacing--40)\" aria-hidden=\"true\" class=\"wp-block-spacer\"><\/div>\n\n\n\n<div class=\"wp-block-cover has-parallax\"><span aria-hidden=\"true\" class=\"wp-block-cover__background has-background-dim-40 has-background-dim\" style=\"background-color:#543f35\"><\/span><div class=\"wp-block-cover__image-background wp-image-1849 has-parallax lazyload\" style=\"background-position:50% 50%;background-image:inherit\" data-bg-image=\"url(https:\/\/tomwer.com.pl\/wp-content\/uploads\/2024\/04\/cytat.jpg)\"><\/div><div class=\"wp-block-cover__inner-container is-layout-flow wp-block-cover-is-layout-flow\">\n<p class=\"has-text-align-center has-large-font-size\"><\/p>\n<\/div><\/div>\n\n<\/div>\n<\/div>\n\n<\/div>\n      <\/div>\n    <\/div>\n  <\/div>\n<\/div>\n\n\n<div id=\"\" class=\"wp-block-columns block\" style=\"\">\n    <div class=\"columns-block\">\n<div class=\"wp-block-column\" style=\"\">\n    <div class=\"column\">\n<div id=\"\" class=\"wp-block-stack block\" style=\"\">\n    <div class=\"p-stack w-full\">\n<div id=\"\" class=\"wp-block-heading\" style=\"\">\n    <div class=\"heading\">\n    <div class=\"heading__wrapper\">\n      <h2 class=\"heading__heading\">Write to us<\/h2>\n\n          <\/div>\n    <div class=\"background-text  contain\">contact<\/div>\n  <\/div>\n<\/div>\n\n\n\n<p class=\"text--mobile-center\">Tomasz Cie\u015blar<br>street Branc\u00f3w 12<br>43-460 Wis\u0142a<br>Tel. 606 733 379<br>E-mail: biuro@tomwer.com.pl<\/p>\n\n<\/div>\n<\/div>\n\n<\/div>\n<\/div>\n\n\n<div class=\"wp-block-column\" style=\"\">\n    <div class=\"column\">\n<div class=\"wpforms-container wpforms-container-full wpforms-block wpforms-block-9ebaad60-5362-46b7-a911-6c6e357b915f wpforms-render-modern\" id=\"wpforms-927\"><form id=\"wpforms-form-927\" class=\"wpforms-validate wpforms-form wpforms-ajax-form\" data-formid=\"927\" method=\"post\" enctype=\"multipart\/form-data\" action=\"\/en\/wp-json\/wp\/v2\/pages\/53\" data-token=\"612c876fc636852cde64eb5818d66b8c\" data-token-time=\"1777144961\" data-trp-original-action=\"\/en\/wp-json\/wp\/v2\/pages\/53\"><noscript class=\"wpforms-error-noscript\">Please enable JavaScript in your browser to complete this form.<\/noscript><div id=\"wpforms-error-noscript\" style=\"display: none;\">Please enable JavaScript in your browser to complete this form.<\/div><div class=\"wpforms-field-container\"><div id=\"wpforms-927-field_0-container\" class=\"wpforms-field wpforms-field-name\" data-field-id=\"0\"><label class=\"wpforms-field-label wpforms-label-hide\" for=\"wpforms-927-field_0\" aria-hidden=\"false\">First name and last name <span class=\"wpforms-required-label\" aria-hidden=\"true\">*<\/span><\/label><input type=\"text\" id=\"wpforms-927-field_0\" class=\"wpforms-field-medium wpforms-field-required\" name=\"wpforms[fields][0]\" placeholder=\"First name and last name\" aria-errormessage=\"wpforms-927-field_0-error\" required><\/div><div id=\"wpforms-927-field_1-container\" class=\"wpforms-field wpforms-field-email\" data-field-id=\"1\"><label class=\"wpforms-field-label wpforms-label-hide\" for=\"wpforms-927-field_1\" aria-hidden=\"false\">E-mail <span class=\"wpforms-required-label\" aria-hidden=\"true\">*<\/span><\/label><input type=\"email\" id=\"wpforms-927-field_1\" class=\"wpforms-field-medium wpforms-field-required\" name=\"wpforms[fields][1]\" placeholder=\"E-mail\" spellcheck=\"false\" aria-errormessage=\"wpforms-927-field_1-error\" required><\/div><div id=\"wpforms-927-field_2-container\" class=\"wpforms-field wpforms-field-textarea\" data-field-id=\"2\"><label class=\"wpforms-field-label wpforms-label-hide\" for=\"wpforms-927-field_2\" aria-hidden=\"false\">Comment or message<\/label><textarea id=\"wpforms-927-field_2\" class=\"wpforms-field-large\" name=\"wpforms[fields][2]\" placeholder=\"Contents\" aria-errormessage=\"wpforms-927-field_2-error\" ><\/textarea><\/div><\/div><!-- .wpforms-field-container --><div class=\"wpforms-submit-container\" ><input type=\"hidden\" name=\"wpforms[id]\" value=\"927\"><input type=\"hidden\" name=\"page_title\" value=\"\"><input type=\"hidden\" name=\"page_url\" value=\"https:\/\/tomwer.com.pl\/en\/wp-json\/wp\/v2\/pages\/53\"><input type=\"hidden\" name=\"url_referer\" value=\"\"><button type=\"submit\" name=\"wpforms[submit]\" id=\"wpforms-submit-927\" class=\"wpforms-submit\" data-alt-text=\"Wysy\u0142anie...\" data-submit-text=\"Prze\u015blij\" aria-live=\"assertive\" value=\"wpforms-submit\">Submit<\/button><img decoding=\"async\" data-src=\"https:\/\/tomwer.com.pl\/wp-content\/plugins\/wpforms-lite\/assets\/images\/submit-spin.svg\" class=\"wpforms-submit-spinner lazyload\" style=\"--smush-placeholder-width: 26px; --smush-placeholder-aspect-ratio: 26\/26;display: none;\" width=\"26\" height=\"26\" alt=\"Loading\" src=\"data:image\/svg+xml;base64,PHN2ZyB3aWR0aD0iMSIgaGVpZ2h0PSIxIiB4bWxucz0iaHR0cDovL3d3dy53My5vcmcvMjAwMC9zdmciPjwvc3ZnPg==\"><\/div><input type=\"hidden\" name=\"trp-form-language\" value=\"en\"\/><\/form><\/div>  <!-- .wpforms-container -->\n<\/div>\n<\/div>\n\n<\/div>\n<\/div>","protected":false},"excerpt":{"rendered":"","protected":false},"author":1,"featured_media":0,"parent":0,"menu_order":0,"comment_status":"closed","ping_status":"closed","template":"","meta":{"_acf_changed":false,"footnotes":""},"class_list":["post-53","page","type-page","status-publish","hentry"],"acf":[],"yoast_head":"<!-- This site is optimized with the Yoast SEO plugin v26.9 - https:\/\/yoast.com\/product\/yoast-seo-wordpress\/ -->\n<title>zakuwanie przewod\u00f3w do motoryzacji i przemys\u0142u<\/title>\n<meta name=\"description\" content=\"G\u0142\u00f3wn\u0105 dzia\u0142alno\u015bci Firmy jest serwis oraz produkcja przewod\u00f3w stosowanych w przemy\u015ble i motoryzacji. Przewody hamulcowe w stalowym oplocie.\" \/>\n<meta name=\"robots\" content=\"index, follow, max-snippet:-1, max-image-preview:large, max-video-preview:-1\" \/>\n<link rel=\"canonical\" href=\"https:\/\/tomwer.com.pl\/en\/o-nas\/\" \/>\n<meta property=\"og:locale\" content=\"en_US\" \/>\n<meta property=\"og:type\" content=\"article\" \/>\n<meta property=\"og:title\" content=\"zakuwanie przewod\u00f3w do motoryzacji i przemys\u0142u\" \/>\n<meta property=\"og:description\" content=\"G\u0142\u00f3wn\u0105 dzia\u0142alno\u015bci Firmy jest serwis oraz produkcja przewod\u00f3w stosowanych w przemy\u015ble i motoryzacji. Przewody hamulcowe w stalowym oplocie.\" \/>\n<meta property=\"og:url\" content=\"https:\/\/tomwer.com.pl\/en\/o-nas\/\" \/>\n<meta property=\"og:site_name\" content=\"Tomwer - serwis i produkcja przewod\u00f3w hydraulicznych Wis\u0142a\" \/>\n<meta property=\"article:modified_time\" content=\"2024-04-28T18:58:57+00:00\" \/>\n<meta name=\"twitter:card\" content=\"summary_large_image\" \/>\n<meta name=\"twitter:label1\" content=\"Est. reading time\" \/>\n\t<meta name=\"twitter:data1\" content=\"2 minutes\" \/>\n<script type=\"application\/ld+json\" class=\"yoast-schema-graph\">{\"@context\":\"https:\/\/schema.org\",\"@graph\":[{\"@type\":\"WebPage\",\"@id\":\"https:\/\/tomwer.com.pl\/o-nas\/\",\"url\":\"https:\/\/tomwer.com.pl\/o-nas\/\",\"name\":\"zakuwanie przewod\u00f3w do motoryzacji i przemys\u0142u\",\"isPartOf\":{\"@id\":\"https:\/\/tomwer.com.pl\/#website\"},\"datePublished\":\"2020-03-03T16:58:21+00:00\",\"dateModified\":\"2024-04-28T18:58:57+00:00\",\"description\":\"G\u0142\u00f3wn\u0105 dzia\u0142alno\u015bci Firmy jest serwis oraz produkcja przewod\u00f3w stosowanych w przemy\u015ble i motoryzacji. Przewody hamulcowe w stalowym oplocie.\",\"breadcrumb\":{\"@id\":\"https:\/\/tomwer.com.pl\/o-nas\/#breadcrumb\"},\"inLanguage\":\"en-US\",\"potentialAction\":[{\"@type\":\"ReadAction\",\"target\":[\"https:\/\/tomwer.com.pl\/o-nas\/\"]}]},{\"@type\":\"BreadcrumbList\",\"@id\":\"https:\/\/tomwer.com.pl\/o-nas\/#breadcrumb\",\"itemListElement\":[{\"@type\":\"ListItem\",\"position\":1,\"name\":\"Strona g\u0142\u00f3wna\",\"item\":\"https:\/\/tomwer.com.pl\/\"},{\"@type\":\"ListItem\",\"position\":2,\"name\":\"O nas\"}]},{\"@type\":\"WebSite\",\"@id\":\"https:\/\/tomwer.com.pl\/#website\",\"url\":\"https:\/\/tomwer.com.pl\/\",\"name\":\"Tomwer - serwis i produkcja przewod\u00f3w hydraulicznych Wis\u0142a\",\"description\":\"G\u0142\u00f3wn\u0105 dzia\u0142alno\u015bci\u0105 firmy TOMWER jest serwis i produkcja przewod\u00f3w hydraulicznych.\",\"potentialAction\":[{\"@type\":\"SearchAction\",\"target\":{\"@type\":\"EntryPoint\",\"urlTemplate\":\"https:\/\/tomwer.com.pl\/?s={search_term_string}\"},\"query-input\":{\"@type\":\"PropertyValueSpecification\",\"valueRequired\":true,\"valueName\":\"search_term_string\"}}],\"inLanguage\":\"en-US\"}]}<\/script>\n<!-- \/ Yoast SEO plugin. -->","yoast_head_json":{"title":"zakuwanie przewod\u00f3w do motoryzacji i przemys\u0142u","description":"G\u0142\u00f3wn\u0105 dzia\u0142alno\u015bci Firmy jest serwis oraz produkcja przewod\u00f3w stosowanych w przemy\u015ble i motoryzacji. Przewody hamulcowe w stalowym oplocie.","robots":{"index":"index","follow":"follow","max-snippet":"max-snippet:-1","max-image-preview":"max-image-preview:large","max-video-preview":"max-video-preview:-1"},"canonical":"https:\/\/tomwer.com.pl\/en\/o-nas\/","og_locale":"en_US","og_type":"article","og_title":"zakuwanie przewod\u00f3w do motoryzacji i przemys\u0142u","og_description":"G\u0142\u00f3wn\u0105 dzia\u0142alno\u015bci Firmy jest serwis oraz produkcja przewod\u00f3w stosowanych w przemy\u015ble i motoryzacji. Przewody hamulcowe w stalowym oplocie.","og_url":"https:\/\/tomwer.com.pl\/en\/o-nas\/","og_site_name":"Tomwer - serwis i produkcja przewod\u00f3w hydraulicznych Wis\u0142a","article_modified_time":"2024-04-28T18:58:57+00:00","twitter_card":"summary_large_image","twitter_misc":{"Est. reading time":"2 minutes"},"schema":{"@context":"https:\/\/schema.org","@graph":[{"@type":"WebPage","@id":"https:\/\/tomwer.com.pl\/o-nas\/","url":"https:\/\/tomwer.com.pl\/o-nas\/","name":"zakuwanie przewod\u00f3w do motoryzacji i przemys\u0142u","isPartOf":{"@id":"https:\/\/tomwer.com.pl\/#website"},"datePublished":"2020-03-03T16:58:21+00:00","dateModified":"2024-04-28T18:58:57+00:00","description":"G\u0142\u00f3wn\u0105 dzia\u0142alno\u015bci Firmy jest serwis oraz produkcja przewod\u00f3w stosowanych w przemy\u015ble i motoryzacji. Przewody hamulcowe w stalowym oplocie.","breadcrumb":{"@id":"https:\/\/tomwer.com.pl\/o-nas\/#breadcrumb"},"inLanguage":"en-US","potentialAction":[{"@type":"ReadAction","target":["https:\/\/tomwer.com.pl\/o-nas\/"]}]},{"@type":"BreadcrumbList","@id":"https:\/\/tomwer.com.pl\/o-nas\/#breadcrumb","itemListElement":[{"@type":"ListItem","position":1,"name":"Strona g\u0142\u00f3wna","item":"https:\/\/tomwer.com.pl\/"},{"@type":"ListItem","position":2,"name":"O nas"}]},{"@type":"WebSite","@id":"https:\/\/tomwer.com.pl\/#website","url":"https:\/\/tomwer.com.pl\/","name":"Tomwer - service and production of hydraulic hoses Wis\u0142a","description":"The main activity of TOMWER is the service and production of hydraulic hoses.","potentialAction":[{"@type":"SearchAction","target":{"@type":"EntryPoint","urlTemplate":"https:\/\/tomwer.com.pl\/?s={search_term_string}"},"query-input":{"@type":"PropertyValueSpecification","valueRequired":true,"valueName":"search_term_string"}}],"inLanguage":"en-US"}]}},"_links":{"self":[{"href":"https:\/\/tomwer.com.pl\/en\/wp-json\/wp\/v2\/pages\/53","targetHints":{"allow":["GET"]}}],"collection":[{"href":"https:\/\/tomwer.com.pl\/en\/wp-json\/wp\/v2\/pages"}],"about":[{"href":"https:\/\/tomwer.com.pl\/en\/wp-json\/wp\/v2\/types\/page"}],"author":[{"embeddable":true,"href":"https:\/\/tomwer.com.pl\/en\/wp-json\/wp\/v2\/users\/1"}],"replies":[{"embeddable":true,"href":"https:\/\/tomwer.com.pl\/en\/wp-json\/wp\/v2\/comments?post=53"}],"version-history":[{"count":11,"href":"https:\/\/tomwer.com.pl\/en\/wp-json\/wp\/v2\/pages\/53\/revisions"}],"predecessor-version":[{"id":1952,"href":"https:\/\/tomwer.com.pl\/en\/wp-json\/wp\/v2\/pages\/53\/revisions\/1952"}],"wp:attachment":[{"href":"https:\/\/tomwer.com.pl\/en\/wp-json\/wp\/v2\/media?parent=53"}],"curies":[{"name":"wp","href":"https:\/\/api.w.org\/{rel}","templated":true}]}}