{"id":3292,"date":"2025-11-29T11:29:47","date_gmt":"2025-11-29T10:29:47","guid":{"rendered":"https:\/\/tomwer.com.pl\/produkty\/"},"modified":"2025-11-29T11:29:47","modified_gmt":"2025-11-29T10:29:47","slug":"produkty","status":"publish","type":"page","link":"https:\/\/tomwer.com.pl\/en\/produkty\/","title":{"rendered":"Produkty"},"content":{"rendered":"<p>[show_product_catalog]<\/p>","protected":false},"excerpt":{"rendered":"","protected":false},"author":1,"featured_media":0,"parent":0,"menu_order":0,"comment_status":"closed","ping_status":"closed","template":"","meta":{"_acf_changed":false,"footnotes":""},"class_list":["post-3292","page","type-page","status-publish","hentry"],"acf":[],"yoast_head":"<!-- This site is optimized with the Yoast SEO plugin v26.9 - https:\/\/yoast.com\/product\/yoast-seo-wordpress\/ -->\n<title>Produkty - Tomwer - serwis i produkcja przewod\u00f3w hydraulicznych Wis\u0142a<\/title>\n<meta name=\"robots\" content=\"index, follow, max-snippet:-1, max-image-preview:large, max-video-preview:-1\" \/>\n<link rel=\"canonical\" href=\"https:\/\/tomwer.com.pl\/en\/produkty\/\" \/>\n<meta property=\"og:locale\" content=\"en_US\" \/>\n<meta property=\"og:type\" content=\"article\" \/>\n<meta property=\"og:title\" content=\"Produkty - Tomwer - serwis i produkcja przewod\u00f3w hydraulicznych Wis\u0142a\" \/>\n<meta property=\"og:url\" content=\"https:\/\/tomwer.com.pl\/en\/produkty\/\" \/>\n<meta property=\"og:site_name\" content=\"Tomwer - serwis i produkcja przewod\u00f3w hydraulicznych Wis\u0142a\" \/>\n<meta name=\"twitter:card\" content=\"summary_large_image\" \/>\n<script type=\"application\/ld+json\" class=\"yoast-schema-graph\">{\"@context\":\"https:\/\/schema.org\",\"@graph\":[{\"@type\":\"WebPage\",\"@id\":\"https:\/\/tomwer.com.pl\/produkty\/\",\"url\":\"https:\/\/tomwer.com.pl\/produkty\/\",\"name\":\"Produkty - Tomwer - serwis i produkcja przewod\u00f3w hydraulicznych Wis\u0142a\",\"isPartOf\":{\"@id\":\"https:\/\/tomwer.com.pl\/#website\"},\"datePublished\":\"2025-11-29T10:29:47+00:00\",\"breadcrumb\":{\"@id\":\"https:\/\/tomwer.com.pl\/produkty\/#breadcrumb\"},\"inLanguage\":\"en-US\",\"potentialAction\":[{\"@type\":\"ReadAction\",\"target\":[\"https:\/\/tomwer.com.pl\/produkty\/\"]}]},{\"@type\":\"BreadcrumbList\",\"@id\":\"https:\/\/tomwer.com.pl\/produkty\/#breadcrumb\",\"itemListElement\":[{\"@type\":\"ListItem\",\"position\":1,\"name\":\"Strona g\u0142\u00f3wna\",\"item\":\"https:\/\/tomwer.com.pl\/\"},{\"@type\":\"ListItem\",\"position\":2,\"name\":\"Produkty\"}]},{\"@type\":\"WebSite\",\"@id\":\"https:\/\/tomwer.com.pl\/#website\",\"url\":\"https:\/\/tomwer.com.pl\/\",\"name\":\"Tomwer - serwis i produkcja przewod\u00f3w hydraulicznych Wis\u0142a\",\"description\":\"G\u0142\u00f3wn\u0105 dzia\u0142alno\u015bci\u0105 firmy TOMWER jest serwis i produkcja przewod\u00f3w hydraulicznych.\",\"potentialAction\":[{\"@type\":\"SearchAction\",\"target\":{\"@type\":\"EntryPoint\",\"urlTemplate\":\"https:\/\/tomwer.com.pl\/?s={search_term_string}\"},\"query-input\":{\"@type\":\"PropertyValueSpecification\",\"valueRequired\":true,\"valueName\":\"search_term_string\"}}],\"inLanguage\":\"en-US\"}]}<\/script>\n<!-- \/ Yoast SEO plugin. -->","yoast_head_json":{"title":"Produkty - Tomwer - serwis i produkcja przewod\u00f3w hydraulicznych Wis\u0142a","robots":{"index":"index","follow":"follow","max-snippet":"max-snippet:-1","max-image-preview":"max-image-preview:large","max-video-preview":"max-video-preview:-1"},"canonical":"https:\/\/tomwer.com.pl\/en\/produkty\/","og_locale":"en_US","og_type":"article","og_title":"Produkty - Tomwer - serwis i produkcja przewod\u00f3w hydraulicznych Wis\u0142a","og_url":"https:\/\/tomwer.com.pl\/en\/produkty\/","og_site_name":"Tomwer - serwis i produkcja przewod\u00f3w hydraulicznych Wis\u0142a","twitter_card":"summary_large_image","schema":{"@context":"https:\/\/schema.org","@graph":[{"@type":"WebPage","@id":"https:\/\/tomwer.com.pl\/produkty\/","url":"https:\/\/tomwer.com.pl\/produkty\/","name":"Produkty - Tomwer - serwis i produkcja przewod\u00f3w hydraulicznych Wis\u0142a","isPartOf":{"@id":"https:\/\/tomwer.com.pl\/#website"},"datePublished":"2025-11-29T10:29:47+00:00","breadcrumb":{"@id":"https:\/\/tomwer.com.pl\/produkty\/#breadcrumb"},"inLanguage":"en-US","potentialAction":[{"@type":"ReadAction","target":["https:\/\/tomwer.com.pl\/produkty\/"]}]},{"@type":"BreadcrumbList","@id":"https:\/\/tomwer.com.pl\/produkty\/#breadcrumb","itemListElement":[{"@type":"ListItem","position":1,"name":"Strona g\u0142\u00f3wna","item":"https:\/\/tomwer.com.pl\/"},{"@type":"ListItem","position":2,"name":"Produkty"}]},{"@type":"WebSite","@id":"https:\/\/tomwer.com.pl\/#website","url":"https:\/\/tomwer.com.pl\/","name":"Tomwer - service and production of hydraulic hoses Wis\u0142a","description":"The main activity of TOMWER is the service and production of hydraulic hoses.","potentialAction":[{"@type":"SearchAction","target":{"@type":"EntryPoint","urlTemplate":"https:\/\/tomwer.com.pl\/?s={search_term_string}"},"query-input":{"@type":"PropertyValueSpecification","valueRequired":true,"valueName":"search_term_string"}}],"inLanguage":"en-US"}]}},"_links":{"self":[{"href":"https:\/\/tomwer.com.pl\/en\/wp-json\/wp\/v2\/pages\/3292","targetHints":{"allow":["GET"]}}],"collection":[{"href":"https:\/\/tomwer.com.pl\/en\/wp-json\/wp\/v2\/pages"}],"about":[{"href":"https:\/\/tomwer.com.pl\/en\/wp-json\/wp\/v2\/types\/page"}],"author":[{"embeddable":true,"href":"https:\/\/tomwer.com.pl\/en\/wp-json\/wp\/v2\/users\/1"}],"replies":[{"embeddable":true,"href":"https:\/\/tomwer.com.pl\/en\/wp-json\/wp\/v2\/comments?post=3292"}],"version-history":[{"count":0,"href":"https:\/\/tomwer.com.pl\/en\/wp-json\/wp\/v2\/pages\/3292\/revisions"}],"wp:attachment":[{"href":"https:\/\/tomwer.com.pl\/en\/wp-json\/wp\/v2\/media?parent=3292"}],"curies":[{"name":"wp","href":"https:\/\/api.w.org\/{rel}","templated":true}]}}